{"id":3,"date":"2024-04-03T23:13:05","date_gmt":"2024-04-03T20:13:05","guid":{"rendered":"https:\/\/sisu.ut.ee\/ebscogymn\/avaleht\/"},"modified":"2026-02-25T10:18:05","modified_gmt":"2026-02-25T08:18:05","slug":"avaleht","status":"publish","type":"page","link":"https:\/\/sisu.ut.ee\/ebscogymn\/","title":{"rendered":"Sisenemine EBSCOsse"},"content":{"rendered":"<div><\/div>\n<p>EBSCO andmebaaside <a href=\"http:\/\/search.ebscohost.com\/\" target=\"_blank\" rel=\"noopener\">http:\/\/search.ebscohost.com\/<\/a> (see link viib andmebaasi, kui kasutate\u00a0<a title=\"\" href=\"https:\/\/wiki.ut.ee\/pages\/viewpage.action?pageId=17105590\" target=\"_blank\" rel=\"noopener\" data-url=\"https:\/\/wiki.ut.ee\/pages\/viewpage.action?pageId=17105590\">VPN \u00fchendust<\/a>) platvormil on palju erinevaid andmebaase, mis sisaldavad teadusajakirju, populaarteaduslikke ajakirju, raamatuid, \u00f5ppematerjale, pilte jm. Paljud andmebaasid on referaatandmebaasid, st nad informatsiooni ilmunud kirjanduse kohta ja sisukokkuv\u00f5tteid, kui t\u00e4istekstid on k\u00e4ttesaadavad, siis nendele on link. EBSCO andmebaasid on kasutajale terves Eestis tasuta, nende eest maksab Eesti riik. K\u00f5ik Eesti ja paljud v\u00e4lismaa \u00fclikoolid kasutavad EBSCO andmebaase, kuid \u00fclikoolides on neist tunduvalt laiem valik. \u00d5ppides kasutama EBSCOt saate oskuse, mis on igale \u00fcli\u00f5pilasele vajalik.<\/p>\n<p>EBSCO andmebaaside kasutamiseks on tarvis\u00a0parooli. K\u00fcsige seda raamatukogust, mille lugeja te olete.<\/p>\n<div>T\u00dc raamatukogu lugejatele, kes ei ole \u00fclikooli liikmed, on olemas eraldi kasutajatunnused. Saate neid k\u00fcsida\u00a0aadressil paring@utlib.ee.<\/div>\n<div><\/div>\n<div>Aadressil\u00a0<a href=\"http:\/\/search.ebscohost.com\/\" target=\"_blank\" rel=\"noopener\">http:\/\/search.ebscohost.com\/<\/a>\u00a0sisse logides kl\u00f5psake k\u00f5igepealt <strong>EBSCOhost Web. <\/strong><\/div>\n<div><\/div>\n<div>Kuvatakse otsinguleht, kus on vaikimisi valitud otsinguks andmebaas\u00a0 <strong>Academic Search Ultimate, <\/strong>kust leiate artikleid k\u00f5ikidel teemadel. See andmebaas v\u00f5iks olla alati otsingusse kaasatud. Selle andmebaasi nimel kl\u00f5psates kuvatakse k\u00f5ikide EBSCO platvormil teile k\u00e4ttesaadavate andmebaaside nimekiri, siin saab otsingusse kaasata ka teisi andmebaase.<\/div>\n<div><\/div>\n<div><\/div>\n<h4>Andmebaasi valimine<\/h4>\n<div class=\"box generalbox book_content\">\n<div class=\"box generalbox generalboxcontent boxaligncenter clearfix\"><\/div>\n<div><\/div>\n<div class=\"box generalbox generalboxcontent boxaligncenter clearfix\">\n<table class=\"table table-hover\" style=\"width: 700px;\" border=\"1\" cellspacing=\"0\" cellpadding=\"0\">\n<tbody>\n<tr>\n<td valign=\"top\"><strong>Academic Search Ultimate\u00a0<\/strong><\/td>\n<td valign=\"top\">EBSCO andmebaasidest mahukaim. sisaldab t\u00e4istekstajakirju, sh eelretsenseeritud teadusajakirju erinevatelt erialadelt.<\/td>\n<\/tr>\n<tr>\n<td valign=\"top\"><strong>Business Source Ultimate<\/strong><\/td>\n<td valign=\"top\">Paljud ajakirjad kattuvad <em>Academic Search Ultimate<\/em> ajakirjadega, lisaks \u00e4ri, majanduse, turunduse ajakirjad ja majandus\u00fclevaated.<\/td>\n<\/tr>\n<tr>\n<td valign=\"top\"><strong>Health Source: Nursing\/Academic Edition <\/strong><strong style=\"color: #999999; font-size: small; line-height: 21px; background-color: transparent;\">\u00a0<\/strong><\/td>\n<td valign=\"top\">Umbes 550 meditsiiniajakirja.<\/td>\n<\/tr>\n<tr>\n<td valign=\"top\"><strong>Regional Business News\u00a0<\/strong><\/td>\n<td valign=\"top\">USA \u00e4riuudiste t\u00e4istekstandmebaas.<\/td>\n<\/tr>\n<tr>\n<td valign=\"top\"><strong>MasterFILE Premier\u00a0<\/strong><\/td>\n<td valign=\"top\">Rahvaraamatukogudele suunatud andmebaas. Laia temaatikaga illustreeritud populaarteaduslikud ajakirjad, pildid, tekstid. Sobib koolis uurimist\u00f6\u00f6 v\u00f5i referaadi tegemiseks.<\/td>\n<\/tr>\n<tr>\n<td valign=\"top\"><strong>MEDLINE<\/strong><\/td>\n<td valign=\"top\">Suurim meditsiinialane andmebaas. Sisaldab ajakirju ka meditsiiniga seotud erialadelt.<\/td>\n<\/tr>\n<tr>\n<td valign=\"top\"><strong>ERIC<\/strong><\/td>\n<td valign=\"top\">Haridusalane andmebaas. Teemad: kool, \u00f5ppimine, \u00f5petamine, sotsiaalne keskkond, k\u00e4itumine, hoiakud jne.<\/td>\n<\/tr>\n<tr>\n<td valign=\"top\"><strong>Health Source\u00a0Consumer Edition<\/strong><\/td>\n<td valign=\"top\">Tervishoiu-alased ajakirjad. Teemad: \u00a0\u00fcldine tervishoid, toitumisteadus, spordimeditsiin.<\/td>\n<\/tr>\n<tr>\n<td valign=\"top\"><strong>GreenFILE<\/strong><\/td>\n<td valign=\"top\">Sisaldab teadus- ja \u00fcldhuviajakirju, teemadeks globaalne soojenemine, keskkonnas\u00e4\u00e4stlik ehitus, saaste, kestlik p\u00f5llumajandus, taastuvenergia jm.<\/td>\n<\/tr>\n<tr>\n<td valign=\"top\"><\/td>\n<td valign=\"top\"><\/td>\n<\/tr>\n<tr>\n<td valign=\"top\"><\/td>\n<td valign=\"top\"><\/td>\n<\/tr>\n<tr>\n<td valign=\"top\"><strong>Teacher Reference Center\u00a0<\/strong><\/td>\n<td valign=\"top\">280 haridusalase ajakirja sisukokkuv\u00f5tted. Sihtgrupp on \u00f5petajad jt haridusvaldkonna t\u00f6\u00f6tajad.<\/td>\n<\/tr>\n<tr>\n<td valign=\"top\"><\/td>\n<td valign=\"top\"><\/td>\n<\/tr>\n<tr>\n<td valign=\"top\"><strong>Master File Reference eBook Collection<\/strong><\/td>\n<td valign=\"top\">Laia temaatikaga populaarteraduslikud e-raamatud. T\u00e4istekstid.<\/td>\n<\/tr>\n<\/tbody>\n<\/table>\n<\/div>\n<div class=\"box generalbox generalboxcontent boxaligncenter clearfix\"><\/div>\n<div class=\"box generalbox generalboxcontent boxaligncenter clearfix\"><\/div>\n<div class=\"box generalbox generalboxcontent boxaligncenter clearfix\"><\/div>\n<\/div>\n","protected":false},"excerpt":{"rendered":"<p>EBSCO andmebaaside http:\/\/search.ebscohost.com\/ (see link viib andmebaasi, kui kasutate\u00a0VPN \u00fchendust) platvormil on palju erinevaid andmebaase, mis sisaldavad teadusajakirju, populaarteaduslikke ajakirju, raamatuid, \u00f5ppematerjale, pilte jm. Paljud andmebaasid on referaatandmebaasid, st nad informatsiooni ilmunud kirjanduse kohta ja sisukokkuv\u00f5tteid, kui t\u00e4istekstid on k\u00e4ttesaadavad, &#8230;<\/p>\n","protected":false},"author":5,"featured_media":0,"parent":0,"menu_order":0,"comment_status":"closed","ping_status":"closed","template":"","meta":{"_acf_changed":false,"inline_featured_image":false,"footnotes":""},"class_list":["post-3","page","type-page","status-publish","hentry"],"acf":[],"_links":{"self":[{"href":"https:\/\/sisu.ut.ee\/ebscogymn\/wp-json\/wp\/v2\/pages\/3","targetHints":{"allow":["GET"]}}],"collection":[{"href":"https:\/\/sisu.ut.ee\/ebscogymn\/wp-json\/wp\/v2\/pages"}],"about":[{"href":"https:\/\/sisu.ut.ee\/ebscogymn\/wp-json\/wp\/v2\/types\/page"}],"author":[{"embeddable":true,"href":"https:\/\/sisu.ut.ee\/ebscogymn\/wp-json\/wp\/v2\/users\/5"}],"replies":[{"embeddable":true,"href":"https:\/\/sisu.ut.ee\/ebscogymn\/wp-json\/wp\/v2\/comments?post=3"}],"version-history":[{"count":12,"href":"https:\/\/sisu.ut.ee\/ebscogymn\/wp-json\/wp\/v2\/pages\/3\/revisions"}],"predecessor-version":[{"id":163,"href":"https:\/\/sisu.ut.ee\/ebscogymn\/wp-json\/wp\/v2\/pages\/3\/revisions\/163"}],"wp:attachment":[{"href":"https:\/\/sisu.ut.ee\/ebscogymn\/wp-json\/wp\/v2\/media?parent=3"}],"curies":[{"name":"wp","href":"https:\/\/api.w.org\/{rel}","templated":true}]}}