{"id":9,"date":"2024-04-03T23:14:54","date_gmt":"2024-04-03T20:14:54","guid":{"rendered":"https:\/\/sisu.ut.ee\/ebsco\/ajakirjade-lehitsemine\/"},"modified":"2024-11-07T13:50:04","modified_gmt":"2024-11-07T11:50:04","slug":"ajakirjade-lehitsemine","status":"publish","type":"page","link":"https:\/\/sisu.ut.ee\/ebsco\/ajakirjade-lehitsemine\/","title":{"rendered":"Ajakirjade lehitsemine"},"content":{"rendered":"<div class=\"box generalbox book_content\">\n<p>Leiate lingi <strong>Publications<\/strong> Advanced Search otsinguvormi all. See v\u00f5imaldab saada \u00fclevaadet andmebaasis sisalduvatest ajakirjadest. Valitud peab olema \u00fcks andmebaas korraga. K\u00f5igil andmebaasidel seda linki ei ole.<\/p>\n<p>Avanenud otsingureale tuleb sisestada otsitava ajakirja pealkiri v\u00f5i osa pealkirjast. Ajakirju saab lehitseda t\u00e4hestikulises j\u00e4rjekorras, otsida valdkonna ja ajakirja sisu kirjelduse j\u00e4rgi (<em>By Subject &amp; Description<\/em>) ning\u00a0pealkirjas ja ajakirja sisu kirjelduses esinevate s\u00f5nade j\u00e4rgi (<em>Match Any Words<\/em>).\u00a0Andmebaasiti v\u00f5ivad olla need v\u00f5imalused erinevad.<\/p>\n<p>Otsime nt andmebaasis\u00a0<em>Academic Search Ultimate<\/em>\u00a0eripedagoogika ajakirju.<\/p>\n<p><img loading=\"lazy\" decoding=\"async\" class=\"alignnone size-large wp-image-109\" src=\"https:\/\/sisu.ut.ee\/wp-content\/uploads\/sites\/54\/Screenshot-2024-09-05-150612-1024x726.png\" alt=\"\" width=\"1024\" height=\"726\" srcset=\"https:\/\/sisu.ut.ee\/wp-content\/uploads\/sites\/54\/Screenshot-2024-09-05-150612-1024x726.png 1024w, https:\/\/sisu.ut.ee\/wp-content\/uploads\/sites\/54\/Screenshot-2024-09-05-150612-300x213.png 300w, https:\/\/sisu.ut.ee\/wp-content\/uploads\/sites\/54\/Screenshot-2024-09-05-150612-768x544.png 768w, https:\/\/sisu.ut.ee\/wp-content\/uploads\/sites\/54\/Screenshot-2024-09-05-150612.png 1088w\" sizes=\"auto, (max-width: 1024px) 100vw, 1024px\"><\/p>\n<p>Huvipakkuva ajakirja pealkirjal kl\u00f5psates saab t\u00e4psemat informatsiooni ajakirja kohta, n\u00e4iteks ka selle kohta, kas on tegemist eelretsenseeritava ajakirjaga ning kas ja milliste aastak\u00e4ikude t\u00e4istekstid on antud andmebaasis k\u00e4ttesadavad.<\/p>\n<p>Samas saab\u00a0lehitseda ajakirjade sisukordi, lugeda sisukokkuv\u00f5tteid ja t\u00e4isteksti olemasolul ka t\u00e4isartikleid.<\/p>\n<p>Kl\u00f5psates lingil\u00a0<em>Search within this publication<\/em>, saab\u00a0otsida antud ajakirja artikleid v\u00f5tmes\u00f5nade j\u00e4rgi.<\/p>\n<p>Nii n\u00e4eb v\u00e4lja\u00a0info ajakirja <em>British Journal of Special Education<\/em>\u00a0kohta.<\/p>\n<p><img loading=\"lazy\" decoding=\"async\" class=\"alignnone size-full wp-image-113\" src=\"https:\/\/sisu.ut.ee\/wp-content\/uploads\/sites\/54\/Screenshot-2024-09-05-151153.png\" alt=\"\" width=\"802\" height=\"757\" srcset=\"https:\/\/sisu.ut.ee\/wp-content\/uploads\/sites\/54\/Screenshot-2024-09-05-151153.png 802w, https:\/\/sisu.ut.ee\/wp-content\/uploads\/sites\/54\/Screenshot-2024-09-05-151153-300x283.png 300w, https:\/\/sisu.ut.ee\/wp-content\/uploads\/sites\/54\/Screenshot-2024-09-05-151153-768x725.png 768w\" sizes=\"auto, (max-width: 802px) 100vw, 802px\"><\/p>\n<p>Siin on info, et ajakirja artiklite t\u00e4istekstid avanevad EBSCO-s 12 kuud peale ilmumist (embargo). Kuna aga tegemist on Wiley kirjastusega, mille k\u00f5ikidele ajakirjadele on juurdep\u00e4\u00e4s ostetud, siis Wiley e-ajakirjade andmebaasis saab lugeda ka selle ajakirja uuemaid artikleid. Kui teha otsing ajakirja pealkirja j\u00e4rgi <a title=\"\" href=\"http:\/\/search.ebscohost.com\/login.aspx?authtype=ip,guest&amp;custid=ylikool&amp;groupid=main&amp;profile=pfi\" target=\"_blank\" rel=\"noopener\" data-url=\"http:\/\/search.ebscohost.com\/login.aspx?authtype=ip,guest&amp;custid=ylikool&amp;groupid=main&amp;profile=pfi\">E-raamatute ja e-ajakirjade kataloogis<\/a>, tulevad need v\u00f5imalused ka v\u00e4lja.<\/p>\n<\/div>\n","protected":false},"excerpt":{"rendered":"<p>Leiate lingi Publications Advanced Search otsinguvormi all. See v\u00f5imaldab saada \u00fclevaadet andmebaasis sisalduvatest ajakirjadest. Valitud peab olema \u00fcks andmebaas korraga. K\u00f5igil andmebaasidel seda linki ei ole. Avanenud otsingureale tuleb sisestada otsitava ajakirja pealkiri v\u00f5i osa pealkirjast. Ajakirju saab lehitseda t\u00e4hestikulises &#8230;<\/p>\n","protected":false},"author":5,"featured_media":0,"parent":0,"menu_order":0,"comment_status":"closed","ping_status":"closed","template":"","meta":{"_acf_changed":false,"inline_featured_image":false,"footnotes":""},"class_list":["post-9","page","type-page","status-publish","hentry"],"acf":[],"_links":{"self":[{"href":"https:\/\/sisu.ut.ee\/ebsco\/wp-json\/wp\/v2\/pages\/9","targetHints":{"allow":["GET"]}}],"collection":[{"href":"https:\/\/sisu.ut.ee\/ebsco\/wp-json\/wp\/v2\/pages"}],"about":[{"href":"https:\/\/sisu.ut.ee\/ebsco\/wp-json\/wp\/v2\/types\/page"}],"author":[{"embeddable":true,"href":"https:\/\/sisu.ut.ee\/ebsco\/wp-json\/wp\/v2\/users\/5"}],"replies":[{"embeddable":true,"href":"https:\/\/sisu.ut.ee\/ebsco\/wp-json\/wp\/v2\/comments?post=9"}],"version-history":[{"count":5,"href":"https:\/\/sisu.ut.ee\/ebsco\/wp-json\/wp\/v2\/pages\/9\/revisions"}],"predecessor-version":[{"id":125,"href":"https:\/\/sisu.ut.ee\/ebsco\/wp-json\/wp\/v2\/pages\/9\/revisions\/125"}],"wp:attachment":[{"href":"https:\/\/sisu.ut.ee\/ebsco\/wp-json\/wp\/v2\/media?parent=9"}],"curies":[{"name":"wp","href":"https:\/\/api.w.org\/{rel}","templated":true}]}}