{"id":5,"date":"2024-04-03T23:14:53","date_gmt":"2024-04-03T20:14:53","guid":{"rendered":"https:\/\/sisu.ut.ee\/ebsco\/avaleht\/"},"modified":"2025-02-05T11:34:42","modified_gmt":"2025-02-05T09:34:42","slug":"avaleht","status":"publish","type":"page","link":"https:\/\/sisu.ut.ee\/ebsco\/","title":{"rendered":""},"content":{"rendered":"<p>Leidke \u00a0T\u00dc raamatukogu\u00a0andmebaaside nimekirjast \u00a0<a href=\"https:\/\/utlib.ut.ee\/andmebaasid\" target=\"_blank\" rel=\"noopener\">https:\/\/utlib.ut.ee\/andmebaasid<\/a>\u00a0<strong>EBSCO andmebaasid<\/strong>. V\u00e4ljaspool T\u00dc arvutiv\u00f5rku andmebaasi nimel kl\u00f5psates on vaja VPN \u00fchendust. \u00a0VPN \u00fchenduse loomise kohta leiate infot\u00a0<a style=\"line-height: 20.8px;\" href=\"https:\/\/wiki.ut.ee\/pages\/viewpage.action?pageId=17105590\" target=\"_blank\" rel=\"noopener\">\u00fclikooli arvutiabi kodulehelt.<\/a>\u00a0 Ilma VPN \u00fchenduseta kasutamiseks kl\u00f5psake andmebaasi nime all lingil <em>Ligip\u00e4\u00e4s T\u00dc kasutajatunnustega\u00a0<\/em>ning sisenege \u00d5IS-i kasutajatunnustega.\u00a0(Vt veel juurdep\u00e4\u00e4su kohta\u00a0<a style=\"line-height: 1.6em;\" href=\"https:\/\/sisu.ut.ee\/andmebaasid\/koduarvutist-juurdep%C3%A4%C3%A4s\" target=\"_blank\" rel=\"noopener\">koduarvutist.<\/a>)<br>\nEdasi valige\u00a0<strong style=\"line-height: 1.6em;\">EBSCOhost Web<\/strong>.<\/p>\n<p>Kuvatakse otsinguleht, kus on vaikimisi valitud otsinguks k\u00f5ik platvormil k\u00e4ttesaadavad andmebaasid. Kl\u00f5psates <strong>All databases, <\/strong> kuvatakse EBSCO platvormil k\u00e4ttesaadavate andmebaaside nimekiri, kus on ligi 30 erinevat andmebaasi, sh multidistsiplinaarne A<em>cademic Search Ultimate<\/em>, majandusalane <em>Business Source Ultimate<\/em>, religiooni alane andmebaas\u00a0<em>ATLA Religion Database with ATLA Serials<\/em>, meedia- ja kommunikatsiooni andmebaas\u00a0<em>Communication and Mass Media Complete<\/em>, meditsiiniandmebaas\u00a0MEDLINE, stomatoloogia andmebaas\u00a0<em>Dentistry and Oral Sciences Source<\/em>, tervisealane <em>Health Source- Consumer Edition,\u00a0<\/em>\u00f5endusandmebaas\u00a0<em>Health Source: Nursing\/Academic Edition<\/em>, pedagoogika andmebaas\u00a0ERIC, ps\u00fchholoogia andmebaasid <em>APA\u00a0PsycINFO<\/em> ja <em>APA\u00a0PsycArticles<\/em>, spordi andmebaas <em>SPORTDiscus with Fulltext<\/em>, keele- ja kirjanduse andmebaas\u00a0MLA <em>International Bibliography<\/em>, matemaatika andmebaas\u00a0<em>MathSciNet<\/em> jt.<\/p>\n<p>Otsingut saab teha mitmes andmebaasis korraga, m\u00e4rkides need nimekirjas \u00e4ra. Edasi kl\u00f5psake <em>Select.<\/em><\/p>\n<p>Otsingu alustamiseks on vaikimisi ees lihtotsingu kast (<strong>Basic search<\/strong>)<strong>,\u00a0<\/strong>mis\u00a0v\u00f5imaldab kiiret otsingut, kui ei soovita p\u00f5hjalikku ja t\u00e4psemat otsingut teha.\u00a0Samas saab valida\u00a0<strong style=\"line-height: 1.6em;\">Advanced Search<\/strong>\u00a0t\u00e4psema otsingu tegemiseks.<\/p>\n<p><strong>Otsinguviisid, otsingu piiramine, laiendamine ja otsingutehnika sarnanevad otsingule EBSCO Discovery\u2019s<\/strong>, vt \u00f5ppematerjal EBSCO Discovery kasutamine\u00a0<a href=\"https:\/\/sisu.ut.ee\/edsjuhend\/1teema\" target=\"_blank\" rel=\"noopener\">https:\/\/sisu.ut.ee\/edsjuhend\/1teema<\/a><\/p>\n","protected":false},"excerpt":{"rendered":"<p>Leidke \u00a0T\u00dc raamatukogu\u00a0andmebaaside nimekirjast \u00a0https:\/\/utlib.ut.ee\/andmebaasid\u00a0EBSCO andmebaasid. V\u00e4ljaspool T\u00dc arvutiv\u00f5rku andmebaasi nimel kl\u00f5psates on vaja VPN \u00fchendust. \u00a0VPN \u00fchenduse loomise kohta leiate infot\u00a0\u00fclikooli arvutiabi kodulehelt.\u00a0 Ilma VPN \u00fchenduseta kasutamiseks kl\u00f5psake andmebaasi nime all lingil Ligip\u00e4\u00e4s T\u00dc kasutajatunnustega\u00a0ning sisenege \u00d5IS-i kasutajatunnustega.\u00a0(Vt veel &#8230;<\/p>\n","protected":false},"author":5,"featured_media":0,"parent":0,"menu_order":0,"comment_status":"closed","ping_status":"closed","template":"","meta":{"_acf_changed":false,"inline_featured_image":false,"footnotes":""},"class_list":["post-5","page","type-page","status-publish","hentry"],"acf":[],"_links":{"self":[{"href":"https:\/\/sisu.ut.ee\/ebsco\/wp-json\/wp\/v2\/pages\/5","targetHints":{"allow":["GET"]}}],"collection":[{"href":"https:\/\/sisu.ut.ee\/ebsco\/wp-json\/wp\/v2\/pages"}],"about":[{"href":"https:\/\/sisu.ut.ee\/ebsco\/wp-json\/wp\/v2\/types\/page"}],"author":[{"embeddable":true,"href":"https:\/\/sisu.ut.ee\/ebsco\/wp-json\/wp\/v2\/users\/5"}],"replies":[{"embeddable":true,"href":"https:\/\/sisu.ut.ee\/ebsco\/wp-json\/wp\/v2\/comments?post=5"}],"version-history":[{"count":10,"href":"https:\/\/sisu.ut.ee\/ebsco\/wp-json\/wp\/v2\/pages\/5\/revisions"}],"predecessor-version":[{"id":152,"href":"https:\/\/sisu.ut.ee\/ebsco\/wp-json\/wp\/v2\/pages\/5\/revisions\/152"}],"wp:attachment":[{"href":"https:\/\/sisu.ut.ee\/ebsco\/wp-json\/wp\/v2\/media?parent=5"}],"curies":[{"name":"wp","href":"https:\/\/api.w.org\/{rel}","templated":true}]}}