{"id":4,"date":"2024-04-03T23:14:53","date_gmt":"2024-04-03T20:14:53","guid":{"rendered":"https:\/\/sisu.ut.ee\/ebsco\/sonaotsingu-tulemused\/"},"modified":"2025-09-15T21:41:38","modified_gmt":"2025-09-15T18:41:38","slug":"sonaotsingu-tulemused","status":"publish","type":"page","link":"https:\/\/sisu.ut.ee\/ebsco\/sonaotsingu-tulemused\/","title":{"rendered":"Otsingutulemused"},"content":{"rendered":"<p>Otsingutulemused on vaikimisi j\u00e4rjestatud relevantsuse j\u00e4rgi, st eespool on tulemused, mis vastavad rohkem teemale. Ka peale otsingu tegemist on v\u00f5imalik saadud tulemusi erinevate tunnuste j\u00e4rgi piirata.\u00a0\u00a0Selleks kl\u00f5psake tulemuste lehel vasakul \u00fcleval <strong>All filters<\/strong>. Tulemuste leht muutub tumedaks ning <strong>paremal on v\u00f5imalused tulemuste piiramiseks<\/strong>. K\u00f5igepealt kuvatakse juba enne otsingut rakendatud filtrid ning seej\u00e4rel muud v\u00f5imalused.<\/p>\n<p><strong>Databases <\/strong>all on n\u00e4ha, kui palju mingist valitud andmebaasist kirjeid leiti. Siin saate oma otsingutulemusi ka andmebaaside kaupa vaadata,<strong><br>\nPublication <\/strong>all n\u00e4ete, millistest ajakirjadest tulemusi leiti.<br>\n<strong>Subject<\/strong> valikute all on esinemissageduse j\u00e4rjekorras v\u00e4lja toodud m\u00e4rks\u00f5nad, mis kirjeldavad leitud artiklite sisu.\u00a0 Valitud andmebaaside otsingutulemustes kuvatakse valikud <em>Subject:Thesaurus Term, Subject:Major Heading <\/em>ja<em> Subject.\u00a0<\/em>M\u00e4rks\u00f5nadega saame leitud artiklite hulka piirata. N\u00e4iteks kui m\u00e4rgime \u00e4ra m\u00e4rks\u00f5na a<em>ggressive behavior<\/em>, \u00a0kuvatakse leitud artiklitest nende kirjed, mille sisu puudutab agressiivset k\u00e4itumist.<\/p>\n<p><img loading=\"lazy\" decoding=\"async\" class=\"alignnone size-large wp-image-143\" src=\"https:\/\/sisu.ut.ee\/wp-content\/uploads\/sites\/54\/Screenshot-2025-09-15-213647-1024x576.png\" alt=\"\" width=\"1024\" height=\"576\" srcset=\"https:\/\/sisu.ut.ee\/wp-content\/uploads\/sites\/54\/Screenshot-2025-09-15-213647-1024x576.png 1024w, https:\/\/sisu.ut.ee\/wp-content\/uploads\/sites\/54\/Screenshot-2025-09-15-213647-300x169.png 300w, https:\/\/sisu.ut.ee\/wp-content\/uploads\/sites\/54\/Screenshot-2025-09-15-213647-768x432.png 768w, https:\/\/sisu.ut.ee\/wp-content\/uploads\/sites\/54\/Screenshot-2025-09-15-213647.png 1319w\" sizes=\"auto, (max-width: 1024px) 100vw, 1024px\"><\/p>\n<p><img loading=\"lazy\" decoding=\"async\" class=\"alignnone size-large wp-image-145\" src=\"https:\/\/sisu.ut.ee\/wp-content\/uploads\/sites\/54\/Screenshot-2025-09-15-213956-1024x693.png\" alt=\"\" width=\"1024\" height=\"693\" srcset=\"https:\/\/sisu.ut.ee\/wp-content\/uploads\/sites\/54\/Screenshot-2025-09-15-213956-1024x693.png 1024w, https:\/\/sisu.ut.ee\/wp-content\/uploads\/sites\/54\/Screenshot-2025-09-15-213956-300x203.png 300w, https:\/\/sisu.ut.ee\/wp-content\/uploads\/sites\/54\/Screenshot-2025-09-15-213956-768x519.png 768w, https:\/\/sisu.ut.ee\/wp-content\/uploads\/sites\/54\/Screenshot-2025-09-15-213956.png 1301w\" sizes=\"auto, (max-width: 1024px) 100vw, 1024px\"><\/p>\n<p><span style=\"line-height: 1.6em;\"><em>S\u00f5naotsingu tulemused<\/em>.<\/span><\/p>\n<table class=\"table table-hover\" style=\"height: 37px;\" border=\"0\" width=\"813\">\n<tbody>\n<tr>\n<td><\/td>\n<td><\/td>\n<\/tr>\n<tr>\n<td><\/td>\n<td><\/td>\n<\/tr>\n<\/tbody>\n<\/table>\n","protected":false},"excerpt":{"rendered":"<p>Otsingutulemused on vaikimisi j\u00e4rjestatud relevantsuse j\u00e4rgi, st eespool on tulemused, mis vastavad rohkem teemale. Ka peale otsingu tegemist on v\u00f5imalik saadud tulemusi erinevate tunnuste j\u00e4rgi piirata.\u00a0\u00a0Selleks kl\u00f5psake tulemuste lehel vasakul \u00fcleval All filters. Tulemuste leht muutub tumedaks ning paremal on &#8230;<\/p>\n","protected":false},"author":5,"featured_media":0,"parent":0,"menu_order":0,"comment_status":"closed","ping_status":"closed","template":"","meta":{"_acf_changed":false,"inline_featured_image":false,"footnotes":""},"class_list":["post-4","page","type-page","status-publish","hentry"],"acf":[],"_links":{"self":[{"href":"https:\/\/sisu.ut.ee\/ebsco\/wp-json\/wp\/v2\/pages\/4","targetHints":{"allow":["GET"]}}],"collection":[{"href":"https:\/\/sisu.ut.ee\/ebsco\/wp-json\/wp\/v2\/pages"}],"about":[{"href":"https:\/\/sisu.ut.ee\/ebsco\/wp-json\/wp\/v2\/types\/page"}],"author":[{"embeddable":true,"href":"https:\/\/sisu.ut.ee\/ebsco\/wp-json\/wp\/v2\/users\/5"}],"replies":[{"embeddable":true,"href":"https:\/\/sisu.ut.ee\/ebsco\/wp-json\/wp\/v2\/comments?post=4"}],"version-history":[{"count":10,"href":"https:\/\/sisu.ut.ee\/ebsco\/wp-json\/wp\/v2\/pages\/4\/revisions"}],"predecessor-version":[{"id":146,"href":"https:\/\/sisu.ut.ee\/ebsco\/wp-json\/wp\/v2\/pages\/4\/revisions\/146"}],"wp:attachment":[{"href":"https:\/\/sisu.ut.ee\/ebsco\/wp-json\/wp\/v2\/media?parent=4"}],"curies":[{"name":"wp","href":"https:\/\/api.w.org\/{rel}","templated":true}]}}