{"id":3,"date":"2024-04-03T23:14:53","date_gmt":"2024-04-03T20:14:53","guid":{"rendered":"https:\/\/sisu.ut.ee\/ebsco\/sonaotsingu-naide-0\/"},"modified":"2025-09-15T21:26:01","modified_gmt":"2025-09-15T18:26:01","slug":"sonaotsingu-naide-0","status":"publish","type":"page","link":"https:\/\/sisu.ut.ee\/ebsco\/sonaotsingu-naide-0\/","title":{"rendered":"Otsingu n\u00e4ide"},"content":{"rendered":"<p>Otsime eelretsenseeritud teadusartikleid televisioonis n\u00e4idatava v\u00e4givalla m\u00f5ju kohta teismelistele, mis on ka t\u00e4istekstina k\u00e4ttesaadavad.<\/p>\n<p>Otsinguid v\u00f5tmes\u00f5nade j\u00e4rgi saab teha mitmes andmebaasis korraga, m\u00e4rkides need nimekirjas \u00e4ra.<\/p>\n<p>Valime ja m\u00e4rgime \u00e4ra andmebaasid <strong>Academic Search Ultimate\u00a0<\/strong>(multidistsiplinaarne referaat- ja t\u00e4istekstandmebaas) <strong>Communication &amp; Mass Media Complete\u00a0<\/strong>(meedia- ja kommunikatsiooni\u00a0referaat- ja t\u00e4istekstandmebaas), <strong>APA\u00a0PsycINFO<\/strong>\u00a0(ps\u00fchholoogia\u00a0referaatandmebaas)\u00a0ja\u00a0<strong>ERIC\u00a0<\/strong>(haridusvaldkonna referaatandmebaas), mis k\u00f5ik v\u00f5ivad sisaldada kirjandust antud teemal.<\/p>\n<p>Teeme\u00a0<em>Advanced Search<\/em>\u00a0otsingu, kus sisestame otsingus\u00f5nad etteantud vormi.<\/p>\n<p><strong>Limit your results<\/strong>\u00a0all m\u00e4rgime \u00e4ra valikud\u00a0<strong>Full tex<\/strong>t ja kuna soovime saada artikleid ainult eelretsenseeritud teadusajakirjadest, siis ka\u00a0<strong>Peer Reviewed<\/strong>. Allpool piirame otsingut viimase 10 aasta jooksul ilmunud dokumentidega.<\/p>\n<p>Otsinguekraani allosas saab iga valitud andmebaasi kohta lisada ka t\u00e4psemaid piiranguid, kuid nende kasutamiseks on sobivam validagi otsinguks ainult \u00fcks andmebaas.<\/p>\n<p><img loading=\"lazy\" decoding=\"async\" class=\"alignnone size-large wp-image-141\" src=\"https:\/\/sisu.ut.ee\/wp-content\/uploads\/sites\/54\/Screenshot-2025-09-15-212440-1024x694.png\" alt=\"\" width=\"1024\" height=\"694\" srcset=\"https:\/\/sisu.ut.ee\/wp-content\/uploads\/sites\/54\/Screenshot-2025-09-15-212440-1024x694.png 1024w, https:\/\/sisu.ut.ee\/wp-content\/uploads\/sites\/54\/Screenshot-2025-09-15-212440-300x203.png 300w, https:\/\/sisu.ut.ee\/wp-content\/uploads\/sites\/54\/Screenshot-2025-09-15-212440-768x521.png 768w, https:\/\/sisu.ut.ee\/wp-content\/uploads\/sites\/54\/Screenshot-2025-09-15-212440.png 1323w\" sizes=\"auto, (max-width: 1024px) 100vw, 1024px\"><\/p>\n<p><em>Advanced Search otsing.<\/em><\/p>\n","protected":false},"excerpt":{"rendered":"<p>Otsime eelretsenseeritud teadusartikleid televisioonis n\u00e4idatava v\u00e4givalla m\u00f5ju kohta teismelistele, mis on ka t\u00e4istekstina k\u00e4ttesaadavad. Otsinguid v\u00f5tmes\u00f5nade j\u00e4rgi saab teha mitmes andmebaasis korraga, m\u00e4rkides need nimekirjas \u00e4ra. Valime ja m\u00e4rgime \u00e4ra andmebaasid Academic Search Ultimate\u00a0(multidistsiplinaarne referaat- ja t\u00e4istekstandmebaas) Communication &amp; Mass &#8230;<\/p>\n","protected":false},"author":5,"featured_media":0,"parent":0,"menu_order":0,"comment_status":"closed","ping_status":"closed","template":"","meta":{"_acf_changed":false,"inline_featured_image":false,"footnotes":""},"class_list":["post-3","page","type-page","status-publish","hentry"],"acf":[],"_links":{"self":[{"href":"https:\/\/sisu.ut.ee\/ebsco\/wp-json\/wp\/v2\/pages\/3","targetHints":{"allow":["GET"]}}],"collection":[{"href":"https:\/\/sisu.ut.ee\/ebsco\/wp-json\/wp\/v2\/pages"}],"about":[{"href":"https:\/\/sisu.ut.ee\/ebsco\/wp-json\/wp\/v2\/types\/page"}],"author":[{"embeddable":true,"href":"https:\/\/sisu.ut.ee\/ebsco\/wp-json\/wp\/v2\/users\/5"}],"replies":[{"embeddable":true,"href":"https:\/\/sisu.ut.ee\/ebsco\/wp-json\/wp\/v2\/comments?post=3"}],"version-history":[{"count":6,"href":"https:\/\/sisu.ut.ee\/ebsco\/wp-json\/wp\/v2\/pages\/3\/revisions"}],"predecessor-version":[{"id":142,"href":"https:\/\/sisu.ut.ee\/ebsco\/wp-json\/wp\/v2\/pages\/3\/revisions\/142"}],"wp:attachment":[{"href":"https:\/\/sisu.ut.ee\/ebsco\/wp-json\/wp\/v2\/media?parent=3"}],"curies":[{"name":"wp","href":"https:\/\/api.w.org\/{rel}","templated":true}]}}