{"id":15,"date":"2026-03-17T15:55:08","date_gmt":"2026-03-17T13:55:08","guid":{"rendered":"https:\/\/sisu.ut.ee\/eataw-wa2026\/?page_id=15"},"modified":"2026-04-13T10:38:31","modified_gmt":"2026-04-13T07:38:31","slug":"scientific-committee","status":"publish","type":"page","link":"https:\/\/sisu.ut.ee\/eataw-wa2026\/scientific-committee\/","title":{"rendered":"Scientific Committee"},"content":{"rendered":"<p><\/p>\n\n\n\n<p><strong>International Scientific Committee<\/strong><\/p>\n\n\n\n<p>Chris Anson<\/p>\n\n\n\n<p>Susan Lang<\/p>\n\n\n\n<p>Helen Hint<\/p>\n\n\n\n<p>Christian Rapp<\/p>\n\n\n\n<p>Anna W\u00e4rnsby<\/p>\n\n\n\n<p>Asko Kauppinen<\/p>\n\n\n\n<p>Alena Kasparkova<\/p>\n\n\n\n<p>M\u00f3nica Broido<\/p>\n\n\n\n<p>Si\u00e2n Alsop<\/p>\n\n\n\n<p>Alaina Tackitt<\/p>\n\n\n\n<p>Nicholas Groom<\/p>\n\n\n\n<p>Christiane Donahue<\/p>\n\n\n\n<p>Daire OBroin<\/p>\n\n\n\n<p>Niamh McCrea<\/p>\n\n\n\n<p>Maciej Eder<\/p>\n\n\n\n<p>Magnus Gustafsson<\/p>\n\n\n\n<p>Kamila Etchegoyen Rosolov\u00e1\u00a0<\/p>\n\n\n\n<p>Mari Mar Boillos<\/p>\n\n\n\n<p>Mira Bekar<\/p>\n\n\n\n<p>Lisa Ganobcsik-Williams<\/p>\n\n\n\n<p>Karl-Heinz Pogner<\/p>\n\n\n\n<p>Roger Yallop<\/p>\n\n\n\n<p>Shaun Nolan<\/p>\n\n\n\n<div class=\"wp-block-group is-nowrap is-layout-flex wp-container-core-group-is-layout-8bff385e wp-block-group-is-layout-flex\" style=\"padding-top:0;padding-bottom:0\">\n<figure class=\"wp-block-image size-thumbnail\"><a href=\"https:\/\/www.eataw.eu\"><img loading=\"lazy\" decoding=\"async\" width=\"150\" height=\"150\" src=\"https:\/\/sisu.ut.ee\/wp-content\/uploads\/sites\/988\/EATAW-Logo-linear-positiv-2-150x150.png\" alt=\"\" class=\"wp-image-64\" style=\"object-fit:cover\"><\/a><\/figure>\n\n\n\n<figure class=\"wp-block-image size-thumbnail wp-container-content-69bc4bdf\"><a href=\"https:\/\/mau.se\/en\/malmo-university\/\"><img loading=\"lazy\" decoding=\"async\" width=\"150\" height=\"150\" src=\"https:\/\/sisu.ut.ee\/wp-content\/uploads\/sites\/988\/Malmo_University_Logo.svg_-1-150x150.png\" alt=\"\" class=\"wp-image-67\" style=\"object-fit:cover\" srcset=\"https:\/\/sisu.ut.ee\/wp-content\/uploads\/sites\/988\/Malmo_University_Logo.svg_-1-150x150.png 150w, https:\/\/sisu.ut.ee\/wp-content\/uploads\/sites\/988\/Malmo_University_Logo.svg_-1-300x300.png 300w, https:\/\/sisu.ut.ee\/wp-content\/uploads\/sites\/988\/Malmo_University_Logo.svg_-1-1024x1024.png 1024w, https:\/\/sisu.ut.ee\/wp-content\/uploads\/sites\/988\/Malmo_University_Logo.svg_-1-768x768.png 768w, https:\/\/sisu.ut.ee\/wp-content\/uploads\/sites\/988\/Malmo_University_Logo.svg_-1.png 1506w\" sizes=\"auto, (max-width: 150px) 100vw, 150px\"><\/a><\/figure>\n\n\n\n<figure class=\"wp-block-image size-thumbnail\"><a href=\"https:\/\/publicera.kb.se\/educare\/issue\/view\/5735\"><img loading=\"lazy\" decoding=\"async\" width=\"150\" height=\"150\" src=\"https:\/\/sisu.ut.ee\/wp-content\/uploads\/sites\/988\/4add970f-74f9-47bc-bcaf-4df6e54c8184-spark-clipboard-1-150x150.png\" alt=\"\" class=\"wp-image-83\" srcset=\"https:\/\/sisu.ut.ee\/wp-content\/uploads\/sites\/988\/4add970f-74f9-47bc-bcaf-4df6e54c8184-spark-clipboard-1-150x150.png 150w, https:\/\/sisu.ut.ee\/wp-content\/uploads\/sites\/988\/4add970f-74f9-47bc-bcaf-4df6e54c8184-spark-clipboard-1-300x300.png 300w, https:\/\/sisu.ut.ee\/wp-content\/uploads\/sites\/988\/4add970f-74f9-47bc-bcaf-4df6e54c8184-spark-clipboard-1-768x768.png 768w, https:\/\/sisu.ut.ee\/wp-content\/uploads\/sites\/988\/4add970f-74f9-47bc-bcaf-4df6e54c8184-spark-clipboard-1.png 960w\" sizes=\"auto, (max-width: 150px) 100vw, 150px\"><\/a><\/figure>\n\n\n\n<figure class=\"wp-block-image size-thumbnail\"><a href=\"https:\/\/wacclearinghouse.org\/jwa\/\"><img loading=\"lazy\" decoding=\"async\" width=\"150\" height=\"150\" src=\"https:\/\/sisu.ut.ee\/wp-content\/uploads\/sites\/988\/4912f31f-8c43-415c-92e0-958a594d531d-spark-clipboard-2-150x150.png\" alt=\"\" class=\"wp-image-68\"><\/a><\/figure>\n\n\n\n<figure class=\"wp-block-image size-thumbnail\"><a href=\"https:\/\/www.wu.ac.at\/en\/flair\/flair-erasmus-project\"><img loading=\"lazy\" decoding=\"async\" width=\"150\" height=\"150\" src=\"https:\/\/sisu.ut.ee\/wp-content\/uploads\/sites\/988\/bd98c365-51cd-4bba-a6c9-5fd658801a88-spark-clipboard-150x150.png\" alt=\"\" class=\"wp-image-81\" srcset=\"https:\/\/sisu.ut.ee\/wp-content\/uploads\/sites\/988\/bd98c365-51cd-4bba-a6c9-5fd658801a88-spark-clipboard-150x150.png 150w, https:\/\/sisu.ut.ee\/wp-content\/uploads\/sites\/988\/bd98c365-51cd-4bba-a6c9-5fd658801a88-spark-clipboard.png 290w\" sizes=\"auto, (max-width: 150px) 100vw, 150px\"><\/a><\/figure>\n<\/div>\n","protected":false},"excerpt":{"rendered":"<p>International Scientific Committee Chris Anson Susan Lang Helen Hint Christian Rapp Anna W\u00e4rnsby Asko Kauppinen Alena Kasparkova M\u00f3nica Broido Si\u00e2n Alsop Alaina Tackitt Nicholas Groom Christiane Donahue Daire OBroin Niamh McCrea Maciej Eder Magnus Gustafsson Kamila Etchegoyen Rosolov\u00e1\u00a0 Mari Mar &#8230;<\/p>\n","protected":false},"author":266,"featured_media":0,"parent":0,"menu_order":0,"comment_status":"closed","ping_status":"closed","template":"","meta":{"_acf_changed":false,"inline_featured_image":false,"footnotes":""},"class_list":["post-15","page","type-page","status-publish","hentry"],"acf":[],"_links":{"self":[{"href":"https:\/\/sisu.ut.ee\/eataw-wa2026\/wp-json\/wp\/v2\/pages\/15","targetHints":{"allow":["GET"]}}],"collection":[{"href":"https:\/\/sisu.ut.ee\/eataw-wa2026\/wp-json\/wp\/v2\/pages"}],"about":[{"href":"https:\/\/sisu.ut.ee\/eataw-wa2026\/wp-json\/wp\/v2\/types\/page"}],"author":[{"embeddable":true,"href":"https:\/\/sisu.ut.ee\/eataw-wa2026\/wp-json\/wp\/v2\/users\/266"}],"replies":[{"embeddable":true,"href":"https:\/\/sisu.ut.ee\/eataw-wa2026\/wp-json\/wp\/v2\/comments?post=15"}],"version-history":[{"count":5,"href":"https:\/\/sisu.ut.ee\/eataw-wa2026\/wp-json\/wp\/v2\/pages\/15\/revisions"}],"predecessor-version":[{"id":102,"href":"https:\/\/sisu.ut.ee\/eataw-wa2026\/wp-json\/wp\/v2\/pages\/15\/revisions\/102"}],"wp:attachment":[{"href":"https:\/\/sisu.ut.ee\/eataw-wa2026\/wp-json\/wp\/v2\/media?parent=15"}],"curies":[{"name":"wp","href":"https:\/\/api.w.org\/{rel}","templated":true}]}}