{"id":12,"date":"2024-04-04T01:50:15","date_gmt":"2024-04-03T22:50:15","guid":{"rendered":"https:\/\/sisu.ut.ee\/earlisigtartu\/keynote-speakers\/"},"modified":"2024-04-09T10:05:56","modified_gmt":"2024-04-09T07:05:56","slug":"keynote-speakers","status":"publish","type":"page","link":"https:\/\/sisu.ut.ee\/earlisigtartu\/keynote-speakers\/","title":{"rendered":"Keynote speakers"},"content":{"rendered":"<p><strong><img loading=\"lazy\" decoding=\"async\" class=\"alignnone wp-image-25\" style=\"float: left;\" title=\"roger_01.jpg\" src=\"https:\/\/sisu.ut.ee\/wp-content\/uploads\/sites\/144\/roger_01-scaled.jpg\" alt=\"roger_01.jpg\" width=\"407\" height=\"577\" srcset=\"https:\/\/sisu.ut.ee\/wp-content\/uploads\/sites\/144\/roger_01-scaled.jpg 1807w, https:\/\/sisu.ut.ee\/wp-content\/uploads\/sites\/144\/roger_01-212x300.jpg 212w, https:\/\/sisu.ut.ee\/wp-content\/uploads\/sites\/144\/roger_01-723x1024.jpg 723w, https:\/\/sisu.ut.ee\/wp-content\/uploads\/sites\/144\/roger_01-768x1088.jpg 768w, https:\/\/sisu.ut.ee\/wp-content\/uploads\/sites\/144\/roger_01-1084x1536.jpg 1084w, https:\/\/sisu.ut.ee\/wp-content\/uploads\/sites\/144\/roger_01-1446x2048.jpg 1446w, https:\/\/sisu.ut.ee\/wp-content\/uploads\/sites\/144\/roger_01-1920x2720.jpg 1920w\" sizes=\"auto, (max-width: 407px) 100vw, 407px\">\u00a0Roger S\u00e4lj\u00f6<\/strong>, Ph. D., Dr. h. c., specializes in research on learning, interaction and human development in a sociocultural perspective, where he has published extensively. Much of this work is related to issues of how people learn to use cultural tools and how we acquire competences and skills that are foundational to learning in a socially and technologically complex society. Roger S\u00e4lj\u00f6 has been engaged in interdisciplinary work with colleagues from a range of different disciplines including medicine and health, various natural sciences, linguistics, informatics and several others. Since 2006 he is Director of the Linnaeus Centre for Research on Learning, Interaction and Mediated Communication in Contemporary Society (LinCS), a national centre of excellence funded by the Swedish Research Council (2006-2017). He has been a Finland Distinguished Professor (FiDiPro) at the Centre for Learning Research at the University of Turku in Finland, where he is an honorary doctor, and he is an honorary professor at the University of Bath, UK. Previously he has been visiting professor at a number of universities, including Universit\u00e4t Konstanz, University of California San Diego, Rijksuniversiteit Utrecht, University of Oslo, Georg-August-Universit\u00e4t G\u00f6ttingen, University of Agder, University of Stavanger. Roger S\u00e4lj\u00f6 is a member of editorial boards of a large number of scientific journals and a founding co-editor of Learning and Instruction and Learning, Culture and Social Interaction. To date, he has supervised 47 students to their Ph. D. degrees.<\/p>\n<p><strong style=\"line-height: 1.6em;\">Title of the keynote lecture: Symbolic technologies, hybrid minds and communities as sources of learning<\/strong><\/p>\n<p><strong style=\"line-height: 1.6em;\"><strong style=\"line-height: 1.6em;\">See the keynote abstract <a href=\"https:\/\/sisu.ut.ee\/earlisigtartu\/abstract-symbolic-technologies-hybrid-minds-and-communities-sources-learning\" target=\"_blank\" rel=\"noopener\">here<\/a>.<\/strong><\/strong><\/p>\n<p><strong>\u00a0<\/strong><\/p>\n<p><strong><img loading=\"lazy\" decoding=\"async\" class=\"alignnone wp-image-26\" style=\"float: left;\" title=\"peetertorop_-_copy.jpg\" src=\"https:\/\/sisu.ut.ee\/wp-content\/uploads\/sites\/144\/peetertorop_-_copy.jpg\" alt=\"peetertorop_-_copy.jpg\" width=\"407\" height=\"418\" srcset=\"https:\/\/sisu.ut.ee\/wp-content\/uploads\/sites\/144\/peetertorop_-_copy.jpg 1009w, https:\/\/sisu.ut.ee\/wp-content\/uploads\/sites\/144\/peetertorop_-_copy-292x300.jpg 292w, https:\/\/sisu.ut.ee\/wp-content\/uploads\/sites\/144\/peetertorop_-_copy-997x1024.jpg 997w, https:\/\/sisu.ut.ee\/wp-content\/uploads\/sites\/144\/peetertorop_-_copy-768x789.jpg 768w\" sizes=\"auto, (max-width: 407px) 100vw, 407px\">\u00a0Peeter Torop<\/strong>, PhD, professor of cultural semiotics at the Department of Semiotics, head of the Institute of Philosophy and Semiotics of the Faculty of Humanities and Arts (University of Tartu). Co-editor of \u201eSign Systems Studies\u201c, \u201eTartu Semiotics Library\u201c and \u201eNew Perspectives in Reading 19th Century Russian Literature\u201c. Academic activity: semiotics of translation and methodology of translation studies, intersemiosis and intersemiotical processes in culture, transmedia studies, semiotics of Tartu-Moscow School,\u00a0 semiospherical understanding of culture and methodology of semiotics of culture, theory of culture, history of Russian literature and Dostoevsky studies.\u00a0Some publications: Torop, P. Cultural Semiotics. Sharifian, Farzad (Toim.). The Routledge Handbook of Language and Culture. London, New York: Routledge Taylor &amp; Francis Ltd, 2015, 170-180; Ojamaa, M.; Torop, P. Transmediality of cultural autocommunication. <em>International Journal of Cultural Studies<\/em>,\u00a0 2015, 18(1), 61 \u2013 78; Ibrus, I.; Torop, P. Remembering and reinventing Juri Lotman for the digital age. <em>International Journal of Cultural Studies<\/em>, 2015, 18 (1), 3 \u2013 9; Torop, P. Semiotics and the Possibilities of Cultural Analysis: Experience of Tartu- Moscow School. <em>Chinese Semiotic Studies<\/em>, 2014, 10(1), 109 \u2013 117; Kro\u00f3, K, Torop, P.(eds.) Text witin Text \u2013 Culture within Culture. Russian Literature (19th century) in Contexts of Cultural Dynamics. New Perspectives in Reading 19th Century Russian Literature. Budapest, Tartu: L\u00b4Harmattan, 2014;\u00a0\u00a0 Parent, R.; Torop, P. La s\u00e9miotique postmoderne dans la p\u00e9dagogie et la recherche interculturelles. \u2013 <em>International Journal of Canadian Studies\/Revue internationale d\u2019\u00e9tudes canadiennes<\/em>, 2012, 45-46: 353 \u2013 379; Torop, P. T\u00f5lge ja kultuur (=Translation and culture). Tartu: Tartu UP, 2011.<\/p>\n<p><strong style=\"line-height: 20.8px;\">Title of the keynote lecture: Reflective Minds and Cultural Autocommunication<\/strong><\/p>\n<p><strong style=\"line-height: 20.8px;\"><strong>See the keynote abstract\u00a0<a href=\"https:\/\/sisu.ut.ee\/earlisigtartu\/abstract-reflective-minds-and-cultural-autocommunication\" target=\"_blank\" rel=\"noopener\" data-url=\"https:\/\/sisu.ut.ee\/earlisigtartu\/abstract-reflective-minds-and-cultural-autocommunication\">here<\/a>.<\/strong><\/strong><\/p>\n<p><span style=\"color: #ffffff;\"><strong style=\"line-height: 20.8px;\"><strong>.<\/strong><\/strong><\/span><\/p>\n<p><strong style=\"line-height: 20.8px;\"><strong><strong><img loading=\"lazy\" decoding=\"async\" class=\"alignnone wp-image-27\" style=\"float: left;\" title=\"img_1065.jpeg\" src=\"https:\/\/sisu.ut.ee\/wp-content\/uploads\/sites\/144\/img_1065.jpeg\" alt=\"img_1065.jpeg\" width=\"407\" height=\"543\" srcset=\"https:\/\/sisu.ut.ee\/wp-content\/uploads\/sites\/144\/img_1065.jpeg 240w, https:\/\/sisu.ut.ee\/wp-content\/uploads\/sites\/144\/img_1065-225x300.jpeg 225w\" sizes=\"auto, (max-width: 407px) 100vw, 407px\">\u00a0Gill Crozier<\/strong><\/strong><\/strong>, PhD, is Professor of Education, and former Director of the Centre for Educational Research in Equalities, Policy and Pedagogy (2012-2015) in the School of Education, University of Roehampton, London, UK and Fellow of the Royal Society of Arts. She is a sociologist of education. \u00a0Her work is underpinned by a deep concern for equalities and social justice and is informed by the analysis of race, class and gender and the ways these social locations and identities intersect and impact on life chances. She has researched and written extensively about these issues in relation to: parents\/families and school relationships, issues relating to young people, access to\u00a0and participation in higher education, and the socio-cultural influences upon identity formation and learner experiences.\u00a0Her books include: <em>Parents and Schools: Partners or Protagonists?<\/em> (2000); <em>Activating Participation: parents and teachers working towards partnership (2005) co-edited with Diane Reay ; <\/em>Widening Participation Through Improving Learning (2009) <em>co-authored with <\/em>M. David (ed.) and contributors;\u00a0 <em>White<\/em> <em>Middle Class Identities and Urban Schooling<\/em> (2011 and 2013 second revised edition) co-authored with\u00a0 D. Reay and D. James<\/p>\n<p><strong>Title of the keynote lecture:\u00a0<strong>\u2018Race\u2019 Matters: Addressing racialised inequalities in education in a context of <strong>\u2019<\/strong>super-diversity<strong>\u2019\u00a0<\/strong><\/strong><\/strong><\/p>\n<p><strong>See the keynote abstract\u00a0<a href=\"https:\/\/sisu.ut.ee\/earlisigtartu\/abstract\" target=\"_blank\" rel=\"noopener\" data-url=\"https:\/\/sisu.ut.ee\/earlisigtartu\/abstract\">here<\/a>.<\/strong><\/p>\n","protected":false},"excerpt":{"rendered":"<p>\u00a0Roger S\u00e4lj\u00f6, Ph. D., Dr. h. c., specializes in research on learning, interaction and human development in a sociocultural perspective, where he has published extensively. Much of this work is related to issues of how people learn to use cultural &#8230;<\/p>\n","protected":false},"author":30,"featured_media":0,"parent":0,"menu_order":0,"comment_status":"closed","ping_status":"closed","template":"","meta":{"_acf_changed":false,"inline_featured_image":false,"footnotes":""},"class_list":["post-12","page","type-page","status-publish","hentry"],"acf":[],"_links":{"self":[{"href":"https:\/\/sisu.ut.ee\/earlisigtartu\/wp-json\/wp\/v2\/pages\/12","targetHints":{"allow":["GET"]}}],"collection":[{"href":"https:\/\/sisu.ut.ee\/earlisigtartu\/wp-json\/wp\/v2\/pages"}],"about":[{"href":"https:\/\/sisu.ut.ee\/earlisigtartu\/wp-json\/wp\/v2\/types\/page"}],"author":[{"embeddable":true,"href":"https:\/\/sisu.ut.ee\/earlisigtartu\/wp-json\/wp\/v2\/users\/30"}],"replies":[{"embeddable":true,"href":"https:\/\/sisu.ut.ee\/earlisigtartu\/wp-json\/wp\/v2\/comments?post=12"}],"version-history":[{"count":2,"href":"https:\/\/sisu.ut.ee\/earlisigtartu\/wp-json\/wp\/v2\/pages\/12\/revisions"}],"predecessor-version":[{"id":111,"href":"https:\/\/sisu.ut.ee\/earlisigtartu\/wp-json\/wp\/v2\/pages\/12\/revisions\/111"}],"wp:attachment":[{"href":"https:\/\/sisu.ut.ee\/earlisigtartu\/wp-json\/wp\/v2\/media?parent=12"}],"curies":[{"name":"wp","href":"https:\/\/api.w.org\/{rel}","templated":true}]}}