{"id":6,"date":"2024-04-04T07:32:57","date_gmt":"2024-04-04T04:32:57","guid":{"rendered":"https:\/\/sisu.ut.ee\/eaj-conference\/committees\/"},"modified":"2024-04-04T07:33:45","modified_gmt":"2024-04-04T04:33:45","slug":"committees","status":"publish","type":"page","link":"https:\/\/sisu.ut.ee\/eaj-conference\/committees\/","title":{"rendered":"Committees"},"content":{"rendered":"<p>\n\t<span><span><strong>Program committee:<\/strong><\/span><\/span><br><span><span>Kalev P\u00e4rna, Tartu (Chair)<br>Hansj\u00f6rg Albrecher, Lausanne (Editor-in-Chief of EAJ)<br>Tim Boonen, Amsterdam<br>Griselda Deelstra, Bruxelles<br>Boualem Djehiche, Stockholm<br>Alfredo Egidio dos Reis, Lisbon<br>Jose Garrido, Concordia, Montreal<br>Meelis K\u00e4\u00e4rik, Tartu<br>T\u00f5nu Kollo, Tartu<br>Ralf Korn, Kaiserslautern<br>Stephane Loisel, Lyon<br>Ermanno Pitacco, Trieste<br>Matthias Scherer, M\u00fcnchen<br>Jaanus Sibul, Tallinn<br>Ruodu Wang, Waterloo<\/span><\/span>\n<\/p>\n<p>\n\t<br><strong>Local organizing committee:<\/strong><br>Meelis K\u00e4\u00e4rik (Chair)<br>Anastassia Kolde<br>Annika Krutto<br>Kristi Kuljus<br>Aveli M\u00f6lder<br>M\u00e4rt M\u00f6ls<br>Anne Selart<br>Indra Suvi<\/p>\n","protected":false},"excerpt":{"rendered":"<p>Program committee:Kalev P\u00e4rna, Tartu (Chair)Hansj\u00f6rg Albrecher, Lausanne (Editor-in-Chief of EAJ)Tim Boonen, AmsterdamGriselda Deelstra, BruxellesBoualem Djehiche, StockholmAlfredo Egidio dos Reis, LisbonJose Garrido, Concordia, MontrealMeelis K\u00e4\u00e4rik, TartuT\u00f5nu Kollo, TartuRalf Korn, KaiserslauternStephane Loisel, LyonErmanno Pitacco, TriesteMatthias Scherer, M\u00fcnchenJaanus Sibul, TallinnRuodu Wang, Waterloo Local &#8230;<\/p>\n","protected":false},"author":270,"featured_media":0,"parent":0,"menu_order":0,"comment_status":"closed","ping_status":"closed","template":"","meta":{"_acf_changed":false,"inline_featured_image":false,"footnotes":""},"class_list":["post-6","page","type-page","status-publish","hentry"],"acf":[],"_links":{"self":[{"href":"https:\/\/sisu.ut.ee\/eaj-conference\/wp-json\/wp\/v2\/pages\/6","targetHints":{"allow":["GET"]}}],"collection":[{"href":"https:\/\/sisu.ut.ee\/eaj-conference\/wp-json\/wp\/v2\/pages"}],"about":[{"href":"https:\/\/sisu.ut.ee\/eaj-conference\/wp-json\/wp\/v2\/types\/page"}],"author":[{"embeddable":true,"href":"https:\/\/sisu.ut.ee\/eaj-conference\/wp-json\/wp\/v2\/users\/270"}],"replies":[{"embeddable":true,"href":"https:\/\/sisu.ut.ee\/eaj-conference\/wp-json\/wp\/v2\/comments?post=6"}],"version-history":[{"count":1,"href":"https:\/\/sisu.ut.ee\/eaj-conference\/wp-json\/wp\/v2\/pages\/6\/revisions"}],"predecessor-version":[{"id":94,"href":"https:\/\/sisu.ut.ee\/eaj-conference\/wp-json\/wp\/v2\/pages\/6\/revisions\/94"}],"wp:attachment":[{"href":"https:\/\/sisu.ut.ee\/eaj-conference\/wp-json\/wp\/v2\/media?parent=6"}],"curies":[{"name":"wp","href":"https:\/\/api.w.org\/{rel}","templated":true}]}}