{"id":75,"date":"2024-04-21T19:13:47","date_gmt":"2024-04-21T16:13:47","guid":{"rendered":"https:\/\/sisu.ut.ee\/eaas\/?page_id=75"},"modified":"2025-02-21T12:02:49","modified_gmt":"2025-02-21T10:02:49","slug":"avaleht","status":"publish","type":"page","link":"https:\/\/sisu.ut.ee\/eaas\/","title":{"rendered":"Avaleht"},"content":{"rendered":"<h2 class=\"wp-block-heading\">Eesti Akadeemiline Ajakirjanduse Selts<\/h2>\n\n\n\n<div class=\"wp-block-columns is-layout-flex wp-container-core-columns-is-layout-9d6595d7 wp-block-columns-is-layout-flex\">\n<div class=\"wp-block-column is-layout-flow wp-block-column-is-layout-flow\" style=\"flex-basis:66.66%\">\n<p>Eesti Akadeemilise Ajakirjanduse Seltsi \u00fcks peamiseid tegutsemisvorme on\u00a0ettekandekoosolekud. Lisaks annab EAAS v\u00e4lja aastaraamatuid, mis\u00a0sisaldavad\u00a0\u00fclevaateid m\u00f6\u00f6dunud\u00a0aasta ajakirjandusmaastikust meediumide\/kanalir\u00fchmade kaupa, \u00fclevaateid kaitstud bakalaureuse-,\u00a0magistri- ja doktorit\u00f6\u00f6dest\u00a0jms. Samuti annab EAAS koos Tartu \u00dclikooli \u00fchiskonnateaduste instituudiga v\u00e4lja tudengite ajakirjanduslikke t\u00f6id tunnustavat auhinda Kuldsulg.\u00a0<\/p>\n\n\n\n<p>Eesti Akadeemilise Ajakirjanduse Seltsi (EAAS) tegevuse eesm\u00e4rk on \u00fchendada akadeemilise haridusega ajakirjanike, uurijate, \u00fcli\u00f5pilaste ja teiste huviliste p\u00fc\u00fcdlusi ning elavdada ajakirjandusalast haridust, eneset\u00e4iendamist ja uurimist\u00f6\u00f6d. EAAS\u00a0taastati 2010. aasta veebruaris. Selts j\u00e4tkab aastatel 1990\u20131996 Juhan Peegli juhtimisel tegutsenud Eesti Akadeemilise Ajakirjanduse Seltsi tegevust.<\/p>\n<\/div>\n\n\n\n<div class=\"wp-block-column is-layout-flow wp-block-column-is-layout-flow\" style=\"flex-basis:33.33%\">\n<figure class=\"wp-block-image aligncenter size-large is-resized\"><img loading=\"lazy\" decoding=\"async\" width=\"1024\" height=\"768\" src=\"https:\/\/sisu.ut.ee\/wp-content\/uploads\/sites\/365\/eaas-high-resolution-logo-1024x768.png\" alt=\"Eesti Akadeemiline Ajakirjanduse Selts\" class=\"wp-image-49\" style=\"width:300px\" srcset=\"https:\/\/sisu.ut.ee\/wp-content\/uploads\/sites\/365\/eaas-high-resolution-logo-1024x768.png 1024w, https:\/\/sisu.ut.ee\/wp-content\/uploads\/sites\/365\/eaas-high-resolution-logo-300x225.png 300w, https:\/\/sisu.ut.ee\/wp-content\/uploads\/sites\/365\/eaas-high-resolution-logo-768x576.png 768w, https:\/\/sisu.ut.ee\/wp-content\/uploads\/sites\/365\/eaas-high-resolution-logo-1536x1152.png 1536w, https:\/\/sisu.ut.ee\/wp-content\/uploads\/sites\/365\/eaas-high-resolution-logo-1920x1440.png 1920w, https:\/\/sisu.ut.ee\/wp-content\/uploads\/sites\/365\/eaas-high-resolution-logo.png 2000w\" sizes=\"auto, (max-width: 1024px) 100vw, 1024px\"><figcaption class=\"wp-element-caption\">Eesti Akadeemiline Ajakirjanduse Selts<\/figcaption><\/figure>\n<\/div>\n<\/div>\n\n\n\n<p>Stipendiumite v\u00e4lja andmine s\u00f5ltub finantsilisest olukorrast, mis omakorda p\u00f5hiliselt annetustest. Liikmemaks on s\u00fcmboolne, mis muidugi ei takista soovi korral rohkem maksta. \u00a0<\/p>\n\n\n\n<p>Liikmemaks alates 2011. aastast juhatuse otsusega 5 eurot.<br>Aastamaksu saab tasuda kas koosolekutel kohapeal v\u00f5i \u00fclekandega (<strong>MT\u00dc\u00a0Eesti Akadeemiline Ajakirjanduse Selts,\u00a0<\/strong>EE672200221049589222 Swedbank)<\/p>\n","protected":false},"excerpt":{"rendered":"<p>Eesti Akadeemiline Ajakirjanduse Selts Eesti Akadeemilise Ajakirjanduse Seltsi \u00fcks peamiseid tegutsemisvorme on\u00a0ettekandekoosolekud. Lisaks annab EAAS v\u00e4lja aastaraamatuid, mis\u00a0sisaldavad\u00a0\u00fclevaateid m\u00f6\u00f6dunud\u00a0aasta ajakirjandusmaastikust meediumide\/kanalir\u00fchmade kaupa, \u00fclevaateid kaitstud bakalaureuse-,\u00a0magistri- ja doktorit\u00f6\u00f6dest\u00a0jms. Samuti annab EAAS koos Tartu \u00dclikooli \u00fchiskonnateaduste instituudiga v\u00e4lja tudengite ajakirjanduslikke t\u00f6id tunnustavat &#8230;<\/p>\n","protected":false},"author":6,"featured_media":0,"parent":0,"menu_order":0,"comment_status":"closed","ping_status":"closed","template":"","meta":{"_acf_changed":false,"inline_featured_image":false,"footnotes":""},"class_list":["post-75","page","type-page","status-publish","hentry"],"acf":[],"_links":{"self":[{"href":"https:\/\/sisu.ut.ee\/eaas\/wp-json\/wp\/v2\/pages\/75","targetHints":{"allow":["GET"]}}],"collection":[{"href":"https:\/\/sisu.ut.ee\/eaas\/wp-json\/wp\/v2\/pages"}],"about":[{"href":"https:\/\/sisu.ut.ee\/eaas\/wp-json\/wp\/v2\/types\/page"}],"author":[{"embeddable":true,"href":"https:\/\/sisu.ut.ee\/eaas\/wp-json\/wp\/v2\/users\/6"}],"replies":[{"embeddable":true,"href":"https:\/\/sisu.ut.ee\/eaas\/wp-json\/wp\/v2\/comments?post=75"}],"version-history":[{"count":7,"href":"https:\/\/sisu.ut.ee\/eaas\/wp-json\/wp\/v2\/pages\/75\/revisions"}],"predecessor-version":[{"id":88,"href":"https:\/\/sisu.ut.ee\/eaas\/wp-json\/wp\/v2\/pages\/75\/revisions\/88"}],"wp:attachment":[{"href":"https:\/\/sisu.ut.ee\/eaas\/wp-json\/wp\/v2\/media?parent=75"}],"curies":[{"name":"wp","href":"https:\/\/api.w.org\/{rel}","templated":true}]}}