{"id":6,"date":"2024-04-04T02:13:11","date_gmt":"2024-04-04T02:13:11","guid":{"rendered":"https:\/\/sisu.ut.ee\/eaas\/seltsi-liikmed\/"},"modified":"2024-04-04T02:13:37","modified_gmt":"2024-04-04T02:13:37","slug":"seltsi-liikmed","status":"publish","type":"page","link":"https:\/\/sisu.ut.ee\/eaas\/seltsi-liikmed\/","title":{"rendered":"Seltsi liikmed"},"content":{"rendered":"<p>\n\t<strong>Selts on avatud uutele liikmetele, k\u00f5igile, kes paberil v\u00f5i e-maili teel avaldavad vabas vormis soovi seltsi astuda. Oma soovist v\u00f5ib anda teada:<\/strong>\u00a0<a href=\"mailto:peeter.vihalemm@ut.ee\">peeter.vihalemm@ut.ee<\/a>\n<\/p>\n<p>\n\tSeltsiga liitumine on v\u00f5imalik ka koosolekutel.\u00a0\n<\/p>\n<p>\n\tLiikmemaksu 5 eurot aasta eest saab \u00fcle kanda EAAS arvele EE672200221049589222 Swedbank\u00a0v\u00f5i tuua Katrin Lendoki k\u00e4tte \u00fchiskonnateaduste instituuti (Lossi 36, ruum 227).\n<\/p>\n<p>\n\tKatariina Krjut\u0161kova\n<\/p>\n<p>\n\tAndrus Tamm\n<\/p>\n<p>\n\tIvan Makarov\n<\/p>\n<p>\n\tMihkel K\u00e4rmas\n<\/p>\n<p>\n\tAndrus Tins\n<\/p>\n<p>\n\tMargot Adamson\n<\/p>\n<p>\n\tErik Roose\n<\/p>\n<p>\n\tJaanus Vogelberg\n<\/p>\n<p>\n\tMerje Talvik\n<\/p>\n<p>\n\tSirje Semm\n<\/p>\n<p>\n\tKersti Raudam\n<\/p>\n<p>\n\tAnu Pallas\n<\/p>\n<p>\n\tErik Kamberg\n<\/p>\n<p>\n\tRoosmarii Kurvits\n<\/p>\n<p>\n\tHelle Tiikmaa\n<\/p>\n<p>\n\tEvar Post\n<\/p>\n<p>\n\tTiit Reinart\n<\/p>\n<p>\n\tIndrek Ude\n<\/p>\n<p>\n\t\u00dclo Veldre\n<\/p>\n<p>\n\tSulev Valner\n<\/p>\n<p>\n\tHannes Astok\n<\/p>\n<p>\n\tEne Nobel\n<\/p>\n<p>\n\tSulev Uus\n<\/p>\n<p>\n\tKadri Suni\n<\/p>\n<p>\n\tMirko Ojakivi\n<\/p>\n<p>\n\tMarju Himma\n<\/p>\n<p>\n\tPriit Rajalo\n<\/p>\n<p>\n\tAlo L\u00f5hmus\n<\/p>\n<p>\n\tKadri Inselberg\n<\/p>\n<p>\n\tLennart Komp\n<\/p>\n<p>\n\tKristiina Kruuse\n<\/p>\n<p>\n\tTiiu Kreegipuu\n<\/p>\n<p>\n\tSigrid S\u00f5erunurk\n<\/p>\n<p>\n\tMargot Ots\n<\/p>\n<p>\n\tMihkel Loide\n<\/p>\n<p>\n\tNeeme Korv\n<\/p>\n<p>\n\tKatrin Lendok\n<\/p>\n<p>\n\tVarje Sootak\n<\/p>\n<p>\n\tSiiri Maimets\n<\/p>\n<p>\n\tMaarja L\u00f5hmus\n<\/p>\n<p>\n\tLiina Valper\n<\/p>\n<p>\n\tMarju Lauristin\n<\/p>\n<p>\n\tIndrek Mustimets\n<\/p>\n<p>\n\tEpp Alatalu\n<\/p>\n<p>\n\tNele Nemvalts\n<\/p>\n<p>\n\tUrmas Paidre\n<\/p>\n<p>\n\tPeeter Vihalemm\n<\/p>\n<p>\n\tUrmet Kook\n<\/p>\n<p>\n\tGea Otsa\n<\/p>\n<p>\n\tEeva Kumberg\n<\/p>\n<p>\n\tMargus V\u00e4lja\n<\/p>\n<p>\n\tSiim Boikov\n<\/p>\n<p>\n\tV\u00e4ino Koorberg\n<\/p>\n<p>\n\tMaret Einmann\n<\/p>\n<p>\n\tSilvia Paluoja\n<\/p>\n<p>\n\tMihkel Lendok\n<\/p>\n<p>\n\tMaire Kriis\n<\/p>\n<p>\n\tMart Raudsaar\n<\/p>\n<p>\n\tIndrek Treufeldt\n<\/p>\n<p>\n\tHagani Gayibli\n<\/p>\n<p>\n\tAnts Johanson\n<\/p>\n<p>\n\tJanek Luts\n<\/p>\n<p>\n\tAndres J\u00f5esaar\n<\/p>\n<p>\n\tMare Pihlak\n<\/p>\n<p>\n\tSalme Rannu\n<\/p>\n<p>\n\tTiina Kaalep\n<\/p>\n<p>\n\tMary Velmet\n<\/p>\n<p>\n\tKirill Krabu\n<\/p>\n<p>\n\tRagne K\u00f5uts\n<\/p>\n<p>\n\tLiisu Lass\n<\/p>\n<p>\n\tKarin Kase\n<\/p>\n<p>\n\tKarin Kanarik\n<\/p>\n<p>\n\tAnnelis Jahilo\n<\/p>\n<p>\n\tMaarja Aeltermann\n<\/p>\n<p>\n\tLiina J\u00fcrgen\n<\/p>\n<p>\n\tPriit Rum\n<\/p>\n<p>\n\tHagi \u0160ein\n<\/p>\n<p>\n\tAune Unt\n<\/p>\n<p>\n\tTiina Rebane\n<\/p>\n<p>\n\tRenita Timak\n<\/p>\n<p>\n\tEve Tisler\n<\/p>\n<p>\n\tHalliki Harro-Loit\n<\/p>\n<p>\n\tAndres P\u00f5ld\n<\/p>\n<p>\n\tMaily-Maria Kiviselg\n<\/p>\n<p>\n\tKarin Volmer\n<\/p>\n<p>\n\tOlga Kurdovskaja\n<\/p>\n<p>\n\tPille Pruulmann-Vengerfeldt\n<\/p>\n<p>\n\tHannes Korjus\n<\/p>\n<p>\n\tKarin T\u00fcrk\n<\/p>\n<p>\n\tPille Kalda\n<\/p>\n<p>\n\tTriin Visnapuu\n<\/p>\n<p>\n\tEvelyn Saal\n<\/p>\n<p>\n\tMadis Kimmel\n<\/p>\n<p>\n\tSander S\u00f5\u00f5rumaa\n<\/p>\n<p>\n\tKatre Tatrik\n<\/p>\n<p>\n\tPiret Tali\n<\/p>\n<p>\n\tAare Kasemets\n<\/p>\n<p>\n\tUrmas Jaagant\n<\/p>\n<p>\n\tPiret Rumm\n<\/p>\n<p>\n\tEeva Esse\n<\/p>\n<p>\n\tTarmo \u00d5uemaa\n<\/p>\n<p>\n\tLaura Mallene\n<\/p>\n<p>\n\tKertu Saks\n<\/p>\n<p>\n\tHeikko Gross\n<\/p>\n<p>\n\tVello L\u00e4\u00e4n\n<\/p>\n<p>\n\tKaarel Vanam\u00f6lder\n<\/p>\n<p>\n\tIlona Leib\n<\/p>\n<p>\n\tKadri Palta-Kivi\n<\/p>\n<p>\n\tReeli Kork\n<\/p>\n<p>\n\tRiina Ruus\n<\/p>\n<p>\n\tEve Rohtla\n<\/p>\n<p>\n\tJaanika Niinepuu\n<\/p>\n<p>\n\tHindrek Riikoja\n<\/p>\n<p>\n\tRein Sikk\n<\/p>\n<p>\n\tPeeter Tali\n<\/p>\n<p>\n\tVoldemar Lindstr\u00f6m\n<\/p>\n<p>\n\tAime J\u00f5gi\n<\/p>\n<p>\n\tMarten Juurik\n<\/p>\n<p>\n\tK\u00fclli-Riin Tigasson\n<\/p>\n<p>\n\tDiana Lorents\n<\/p>\n<p>\n\tMarko Paloveer\n<\/p>\n<p>\n\tAndres Kask\n<\/p>\n<p>\n\tMaio Vaniko\n<\/p>\n<p>\n\tMargus Maidla\n<\/p>\n<p>\n\tK\u00e4rt Rebane\n<\/p>\n<p>\n\tSigne Opermann\n<\/p>\n<p>\n\tJohannes Merilai\n<\/p>\n<p>\n\tMart Luik\n<\/p>\n<p>\n\tMarko Palmipuu\n<\/p>\n<p>\n\tMarek Miil\n<\/p>\n<p>\n\tKaur Paves\n<\/p>\n<p>\n\tRaiko J\u00e4\u00e4rats\n<\/p>\n<p>\n\tTarmu Tammerk\n<\/p>\n<p>\n\tK\u00e4rt Ulman\n<\/p>\n<p>\n\tSander Salvet\n<\/p>\n<p>\n\tKajar Kase\n<\/p>\n<p>\n\tLaurits Leima\n<\/p>\n<p>\n\tAin Saarna\n<\/p>\n<p>\n\tIndrek Kiisler\n<\/p>\n<p>\n\tAndres K\u00f5nno\n<\/p>\n<p>\n\tHannele Valkeeniemi\n<\/p>\n<p>\n\tMari-Liis Jakobson\n<\/p>\n<p>\n\tEbba R\u00e4\u00e4ts\n<\/p>\n<p>\n\tMilla M\u00e4gi\n<\/p>\n<p>\n\tEne Pajula\n<\/p>\n<p>\n\tAnne-Malle Hallik\n<\/p>\n<p>\n\tEne Selart\n<\/p>\n<p>\n\tSigne Ivask<\/p>\n","protected":false},"excerpt":{"rendered":"<p>Selts on avatud uutele liikmetele, k\u00f5igile, kes paberil v\u00f5i e-maili teel avaldavad vabas vormis soovi seltsi astuda. Oma soovist v\u00f5ib anda teada:\u00a0peeter.vihalemm@ut.ee Seltsiga liitumine on v\u00f5imalik ka koosolekutel.\u00a0 Liikmemaksu 5 eurot aasta eest saab \u00fcle kanda EAAS arvele EE672200221049589222 Swedbank\u00a0v\u00f5i &#8230;<\/p>\n","protected":false},"author":189,"featured_media":0,"parent":0,"menu_order":0,"comment_status":"closed","ping_status":"closed","template":"","meta":{"_acf_changed":false,"inline_featured_image":false,"footnotes":""},"class_list":["post-6","page","type-page","status-publish","hentry"],"acf":[],"_links":{"self":[{"href":"https:\/\/sisu.ut.ee\/eaas\/wp-json\/wp\/v2\/pages\/6","targetHints":{"allow":["GET"]}}],"collection":[{"href":"https:\/\/sisu.ut.ee\/eaas\/wp-json\/wp\/v2\/pages"}],"about":[{"href":"https:\/\/sisu.ut.ee\/eaas\/wp-json\/wp\/v2\/types\/page"}],"author":[{"embeddable":true,"href":"https:\/\/sisu.ut.ee\/eaas\/wp-json\/wp\/v2\/users\/189"}],"replies":[{"embeddable":true,"href":"https:\/\/sisu.ut.ee\/eaas\/wp-json\/wp\/v2\/comments?post=6"}],"version-history":[{"count":1,"href":"https:\/\/sisu.ut.ee\/eaas\/wp-json\/wp\/v2\/pages\/6\/revisions"}],"predecessor-version":[{"id":62,"href":"https:\/\/sisu.ut.ee\/eaas\/wp-json\/wp\/v2\/pages\/6\/revisions\/62"}],"wp:attachment":[{"href":"https:\/\/sisu.ut.ee\/eaas\/wp-json\/wp\/v2\/media?parent=6"}],"curies":[{"name":"wp","href":"https:\/\/api.w.org\/{rel}","templated":true}]}}