{"id":5,"date":"2024-04-04T02:13:10","date_gmt":"2024-04-04T02:13:10","guid":{"rendered":"https:\/\/sisu.ut.ee\/eaas\/pohikiri\/"},"modified":"2024-04-04T02:13:37","modified_gmt":"2024-04-04T02:13:37","slug":"pohikiri","status":"publish","type":"page","link":"https:\/\/sisu.ut.ee\/eaas\/pohikiri\/","title":{"rendered":"P\u00f5hikiri"},"content":{"rendered":"<p>\n\t<strong>I. \u00dclds\u00e4tted<\/strong>\n<\/p>\n<p>\n\t1.1. Mittetulundus\u00fching Eesti Akadeemiline Ajakirjanduse Selts (edaspidi: Selts) on vabatahtlikkuse alusel \u00fchinenud isikute iseseisev kasumit mitte taotlev organisatsioon, mis tegutseb avalikes huvides.\u00a0\n<\/p>\n<p>\n\t1.2. Seltsi asukohaks on Tartu, Eesti Vabariik.\n<\/p>\n<p>\n\t1.3. Seltsi eesm\u00e4rgiks on \u00fchendada akadeemilise haridusega ajakirjanike, uurijate, \u00fcli\u00f5pilaste ja teiste huviliste p\u00fc\u00fcdlusi, elavdada ajakirjandusalast haridust, eneset\u00e4iendamist ja uurimist\u00f6\u00f6d. Selts j\u00e4tkab aastatel 1990-1996 Juhan Peegli juhtimisel tegutsenud Eesti Akadeemilise Ajakirjanduse Seltsi tegevust.\n<\/p>\n<p>\n\t1.4. Oma eesm\u00e4rkide saavutamisel on Seltsi p\u00f5hitegevusteks:\n<\/p>\n<p>\n\t1.4.1. Eesti ajakirjanduse t\u00e4nap\u00e4eva ja ajaloo uurimine, tulemuste tutvustamine, kaasa arvatud tr\u00fckiste avaldamine.\n<\/p>\n<p>\n\t1.4.2. \u00dchise arutelu ja \u00fchistegevuse edendamine ajakirjanike, ajakirjanduse uurijate, \u00fcli\u00f5pilaste, vilistlaste ja teiste huviliste hulgas, milleks Selts v\u00f5ib asutada oma v\u00e4ljaandeid, anda v\u00e4lja stipendiume ja auhindu.\n<\/p>\n<p>\n\t1.4.3. Eesti ajakirjanduskultuuri edendamine ja ajakirjanike identiteedi tugevdamine, ajakirjandusliku tegevuse professionaalse ja sotsiaalse kvaliteedi hoidmine ja arendamine.\n<\/p>\n<p>\n\t1.4.4. Ajakirjanike \u00f5iguste ja loominguvabaduse kaitsmine, sotsiaalse ja professionaalse vastutuse edendamine.\n<\/p>\n<p>\n\t1.4.5. Ajakirjanike m\u00e4lestuste kogumise, talletamise ja publitseerimise korraldamine.\n<\/p>\n<p>\n\t<strong>II. Liikmete \u00f5igused ja kohustused<\/strong>\n<\/p>\n<p>\n\t2.1. Seltsi liikmeks v\u00f5ib olla iga akadeemilise haridusega v\u00f5i seda omandav\/omandanud f\u00fc\u00fcsiline isik, kes on valmis aktiivselt kaasa l\u00f6\u00f6ma Seltsi eesm\u00e4rkide elluviimisel ja esitab vastava kirjaliku avalduse.\n<\/p>\n<p>\n\t2.2. Seltsi liikmeks vastuv\u00f5tmise ja v\u00e4ljaarvamise otsustab Seltsi juhatus.\n<\/p>\n<p>\n\t2.3. Seltsist v\u00e4ljaastumiseks tuleb esitada kirjalik avaldus juhatusele.\n<\/p>\n<p>\n\t2.4. Seltsi liikme v\u00f5ib Seltsist v\u00e4lja arvata juhatuse otsusega, kui:\n<\/p>\n<p>\n\ta) ta ei ole kahe aasta jooksul tasunud Seltsi liikmemaksu;\n<\/p>\n<p>\n\tb) ei ole viimase kolme aasta jooksul osalenud \u00fchelgi Seltsi korraldatud \u00fcritusel.\n<\/p>\n<p>\n\t2.5. Seltsi liikme v\u00e4ljaarvamisest teatab juhatus talle kirjalikult v\u00e4hemalt 2 n\u00e4dalat enne v\u00e4ljaarvamist otsustava koosoleku toimumist.\n<\/p>\n<p>\n\t2.6. Seltsi liikmel on \u00f5igus:\n<\/p>\n<p>\n\ta) osaleda h\u00e4\u00e4le\u00f5igusega Seltsi koosolekul;\n<\/p>\n<p>\n\tb) olla valitud juhatuse liikmeks;\n<\/p>\n<p>\n\tc) saada juhatuselt teavet Seltsi tegevuse kohta.\n<\/p>\n<p>\n\t2.7. Seltsi liige on kohustatud:\n<\/p>\n<p>\n\ta) j\u00e4rgima Seltsi tegevuses osalemisel p\u00f5hikirja ja juhatuse otsuseid;\n<\/p>\n<p>\n\tb) tasuma liikmemaksu;\n<\/p>\n<p>\n\tc) andma juhatusele teada oma kontaktandmed ning nendes toimunud muutused.\n<\/p>\n<p>\n\t<strong>III. Juhtimine<\/strong>\n<\/p>\n<p>\n\t3.1. Seltsi k\u00f5rgeim organ on \u00fcldkoosolek, millel igal Seltsi liikmel on \u00fcks h\u00e4\u00e4l.\n<\/p>\n<p>\n\tLisaks \u00fcldkoosolekule juhivad Seltsi juhatus, esimees ja revisjonikomisjon.\n<\/p>\n<p>\n\t3.2. Seltsi \u00fcldkoosoleku p\u00e4devuses on:\n<\/p>\n<p>\n\ta) p\u00f5hikirja muutmine, kui selle poolt on 2\/3 koosolekul osalejatest;\n<\/p>\n<p>\n\tb) esimehe, abiesimehe ja teiste juhatuse liikmete valimine;\n<\/p>\n<p>\n\tc) revisjonikomisjoni valimine;\n<\/p>\n<p>\n\td) liikmemaksu suuruse m\u00e4\u00e4ramine;\n<\/p>\n<p>\n\te) majandusaasta aruande kinnitamine.\n<\/p>\n<p>\n\t3.3. Seltsi \u00fcldkoosoleku kutsub kokku juhatus v\u00e4hemalt korra aastas.\n<\/p>\n<p>\n\t3.4. \u00dcldkoosoleku kokkukutsumiseks saadab Seltsi juhatus v\u00e4hemalt kaks n\u00e4dalat enne koosoleku toimumist igale Seltsi liikmele kirjaliku teate, n\u00e4idates \u00e4ra \u00fcldkoosoleku toimumise aja, koha ja p\u00e4evakorra ning avaldab selle teate ka Seltsi kodulehek\u00fcljel.\n<\/p>\n<p>\n\t3.5. \u00dcldkoosolek on otsustusv\u00f5imeline, kui sellel osaleb v\u00f5i on teiste liikmete kaudu esindatud \u00fcle poole Seltsi liikmetest. Kui \u00fcldkoosolek on kvoorumi puudumisel otsustusv\u00f5imetu, siis uus kokkukutsutav \u00fcldkoosolek on otsustusv\u00f5imeline ka kvoorumi puudumisel neis k\u00fcsimustes, mis j\u00e4id otsustamata pidamata j\u00e4\u00e4nud \u00fcldkoosolekul.\n<\/p>\n<p>\n\t3.6. \u00dcldkoosoleku otsus on vastu v\u00f5etud, kui selle poolt on \u00fcle poole koosolekul osalenud Seltsi liikmetest v\u00f5i nende esindajatest.\n<\/p>\n<p>\n\t3.7. Seltsi juhatus valitakse kaheks aastaks ja sinna kuulub viis kuni seitse liiget\n<\/p>\n<p>\n\t(esimees, abiesimees ja teised \u00fcldkoosolekul valitud juhatuse liikmed).\n<\/p>\n<p>\n\t3.8. Juhatuse koosolekud toimuvad vastavalt vajadusele. Juhatus on otsustusv\u00f5imeline, kui koosolekul osaleb \u00fcle poole liikmetest, otsuste vastuv\u00f5tmiseks on vajalik poolth\u00e4\u00e4lte enamus.\n<\/p>\n<p>\n\t3.9. Esimees kinnitab Seltsi lepingud ja muud varalised tehingud. Esimehe \u00e4ra olles asendab teda abiesimees.\n<\/p>\n<p>\n\t3.10. Revisjonikomisjon revideerib v\u00e4hemalt kord aastas juhatuse tegevust ja Seltsi varalist olukorda, esitab sellest aruande \u00fcldkoosolekule.\n<\/p>\n<p>\n\t3.11. Seltsi ettekandekoosolekud ja muud \u00fcritused on avatud k\u00f5igile huvilistele.\n<\/p>\n<p>\n\t<strong>IV. Majandustegevus ja vara jaotus<\/strong>\n<\/p>\n<p>\n\t4.1. Selts on era\u00f5iguslik juriidiline isik. Oma eesm\u00e4rkide saavutamiseks v\u00f5ib Selts:\n<\/p>\n<p>\n\ta) omada vallas- ja kinnisvara;\n<\/p>\n<p>\n\tb) s\u00f5lmida lepinguid juriidiliste ja f\u00fc\u00fcsiliste isikutega;\n<\/p>\n<p>\n\tc) avada ja sulgeda pangaarveid;\n<\/p>\n<p>\n\td) palgata t\u00f6\u00f6tajaid, vastavalt seadusele anda v\u00e4lja stipendiume ja auhindu;\n<\/p>\n<p>\n\te) tegelda koolituse ja kirjastustegevusega.\n<\/p>\n<p>\n\t4.2. Seltsi vara moodustub:\n<\/p>\n<p>\n\ta) liikmemaksudest;\n<\/p>\n<p>\n\tb) \u00fcrituste korraldamisel saadud tuludest;\n<\/p>\n<p>\n\tc) v\u00e4ljaannete m\u00fc\u00fcgist laekunud tuludest;\n<\/p>\n<p>\n\td) annetustest,\n<\/p>\n<p>\n\te) muudest tuludest.\n<\/p>\n<p>\n\t4.3. Seltsi vara v\u00f5ib kasutada \u00fcksnes p\u00f5hikirjaliste eesm\u00e4rkide t\u00e4itmiseks.\n<\/p>\n<p>\n\t4.4. Selts ei jaga oma vara v\u00f5i tulu ega anna materiaalset abi v\u00f5i rahaliselt hinnatavaid soodustusi oma asutajale, liikmele, juhtimis- v\u00f5i kontrollorgani liikmele, temale annetusi teinud isikule v\u00f5i sellise isiku juhtimis- v\u00f5i kontrollorgani liikmele ega nimetatud isikutega seotud isikutele Tulumaksuseaduse m\u00f5istes.\u00a0\n<\/p>\n<p>\n\t4.5. Seltsi \u00fchinemine, jagunemine ja tegevuse l\u00f5petamine toimuvad seaduses s\u00e4testatud korras. Selle otsustab \u00fcldkoosolek, kui selle poolt h\u00e4\u00e4letab v\u00e4hemalt 2\/3 \u00fcldkoosolekul osalenud liikmetest.\n<\/p>\n<p>\n\t4.6. Seltsi likvideerimisel antakse allesj\u00e4\u00e4nud vara \u00fcle Tartu \u00dclikoolile ja seda kasutatakse T\u00dc ajakirjanduse ja kommunikatsiooni instituudi vajadusteks.\n<\/p>\n<p>\n\tTartu, 19. veebruar 2010\u00a0<\/p>\n","protected":false},"excerpt":{"rendered":"<p>I. \u00dclds\u00e4tted 1.1. Mittetulundus\u00fching Eesti Akadeemiline Ajakirjanduse Selts (edaspidi: Selts) on vabatahtlikkuse alusel \u00fchinenud isikute iseseisev kasumit mitte taotlev organisatsioon, mis tegutseb avalikes huvides.\u00a0 1.2. Seltsi asukohaks on Tartu, Eesti Vabariik. 1.3. Seltsi eesm\u00e4rgiks on \u00fchendada akadeemilise haridusega ajakirjanike, uurijate, &#8230;<\/p>\n","protected":false},"author":189,"featured_media":0,"parent":0,"menu_order":0,"comment_status":"closed","ping_status":"closed","template":"","meta":{"_acf_changed":false,"inline_featured_image":false,"footnotes":""},"class_list":["post-5","page","type-page","status-publish","hentry"],"acf":[],"_links":{"self":[{"href":"https:\/\/sisu.ut.ee\/eaas\/wp-json\/wp\/v2\/pages\/5","targetHints":{"allow":["GET"]}}],"collection":[{"href":"https:\/\/sisu.ut.ee\/eaas\/wp-json\/wp\/v2\/pages"}],"about":[{"href":"https:\/\/sisu.ut.ee\/eaas\/wp-json\/wp\/v2\/types\/page"}],"author":[{"embeddable":true,"href":"https:\/\/sisu.ut.ee\/eaas\/wp-json\/wp\/v2\/users\/189"}],"replies":[{"embeddable":true,"href":"https:\/\/sisu.ut.ee\/eaas\/wp-json\/wp\/v2\/comments?post=5"}],"version-history":[{"count":1,"href":"https:\/\/sisu.ut.ee\/eaas\/wp-json\/wp\/v2\/pages\/5\/revisions"}],"predecessor-version":[{"id":63,"href":"https:\/\/sisu.ut.ee\/eaas\/wp-json\/wp\/v2\/pages\/5\/revisions\/63"}],"wp:attachment":[{"href":"https:\/\/sisu.ut.ee\/eaas\/wp-json\/wp\/v2\/media?parent=5"}],"curies":[{"name":"wp","href":"https:\/\/api.w.org\/{rel}","templated":true}]}}