{"id":11,"date":"2024-04-04T02:13:11","date_gmt":"2024-04-04T02:13:11","guid":{"rendered":"https:\/\/sisu.ut.ee\/eaas\/kontakt\/"},"modified":"2024-04-04T02:13:37","modified_gmt":"2024-04-04T02:13:37","slug":"kontakt","status":"publish","type":"page","link":"https:\/\/sisu.ut.ee\/eaas\/kontakt\/","title":{"rendered":"Kontakt"},"content":{"rendered":"<p>\n\t<strong>MT\u00dc\u00a0Eesti Akadeemiline Ajakirjanduse Selts<\/strong><br>Aadress: Lossi 36, Tartu 51014<br>Telefon: +372 737 5188<br>Facebook:\u00a0<a href=\"https:\/\/www.facebook.com\/Eesti-Akadeemiline-Ajakirjanduse-Selts-1466422893485256\/\" target=\"_blank\" rel=\"noopener\">Eesti Akadeemiline Ajakirjanduse Selts<\/a><br>E-post:\u00a0<a href=\"mailto:ajakirjandusselts@ut.ee\">ajakirjandusselts@ut.ee<\/a><br>Reg. nr. 80304990<br>A\/a EE672200221049589222 Swedbank\n<\/p>\n<p>\n\tLiikmemaksu 5 eurot aasta eest saab \u00fcle kanda EAAS arvele EE672200221049589222 Swedbank\u00a0v\u00f5i tuua Katrin Lendoki k\u00e4tte \u00fchiskonnateaduste instituuti (Lossi 36, ruum 227).<\/p>\n<p>Katrinilt saab osta ka aastaraamatuid. Aastaraaamatut saame ka postiga saata, kui j\u00e4tate aadressi.<\/p>\n","protected":false},"excerpt":{"rendered":"<p>MT\u00dc\u00a0Eesti Akadeemiline Ajakirjanduse SeltsAadress: Lossi 36, Tartu 51014Telefon: +372 737 5188Facebook:\u00a0Eesti Akadeemiline Ajakirjanduse SeltsE-post:\u00a0ajakirjandusselts@ut.eeReg. nr. 80304990A\/a EE672200221049589222 Swedbank Liikmemaksu 5 eurot aasta eest saab \u00fcle kanda EAAS arvele EE672200221049589222 Swedbank\u00a0v\u00f5i tuua Katrin Lendoki k\u00e4tte \u00fchiskonnateaduste instituuti (Lossi 36, ruum 227). &#8230;<\/p>\n","protected":false},"author":189,"featured_media":0,"parent":0,"menu_order":0,"comment_status":"closed","ping_status":"closed","template":"","meta":{"_acf_changed":false,"inline_featured_image":false,"footnotes":""},"class_list":["post-11","page","type-page","status-publish","hentry"],"acf":[],"_links":{"self":[{"href":"https:\/\/sisu.ut.ee\/eaas\/wp-json\/wp\/v2\/pages\/11","targetHints":{"allow":["GET"]}}],"collection":[{"href":"https:\/\/sisu.ut.ee\/eaas\/wp-json\/wp\/v2\/pages"}],"about":[{"href":"https:\/\/sisu.ut.ee\/eaas\/wp-json\/wp\/v2\/types\/page"}],"author":[{"embeddable":true,"href":"https:\/\/sisu.ut.ee\/eaas\/wp-json\/wp\/v2\/users\/189"}],"replies":[{"embeddable":true,"href":"https:\/\/sisu.ut.ee\/eaas\/wp-json\/wp\/v2\/comments?post=11"}],"version-history":[{"count":1,"href":"https:\/\/sisu.ut.ee\/eaas\/wp-json\/wp\/v2\/pages\/11\/revisions"}],"predecessor-version":[{"id":57,"href":"https:\/\/sisu.ut.ee\/eaas\/wp-json\/wp\/v2\/pages\/11\/revisions\/57"}],"wp:attachment":[{"href":"https:\/\/sisu.ut.ee\/eaas\/wp-json\/wp\/v2\/media?parent=11"}],"curies":[{"name":"wp","href":"https:\/\/api.w.org\/{rel}","templated":true}]}}