{"id":107,"date":"2024-10-03T09:02:51","date_gmt":"2024-10-03T06:02:51","guid":{"rendered":"https:\/\/sisu.ut.ee\/eaas\/?page_id=107"},"modified":"2024-10-03T09:02:51","modified_gmt":"2024-10-03T06:02:51","slug":"koosolekud-2024-2025","status":"publish","type":"page","link":"https:\/\/sisu.ut.ee\/eaas\/koosolekud-2024-2025\/","title":{"rendered":"Koosolekud 2024\/2025"},"content":{"rendered":"<p>Hooaja esimene koosolek toimub 11. oktoobril 2024. <\/p>\n\n\n\n<p>Kutsume <strong>reedel 11. oktoobril kell 16<\/strong> Eesti Akadeemilise Ajakirjanduse Seltsi arutelukoosolekule <strong>\u201eKuidas \u00f5petada ajakirjanikku?\u201c<\/strong><\/p>\n\n\n\n<hr class=\"wp-block-separator has-alpha-channel-opacity\">\n\n\n\n<p>Milline ajakirjandus\u00f5pe oleks muutuvas \u00fchiskonnas parim? Milliseid uusi oskusi vajab ajakirjanik ja kuidas saab ajakirjandus\u00f5pe nende omandamist toetada? Mille p\u00f5hjal kujuneb ajakirjanduse \u00f5ppekava \u2013\u00a0 t\u00f6\u00f6andja soovide, \u00fchiskonna vajaduste v\u00f5i teadusuuringute p\u00f5hjal? Kuidas saab \u00f5pe toetada ajakirjanike erialase identiteedi kujunemist ja kuiv\u00f5rd ohustab seda nende koolitamine koos kommunikatsiooni (ja teiste \u00fchiskonna erialade) \u00f5petusega? Kas ajakirjanikuks s\u00fcnnitakse v\u00f5i \u00f5pitakse?<\/p>\n\n\n\n<p>K\u00f5ige selle \u00fcle arutlevad:<\/p>\n\n\n\n<p>Tartu \u00dclikooli \u00fchiskonnateaduste instituudi emeriitprofessor Marju Lauristin, meediateadlane Maarja L\u00f5hmus, Eesti Ekspressi peatoimetaja Merili Nikkolo, T\u00dc teleajakirjanduse \u00f5petaja, bakalaureuse\u00f5ppekava \u201cAjakirjandus ja kommunikatsioon\u201d programmijuht, meedia ja kommunikatsiooni eriala doktorant Brit Laak, T\u00dc ajakirjandusuuringute kaasprofessor, magistri\u00f5ppekava \u201cAjakirjandus ja kommunikatsioon\u201d programmijuht ja Delfi\/EPLi arvamustoimetuse juhataja Marju Himma ning Tallinna \u00fclikooli Balti filmi, meedia ja kunstide instituudi k\u00fclalislektor, ajakirjanduse \u00f5ppekava programmijuht, Eesti Ekspressi ajakirjanik K\u00fclli-Riin Tigasson.<\/p>\n\n\n\n<p>Koosolek toimub ainult veebis ja sellele p\u00e4\u00e4seb ligi j\u00e4rgnevalt lingilt:\u00a0 <a href=\"https:\/\/www.google.com\/url?q=https:\/\/ut-ee.zoom.us\/j\/94625776491?pwd=Kte3lGMJpJVpx9GCIsbbjcwda1Kx8b.1&amp;sa=D&amp;source=calendar&amp;usd=2&amp;usg=AOvVaw0brdKdjSIok2lSSEGPck5q\">https:\/\/ut-ee.zoom.us\/j\/94625776491?pwd=Kte3lGMJpJVpx9GCIsbbjcwda1Kx8b.1<\/a><br><br>Meeting ID: 946 2577 6491<br>Passcode: 919751<\/p>\n\n\n\n<p>Tuletame ka meelde, et seltsi liikmemaksu saab maksta arvele EE672200221049589222 (Swedbank).<\/p>\n\n\n\n<p><\/p>\n","protected":false},"excerpt":{"rendered":"<p>Hooaja esimene koosolek toimub 11. oktoobril 2024. Kutsume reedel 11. oktoobril kell 16 Eesti Akadeemilise Ajakirjanduse Seltsi arutelukoosolekule \u201eKuidas \u00f5petada ajakirjanikku?\u201c Milline ajakirjandus\u00f5pe oleks muutuvas \u00fchiskonnas parim? Milliseid uusi oskusi vajab ajakirjanik ja kuidas saab ajakirjandus\u00f5pe nende omandamist toetada? Mille &#8230;<\/p>\n","protected":false},"author":189,"featured_media":0,"parent":0,"menu_order":0,"comment_status":"closed","ping_status":"closed","template":"","meta":{"_acf_changed":false,"inline_featured_image":false,"footnotes":""},"class_list":["post-107","page","type-page","status-publish","hentry"],"acf":[],"_links":{"self":[{"href":"https:\/\/sisu.ut.ee\/eaas\/wp-json\/wp\/v2\/pages\/107","targetHints":{"allow":["GET"]}}],"collection":[{"href":"https:\/\/sisu.ut.ee\/eaas\/wp-json\/wp\/v2\/pages"}],"about":[{"href":"https:\/\/sisu.ut.ee\/eaas\/wp-json\/wp\/v2\/types\/page"}],"author":[{"embeddable":true,"href":"https:\/\/sisu.ut.ee\/eaas\/wp-json\/wp\/v2\/users\/189"}],"replies":[{"embeddable":true,"href":"https:\/\/sisu.ut.ee\/eaas\/wp-json\/wp\/v2\/comments?post=107"}],"version-history":[{"count":1,"href":"https:\/\/sisu.ut.ee\/eaas\/wp-json\/wp\/v2\/pages\/107\/revisions"}],"predecessor-version":[{"id":110,"href":"https:\/\/sisu.ut.ee\/eaas\/wp-json\/wp\/v2\/pages\/107\/revisions\/110"}],"wp:attachment":[{"href":"https:\/\/sisu.ut.ee\/eaas\/wp-json\/wp\/v2\/media?parent=107"}],"curies":[{"name":"wp","href":"https:\/\/api.w.org\/{rel}","templated":true}]}}