{"id":96,"date":"2024-04-04T23:42:03","date_gmt":"2024-04-04T20:42:03","guid":{"rendered":"https:\/\/sisu.ut.ee\/dwds\/?page_id=96"},"modified":"2024-04-04T23:42:03","modified_gmt":"2024-04-04T20:42:03","slug":"pohimoistete-seletav-sonastik","status":"publish","type":"page","link":"https:\/\/sisu.ut.ee\/dwds\/pohimoistete-seletav-sonastik\/","title":{"rendered":"P\u00f5him\u00f5istete seletav s\u00f5nastik"},"content":{"rendered":"<a name=\"name_directory_position1\"><\/a><div class=\"name_directory_index\"><a class=\"name_directory_startswith\" href=\"https:\/\/sisu.ut.ee\/dwds\/pohimoistete-seletav-sonastik\/?dir=1&amp;name_directory_startswith=\">All<\/a> | <a class=\"name_directory_startswith \" href=\"https:\/\/sisu.ut.ee\/dwds\/pohimoistete-seletav-sonastik\/?dir=1&amp;name_directory_startswith=A\">A<\/a>  <a class=\"name_directory_startswith \" href=\"https:\/\/sisu.ut.ee\/dwds\/pohimoistete-seletav-sonastik\/?dir=1&amp;name_directory_startswith=K\">K<\/a>  <a class=\"name_directory_startswith \" href=\"https:\/\/sisu.ut.ee\/dwds\/pohimoistete-seletav-sonastik\/?dir=1&amp;name_directory_startswith=L\">L<\/a>  <a class=\"name_directory_startswith \" href=\"https:\/\/sisu.ut.ee\/dwds\/pohimoistete-seletav-sonastik\/?dir=1&amp;name_directory_startswith=M\">M<\/a>  <a class=\"name_directory_startswith \" href=\"https:\/\/sisu.ut.ee\/dwds\/pohimoistete-seletav-sonastik\/?dir=1&amp;name_directory_startswith=P\">P<\/a>  <a class=\"name_directory_startswith \" href=\"https:\/\/sisu.ut.ee\/dwds\/pohimoistete-seletav-sonastik\/?dir=1&amp;name_directory_startswith=S\">S<\/a>  <a class=\"name_directory_startswith \" href=\"https:\/\/sisu.ut.ee\/dwds\/pohimoistete-seletav-sonastik\/?dir=1&amp;name_directory_startswith=%C3%95\">\u00d5<\/a>  <a class=\"name_directory_startswith \" href=\"https:\/\/sisu.ut.ee\/dwds\/pohimoistete-seletav-sonastik\/?dir=1&amp;name_directory_startswith=%C3%9C\">\u00dc<\/a> <\/div><div class=\"name_directory_total\"><\/div><div class=\"name_directory_names\"><div class=\"name_directory_column name_directory_nr1\"><div class=\"name_directory_name_box\"><a name=\"namedirectory_aktiivnesnaraamat\"><\/a><strong role=\"term\">aktiivne s\u00f5naraamat<\/strong><br><div role=\"definition\"><p>toetab kasutajat teksti loomisel, keskendudes\u00a0m\u00e4rks\u00f5na grammatilisele ja semantilisele kasutuskontekstile<\/p><\/div><\/div><div class=\"name_directory_name_box\"><a name=\"namedirectory_kakskeelnesnaraamat\"><\/a><strong role=\"term\">kakskeelne s\u00f5naraamat<\/strong><br><div role=\"definition\"><p>m\u00e4rks\u00f5nade t\u00e4henduseks on\u00a0vasted sihtkeeles (L2)<\/p><\/div><\/div><div class=\"name_directory_name_box\"><a name=\"namedirectory_lemma\"><\/a><strong role=\"term\">lemma<\/strong><br><div role=\"definition\"><p>on s\u00f5na (k\u00f5iki muutevorme) esindav kuju, l\u00e4htevorm<\/p><\/div><\/div><div class=\"name_directory_name_box\"><a name=\"namedirectory_metakeel\"><\/a><strong role=\"term\">metakeel<\/strong><br><div role=\"definition\"><p>seletuste ja m\u00e4rgendite keel s\u00f5naraamatus<\/p><\/div><\/div><div class=\"name_directory_name_box\"><a name=\"namedirectory_mrksna\"><\/a><strong role=\"term\">m\u00e4rks\u00f5na<\/strong><br><div role=\"definition\"><p>on s\u00f5na (k\u00f5iki muutevorme) esindav kuju, l\u00e4htevorm<\/p><\/div><\/div><div class=\"name_directory_name_box\"><a name=\"namedirectory_passiivnesnaraamat\"><\/a><strong role=\"term\">passiivne s\u00f5naraamat<\/strong><br><div role=\"definition\"><p>toetab kasutajat v\u00f5\u00f5rkeelse teksti m\u00f5istmisel, keskendudes m\u00e4rks\u00f5na t\u00e4henduste kirjeldamisele<\/p><\/div><\/div><div class=\"name_directory_name_box\"><a name=\"namedirectory_snaraamat\"><\/a><strong role=\"term\">s\u00f5naraamat<\/strong><br><div role=\"definition\"><p>korrastatud s\u00f5navarakogu, mis koosneb kindla struktuuriga s\u00f5naartiklitest<\/p><\/div><\/div><div class=\"name_directory_name_box\"><a name=\"namedirectory_snaraamatumakrostruktuur\"><\/a><strong role=\"term\">s\u00f5naraamatu makrostruktuur<\/strong><br><div role=\"definition\"><p>s\u00f5naraamatu korraldus<\/p><\/div><\/div><div class=\"name_directory_name_box\"><a name=\"namedirectory_snaraamatumikrostruktuur\"><\/a><strong role=\"term\">s\u00f5naraamatu mikrostruktuur<\/strong><br><div role=\"definition\"><p>s\u00f5naartikli korraldus<\/p><\/div><\/div><div class=\"name_directory_name_box\"><a name=\"namedirectory_sne\"><\/a><strong role=\"term\">s\u00f5ne<\/strong><br><div role=\"definition\"><p>tekstis esinev s\u00f5na v\u00f5i selle muutevorm<\/p><\/div><\/div><div class=\"name_directory_name_box\"><a name=\"namedirectory_ppesnaraamat\"><\/a><strong role=\"term\">\u00f5ppes\u00f5naraamat<\/strong><br><div role=\"definition\"><p>keele\u00f5ppijat abistav s\u00f5nastik<\/p><\/div><\/div><div class=\"name_directory_name_box\"><a name=\"namedirectory_kskeelnesnaraaamat\"><\/a><strong role=\"term\">\u00fckskeelne s\u00f5naraaamat<\/strong><br><div role=\"definition\"><p>m\u00e4rks\u00f5na t\u00e4hendus on \u00fcmbers\u00f5nastatud m\u00e4rks\u00f5naga samas keeles<\/p><\/div><\/div><div class=\"name_directory_name_box\"><a name=\"namedirectory_ldsnaraamat\"><\/a><strong role=\"term\">\u00fclds\u00f5naraamat<\/strong><br><div role=\"definition\"><p>laiale kasutajaskonnale m\u00f5eldud universaalne s\u00f5nastik\u00a0<\/p><\/div><\/div><\/div><\/div><style>\n            .name_directory_readmore_state ~ .name_directory_readmore_trigger:before {\n                content: '... Show more';\n            }\n\n            .name_directory_readmore_state:checked ~ .name_directory_readmore_trigger:before {\n                content: 'Show less';\n            }\n            <\/style>\n","protected":false},"excerpt":{"rendered":"","protected":false},"author":280,"featured_media":0,"parent":0,"menu_order":0,"comment_status":"closed","ping_status":"closed","template":"","meta":{"_acf_changed":false,"inline_featured_image":false,"footnotes":""},"class_list":["post-96","page","type-page","status-publish","hentry"],"acf":[],"_links":{"self":[{"href":"https:\/\/sisu.ut.ee\/dwds\/wp-json\/wp\/v2\/pages\/96","targetHints":{"allow":["GET"]}}],"collection":[{"href":"https:\/\/sisu.ut.ee\/dwds\/wp-json\/wp\/v2\/pages"}],"about":[{"href":"https:\/\/sisu.ut.ee\/dwds\/wp-json\/wp\/v2\/types\/page"}],"author":[{"embeddable":true,"href":"https:\/\/sisu.ut.ee\/dwds\/wp-json\/wp\/v2\/users\/280"}],"replies":[{"embeddable":true,"href":"https:\/\/sisu.ut.ee\/dwds\/wp-json\/wp\/v2\/comments?post=96"}],"version-history":[{"count":1,"href":"https:\/\/sisu.ut.ee\/dwds\/wp-json\/wp\/v2\/pages\/96\/revisions"}],"predecessor-version":[{"id":98,"href":"https:\/\/sisu.ut.ee\/dwds\/wp-json\/wp\/v2\/pages\/96\/revisions\/98"}],"wp:attachment":[{"href":"https:\/\/sisu.ut.ee\/dwds\/wp-json\/wp\/v2\/media?parent=96"}],"curies":[{"name":"wp","href":"https:\/\/api.w.org\/{rel}","templated":true}]}}