{"id":5,"date":"2024-04-04T07:17:52","date_gmt":"2024-04-04T04:17:52","guid":{"rendered":"https:\/\/sisu.ut.ee\/dwds\/paringunaide\/"},"modified":"2024-04-04T07:18:05","modified_gmt":"2024-04-04T04:18:05","slug":"paringunaide","status":"publish","type":"page","link":"https:\/\/sisu.ut.ee\/dwds\/paringunaide\/","title":{"rendered":"S\u00f5naraamatu kasutus\u00f5petus koos p\u00e4ringun\u00e4itega"},"content":{"rendered":"<p>\n\t\u00a0\n<\/p>\n<p>\n\tE-s\u00f5naraamat kui korrastatud s\u00f5navarakogu koosneb kindla struktuuriga s\u00f5naartiklitest.\u00a0Lehe vasakusse serva\u00a0 j\u00e4\u00e4b sisukord, mis annab \u00fclevaate s\u00f5naartikli \u00fclesehitusest e s\u00f5naraamatu mikrostruktuurist. Kirjutades p\u00e4ringuv\u00e4ljale soovitud s\u00f5na, nt \u201eSchule\u201c ja vajutades otsingunuppu, saame vastuseks\u00a0andmeid m\u00e4rks\u00f5na kohta\u00a0 fonoloogiast semantikani. Lehe paremas servas kuvatakse teave\u00a0s\u00f5na esinemissageduse kohta\u00a0nii t\u00e4nap\u00e4eval\u00a0 (Worth\u00e4ufigkeit) kui k ajaloolises perspektiivis (Wortverlaufskurve).\n<\/p>\n<p>\n\t<img loading=\"lazy\" decoding=\"async\" width=\"1762\" height=\"817\" class=\"alignnone wp-image-29\" src=\"https:\/\/sisu.ut.ee\/wp-content\/uploads\/sites\/503\/schule.jpg\" title=\"schule.jpg\" alt=\"Schule\" srcset=\"https:\/\/sisu.ut.ee\/wp-content\/uploads\/sites\/503\/schule.jpg 1762w, https:\/\/sisu.ut.ee\/wp-content\/uploads\/sites\/503\/schule-300x139.jpg 300w, https:\/\/sisu.ut.ee\/wp-content\/uploads\/sites\/503\/schule-1024x475.jpg 1024w, https:\/\/sisu.ut.ee\/wp-content\/uploads\/sites\/503\/schule-768x356.jpg 768w, https:\/\/sisu.ut.ee\/wp-content\/uploads\/sites\/503\/schule-1536x712.jpg 1536w\" sizes=\"auto, (max-width: 1762px) 100vw, 1762px\">\n<\/p>\n<p style=\"text-align: right\">\n\tAllikas:\u00a0https:\/\/www.dwds.de\/wb\/schulen\n<\/p>\n<p>\n\tJ\u00e4rgnevalt vaatamegi s\u00f5naartikli sisu l\u00e4hemalt.\n<\/p>\n<p>\n\t\u00a0<\/p>\n","protected":false},"excerpt":{"rendered":"<p>\u00a0 E-s\u00f5naraamat kui korrastatud s\u00f5navarakogu koosneb kindla struktuuriga s\u00f5naartiklitest.\u00a0Lehe vasakusse serva\u00a0 j\u00e4\u00e4b sisukord, mis annab \u00fclevaate s\u00f5naartikli \u00fclesehitusest e s\u00f5naraamatu mikrostruktuurist. Kirjutades p\u00e4ringuv\u00e4ljale soovitud s\u00f5na, nt \u201eSchule\u201c ja vajutades otsingunuppu, saame vastuseks\u00a0andmeid m\u00e4rks\u00f5na kohta\u00a0 fonoloogiast semantikani. Lehe paremas servas kuvatakse &#8230;<\/p>\n","protected":false},"author":261,"featured_media":0,"parent":0,"menu_order":0,"comment_status":"closed","ping_status":"closed","template":"","meta":{"_acf_changed":false,"inline_featured_image":false,"footnotes":""},"class_list":["post-5","page","type-page","status-publish","hentry"],"acf":[],"_links":{"self":[{"href":"https:\/\/sisu.ut.ee\/dwds\/wp-json\/wp\/v2\/pages\/5","targetHints":{"allow":["GET"]}}],"collection":[{"href":"https:\/\/sisu.ut.ee\/dwds\/wp-json\/wp\/v2\/pages"}],"about":[{"href":"https:\/\/sisu.ut.ee\/dwds\/wp-json\/wp\/v2\/types\/page"}],"author":[{"embeddable":true,"href":"https:\/\/sisu.ut.ee\/dwds\/wp-json\/wp\/v2\/users\/261"}],"replies":[{"embeddable":true,"href":"https:\/\/sisu.ut.ee\/dwds\/wp-json\/wp\/v2\/comments?post=5"}],"version-history":[{"count":1,"href":"https:\/\/sisu.ut.ee\/dwds\/wp-json\/wp\/v2\/pages\/5\/revisions"}],"predecessor-version":[{"id":87,"href":"https:\/\/sisu.ut.ee\/dwds\/wp-json\/wp\/v2\/pages\/5\/revisions\/87"}],"wp:attachment":[{"href":"https:\/\/sisu.ut.ee\/dwds\/wp-json\/wp\/v2\/media?parent=5"}],"curies":[{"name":"wp","href":"https:\/\/api.w.org\/{rel}","templated":true}]}}