{"id":4,"date":"2024-04-04T07:17:52","date_gmt":"2024-04-04T04:17:52","guid":{"rendered":"https:\/\/sisu.ut.ee\/dwds\/opivaljundid\/"},"modified":"2024-04-04T07:18:05","modified_gmt":"2024-04-04T04:18:05","slug":"opivaljundid","status":"publish","type":"page","link":"https:\/\/sisu.ut.ee\/dwds\/opivaljundid\/","title":{"rendered":"\u00d5piv\u00e4ljundid"},"content":{"rendered":"<p class=\"Standard\">\n\t<strong>\u00d5<\/strong><img loading=\"lazy\" decoding=\"async\" width=\"414\" height=\"334\" class=\"alignnone wp-image-27\" style=\"float:left\" src=\"https:\/\/sisu.ut.ee\/wp-content\/uploads\/sites\/503\/dw.png\" title=\"dw.png\" alt=\"Wortwolke\" srcset=\"https:\/\/sisu.ut.ee\/wp-content\/uploads\/sites\/503\/dw.png 414w, https:\/\/sisu.ut.ee\/wp-content\/uploads\/sites\/503\/dw-300x242.png 300w\" sizes=\"auto, (max-width: 414px) 100vw, 414px\"><strong>piobjekti kasutaja<\/strong>\n<\/p>\n<p class=\"Standard\">\n\t<span style=\"color:black\">1) reflekteerib oma senist e-s\u00f5naraamatu(te) kasutamise kogemust;\u00a0 \u00a0 \u00a0 \u00a0 \u00a0 \u00a0 \u00a0 \u00a0 \u00a0 \u00a0 \u00a0 \u00a0 \u00a0 \u00a0 \u00a0 \u00a0 \u00a0 \u00a0 \u00a0 \u00a0<\/span>\n<\/p>\n<p class=\"Standard\">\n\t<span style=\"color:black\">2) teab \u00fckskeelse s\u00f5naraamatu ajalugu ja anal\u00fc\u00fcsib\u00a0\u00fckskeelse e-s\u00f5naraamatu eeliseid;<\/span>\n<\/p>\n<p class=\"Standard\">\n\t<span style=\"color:black\">3) tutvub e-s\u00f5naraamatu dwds.de kontseptsiooni ja struktuuriga nii makro- kui mikrotasandil;<\/span>\n<\/p>\n<p class=\"Standard\">\n\t<span style=\"color:black\">4)\u00a0koostab p\u00e4ringuid e-s\u00f5naraamatus ja tekstikorpuses;<\/span>\n<\/p>\n<p class=\"Standard\">\n\t<span style=\"color:black\">5) v\u00f5rdleb\u00a0masint\u00f5lke (Google Translate\u00b4i) abil saadud infot kaks- ja \u00fckskeelsesetest elektroonilisestest\u00a0allikatest (dwds.de,\u00a0deSkELL) saadud teabega.\u00a0<\/span>\n<\/p>\n<p class=\"Standard\">\n\t\u00a0<\/p>\n","protected":false},"excerpt":{"rendered":"<p>\u00d5piobjekti kasutaja 1) reflekteerib oma senist e-s\u00f5naraamatu(te) kasutamise kogemust;\u00a0 \u00a0 \u00a0 \u00a0 \u00a0 \u00a0 \u00a0 \u00a0 \u00a0 \u00a0 \u00a0 \u00a0 \u00a0 \u00a0 \u00a0 \u00a0 \u00a0 \u00a0 \u00a0 \u00a0 2) teab \u00fckskeelse s\u00f5naraamatu ajalugu ja anal\u00fc\u00fcsib\u00a0\u00fckskeelse e-s\u00f5naraamatu eeliseid; 3) tutvub e-s\u00f5naraamatu &#8230;<\/p>\n","protected":false},"author":261,"featured_media":0,"parent":0,"menu_order":0,"comment_status":"closed","ping_status":"closed","template":"","meta":{"_acf_changed":false,"inline_featured_image":false,"footnotes":""},"class_list":["post-4","page","type-page","status-publish","hentry"],"acf":[],"_links":{"self":[{"href":"https:\/\/sisu.ut.ee\/dwds\/wp-json\/wp\/v2\/pages\/4","targetHints":{"allow":["GET"]}}],"collection":[{"href":"https:\/\/sisu.ut.ee\/dwds\/wp-json\/wp\/v2\/pages"}],"about":[{"href":"https:\/\/sisu.ut.ee\/dwds\/wp-json\/wp\/v2\/types\/page"}],"author":[{"embeddable":true,"href":"https:\/\/sisu.ut.ee\/dwds\/wp-json\/wp\/v2\/users\/261"}],"replies":[{"embeddable":true,"href":"https:\/\/sisu.ut.ee\/dwds\/wp-json\/wp\/v2\/comments?post=4"}],"version-history":[{"count":1,"href":"https:\/\/sisu.ut.ee\/dwds\/wp-json\/wp\/v2\/pages\/4\/revisions"}],"predecessor-version":[{"id":86,"href":"https:\/\/sisu.ut.ee\/dwds\/wp-json\/wp\/v2\/pages\/4\/revisions\/86"}],"wp:attachment":[{"href":"https:\/\/sisu.ut.ee\/dwds\/wp-json\/wp\/v2\/media?parent=4"}],"curies":[{"name":"wp","href":"https:\/\/api.w.org\/{rel}","templated":true}]}}