{"id":24,"date":"2024-04-04T07:17:54","date_gmt":"2024-04-04T04:17:54","guid":{"rendered":"https:\/\/sisu.ut.ee\/dwds\/naited\/"},"modified":"2024-04-04T07:18:05","modified_gmt":"2024-04-04T04:18:05","slug":"naited","status":"publish","type":"page","link":"https:\/\/sisu.ut.ee\/dwds\/naited\/","title":{"rendered":"N\u00e4itelaused"},"content":{"rendered":"<p>K\u00f5ige l\u00f5pust leiame valiku n\u00e4itelauseid koos ilmumisandmetega.<img loading=\"lazy\" decoding=\"async\" width=\"1075\" height=\"672\" class=\"alignnone wp-image-48\" src=\"https:\/\/sisu.ut.ee\/wp-content\/uploads\/sites\/503\/naited.jpg\" title=\"naited.jpg\" alt=\"N\u00e4ited\" srcset=\"https:\/\/sisu.ut.ee\/wp-content\/uploads\/sites\/503\/naited.jpg 1075w, https:\/\/sisu.ut.ee\/wp-content\/uploads\/sites\/503\/naited-300x188.jpg 300w, https:\/\/sisu.ut.ee\/wp-content\/uploads\/sites\/503\/naited-1024x640.jpg 1024w, https:\/\/sisu.ut.ee\/wp-content\/uploads\/sites\/503\/naited-768x480.jpg 768w\" sizes=\"auto, (max-width: 1075px) 100vw, 1075px\"><\/p>\n","protected":false},"excerpt":{"rendered":"<p>K\u00f5ige l\u00f5pust leiame valiku n\u00e4itelauseid koos ilmumisandmetega.<\/p>\n","protected":false},"author":261,"featured_media":0,"parent":0,"menu_order":0,"comment_status":"closed","ping_status":"closed","template":"","meta":{"_acf_changed":false,"inline_featured_image":false,"footnotes":""},"class_list":["post-24","page","type-page","status-publish","hentry"],"acf":[],"_links":{"self":[{"href":"https:\/\/sisu.ut.ee\/dwds\/wp-json\/wp\/v2\/pages\/24","targetHints":{"allow":["GET"]}}],"collection":[{"href":"https:\/\/sisu.ut.ee\/dwds\/wp-json\/wp\/v2\/pages"}],"about":[{"href":"https:\/\/sisu.ut.ee\/dwds\/wp-json\/wp\/v2\/types\/page"}],"author":[{"embeddable":true,"href":"https:\/\/sisu.ut.ee\/dwds\/wp-json\/wp\/v2\/users\/261"}],"replies":[{"embeddable":true,"href":"https:\/\/sisu.ut.ee\/dwds\/wp-json\/wp\/v2\/comments?post=24"}],"version-history":[{"count":1,"href":"https:\/\/sisu.ut.ee\/dwds\/wp-json\/wp\/v2\/pages\/24\/revisions"}],"predecessor-version":[{"id":74,"href":"https:\/\/sisu.ut.ee\/dwds\/wp-json\/wp\/v2\/pages\/24\/revisions\/74"}],"wp:attachment":[{"href":"https:\/\/sisu.ut.ee\/dwds\/wp-json\/wp\/v2\/media?parent=24"}],"curies":[{"name":"wp","href":"https:\/\/api.w.org\/{rel}","templated":true}]}}