{"id":22,"date":"2024-04-04T07:17:54","date_gmt":"2024-04-04T04:17:54","guid":{"rendered":"https:\/\/sisu.ut.ee\/dwds\/tesaurus\/"},"modified":"2024-04-04T07:18:05","modified_gmt":"2024-04-04T04:18:05","slug":"tesaurus","status":"publish","type":"page","link":"https:\/\/sisu.ut.ee\/dwds\/tesaurus\/","title":{"rendered":"Tesaurus"},"content":{"rendered":"<p>\n\t\u00a0\n<\/p>\n<p>\n\tTesaurusest leiame m\u00e4rks\u00f5na s\u00fcnon\u00fc\u00fcmid t\u00e4hendusr\u00fchmade kaupa. See on keele\u00f5ppijale ja filoloogile asendamatu abivahend tekstiloomes.\u00a0\n<\/p>\n<p>\n\t\u00a0\n<\/p>\n<p>\n\tS\u00fcnon\u00fc\u00fcmide puhul on \u00e4\u00e4rmiselt oluline p\u00f6\u00f6rata t\u00e4helepanu rohelises kirjas lisatud m\u00e4rgenditele\u00a0(nt veraltet \u00b4vananenud\u00b4, ugs. \u00b4argikeelne`), et me ei eksiks stiilinormide\u00a0ega hea tava vastu.\u00a0Nii t\u00e4histavad Lernanstalt, Schule ja Penne\u00a0k\u00fcll sama objekti, aga nende kasutuses on olulisi erinevusi.\n<\/p>\n<p>\n\t\u00a0\n<\/p>\n<p>\n\t<img loading=\"lazy\" decoding=\"async\" width=\"1013\" height=\"642\" class=\"alignnone wp-image-45\" src=\"https:\/\/sisu.ut.ee\/wp-content\/uploads\/sites\/503\/tesaurus.jpg\" title=\"tesaurus.jpg\" alt=\"Tesaurus\" srcset=\"https:\/\/sisu.ut.ee\/wp-content\/uploads\/sites\/503\/tesaurus.jpg 1013w, https:\/\/sisu.ut.ee\/wp-content\/uploads\/sites\/503\/tesaurus-300x190.jpg 300w, https:\/\/sisu.ut.ee\/wp-content\/uploads\/sites\/503\/tesaurus-768x487.jpg 768w\" sizes=\"auto, (max-width: 1013px) 100vw, 1013px\">\n<\/p>\n<p style=\"text-align: center\">\n\tAllikas:\u00a0<span style=\"color:#0099cc\">https:\/\/www.dwds.de\/wb\/Schule#ot-1<\/span>\n<\/p>\n<p>\n\t\u00a0\n<\/p>\n<p>\n\t\u00a0<\/p>\n","protected":false},"excerpt":{"rendered":"<p>\u00a0 Tesaurusest leiame m\u00e4rks\u00f5na s\u00fcnon\u00fc\u00fcmid t\u00e4hendusr\u00fchmade kaupa. See on keele\u00f5ppijale ja filoloogile asendamatu abivahend tekstiloomes.\u00a0 \u00a0 S\u00fcnon\u00fc\u00fcmide puhul on \u00e4\u00e4rmiselt oluline p\u00f6\u00f6rata t\u00e4helepanu rohelises kirjas lisatud m\u00e4rgenditele\u00a0(nt veraltet \u00b4vananenud\u00b4, ugs. \u00b4argikeelne`), et me ei eksiks stiilinormide\u00a0ega hea tava vastu.\u00a0Nii t\u00e4histavad &#8230;<\/p>\n","protected":false},"author":261,"featured_media":0,"parent":0,"menu_order":0,"comment_status":"closed","ping_status":"closed","template":"","meta":{"_acf_changed":false,"inline_featured_image":false,"footnotes":""},"class_list":["post-22","page","type-page","status-publish","hentry"],"acf":[],"_links":{"self":[{"href":"https:\/\/sisu.ut.ee\/dwds\/wp-json\/wp\/v2\/pages\/22","targetHints":{"allow":["GET"]}}],"collection":[{"href":"https:\/\/sisu.ut.ee\/dwds\/wp-json\/wp\/v2\/pages"}],"about":[{"href":"https:\/\/sisu.ut.ee\/dwds\/wp-json\/wp\/v2\/types\/page"}],"author":[{"embeddable":true,"href":"https:\/\/sisu.ut.ee\/dwds\/wp-json\/wp\/v2\/users\/261"}],"replies":[{"embeddable":true,"href":"https:\/\/sisu.ut.ee\/dwds\/wp-json\/wp\/v2\/comments?post=22"}],"version-history":[{"count":1,"href":"https:\/\/sisu.ut.ee\/dwds\/wp-json\/wp\/v2\/pages\/22\/revisions"}],"predecessor-version":[{"id":72,"href":"https:\/\/sisu.ut.ee\/dwds\/wp-json\/wp\/v2\/pages\/22\/revisions\/72"}],"wp:attachment":[{"href":"https:\/\/sisu.ut.ee\/dwds\/wp-json\/wp\/v2\/media?parent=22"}],"curies":[{"name":"wp","href":"https:\/\/api.w.org\/{rel}","templated":true}]}}