{"id":21,"date":"2024-04-04T07:17:53","date_gmt":"2024-04-04T04:17:53","guid":{"rendered":"https:\/\/sisu.ut.ee\/dwds\/etumoloogia\/"},"modified":"2024-04-04T07:18:05","modified_gmt":"2024-04-04T04:18:05","slug":"etumoloogia","status":"publish","type":"page","link":"https:\/\/sisu.ut.ee\/dwds\/etumoloogia\/","title":{"rendered":"Et\u00fcmoloogia"},"content":{"rendered":"<p>\n\tEt\u00fcmoloogia osa annab Wolfgang Pfeiferi s\u00f5naraamatu p\u00f5hjal \u00fclevaate s\u00f5na p\u00e4ritolust.\n<\/p>\n<p>\n\t\u00a0\n<\/p>\n<p style=\"text-align: center\">\n\t<img loading=\"lazy\" decoding=\"async\" width=\"967\" height=\"410\" class=\"alignnone wp-image-44\" src=\"https:\/\/sisu.ut.ee\/wp-content\/uploads\/sites\/503\/etumoloogia.jpg\" title=\"etumoloogia.jpg\" alt=\"Et\u00fcmoloog\" srcset=\"https:\/\/sisu.ut.ee\/wp-content\/uploads\/sites\/503\/etumoloogia.jpg 967w, https:\/\/sisu.ut.ee\/wp-content\/uploads\/sites\/503\/etumoloogia-300x127.jpg 300w, https:\/\/sisu.ut.ee\/wp-content\/uploads\/sites\/503\/etumoloogia-768x326.jpg 768w\" sizes=\"auto, (max-width: 967px) 100vw, 967px\">Allikas:\u00a0<span style=\"color:#0099cc\">https:\/\/www.dwds.de\/wb\/Schule#etymwb-1<\/span><\/p>\n","protected":false},"excerpt":{"rendered":"<p>Et\u00fcmoloogia osa annab Wolfgang Pfeiferi s\u00f5naraamatu p\u00f5hjal \u00fclevaate s\u00f5na p\u00e4ritolust. \u00a0 Allikas:\u00a0https:\/\/www.dwds.de\/wb\/Schule#etymwb-1<\/p>\n","protected":false},"author":261,"featured_media":0,"parent":0,"menu_order":0,"comment_status":"closed","ping_status":"closed","template":"","meta":{"_acf_changed":false,"inline_featured_image":false,"footnotes":""},"class_list":["post-21","page","type-page","status-publish","hentry"],"acf":[],"_links":{"self":[{"href":"https:\/\/sisu.ut.ee\/dwds\/wp-json\/wp\/v2\/pages\/21","targetHints":{"allow":["GET"]}}],"collection":[{"href":"https:\/\/sisu.ut.ee\/dwds\/wp-json\/wp\/v2\/pages"}],"about":[{"href":"https:\/\/sisu.ut.ee\/dwds\/wp-json\/wp\/v2\/types\/page"}],"author":[{"embeddable":true,"href":"https:\/\/sisu.ut.ee\/dwds\/wp-json\/wp\/v2\/users\/261"}],"replies":[{"embeddable":true,"href":"https:\/\/sisu.ut.ee\/dwds\/wp-json\/wp\/v2\/comments?post=21"}],"version-history":[{"count":1,"href":"https:\/\/sisu.ut.ee\/dwds\/wp-json\/wp\/v2\/pages\/21\/revisions"}],"predecessor-version":[{"id":84,"href":"https:\/\/sisu.ut.ee\/dwds\/wp-json\/wp\/v2\/pages\/21\/revisions\/84"}],"wp:attachment":[{"href":"https:\/\/sisu.ut.ee\/dwds\/wp-json\/wp\/v2\/media?parent=21"}],"curies":[{"name":"wp","href":"https:\/\/api.w.org\/{rel}","templated":true}]}}