{"id":20,"date":"2024-04-04T07:17:53","date_gmt":"2024-04-04T04:17:53","guid":{"rendered":"https:\/\/sisu.ut.ee\/dwds\/ulesanne\/"},"modified":"2024-04-04T07:18:05","modified_gmt":"2024-04-04T04:18:05","slug":"ulesanne","status":"publish","type":"page","link":"https:\/\/sisu.ut.ee\/dwds\/ulesanne\/","title":{"rendered":"\u00dclesanne 1"},"content":{"rendered":"<p>\n\tV\u00f5rdle erinevatest allikatest p\u00e4rit informatsiooni sama m\u00e4rks\u00f5na kohta. Mida m\u00e4rkad?\n<\/p>\n<p>\n\t<img loading=\"lazy\" decoding=\"async\" width=\"1611\" height=\"522\" class=\"alignnone wp-image-41\" src=\"https:\/\/sisu.ut.ee\/wp-content\/uploads\/sites\/503\/31.jpg\" title=\"31.jpg\" alt=\"naited\" srcset=\"https:\/\/sisu.ut.ee\/wp-content\/uploads\/sites\/503\/31.jpg 1611w, https:\/\/sisu.ut.ee\/wp-content\/uploads\/sites\/503\/31-300x97.jpg 300w, https:\/\/sisu.ut.ee\/wp-content\/uploads\/sites\/503\/31-1024x332.jpg 1024w, https:\/\/sisu.ut.ee\/wp-content\/uploads\/sites\/503\/31-768x249.jpg 768w, https:\/\/sisu.ut.ee\/wp-content\/uploads\/sites\/503\/31-1536x498.jpg 1536w\" sizes=\"auto, (max-width: 1611px) 100vw, 1611px\"><img loading=\"lazy\" decoding=\"async\" width=\"1595\" height=\"791\" class=\"alignnone wp-image-43\" src=\"https:\/\/sisu.ut.ee\/wp-content\/uploads\/sites\/503\/deskell_01.jpg\" title=\"deskell_01.jpg\" alt=\"deSkell\" srcset=\"https:\/\/sisu.ut.ee\/wp-content\/uploads\/sites\/503\/deskell_01.jpg 1595w, https:\/\/sisu.ut.ee\/wp-content\/uploads\/sites\/503\/deskell_01-300x149.jpg 300w, https:\/\/sisu.ut.ee\/wp-content\/uploads\/sites\/503\/deskell_01-1024x508.jpg 1024w, https:\/\/sisu.ut.ee\/wp-content\/uploads\/sites\/503\/deskell_01-768x381.jpg 768w, https:\/\/sisu.ut.ee\/wp-content\/uploads\/sites\/503\/deskell_01-1536x762.jpg 1536w\" sizes=\"auto, (max-width: 1595px) 100vw, 1595px\">\n<\/p>\n<p>\n\thttps:\/\/skell.sketchengine.eu\/#result?f=wordsketch&amp;lang=de&amp;query=Land<\/p>\n","protected":false},"excerpt":{"rendered":"<p>V\u00f5rdle erinevatest allikatest p\u00e4rit informatsiooni sama m\u00e4rks\u00f5na kohta. Mida m\u00e4rkad? https:\/\/skell.sketchengine.eu\/#result?f=wordsketch&amp;lang=de&amp;query=Land<\/p>\n","protected":false},"author":261,"featured_media":0,"parent":0,"menu_order":0,"comment_status":"closed","ping_status":"closed","template":"","meta":{"_acf_changed":false,"inline_featured_image":false,"footnotes":""},"class_list":["post-20","page","type-page","status-publish","hentry"],"acf":[],"_links":{"self":[{"href":"https:\/\/sisu.ut.ee\/dwds\/wp-json\/wp\/v2\/pages\/20","targetHints":{"allow":["GET"]}}],"collection":[{"href":"https:\/\/sisu.ut.ee\/dwds\/wp-json\/wp\/v2\/pages"}],"about":[{"href":"https:\/\/sisu.ut.ee\/dwds\/wp-json\/wp\/v2\/types\/page"}],"author":[{"embeddable":true,"href":"https:\/\/sisu.ut.ee\/dwds\/wp-json\/wp\/v2\/users\/261"}],"replies":[{"embeddable":true,"href":"https:\/\/sisu.ut.ee\/dwds\/wp-json\/wp\/v2\/comments?post=20"}],"version-history":[{"count":1,"href":"https:\/\/sisu.ut.ee\/dwds\/wp-json\/wp\/v2\/pages\/20\/revisions"}],"predecessor-version":[{"id":83,"href":"https:\/\/sisu.ut.ee\/dwds\/wp-json\/wp\/v2\/pages\/20\/revisions\/83"}],"wp:attachment":[{"href":"https:\/\/sisu.ut.ee\/dwds\/wp-json\/wp\/v2\/media?parent=20"}],"curies":[{"name":"wp","href":"https:\/\/api.w.org\/{rel}","templated":true}]}}