{"id":18,"date":"2024-04-04T07:17:53","date_gmt":"2024-04-04T04:17:53","guid":{"rendered":"https:\/\/sisu.ut.ee\/dwds\/pais\/"},"modified":"2024-04-04T07:18:05","modified_gmt":"2024-04-04T04:18:05","slug":"pais","status":"publish","type":"page","link":"https:\/\/sisu.ut.ee\/dwds\/pais\/","title":{"rendered":"P\u00e4is"},"content":{"rendered":"<p>\n\t<b>P\u00e4is e Seitenanfang\u00a0<\/b>h\u00f5lmab erinevaid keelekirjelduse tasandeid. M\u00e4rks\u00f5nale j\u00e4rgnevad\u00a0andmed grammatilise info (nimis\u00f5na sugu, k\u00e4\u00e4namine ja mitmuse vorm), h\u00e4\u00e4lduse (Aussprache), s\u00f5na silbitamise (Silbentrennung), s\u00f5namoodustuse (Wortbidung) ning\u00a0p\u00fcsi\u00fchendite kohta\u00a0(Mehrwortausdr\u00fccke).\n<\/p>\n<p style=\"text-align: center\">\n\t<img loading=\"lazy\" decoding=\"async\" width=\"1043\" height=\"236\" class=\"alignnone wp-image-39\" src=\"https:\/\/sisu.ut.ee\/wp-content\/uploads\/sites\/503\/pai.jpg\" title=\"pai.jpg\" alt=\"P\u00e4is\" srcset=\"https:\/\/sisu.ut.ee\/wp-content\/uploads\/sites\/503\/pai.jpg 1043w, https:\/\/sisu.ut.ee\/wp-content\/uploads\/sites\/503\/pai-300x68.jpg 300w, https:\/\/sisu.ut.ee\/wp-content\/uploads\/sites\/503\/pai-1024x232.jpg 1024w, https:\/\/sisu.ut.ee\/wp-content\/uploads\/sites\/503\/pai-768x174.jpg 768w\" sizes=\"auto, (max-width: 1043px) 100vw, 1043px\">Allikas:\u00a0https:\/\/www.dwds.de\/wb\/Schule\n<\/p>\n<p>\n\t\u00a0<\/p>\n","protected":false},"excerpt":{"rendered":"<p>P\u00e4is e Seitenanfang\u00a0h\u00f5lmab erinevaid keelekirjelduse tasandeid. M\u00e4rks\u00f5nale j\u00e4rgnevad\u00a0andmed grammatilise info (nimis\u00f5na sugu, k\u00e4\u00e4namine ja mitmuse vorm), h\u00e4\u00e4lduse (Aussprache), s\u00f5na silbitamise (Silbentrennung), s\u00f5namoodustuse (Wortbidung) ning\u00a0p\u00fcsi\u00fchendite kohta\u00a0(Mehrwortausdr\u00fccke). Allikas:\u00a0https:\/\/www.dwds.de\/wb\/Schule \u00a0<\/p>\n","protected":false},"author":261,"featured_media":0,"parent":0,"menu_order":0,"comment_status":"closed","ping_status":"closed","template":"","meta":{"_acf_changed":false,"inline_featured_image":false,"footnotes":""},"class_list":["post-18","page","type-page","status-publish","hentry"],"acf":[],"_links":{"self":[{"href":"https:\/\/sisu.ut.ee\/dwds\/wp-json\/wp\/v2\/pages\/18","targetHints":{"allow":["GET"]}}],"collection":[{"href":"https:\/\/sisu.ut.ee\/dwds\/wp-json\/wp\/v2\/pages"}],"about":[{"href":"https:\/\/sisu.ut.ee\/dwds\/wp-json\/wp\/v2\/types\/page"}],"author":[{"embeddable":true,"href":"https:\/\/sisu.ut.ee\/dwds\/wp-json\/wp\/v2\/users\/261"}],"replies":[{"embeddable":true,"href":"https:\/\/sisu.ut.ee\/dwds\/wp-json\/wp\/v2\/comments?post=18"}],"version-history":[{"count":1,"href":"https:\/\/sisu.ut.ee\/dwds\/wp-json\/wp\/v2\/pages\/18\/revisions"}],"predecessor-version":[{"id":81,"href":"https:\/\/sisu.ut.ee\/dwds\/wp-json\/wp\/v2\/pages\/18\/revisions\/81"}],"wp:attachment":[{"href":"https:\/\/sisu.ut.ee\/dwds\/wp-json\/wp\/v2\/media?parent=18"}],"curies":[{"name":"wp","href":"https:\/\/api.w.org\/{rel}","templated":true}]}}