{"id":17,"date":"2024-04-04T07:17:53","date_gmt":"2024-04-04T04:17:53","guid":{"rendered":"https:\/\/sisu.ut.ee\/dwds\/lemma\/"},"modified":"2024-04-04T07:18:05","modified_gmt":"2024-04-04T04:18:05","slug":"lemma","status":"publish","type":"page","link":"https:\/\/sisu.ut.ee\/dwds\/lemma\/","title":{"rendered":"Lemma"},"content":{"rendered":"<p>\n\tS\u00f5naartiklit alustab m\u00e4rks\u00f5na e lemma.\n<\/p>\n<p>\n\t<img loading=\"lazy\" decoding=\"async\" width=\"505\" height=\"160\" class=\"alignnone wp-image-37\" src=\"https:\/\/sisu.ut.ee\/wp-content\/uploads\/sites\/503\/lemma.jpg\" title=\"lemma.jpg\" alt=\"Lemma\" srcset=\"https:\/\/sisu.ut.ee\/wp-content\/uploads\/sites\/503\/lemma.jpg 505w, https:\/\/sisu.ut.ee\/wp-content\/uploads\/sites\/503\/lemma-300x95.jpg 300w\" sizes=\"auto, (max-width: 505px) 100vw, 505px\">\n<\/p>\n<p style=\"text-align: center\">\n\tAllikas: https:\/\/www.dwds.de\/wb\/Schule\u00a0\n<\/p>\n<p>\n\tKui tegemist on homon\u00fc\u00fcmidega, st samakujulise, aga erineva t\u00e4hendusega s\u00f5nadega, t\u00e4histatakse seda \u00fclal paremas nurgas j\u00e4rgarvudega.\n<\/p>\n<p>\n\t<img loading=\"lazy\" decoding=\"async\" width=\"585\" height=\"201\" class=\"alignnone wp-image-38\" src=\"https:\/\/sisu.ut.ee\/wp-content\/uploads\/sites\/503\/lemma_homonuum.jpg\" title=\"lemma_homonuum.jpg\" alt=\"Lemma2\" srcset=\"https:\/\/sisu.ut.ee\/wp-content\/uploads\/sites\/503\/lemma_homonuum.jpg 585w, https:\/\/sisu.ut.ee\/wp-content\/uploads\/sites\/503\/lemma_homonuum-300x103.jpg 300w\" sizes=\"auto, (max-width: 585px) 100vw, 585px\">\n<\/p>\n<p style=\"text-align: center\">\n\tAllikas:\u00a0https:\/\/www.dwds.de\/wb\/Tau\n<\/p>\n<p>\n\t\u00a0<\/p>\n","protected":false},"excerpt":{"rendered":"<p>S\u00f5naartiklit alustab m\u00e4rks\u00f5na e lemma. Allikas: https:\/\/www.dwds.de\/wb\/Schule\u00a0 Kui tegemist on homon\u00fc\u00fcmidega, st samakujulise, aga erineva t\u00e4hendusega s\u00f5nadega, t\u00e4histatakse seda \u00fclal paremas nurgas j\u00e4rgarvudega. Allikas:\u00a0https:\/\/www.dwds.de\/wb\/Tau \u00a0<\/p>\n","protected":false},"author":261,"featured_media":0,"parent":0,"menu_order":0,"comment_status":"closed","ping_status":"closed","template":"","meta":{"_acf_changed":false,"inline_featured_image":false,"footnotes":""},"class_list":["post-17","page","type-page","status-publish","hentry"],"acf":[],"_links":{"self":[{"href":"https:\/\/sisu.ut.ee\/dwds\/wp-json\/wp\/v2\/pages\/17","targetHints":{"allow":["GET"]}}],"collection":[{"href":"https:\/\/sisu.ut.ee\/dwds\/wp-json\/wp\/v2\/pages"}],"about":[{"href":"https:\/\/sisu.ut.ee\/dwds\/wp-json\/wp\/v2\/types\/page"}],"author":[{"embeddable":true,"href":"https:\/\/sisu.ut.ee\/dwds\/wp-json\/wp\/v2\/users\/261"}],"replies":[{"embeddable":true,"href":"https:\/\/sisu.ut.ee\/dwds\/wp-json\/wp\/v2\/comments?post=17"}],"version-history":[{"count":1,"href":"https:\/\/sisu.ut.ee\/dwds\/wp-json\/wp\/v2\/pages\/17\/revisions"}],"predecessor-version":[{"id":80,"href":"https:\/\/sisu.ut.ee\/dwds\/wp-json\/wp\/v2\/pages\/17\/revisions\/80"}],"wp:attachment":[{"href":"https:\/\/sisu.ut.ee\/dwds\/wp-json\/wp\/v2\/media?parent=17"}],"curies":[{"name":"wp","href":"https:\/\/api.w.org\/{rel}","templated":true}]}}