{"id":16,"date":"2024-04-04T07:17:53","date_gmt":"2024-04-04T04:17:53","guid":{"rendered":"https:\/\/sisu.ut.ee\/dwds\/kasutatud-kirjandus\/"},"modified":"2024-04-04T07:18:05","modified_gmt":"2024-04-04T04:18:05","slug":"kasutatud-kirjandus","status":"publish","type":"page","link":"https:\/\/sisu.ut.ee\/dwds\/kasutatud-kirjandus\/","title":{"rendered":"Kasutatud kirjandus"},"content":{"rendered":"<p class=\"Standard\">\n\t\u00a0\n<\/p>\n<p class=\"Standard\">\n\t<b><span style=\",serif\"><span style=\"color:black\">Klein, Wolfgang \/ Geyken, Alexander<\/span><\/span><\/b><span style=\",serif\"><span style=\"color:black\"> (2010): Das Digitale W\u00f6rterbuch der Deutschen Sprache (DWDS). \u2013 <i>Lexicographica \u2013 Internationa Annual for Lexicography \/ Internationales Jahrbuch f\u00fcr Lexikigraphie<\/i> 26, 79\u201396. DOI 10.1515\/lexi.2010.006<\/span><\/span>\n<\/p>\n<p class=\"Standard\">\n\t<b><span style=\",serif\"><span style=\"color:black\">K\u00fcnstler, Aili <\/span><\/span><\/b><span style=\",serif\"><span style=\"color:black\">(2014):<b><span style=\",serif\"><span style=\"color:black\"> <\/span><\/span><\/b>Keele\u00f5ppijale<b> <\/b>kirjas<b> <\/b>ja<b> <\/b>k\u00f5nes.<b> <\/b>V\u00f5\u00f5rkeelse ja emakeelse k\u00f5neleja p\u00f5his\u00f5navara kattub \u00fcldjoontes, kuid see omandatakse isemoodi. \u2013 <i>Sirp<\/i> 05.12.2014\u00a0<\/span><\/span><a href=\"https:\/\/www.sirp.ee\/s1-artiklid\/varia\/keeleoppijale-kirjas-ja-kones\/\"><span style=\",serif\"><span style=\"text-decoration:none\"><span>https:\/\/www.sirp.ee\/s1-artiklid\/varia\/keeleoppijale-kirjas-ja-kones\/<\/span><\/span><\/span><\/a><span style=\",serif\"><span style=\"color:black\"> (12.06.2021)<\/span><\/span>\n<\/p>\n<p class=\"Standard\">\n\t<span style=\"color:#000000\"><strong>Kadri Muischnek, Liina Lindstr\u00f6m<\/strong>\u00a0(2020):\u00a0Digitaalsed tekstiandmed ja korpuslingvistika. Masso, Anu; Tiidenberg, Katrin; Siibak, Andra (Toim.). Kuidas m\u00f5ista andmestunud maailma? Metodoloogiline teejuht, 306\u2212339. Tallinn: Tallinna \u00dclikooli Kirjastus. (Gigantum Humeris).<\/span>\n<\/p>\n<p class=\"Standard\">\n\t<b><span style=\",serif\"><span style=\"color:black\">Nied Curcio, Martina <\/span><\/span><\/b><span style=\",serif\"><span style=\"color:black\">(2015):<b> <\/b>W\u00f6rterbuchbenutzung und Wortschatzerwerb. Werden im Zeitalter des Smartphones \u00fcberhaupt noch Vokabeln gelernt? \u2013 <i>Info<\/i> <i>DaF<\/i> <i>Nr. 5,<\/i> 445 \u2013 468.<\/span><\/span>\n<\/p>\n<p class=\"Standard\">\n\t<b><span style=\",serif\"><span style=\"color:black\">T\u00f6pel, Antje\u00a0<\/span><\/span><\/b><span style=\",serif\"><span style=\"color:black\">(2015): Das W\u00f6rterbuch ist tot \u00a0\u2013 es lebe das W\u00f6rterbuch?! \u2013 <i>Info<\/i> <i>DaF<\/i> <i>Nr. 5,<\/i>\u00a0515 \u2013 534.<\/span><\/span>\n<\/p>\n<p class=\"Standard\">\n\t<b><span style=\",serif\"><span style=\"color:black\">Viks, \u00dclle<\/span><\/span><\/b><span style=\",serif\"><span style=\"color:black\"> (2008): Eesti-X-keele s\u00f5nastik ja grammatika. \u2013 <i>Eesti Rakenduslingvistika \u00dchingu aastaraamat<\/i> <i>nr 4, <\/i>247 \u2013 261.<\/span><\/span><\/p>\n","protected":false},"excerpt":{"rendered":"<p>\u00a0 Klein, Wolfgang \/ Geyken, Alexander (2010): Das Digitale W\u00f6rterbuch der Deutschen Sprache (DWDS). \u2013 Lexicographica \u2013 Internationa Annual for Lexicography \/ Internationales Jahrbuch f\u00fcr Lexikigraphie 26, 79\u201396. DOI 10.1515\/lexi.2010.006 K\u00fcnstler, Aili (2014): Keele\u00f5ppijale kirjas ja k\u00f5nes. V\u00f5\u00f5rkeelse ja emakeelse &#8230;<\/p>\n","protected":false},"author":261,"featured_media":0,"parent":0,"menu_order":0,"comment_status":"closed","ping_status":"closed","template":"","meta":{"_acf_changed":false,"inline_featured_image":false,"footnotes":""},"class_list":["post-16","page","type-page","status-publish","hentry"],"acf":[],"_links":{"self":[{"href":"https:\/\/sisu.ut.ee\/dwds\/wp-json\/wp\/v2\/pages\/16","targetHints":{"allow":["GET"]}}],"collection":[{"href":"https:\/\/sisu.ut.ee\/dwds\/wp-json\/wp\/v2\/pages"}],"about":[{"href":"https:\/\/sisu.ut.ee\/dwds\/wp-json\/wp\/v2\/types\/page"}],"author":[{"embeddable":true,"href":"https:\/\/sisu.ut.ee\/dwds\/wp-json\/wp\/v2\/users\/261"}],"replies":[{"embeddable":true,"href":"https:\/\/sisu.ut.ee\/dwds\/wp-json\/wp\/v2\/comments?post=16"}],"version-history":[{"count":1,"href":"https:\/\/sisu.ut.ee\/dwds\/wp-json\/wp\/v2\/pages\/16\/revisions"}],"predecessor-version":[{"id":79,"href":"https:\/\/sisu.ut.ee\/dwds\/wp-json\/wp\/v2\/pages\/16\/revisions\/79"}],"wp:attachment":[{"href":"https:\/\/sisu.ut.ee\/dwds\/wp-json\/wp\/v2\/media?parent=16"}],"curies":[{"name":"wp","href":"https:\/\/api.w.org\/{rel}","templated":true}]}}