{"id":14,"date":"2024-04-04T07:17:53","date_gmt":"2024-04-04T04:17:53","guid":{"rendered":"https:\/\/sisu.ut.ee\/dwds\/harjutused\/"},"modified":"2024-04-04T07:18:05","modified_gmt":"2024-04-04T04:18:05","slug":"harjutused","status":"publish","type":"page","link":"https:\/\/sisu.ut.ee\/dwds\/harjutused\/","title":{"rendered":"Harjutused"},"content":{"rendered":"<p>\n\t1. M\u00e4\u00e4rake DWDSi abil, missugusi erinevusi esineb j\u00e4rgnevate s\u00f5nade t\u00e4henduses\u00a0ja kasutuses:\u00a0<span style=\"color:#0099cc\">Fleischer \u2013\u00a0\u00a0Fleischhauer \u2013 Schlachter \u2013 Metzger \u2013 Schl\u00e4chter \u2013 Wurster- Selcher?\u00a0<\/span>\n<\/p>\n<p>\n\t<\/p><div class=\"accordion mb-3\">\n        <div class=\"accordion-item accordion-item--white\">\n        <h2 class=\"accordion-header\" id=\"accordion-69e16165f2e77-heading\">\n            <button class=\"accordion-button collapsed\" type=\"button\" data-bs-toggle=\"collapse\" data-bs-target=\"#accordion-69e16165f2e77-collapse\" aria-expanded=\"true\" aria-controls=\"accordion-69e16165f2e77-collapse\">2. Missugune on tegus\u00f5na \u00b4machen\u00b4 esialgne t\u00e4hendus?\u00a0<\/button>\n        <\/h2>\n        <div id=\"accordion-69e16165f2e77-collapse\" class=\"accordion-collapse collapse\" aria-labelledby=\"accordion-69e16165f2e77-heading\">\n            <div class=\"accordion-body\">kneten, dr\u00fccken, streichen<\/div>\n        <\/div>\n        <\/div>\n    <\/div>\n\n<p>\n\t3. Missuguste omaduss\u00f5nadega iseloomustavad poliitikud oma k\u00f5nedes pandeemiat?\n<\/p>\n<p>\n\t<\/p><div class=\"accordion mb-3\">\n        <div class=\"accordion-item accordion-item--white\">\n        <h2 class=\"accordion-header\" id=\"accordion-69e16165f2e7d-heading\">\n            <button class=\"accordion-button collapsed\" type=\"button\" data-bs-toggle=\"collapse\" data-bs-target=\"#accordion-69e16165f2e7d-collapse\" aria-expanded=\"true\" aria-controls=\"accordion-69e16165f2e7d-collapse\">Kontrolli<\/button>\n        <\/h2>\n        <div id=\"accordion-69e16165f2e7d-collapse\" class=\"accordion-collapse collapse\" aria-labelledby=\"accordion-69e16165f2e7d-heading\">\n            <div class=\"accordion-body\">Valige korpus \u201cPolitische Reden 1982 \u2013 2020\u201d ja sisestage p\u00e4ringureale\u00a0<br>$p=ADJA Pandemie<\/div>\n        <\/div>\n        <\/div>\n    <\/div>\n","protected":false},"excerpt":{"rendered":"<p>1. M\u00e4\u00e4rake DWDSi abil, missugusi erinevusi esineb j\u00e4rgnevate s\u00f5nade t\u00e4henduses\u00a0ja kasutuses:\u00a0Fleischer \u2013\u00a0\u00a0Fleischhauer \u2013 Schlachter \u2013 Metzger \u2013 Schl\u00e4chter \u2013 Wurster- Selcher?\u00a0 2. Missugune on tegus\u00f5na \u00b4machen\u00b4 esialgne t\u00e4hendus?\u00a0 kneten, dr\u00fccken, streichen 3. Missuguste omaduss\u00f5nadega iseloomustavad poliitikud oma k\u00f5nedes pandeemiat? Kontrolli &#8230;<\/p>\n","protected":false},"author":261,"featured_media":0,"parent":0,"menu_order":0,"comment_status":"closed","ping_status":"closed","template":"","meta":{"_acf_changed":false,"inline_featured_image":false,"footnotes":""},"class_list":["post-14","page","type-page","status-publish","hentry"],"acf":[],"_links":{"self":[{"href":"https:\/\/sisu.ut.ee\/dwds\/wp-json\/wp\/v2\/pages\/14","targetHints":{"allow":["GET"]}}],"collection":[{"href":"https:\/\/sisu.ut.ee\/dwds\/wp-json\/wp\/v2\/pages"}],"about":[{"href":"https:\/\/sisu.ut.ee\/dwds\/wp-json\/wp\/v2\/types\/page"}],"author":[{"embeddable":true,"href":"https:\/\/sisu.ut.ee\/dwds\/wp-json\/wp\/v2\/users\/261"}],"replies":[{"embeddable":true,"href":"https:\/\/sisu.ut.ee\/dwds\/wp-json\/wp\/v2\/comments?post=14"}],"version-history":[{"count":1,"href":"https:\/\/sisu.ut.ee\/dwds\/wp-json\/wp\/v2\/pages\/14\/revisions"}],"predecessor-version":[{"id":77,"href":"https:\/\/sisu.ut.ee\/dwds\/wp-json\/wp\/v2\/pages\/14\/revisions\/77"}],"wp:attachment":[{"href":"https:\/\/sisu.ut.ee\/dwds\/wp-json\/wp\/v2\/media?parent=14"}],"curies":[{"name":"wp","href":"https:\/\/api.w.org\/{rel}","templated":true}]}}