{"id":11,"date":"2024-04-04T07:17:52","date_gmt":"2024-04-04T04:17:52","guid":{"rendered":"https:\/\/sisu.ut.ee\/dwds\/dwdsi-tutvustus\/"},"modified":"2024-04-04T07:18:06","modified_gmt":"2024-04-04T04:18:06","slug":"dwdsi-tutvustus","status":"publish","type":"page","link":"https:\/\/sisu.ut.ee\/dwds\/dwdsi-tutvustus\/","title":{"rendered":"DWDSi tutvustus"},"content":{"rendered":"<p class=\"Standard\">\n\t\u00a0\n<\/p>\n<p class=\"Standard\">\n\t<span style=\",serif\"><span style=\"color:black\">DWDSi n\u00e4ol on tegemist Berliin-Brandenburgi Teaduste Akadeemia (BBAW) poolt loodud mahuka, pidevalt t\u00e4ieneva digitaalse platvormiga, mis keskendub just saksa keele s\u00f5navara kirjeldamisele ja arengule.<\/span><\/span>\n<\/p>\n<p class=\"Standard\">\n\t<span style=\",serif\"><span style=\"color:black\">Digitaalse s\u00f5naraamatu eelt\u00f6\u00f6dega alustati juba 1999. aastal, kui hakati paberkandjal olevaid s\u00f5naraamatuid digitaliseerima, \u00fchtlustama ja kaasajastama ning olemasolevaid leksikaalseid andmebaase koondama (vrd.\u00a0Klein \/Geyken 2010, 80).\u00a0Digitaalse s\u00f5nainfos\u00fcsteemi sihtr\u00fchmana n\u00e4hakse nii keelehuvilisi tavakasutajaid kui ka keeleteadlasi.<\/span><\/span>\n<\/p>\n<p>\n\tDWDS s\u00f5nainfos\u00fcsteemi automaatotsingu aluseks on j\u00e4rgnevad keeleressursid:\n<\/p>\n<ul>\n<li>\n\t\t<a href=\"https:\/\/www.dwds.de\/d\/woerterbuecher#wb-dwdswb\">DWDS-W\u00f6rterbuch<\/a>\n\t<\/li>\n<li>\n\t\t<a href=\"https:\/\/www.dwds.de\/d\/woerterbuecher#wb-duden\">Duden: Gro\u00dfes W\u00f6rterbuch der deutschen Sprache<\/a>\n\t<\/li>\n<li>\n\t\t<a href=\"https:\/\/www.dwds.de\/d\/woerterbuecher#wb-etymwb\">Etymologisches W\u00f6rterbuch des Deutschen<\/a>\n\t<\/li>\n<li>\n\t\t<a href=\"https:\/\/www.dwds.de\/d\/woerterbuecher#wb-ot\">OpenThesaurus<\/a>\n\t<\/li>\n<li>\n\t\t<a href=\"https:\/\/www.dwds.de\/d\/woerterbuecher#wb-wdg\">W\u00f6rterbuch der deutschen Gegenwartssprache<\/a>\n\t<\/li>\n<li>\n\t\t<a href=\"https:\/\/www.dwds.de\/d\/woerterbuecher#wb-1dwb\">Deutsches W\u00f6rterbuch von Jacob Grimm und Wilhelm Grimm (Erstbearbeitung oder \u00b9DWB)<\/a>\n\t<\/li>\n<li>\n\t\t<a href=\"https:\/\/www.dwds.de\/d\/woerterbuecher#wb-2dwb\">Deutsches W\u00f6rterbuch von Jacob Grimm und Wilhelm Grimm (Neubearbeitung oder \u00b2DWB)<\/a>\n\t<\/li>\n<li>\n\t\t<a href=\"https:\/\/www.dwds.de\/d\/woerterbuecher#wb-wgd\">Wortgeschichte digital<\/a>\n\t<\/li>\n<\/ul>\n<p class=\"Standard\">\n\t<span style=\",serif\"><span style=\"color:black\">Lisaks s\u00f5naraamatule, tekstikorpustele ja statistikale pakub veebiportaal ka harivat keeleteaduslikku sisu meelelahutuslikumas formaadis. Nii tutvustatakse uusi loodavaid temaatilisi\u00a0glossaare,\u00a0 nt\u00a0 <\/span><\/span><a data-url=\"https:\/\/www.dwds.de\/themenglossar\/Corona\" href=\"https:\/\/www.dwds.de\/themenglossar\/Corona\" target=\"_blank\" title=\"\" rel=\"noopener\">\u201cDWDS-Themenglossar zur COVID-19-Pandemie\u201d,<\/a><span style=\",serif\"><span style=\"color:black\">\u00a0<\/span><\/span><a data-url=\"https:\/\/www.dwds.de\/themenglossar\/US-Wahl-2020\" href=\"https:\/\/www.dwds.de\/themenglossar\/US-Wahl-2020\" target=\"_blank\" title=\"\" rel=\"noopener\">\u201cDWDS- Themenglossar zur US-Pr\u00e4sidentschaftswahl\u201d<\/a>.\u00a0<span style=\",serif\"><span style=\"color:black\">\u00a0Lisaks leiab siit \u00f5ppevideoid ning aadressil <\/span><\/span><a href=\"https:\/\/www.dwds.de\/wort-spiele\"><span style=\",serif\"><span style=\"text-decoration:none\"><span>https:\/\/www.dwds.de\/wort-spiele<\/span><\/span><\/span><\/a><span style=\",serif\"><span style=\"color:black\">\u00a0 on v\u00f5imalik oma saksa keele teadmised m\u00e4ngulises vormis proovile panna.<\/span><\/span>\n<\/p>\n<p class=\"Standard\" style=\"text-align: right\">\n\t<img loading=\"lazy\" decoding=\"async\" width=\"1640\" height=\"856\" class=\"alignnone wp-image-33\" src=\"https:\/\/sisu.ut.ee\/wp-content\/uploads\/sites\/503\/ulevaade.jpg\" title=\"ulevaade.jpg\" alt=\"Homepage\" srcset=\"https:\/\/sisu.ut.ee\/wp-content\/uploads\/sites\/503\/ulevaade.jpg 1640w, https:\/\/sisu.ut.ee\/wp-content\/uploads\/sites\/503\/ulevaade-300x157.jpg 300w, https:\/\/sisu.ut.ee\/wp-content\/uploads\/sites\/503\/ulevaade-1024x534.jpg 1024w, https:\/\/sisu.ut.ee\/wp-content\/uploads\/sites\/503\/ulevaade-768x401.jpg 768w, https:\/\/sisu.ut.ee\/wp-content\/uploads\/sites\/503\/ulevaade-1536x802.jpg 1536w\" sizes=\"auto, (max-width: 1640px) 100vw, 1640px\">Allikas:\u00a0https:\/\/www.dwds.de\/\u00a0<\/p>\n","protected":false},"excerpt":{"rendered":"<p>\u00a0 DWDSi n\u00e4ol on tegemist Berliin-Brandenburgi Teaduste Akadeemia (BBAW) poolt loodud mahuka, pidevalt t\u00e4ieneva digitaalse platvormiga, mis keskendub just saksa keele s\u00f5navara kirjeldamisele ja arengule. Digitaalse s\u00f5naraamatu eelt\u00f6\u00f6dega alustati juba 1999. aastal, kui hakati paberkandjal olevaid s\u00f5naraamatuid digitaliseerima, \u00fchtlustama ja &#8230;<\/p>\n","protected":false},"author":261,"featured_media":0,"parent":0,"menu_order":0,"comment_status":"closed","ping_status":"closed","template":"","meta":{"_acf_changed":false,"inline_featured_image":false,"footnotes":""},"class_list":["post-11","page","type-page","status-publish","hentry"],"acf":[],"_links":{"self":[{"href":"https:\/\/sisu.ut.ee\/dwds\/wp-json\/wp\/v2\/pages\/11","targetHints":{"allow":["GET"]}}],"collection":[{"href":"https:\/\/sisu.ut.ee\/dwds\/wp-json\/wp\/v2\/pages"}],"about":[{"href":"https:\/\/sisu.ut.ee\/dwds\/wp-json\/wp\/v2\/types\/page"}],"author":[{"embeddable":true,"href":"https:\/\/sisu.ut.ee\/dwds\/wp-json\/wp\/v2\/users\/261"}],"replies":[{"embeddable":true,"href":"https:\/\/sisu.ut.ee\/dwds\/wp-json\/wp\/v2\/comments?post=11"}],"version-history":[{"count":1,"href":"https:\/\/sisu.ut.ee\/dwds\/wp-json\/wp\/v2\/pages\/11\/revisions"}],"predecessor-version":[{"id":93,"href":"https:\/\/sisu.ut.ee\/dwds\/wp-json\/wp\/v2\/pages\/11\/revisions\/93"}],"wp:attachment":[{"href":"https:\/\/sisu.ut.ee\/dwds\/wp-json\/wp\/v2\/media?parent=11"}],"curies":[{"name":"wp","href":"https:\/\/api.w.org\/{rel}","templated":true}]}}