{"id":10,"date":"2024-04-04T07:17:52","date_gmt":"2024-04-04T04:17:52","guid":{"rendered":"https:\/\/sisu.ut.ee\/dwds\/refleksiooniulesanne\/"},"modified":"2024-04-04T07:18:06","modified_gmt":"2024-04-04T04:18:06","slug":"refleksiooniulesanne","status":"publish","type":"page","link":"https:\/\/sisu.ut.ee\/dwds\/refleksiooniulesanne\/","title":{"rendered":"Refleksiooni\u00fclesanne"},"content":{"rendered":"<p style=\"text-align: center\">\n\t<span style=\"font-size:14px\"><strong><span style=\"color:black\">\u201eMina e-s\u00f5naraamatute kasutajana\u201d<\/span><\/strong><\/span>\n<\/p>\n<p>\n\t\u00a0\n<\/p>\n<p style=\"margin-bottom:0cm\">\n\t<span style=\"line-height:100%\"><font face=\"Liberation Serif, serif\"><font size=\"3\"><font style=\"12pt\"><font color=\"#000000\"><font face=\"Times New Roman, serif\">1. Enne \u00f5piobjekti sisuga tutvumist meenuta, missuguseid e-s\u00f5naraamatuid kasutad.\u00a0Kas oled tuttav m\u00f5ttekaardil m\u00e4rgitud e-s\u00f5naraamatutega? Vajadusel t\u00e4ienda <\/font><\/font><\/font><\/font><\/font><\/span><a data-url=\"https:\/\/miro.com\/app\/board\/o9J_l-zPXq8=\/\" href=\"https:\/\/miro.com\/app\/board\/o9J_l-zPXq8=\/\" target=\"_blank\" title=\"\" rel=\"noopener\">m\u00f5ttekaarti<\/a><span style=\"line-height:100%\"><font face=\"Liberation Serif, serif\"><font size=\"3\"><font style=\"12pt\"><font color=\"#000000\"><font face=\"Times New Roman, serif\">.<\/font><\/font><\/font><\/font><\/font><\/span>\n<\/p>\n<p style=\"margin-bottom:0cm\">\n\t\u00a0\n<\/p>\n<p style=\"margin-bottom:0cm\">\n\t<img loading=\"lazy\" decoding=\"async\" width=\"1370\" height=\"645\" class=\"alignnone wp-image-32\" src=\"https:\/\/sisu.ut.ee\/wp-content\/uploads\/sites\/503\/sonar4.png\" title=\"sonar4.png\" alt=\"g\" srcset=\"https:\/\/sisu.ut.ee\/wp-content\/uploads\/sites\/503\/sonar4.png 1370w, https:\/\/sisu.ut.ee\/wp-content\/uploads\/sites\/503\/sonar4-300x141.png 300w, https:\/\/sisu.ut.ee\/wp-content\/uploads\/sites\/503\/sonar4-1024x482.png 1024w, https:\/\/sisu.ut.ee\/wp-content\/uploads\/sites\/503\/sonar4-768x362.png 768w\" sizes=\"auto, (max-width: 1370px) 100vw, 1370px\">\n<\/p>\n<p style=\"margin-bottom:0cm\">\n\t<span style=\"line-height:100%\"><font face=\"Liberation Serif, serif\"><font size=\"3\"><font style=\"12pt\"><font color=\"#000000\"><font face=\"Times New Roman, serif\">2. Hinda oma oskusi ja seniseid kogemusi netis\u00f5naraamatute kasutamisel 5 palli s\u00fcsteemis.<\/font><\/font><\/font><\/font><\/font><\/span>\n<\/p>\n<p style=\"margin-bottom:0cm\">\n\t\u00a0\n<\/p>\n<p style=\"margin-bottom:0cm\">\n\t<span style=\"line-height:100%\"><font face=\"Liberation Serif, serif\"><font size=\"3\"><font style=\"12pt\"><font color=\"#000000\"><font face=\"Times New Roman, serif\"><b>5<\/b>\u00a0<\/font><\/font><font color=\"#000000\"><font face=\"Times New Roman, serif\"><strong>Olen vilunud\u00a0veebis\u00f5naraamatute kasutaja.<\/strong> Kasutan erinevaid s\u00f5naraamatut\u00fc\u00fcpe. Olen teadlik nende\u00a0kontseptsioonist ja struktuurist.\u00a0\u00a0Leian kiiresti ja alati oma k\u00fcsimustele adekvaatsed vastused. Tunnen s\u00f5naraamatutes kasutatavat metakeelt ja kasutan metakeelseid kommentaare, st saan seletustest ja kommentaaridest k\u00e4tte kogu vajamineva info. Oskan koostada erinevaid p\u00e4ringuid.<\/font><\/font><\/font><\/font><\/font><\/span>\n<\/p>\n<p style=\"margin-bottom:0cm\">\n\t\u00a0\n<\/p>\n<p style=\"margin-bottom:0cm\">\n\t<span style=\"line-height:100%\"><font face=\"Liberation Serif, serif\"><font size=\"3\"><font style=\"12pt\"><font color=\"#000000\"><font face=\"Times New Roman, serif\"><b>4<\/b><\/font><\/font><font color=\"#000000\"><font face=\"Times New Roman, serif\"> <strong>Olen sage veebis\u00f5naraamatute kasutaja. <\/strong>Kasutan nii \u00fcks- kui kakskeelseid s\u00f5naraamatuid. Leian enamasti kiiresti oma k\u00fcsimustele adekvaatsed vastused. Metakeelsed kommentaarid ei valmista mulle enamasti raskusi. <\/font><\/font><\/font><\/font><\/font><\/span>\n<\/p>\n<p style=\"margin-bottom:0cm\">\n\t\u00a0\n<\/p>\n<p style=\"margin-bottom:0cm\">\n\t<span style=\"line-height:100%\"><font face=\"Liberation Serif, serif\"><font size=\"3\"><font style=\"12pt\"><font color=\"#000000\"><font face=\"Times New Roman, serif\"><b>3<\/b><\/font><\/font><font color=\"#000000\"><font face=\"Times New Roman, serif\"> <strong>Kasutan veebis\u00f5naraamatuid.<\/strong> Leian oma k\u00fcsimustele enamasti vastused. M\u00f5nede vastuste leidmiseks kulub rohkem aega, metakeelsete kommetaaridega j\u00e4\u00e4n h\u00e4tta.<\/font><\/font><\/font><\/font><\/font><\/span>\n<\/p>\n<p style=\"margin-bottom:0cm\">\n\t\u00a0\n<\/p>\n<p style=\"margin-bottom:0cm\">\n\t<span style=\"line-height:100%\"><font face=\"Liberation Serif, serif\"><font size=\"3\"><font style=\"12pt\"><font color=\"#000000\"><font face=\"Times New Roman, serif\"><b>2<\/b><\/font><\/font><font color=\"#000000\"><font face=\"Times New Roman, serif\"> <strong>Olen harv veebis\u00f5naraamatute kasutaja.<\/strong> Kasutan esimest s\u00f5naraamatut, mida otsingumootor mulle pakub. Kui s\u00f5nal on mitmeid vasteid, siis on mul raske otsustada, missugune neist on see \u00f5ige.<\/font><\/font><\/font><\/font><\/font><\/span>\n<\/p>\n<p style=\"margin-bottom:0cm\">\n\t\u00a0\n<\/p>\n<p style=\"margin-bottom:0cm\">\n\t<span style=\"line-height:100%\"><font face=\"Liberation Serif, serif\"><font size=\"3\"><font style=\"12pt\"><font color=\"#000000\"><font face=\"Times New Roman, serif\"><b>1<\/b><\/font><\/font><font color=\"#000000\"><font face=\"Times New Roman, serif\"> <strong>Ei kasutagi veebis\u00f5naraamatuid.<\/strong>\u00a0Kasutan enamasti t\u00f5lkeprogramme nt Google-Translate ja lepin sealt saadud vastustega. <\/font><\/font><\/font><\/font><\/font><\/span>\n<\/p>\n<p style=\"margin-bottom:0cm\">\n\t<br>\u00a0<\/p>\n","protected":false},"excerpt":{"rendered":"<p>\u201eMina e-s\u00f5naraamatute kasutajana\u201d \u00a0 1. Enne \u00f5piobjekti sisuga tutvumist meenuta, missuguseid e-s\u00f5naraamatuid kasutad.\u00a0Kas oled tuttav m\u00f5ttekaardil m\u00e4rgitud e-s\u00f5naraamatutega? Vajadusel t\u00e4ienda m\u00f5ttekaarti. \u00a0 2. Hinda oma oskusi ja seniseid kogemusi netis\u00f5naraamatute kasutamisel 5 palli s\u00fcsteemis. \u00a0 5\u00a0Olen vilunud\u00a0veebis\u00f5naraamatute kasutaja. Kasutan erinevaid &#8230;<\/p>\n","protected":false},"author":261,"featured_media":0,"parent":0,"menu_order":0,"comment_status":"closed","ping_status":"closed","template":"","meta":{"_acf_changed":false,"inline_featured_image":false,"footnotes":""},"class_list":["post-10","page","type-page","status-publish","hentry"],"acf":[],"_links":{"self":[{"href":"https:\/\/sisu.ut.ee\/dwds\/wp-json\/wp\/v2\/pages\/10","targetHints":{"allow":["GET"]}}],"collection":[{"href":"https:\/\/sisu.ut.ee\/dwds\/wp-json\/wp\/v2\/pages"}],"about":[{"href":"https:\/\/sisu.ut.ee\/dwds\/wp-json\/wp\/v2\/types\/page"}],"author":[{"embeddable":true,"href":"https:\/\/sisu.ut.ee\/dwds\/wp-json\/wp\/v2\/users\/261"}],"replies":[{"embeddable":true,"href":"https:\/\/sisu.ut.ee\/dwds\/wp-json\/wp\/v2\/comments?post=10"}],"version-history":[{"count":1,"href":"https:\/\/sisu.ut.ee\/dwds\/wp-json\/wp\/v2\/pages\/10\/revisions"}],"predecessor-version":[{"id":92,"href":"https:\/\/sisu.ut.ee\/dwds\/wp-json\/wp\/v2\/pages\/10\/revisions\/92"}],"wp:attachment":[{"href":"https:\/\/sisu.ut.ee\/dwds\/wp-json\/wp\/v2\/media?parent=10"}],"curies":[{"name":"wp","href":"https:\/\/api.w.org\/{rel}","templated":true}]}}