{"id":44,"date":"2024-04-04T08:36:20","date_gmt":"2024-04-04T05:36:20","guid":{"rendered":"https:\/\/sisu.ut.ee\/droonikursus\/avaleht\/"},"modified":"2024-05-16T14:42:29","modified_gmt":"2024-05-16T11:42:29","slug":"avaleht","status":"publish","type":"page","link":"https:\/\/sisu.ut.ee\/droonikursus\/","title":{"rendered":"Avaleht"},"content":{"rendered":"<h2 style=\"text-align: center;\">Tere tulemast DROONIKURSUSELE!<\/h2>\n<p>Mehitamata \u00f5hus\u00f5idukid (UAV) on viimase paari aasta jooksul torpedeeritud maateadustesse. Tohutu potentsiaal ja vabadus, mida nad teadlastele annavad, on iga p\u00e4evaga \u00fcha ilmsem.<\/p>\n<p>UAV-d on l\u00e4hitulevikus iga teadlase \u00fchises \u201ct\u00f6\u00f6riistakastis\u201d olemise \u00e4\u00e4rel. Kuid v\u00e4heste \u00fclikoolide programmis on UAV kursused, mist\u00f5ttu on enamikul meist \u00fcsna raske saada p\u00f5hjalikku tutvustust ja \u00fclevaadet lugematutest erinevatest UAV seadistustest, anduritest ja nendega seotud t\u00f6\u00f6voogudest.<\/p>\n<p>Sellel lehel saad tutvuda droonikursuse \u00f5ppematerjalidega just sulle sobival ajal ja kohas. T\u00e4ieliku kursuse l\u00e4bimiseks ning sertifikaadi v\u00f5i tunnistuse saamiseks tuleb registreeruda Tartu \u00dclikooli vastavale kursusele:<\/p>\n<ul>\n<li>\u00dclikooli tudengid registreeruvad ainele <strong>LTOM.03.034<\/strong> Mehitamata \u00f5hus\u00f5idukite kasutamine maateadustes (3EAP). Mine registreeruma:\u00a0<a title=\"\" href=\"https:\/\/ois2.ut.ee\/#\/courses\" target=\"_blank\" rel=\"noopener\" data-url=\"https:\/\/ois2.ut.ee\/#\/courses\">https:\/\/ois2.ut.ee\/#\/courses<\/a><\/li>\n<li>\u00fclikooli-v\u00e4lised huvilised registreeruvad t\u00e4iend\u00f5ppekursusele <strong>LTOM.TK.013<\/strong>\u00a0Mehitamata \u00f5hus\u00f5idukite kasutamine maateadustes (3EAP):\u00a0<a title=\"\" href=\"https:\/\/ois2.ut.ee\/#\/trainings\" target=\"_blank\" rel=\"noopener\" data-url=\"https:\/\/ois2.ut.ee\/#\/trainings\">https:\/\/ois2.ut.ee\/#\/trainings<\/a><\/li>\n<\/ul>\n<p style=\"text-align: center;\"><img loading=\"lazy\" decoding=\"async\" width=\"561\" height=\"312\" class=\"alignnone wp-image-75\" title=\"image005.png\" src=\"https:\/\/sisu.ut.ee\/wp-content\/uploads\/sites\/621\/image005.png\" alt=\"droon1\" srcset=\"https:\/\/sisu.ut.ee\/wp-content\/uploads\/sites\/621\/image005.png 561w, https:\/\/sisu.ut.ee\/wp-content\/uploads\/sites\/621\/image005-300x167.png 300w\" sizes=\"auto, (max-width: 561px) 100vw, 561px\"><\/p>\n<hr>\n<p style=\"text-align: center;\">Valminud\u00a0<a title=\"\" href=\"https:\/\/harno.ee\/it-akadeemia-programm\" target=\"_blank\" rel=\"noopener\" data-url=\"https:\/\/harno.ee\/it-akadeemia-programm\">Haridus- ja Noorteameti IT-akadeemia programmi<\/a> toel<\/p>\n<p><img loading=\"lazy\" decoding=\"async\" class=\"wp-image-74 aligncenter\" title=\"id-306114.v-2codw.w-1400.png\" src=\"https:\/\/sisu.ut.ee\/wp-content\/uploads\/sites\/621\/id-306114.v-2codw.w-1400.png\" alt=\"Hitsa logo\" width=\"415\" height=\"165\" srcset=\"https:\/\/sisu.ut.ee\/wp-content\/uploads\/sites\/621\/id-306114.v-2codw.w-1400.png 1400w, https:\/\/sisu.ut.ee\/wp-content\/uploads\/sites\/621\/id-306114.v-2codw.w-1400-300x119.png 300w, https:\/\/sisu.ut.ee\/wp-content\/uploads\/sites\/621\/id-306114.v-2codw.w-1400-1024x407.png 1024w, https:\/\/sisu.ut.ee\/wp-content\/uploads\/sites\/621\/id-306114.v-2codw.w-1400-768x305.png 768w\" sizes=\"auto, (max-width: 415px) 100vw, 415px\"><\/p>\n","protected":false},"excerpt":{"rendered":"<p>Tere tulemast DROONIKURSUSELE! Mehitamata \u00f5hus\u00f5idukid (UAV) on viimase paari aasta jooksul torpedeeritud maateadustesse. Tohutu potentsiaal ja vabadus, mida nad teadlastele annavad, on iga p\u00e4evaga \u00fcha ilmsem. UAV-d on l\u00e4hitulevikus iga teadlase \u00fchises \u201ct\u00f6\u00f6riistakastis\u201d olemise \u00e4\u00e4rel. Kuid v\u00e4heste \u00fclikoolide programmis on &#8230;<\/p>\n","protected":false},"author":309,"featured_media":0,"parent":0,"menu_order":0,"comment_status":"closed","ping_status":"closed","template":"","meta":{"_acf_changed":false,"inline_featured_image":false,"footnotes":""},"class_list":["post-44","page","type-page","status-publish","hentry"],"acf":[],"_links":{"self":[{"href":"https:\/\/sisu.ut.ee\/droonikursus\/wp-json\/wp\/v2\/pages\/44","targetHints":{"allow":["GET"]}}],"collection":[{"href":"https:\/\/sisu.ut.ee\/droonikursus\/wp-json\/wp\/v2\/pages"}],"about":[{"href":"https:\/\/sisu.ut.ee\/droonikursus\/wp-json\/wp\/v2\/types\/page"}],"author":[{"embeddable":true,"href":"https:\/\/sisu.ut.ee\/droonikursus\/wp-json\/wp\/v2\/users\/309"}],"replies":[{"embeddable":true,"href":"https:\/\/sisu.ut.ee\/droonikursus\/wp-json\/wp\/v2\/comments?post=44"}],"version-history":[{"count":2,"href":"https:\/\/sisu.ut.ee\/droonikursus\/wp-json\/wp\/v2\/pages\/44\/revisions"}],"predecessor-version":[{"id":251,"href":"https:\/\/sisu.ut.ee\/droonikursus\/wp-json\/wp\/v2\/pages\/44\/revisions\/251"}],"wp:attachment":[{"href":"https:\/\/sisu.ut.ee\/droonikursus\/wp-json\/wp\/v2\/media?parent=44"}],"curies":[{"name":"wp","href":"https:\/\/api.w.org\/{rel}","templated":true}]}}