{"id":32,"date":"2024-04-04T08:36:19","date_gmt":"2024-04-04T05:36:19","guid":{"rendered":"https:\/\/sisu.ut.ee\/droonikursus\/lingikogu\/"},"modified":"2024-04-04T08:36:45","modified_gmt":"2024-04-04T05:36:45","slug":"lingikogu","status":"publish","type":"page","link":"https:\/\/sisu.ut.ee\/droonikursus\/lingikogu\/","title":{"rendered":"Lingikogu"},"content":{"rendered":"<p>\n\t\u00a0\n<\/p>\n<p style=\"margin:0cm;margin-bottom:.0001pt\">\n\t\u00a0\n<\/p>\n<p style=\"margin:0cm;margin-bottom:.0001pt\">\n\t<span style=\"background:white\"><span style=\"vertical-align:baseline\"><span><span style=\",sans-serif\"><span style=\"color:#333333\"><a href=\"https:\/\/transpordiamet.ee\/droonid\" target=\"_blank\" rel=\"noopener\"><span style=\"border:nonewindowtext1.0pt;color:#0074bd;padding:0cm\"><span style=\"text-decoration:none\"><span>Eesti transpordiameti droonilehek\u00fclg<\/span><\/span><\/span><\/a><\/span><\/span><\/span><\/span><\/span>\n<\/p>\n<p style=\"margin:0cm;margin-bottom:.0001pt;text-align:start\">\n\t<span style=\"background:white\"><span style=\"vertical-align:baseline\"><span><span><span><span><span><span><span><span><span><span style=\",sans-serif\"><span style=\"color:#333333\"><a href=\"https:\/\/lois.transpordiamet.ee\/\" style=\"cursor:pointer\" target=\"_blank\" rel=\"noopener\"><span style=\"border:nonewindowtext1.0pt;color:#0074bd;padding:0cm\"><span style=\"text-decoration:none\"><span>Eesti transpordiameti iseteeninduse keskkond LOIS<\/span><\/span><\/span><\/a><\/span><\/span><\/span><\/span><\/span><\/span><\/span><\/span><\/span><\/span><\/span><\/span><\/span>\n<\/p>\n<p style=\"margin:0cm;margin-bottom:.0001pt;text-align:start\">\n\t<span style=\"background:white\"><span style=\"vertical-align:baseline\"><span><span><span><span><span><span><span><span><span><span style=\",sans-serif\"><span style=\"color:#333333\"><a href=\"https:\/\/aim.eans.ee\/droonikaart\/\" style=\"cursor:pointer\" target=\"_blank\" rel=\"noopener\"><span style=\"border:nonewindowtext1.0pt;color:#0074bd;padding:0cm\"><span style=\"text-decoration:none\"><span>Eesti ametlik droonikaart<\/span><\/span><\/span><\/a><\/span><\/span><\/span><\/span><\/span><\/span><\/span><\/span><\/span><\/span><\/span><\/span><\/span>\n<\/p>\n<p style=\"margin:0cm;margin-bottom:.0001pt;text-align:start\">\n\t<span style=\"background:white\"><span style=\"vertical-align:baseline\"><span><span><span><span><span><span><span><span><span><span style=\",sans-serif\"><span style=\"color:#333333\"><a href=\"https:\/\/aim.eans.ee\/et\/notampib\" style=\"cursor:pointer\" target=\"_blank\" rel=\"noopener\"><span style=\"border:nonewindowtext1.0pt;color:#0074bd;padding:0cm\"><span style=\"text-decoration:none\"><span>Eesti NOTAM teated<\/span><\/span><\/span><\/a><\/span><\/span><\/span><\/span><\/span><\/span><\/span><\/span><\/span><\/span><\/span><\/span><\/span>\n<\/p>\n<p style=\"margin-top:12.0pt;margin-right:0cm;margin-bottom:12.0pt;margin-left:0cm;text-align:start\">\n\t\u00a0\n<\/p>\n<p style=\"margin:0cm;margin-bottom:.0001pt;text-align:start\">\n\t<span style=\"background:white\"><span style=\"vertical-align:baseline\"><span><span><span><span><span><span><span><span><span><span style=\",sans-serif\"><span style=\"color:#333333\"><a href=\"https:\/\/www.easa.europa.eu\/en\/domains\/civil-drones\" style=\"cursor:pointer\" target=\"_blank\" rel=\"noopener\"><span style=\"border:nonewindowtext1.0pt;color:#0074bd;padding:0cm\"><span style=\"text-decoration:none\"><span>Euroopa Liidu Lennundusohutusamet (EASA) p\u00f5hjalik droonilehek\u00fclg<\/span><\/span><\/span><\/a><\/span><\/span><\/span><\/span><\/span><\/span><\/span><\/span><\/span><\/span><\/span><\/span><\/span>\n<\/p>\n<p style=\"margin:0cm;margin-bottom:.0001pt;text-align:start\">\n\t<span style=\"background:white\"><span style=\"vertical-align:baseline\"><span><span><span><span><span><span><span><span><span><span style=\",sans-serif\"><span style=\"color:#333333\"><a href=\"https:\/\/dronerules.eu\/\" style=\"cursor:pointer\" target=\"_blank\" rel=\"noopener\"><span style=\"border:nonewindowtext1.0pt;color:#0074bd;padding:0cm\"><span style=\"text-decoration:none\"><span>DroneRules.eu \u2013 \u00f5ppematerjali droonilennutajale, p\u00f5hiliselt privaatsusega seotud<\/span><\/span><\/span><\/a><\/span><\/span><\/span><\/span><\/span><\/span><\/span><\/span><\/span><\/span><\/span><\/span><\/span>\n<\/p>\n<p style=\"margin-top:12.0pt;margin-right:0cm;margin-bottom:12.0pt;margin-left:0cm;text-align:start\">\n\t\u00a0\n<\/p>\n<p style=\"margin:0cm;margin-bottom:.0001pt;text-align:start\">\n\t<span style=\"background:white\"><span style=\"vertical-align:baseline\"><span><span><span><span><span><span><span><span><span><span style=\",sans-serif\"><span style=\"color:#333333\"><a href=\"https:\/\/ardupilot.org\/planner\/\" style=\"cursor:pointer\" target=\"_blank\" rel=\"noopener\"><span style=\"border:nonewindowtext1.0pt;color:#0074bd;padding:0cm\"><span style=\"text-decoration:none\"><span>ArduPilot Mission Planner \u2013 vabvaraline lennuplaneerija ja -simulaator droonidele<\/span><\/span><\/span><\/a><\/span><\/span><\/span><\/span><\/span><\/span><\/span><\/span><\/span><\/span><\/span><\/span><\/span>\n<\/p>\n<p style=\"margin:0cm;margin-bottom:.0001pt;text-align:start\">\n\t<span style=\"background:white\"><span style=\"vertical-align:baseline\"><span><span><span><span><span><span><span><span><span><span style=\",sans-serif\"><span style=\"color:#333333\"><a href=\"https:\/\/all3dp.com\/1\/best-photogrammetry-software\/\" style=\"cursor:pointer\" target=\"_blank\" rel=\"noopener\"><span style=\"border:nonewindowtext1.0pt;color:#0074bd;padding:0cm\"><span style=\"text-decoration:none\"><span>Fotogramm-meetria tarkvara loetelu, sh vabavara<\/span><\/span><\/span><\/a><\/span><\/span><\/span><\/span><\/span><\/span><\/span><\/span><\/span><\/span><\/span><\/span><\/span>\n<\/p>\n<p style=\"margin:0cm;margin-bottom:.0001pt;text-align:start\">\n\t<span style=\"background:white\"><span style=\"vertical-align:baseline\"><span><span><span><span><span><span><span><span><span><span style=\",sans-serif\"><span style=\"color:#333333\"><a href=\"https:\/\/www.danielgm.net\/cc\/\" style=\"cursor:pointer\" target=\"_blank\" rel=\"noopener\"><span style=\"border:nonewindowtext1.0pt;color:#0074bd;padding:0cm\"><span style=\"text-decoration:none\"><span>CloudCompare \u2013 vabavaraline punktipilvede t\u00f6\u00f6tlemise tarkvara<\/span><\/span><\/span><\/a><\/span><\/span><\/span><\/span><\/span><\/span><\/span><\/span><\/span><\/span><\/span><\/span><\/span>\n<\/p>\n<p style=\"margin:0cm;margin-bottom:.0001pt;text-align:start\">\n\t<span style=\"background:white\"><span style=\"vertical-align:baseline\"><span><span><span><span><span><span><span><span><span><span style=\",sans-serif\"><span style=\"color:#333333\"><a href=\"https:\/\/www.meshlab.net\/\" style=\"cursor:pointer\" target=\"_blank\" rel=\"noopener\"><span style=\"border:nonewindowtext1.0pt;color:#0074bd;padding:0cm\"><span style=\"text-decoration:none\"><span>Meshlab \u2013 vabavaraline pindade (mesh) t\u00f6\u00f6tlemise tarkvara<\/span><\/span><\/span><\/a><\/span><\/span><\/span><\/span><\/span><\/span><\/span><\/span><\/span><\/span><\/span><\/span><\/span>\n<\/p>\n<p style=\"margin:0cm;margin-bottom:.0001pt;text-align:start\">\n\t<span style=\"background:white\"><span style=\"vertical-align:baseline\"><span><span><span><span><span><span><span><span><span><span style=\",sans-serif\"><span style=\"color:#333333\"><a href=\"https:\/\/www.blender.org\/\" style=\"cursor:pointer\" target=\"_blank\" rel=\"noopener\"><span style=\"border:nonewindowtext1.0pt;color:#0074bd;padding:0cm\"><span style=\"text-decoration:none\"><span>Blender \u2013 vabavaraline 3D modelleerimise tarkvara, sisaldab ka GIS moodulit<\/span><\/span><\/span><\/a><\/span><\/span><\/span><\/span><\/span><\/span><\/span><\/span><\/span><\/span><\/span><\/span><\/span>\n<\/p>\n<p style=\"margin:0cm;margin-bottom:.0001pt;text-align:start\">\n\t<span style=\"background:white\"><span style=\"vertical-align:baseline\"><span><span><span><span><span><span><span><span><span><span style=\",sans-serif\"><span style=\"color:#333333\"><a href=\"https:\/\/qgis.org\/en\/site\/\" style=\"cursor:pointer\" target=\"_blank\" rel=\"noopener\"><span style=\"border:nonewindowtext1.0pt;color:#0074bd;padding:0cm\"><span style=\"text-decoration:none\"><span>QGIS \u2013 vabavaraline v\u00f5imas GIS tarkvara<\/span><\/span><\/span><\/a><\/span><\/span><\/span><\/span><\/span><\/span><\/span><\/span><\/span><\/span><\/span><\/span><\/span>\n<\/p>\n<p style=\"margin-top:12.0pt;margin-right:0cm;margin-bottom:12.0pt;margin-left:0cm;text-align:start\">\n\t\u00a0\n<\/p>\n<p style=\"margin:0cm;margin-bottom:.0001pt;text-align:start\">\n\t<span style=\"background:white\"><span style=\"vertical-align:baseline\"><span><span><span><span><span><span><span><span><span><span style=\",sans-serif\"><span style=\"color:#333333\"><a href=\"https:\/\/www.mdpi.com\/journal\/drones\" style=\"cursor:pointer\" target=\"_blank\" rel=\"noopener\"><span style=\"border:nonewindowtext1.0pt;color:#0074bd;padding:0cm\"><span style=\"text-decoration:none\"><span>Drones \u2013 vaba juurdep\u00e4\u00e4suga droonidele p\u00fchendunud teadusajakiri<\/span><\/span><\/span><\/a><\/span><\/span><\/span><\/span><\/span><\/span><\/span><\/span><\/span><\/span><\/span><\/span><\/span>\n<\/p>\n<p>\n\t\u00a0<\/p>\n","protected":false},"excerpt":{"rendered":"<p>\u00a0 \u00a0 Eesti transpordiameti droonilehek\u00fclg Eesti transpordiameti iseteeninduse keskkond LOIS Eesti ametlik droonikaart Eesti NOTAM teated \u00a0 Euroopa Liidu Lennundusohutusamet (EASA) p\u00f5hjalik droonilehek\u00fclg DroneRules.eu \u2013 \u00f5ppematerjali droonilennutajale, p\u00f5hiliselt privaatsusega seotud \u00a0 ArduPilot Mission Planner \u2013 vabvaraline lennuplaneerija ja -simulaator droonidele &#8230;<\/p>\n","protected":false},"author":309,"featured_media":0,"parent":0,"menu_order":0,"comment_status":"closed","ping_status":"closed","template":"","meta":{"_acf_changed":false,"inline_featured_image":false,"footnotes":""},"class_list":["post-32","page","type-page","status-publish","hentry"],"acf":[],"_links":{"self":[{"href":"https:\/\/sisu.ut.ee\/droonikursus\/wp-json\/wp\/v2\/pages\/32","targetHints":{"allow":["GET"]}}],"collection":[{"href":"https:\/\/sisu.ut.ee\/droonikursus\/wp-json\/wp\/v2\/pages"}],"about":[{"href":"https:\/\/sisu.ut.ee\/droonikursus\/wp-json\/wp\/v2\/types\/page"}],"author":[{"embeddable":true,"href":"https:\/\/sisu.ut.ee\/droonikursus\/wp-json\/wp\/v2\/users\/309"}],"replies":[{"embeddable":true,"href":"https:\/\/sisu.ut.ee\/droonikursus\/wp-json\/wp\/v2\/comments?post=32"}],"version-history":[{"count":1,"href":"https:\/\/sisu.ut.ee\/droonikursus\/wp-json\/wp\/v2\/pages\/32\/revisions"}],"predecessor-version":[{"id":171,"href":"https:\/\/sisu.ut.ee\/droonikursus\/wp-json\/wp\/v2\/pages\/32\/revisions\/171"}],"wp:attachment":[{"href":"https:\/\/sisu.ut.ee\/droonikursus\/wp-json\/wp\/v2\/media?parent=32"}],"curies":[{"name":"wp","href":"https:\/\/api.w.org\/{rel}","templated":true}]}}