{"id":29,"date":"2024-04-04T08:36:18","date_gmt":"2024-04-04T05:36:18","guid":{"rendered":"https:\/\/sisu.ut.ee\/droonikursus\/oppematerjalid\/"},"modified":"2024-04-04T08:36:45","modified_gmt":"2024-04-04T05:36:45","slug":"oppematerjalid","status":"publish","type":"page","link":"https:\/\/sisu.ut.ee\/droonikursus\/oppematerjalid\/","title":{"rendered":"\u00d5ppematerjalid"},"content":{"rendered":"<h2 style=\"text-align: center\">\n\t\u00a0<br>\n<\/h2>\n<p>\n\tOled maandunud \u00f5ppevideote ja loengumaterjalide lehele. Vali vasakul olevast men\u00fc\u00fcst sind huvitav loeng. Loengute juurde kuuluvad videoloeng ning PDF-\u00f5ppematerjal. Videoloengutes v\u00f5ivad esineda vahek\u00fcsimused \u2013 nendele tuleb kindlasti vastata, et saaks loengut edasi vaadata ja kuulata. Kui sinu arvates on loengutes midagi puudu v\u00f5i sa soovid rohkemat ja p\u00f5hjalikumat infot mingi teema kohta, siis v\u00f5ta meiega \u00fchendust <a data-url=\"https:\/\/sisu.ut.ee\/droonikursus\/webform\/kontakt\" href=\"https:\/\/sisu.ut.ee\/droonikursus\/webform\/kontakt\" target=\"_blank\" title=\"\" rel=\"noopener\">kontaktilehel<\/a> v\u00f5i kirjuta meile <a data-url=\"https:\/\/sisu.ut.ee\/droonikursus\/webform\/tagasiside\" href=\"https:\/\/sisu.ut.ee\/droonikursus\/webform\/tagasiside\" target=\"_blank\" title=\"\" rel=\"noopener\">tagasiside<\/a>.\u00a0\n<\/p>\n<p>\n\tHead \u00f5ppimist!\n<\/p>\n<p style=\"text-align: center\">\n\t<img loading=\"lazy\" decoding=\"async\" width=\"562\" height=\"375\" class=\"alignnone wp-image-69\" src=\"https:\/\/sisu.ut.ee\/wp-content\/uploads\/sites\/621\/image001.jpg\" title=\"image001.jpg\" alt=\"droon2\" srcset=\"https:\/\/sisu.ut.ee\/wp-content\/uploads\/sites\/621\/image001.jpg 562w, https:\/\/sisu.ut.ee\/wp-content\/uploads\/sites\/621\/image001-300x200.jpg 300w\" sizes=\"auto, (max-width: 562px) 100vw, 562px\"><\/p>\n","protected":false},"excerpt":{"rendered":"<p>\u00a0 Oled maandunud \u00f5ppevideote ja loengumaterjalide lehele. Vali vasakul olevast men\u00fc\u00fcst sind huvitav loeng. Loengute juurde kuuluvad videoloeng ning PDF-\u00f5ppematerjal. Videoloengutes v\u00f5ivad esineda vahek\u00fcsimused \u2013 nendele tuleb kindlasti vastata, et saaks loengut edasi vaadata ja kuulata. Kui sinu arvates on &#8230;<\/p>\n","protected":false},"author":309,"featured_media":0,"parent":0,"menu_order":0,"comment_status":"closed","ping_status":"closed","template":"","meta":{"_acf_changed":false,"inline_featured_image":false,"footnotes":""},"class_list":["post-29","page","type-page","status-publish","hentry"],"acf":[],"_links":{"self":[{"href":"https:\/\/sisu.ut.ee\/droonikursus\/wp-json\/wp\/v2\/pages\/29","targetHints":{"allow":["GET"]}}],"collection":[{"href":"https:\/\/sisu.ut.ee\/droonikursus\/wp-json\/wp\/v2\/pages"}],"about":[{"href":"https:\/\/sisu.ut.ee\/droonikursus\/wp-json\/wp\/v2\/types\/page"}],"author":[{"embeddable":true,"href":"https:\/\/sisu.ut.ee\/droonikursus\/wp-json\/wp\/v2\/users\/309"}],"replies":[{"embeddable":true,"href":"https:\/\/sisu.ut.ee\/droonikursus\/wp-json\/wp\/v2\/comments?post=29"}],"version-history":[{"count":1,"href":"https:\/\/sisu.ut.ee\/droonikursus\/wp-json\/wp\/v2\/pages\/29\/revisions"}],"predecessor-version":[{"id":186,"href":"https:\/\/sisu.ut.ee\/droonikursus\/wp-json\/wp\/v2\/pages\/29\/revisions\/186"}],"wp:attachment":[{"href":"https:\/\/sisu.ut.ee\/droonikursus\/wp-json\/wp\/v2\/media?parent=29"}],"curies":[{"name":"wp","href":"https:\/\/api.w.org\/{rel}","templated":true}]}}