{"id":27,"date":"2024-04-04T08:36:18","date_gmt":"2024-04-04T05:36:18","guid":{"rendered":"https:\/\/sisu.ut.ee\/droonikursus\/tutvustus\/"},"modified":"2024-04-04T08:36:45","modified_gmt":"2024-04-04T05:36:45","slug":"tutvustus","status":"publish","type":"page","link":"https:\/\/sisu.ut.ee\/droonikursus\/tutvustus\/","title":{"rendered":"Tutvustus"},"content":{"rendered":"<h2>\n\tKursuse eesm\u00e4rk<br>\n<\/h2>\n<p>\n\tKursuse l\u00e4bija saab \u00fclevaate mehitamata s\u00f5idukite kasutamisest maateadustes. Tutvustatakse enamlevinud platvorme ning sensoreid, mida neil s\u00f5idukitel kasutatakse maateaduslike uuringute tegemiseks. Kursuse osaks on ka seadusandlike piirangute selgitamine mehitamata s\u00f5idukite k\u00e4itlemisel, uuringute planeerimine ning kogutud andmete esmase anal\u00fc\u00fcsi jaoks kasutatava tarkvara ja metoodika tutvustus. Kursuse l\u00e4bija on v\u00f5imeline iseseisvalt planeerima mehitamata s\u00f5idukite kasutamist erinevate maateaduslike probleemide lahendamiseks.\n<\/p>\n<h2>\n\tKursuse l\u00fchikirjeldus<br>\n<\/h2>\n<p>\n\tT\u00e4iend\u00f5ppeprogrammi l\u00e4bija on kursis mehitamata \u00f5hus\u00f5idukite ja nendne kasutamist reguleerivate regulatsioonide. Tutvutakse enamlevinud sensoritega nagu erinevad kaamerad, lasersk\u00e4nner e lidar ja geof\u00fc\u00fcsikalised m\u00f5\u00f5teriistad. Kursuse jooksul k\u00e4sitletakse mehitamat \u00f5hus\u00f5idukite praktilist kasutamist loodusteadustes ning l\u00e4hedastest valdkondades. Selleks tutvustatakse kogu t\u00f6\u00f6voogu alates lennuplaneerimisest kuni esmase andmeanal\u00fc\u00fcsini. T\u00e4iend\u00f5ppeprogrammi l\u00e4bija oskab planeerida droonide ning nendega seotud sensorite kasutamist erinevates valdkondades ning mitmesuguste \u00fclesannete t\u00e4itmisel.\n<\/p>\n<h2>\n\t\u00d5piv\u00e4ljundid<br>\n<\/h2>\n<p>\n\tKursuse edukalt l\u00e4binud osaleja oskab ja teab j\u00e4rgnevat:\u00a0\n<\/p>\n<p>\n\t\u2013 tunneb mehitamata \u00f5hus\u00f5idukite ehk droonide t\u00fc\u00fcpe ja t\u00f6\u00f6p\u00f5him\u00f5tteid\n<\/p>\n<p>\n\t\u2013 omab \u00fclevaadet tavap\u00e4rastest droonidel kasutatavatest sensoritest\n<\/p>\n<p>\n\t\u2013 omab \u00fclevaadet valdkonda reguleerivatest \u00f5igusaktidest ja muudest regulatsioonidest\n<\/p>\n<p>\n\t\u2013 oskab planeerida droonidega l\u00e4biviidavaid uuringuid\n<\/p>\n<p>\n\t\u2013 m\u00f5istab kuidas planeerida\u00a0droonidega seotud andmete haldust ja esmast anal\u00fc\u00fcsi\u00a0\n<\/p>\n<hr>\n<p>\n\tKui soovid kursuse l\u00e4bimise kohta diplomit v\u00f5i sertifikaati, siis tuleb l\u00e4bida ametlik t\u00e4iendkursus\/\u00f5ppeaine Tartu \u00dclikoolis. Selleks tuleb registreeruda Tartu \u00dclikooli \u00f5ppeinfos\u00fcsteemis vastavale kursusele:\n<\/p>\n<ul>\n<li>\n\t\t\u00dclikooli tudengid registreeruvad ainele <strong>LTOM.03.034<\/strong> Mehitamata \u00f5hus\u00f5idukite kasutamine maateadustes (3EAP). Mine registreeruma:\u00a0<a data-url=\"https:\/\/ois2.ut.ee\/#\/courses\" href=\"https:\/\/ois2.ut.ee\/#\/courses\" target=\"_blank\" title=\"\" rel=\"noopener\">https:\/\/ois2.ut.ee\/#\/courses<\/a>\n\t<\/li>\n<li>\n\t\t\u00fclikooli-v\u00e4lised huvilised registreeruvad t\u00e4iend\u00f5ppekursusele <strong>LTOM.TK.013<\/strong>\u00a0Mehitamata \u00f5hus\u00f5idukite kasutamine maateadustes (3EAP):\u00a0<a data-url=\"https:\/\/ois2.ut.ee\/#\/trainings\" href=\"https:\/\/ois2.ut.ee\/#\/trainings\" target=\"_blank\" title=\"\" rel=\"noopener\">https:\/\/ois2.ut.ee\/#\/trainings<\/a>\n\t<\/li>\n<\/ul>\n<p style=\"text-align: center\">\n\t<img loading=\"lazy\" decoding=\"async\" width=\"562\" height=\"423\" class=\"alignnone wp-image-68\" src=\"https:\/\/sisu.ut.ee\/wp-content\/uploads\/sites\/621\/image002.jpg\" title=\"image002.jpg\" alt=\"Mees drooniga\" srcset=\"https:\/\/sisu.ut.ee\/wp-content\/uploads\/sites\/621\/image002.jpg 562w, https:\/\/sisu.ut.ee\/wp-content\/uploads\/sites\/621\/image002-300x226.jpg 300w\" sizes=\"auto, (max-width: 562px) 100vw, 562px\"><\/p>\n","protected":false},"excerpt":{"rendered":"<p>Kursuse eesm\u00e4rk Kursuse l\u00e4bija saab \u00fclevaate mehitamata s\u00f5idukite kasutamisest maateadustes. Tutvustatakse enamlevinud platvorme ning sensoreid, mida neil s\u00f5idukitel kasutatakse maateaduslike uuringute tegemiseks. Kursuse osaks on ka seadusandlike piirangute selgitamine mehitamata s\u00f5idukite k\u00e4itlemisel, uuringute planeerimine ning kogutud andmete esmase anal\u00fc\u00fcsi jaoks &#8230;<\/p>\n","protected":false},"author":309,"featured_media":0,"parent":0,"menu_order":0,"comment_status":"closed","ping_status":"closed","template":"","meta":{"_acf_changed":false,"inline_featured_image":false,"footnotes":""},"class_list":["post-27","page","type-page","status-publish","hentry"],"acf":[],"_links":{"self":[{"href":"https:\/\/sisu.ut.ee\/droonikursus\/wp-json\/wp\/v2\/pages\/27","targetHints":{"allow":["GET"]}}],"collection":[{"href":"https:\/\/sisu.ut.ee\/droonikursus\/wp-json\/wp\/v2\/pages"}],"about":[{"href":"https:\/\/sisu.ut.ee\/droonikursus\/wp-json\/wp\/v2\/types\/page"}],"author":[{"embeddable":true,"href":"https:\/\/sisu.ut.ee\/droonikursus\/wp-json\/wp\/v2\/users\/309"}],"replies":[{"embeddable":true,"href":"https:\/\/sisu.ut.ee\/droonikursus\/wp-json\/wp\/v2\/comments?post=27"}],"version-history":[{"count":1,"href":"https:\/\/sisu.ut.ee\/droonikursus\/wp-json\/wp\/v2\/pages\/27\/revisions"}],"predecessor-version":[{"id":184,"href":"https:\/\/sisu.ut.ee\/droonikursus\/wp-json\/wp\/v2\/pages\/27\/revisions\/184"}],"wp:attachment":[{"href":"https:\/\/sisu.ut.ee\/droonikursus\/wp-json\/wp\/v2\/media?parent=27"}],"curies":[{"name":"wp","href":"https:\/\/api.w.org\/{rel}","templated":true}]}}