{"id":4,"date":"2024-04-04T02:01:10","date_gmt":"2024-04-03T23:01:10","guid":{"rendered":"https:\/\/sisu.ut.ee\/dmponline\/andmehaldusplaani-eksportimine\/"},"modified":"2024-04-04T02:01:14","modified_gmt":"2024-04-03T23:01:14","slug":"andmehaldusplaani-eksportimine","status":"publish","type":"page","link":"https:\/\/sisu.ut.ee\/dmponline\/andmehaldusplaani-eksportimine\/","title":{"rendered":"Andmehaldusplaani eksportimine"},"content":{"rendered":"<p><!--break-->Kui andmehaldusplaan on vaja esitada paberil n\u00e4iteks grandi taotlemisel, tuleb see t\u00f6\u00f6keskkonnast eksportida<\/p>\n<p>Andmehaldusplaani on v\u00f5imalik alla laadida paljudes formaatides: pdf, csv, html, json, text, xml, docx.<\/p>\n","protected":false},"excerpt":{"rendered":"<p>Kui andmehaldusplaan on vaja esitada paberil n\u00e4iteks grandi taotlemisel, tuleb see t\u00f6\u00f6keskkonnast eksportida Andmehaldusplaani on v\u00f5imalik alla laadida paljudes formaatides: pdf, csv, html, json, text, xml, docx.<\/p>\n","protected":false},"author":78,"featured_media":0,"parent":0,"menu_order":0,"comment_status":"closed","ping_status":"closed","template":"","meta":{"_acf_changed":false,"inline_featured_image":false,"footnotes":""},"class_list":["post-4","page","type-page","status-publish","hentry"],"acf":[],"_links":{"self":[{"href":"https:\/\/sisu.ut.ee\/dmponline\/wp-json\/wp\/v2\/pages\/4","targetHints":{"allow":["GET"]}}],"collection":[{"href":"https:\/\/sisu.ut.ee\/dmponline\/wp-json\/wp\/v2\/pages"}],"about":[{"href":"https:\/\/sisu.ut.ee\/dmponline\/wp-json\/wp\/v2\/types\/page"}],"author":[{"embeddable":true,"href":"https:\/\/sisu.ut.ee\/dmponline\/wp-json\/wp\/v2\/users\/78"}],"replies":[{"embeddable":true,"href":"https:\/\/sisu.ut.ee\/dmponline\/wp-json\/wp\/v2\/comments?post=4"}],"version-history":[{"count":1,"href":"https:\/\/sisu.ut.ee\/dmponline\/wp-json\/wp\/v2\/pages\/4\/revisions"}],"predecessor-version":[{"id":28,"href":"https:\/\/sisu.ut.ee\/dmponline\/wp-json\/wp\/v2\/pages\/4\/revisions\/28"}],"wp:attachment":[{"href":"https:\/\/sisu.ut.ee\/dmponline\/wp-json\/wp\/v2\/media?parent=4"}],"curies":[{"name":"wp","href":"https:\/\/api.w.org\/{rel}","templated":true}]}}