{"id":11,"date":"2024-04-04T02:01:10","date_gmt":"2024-04-03T23:01:10","guid":{"rendered":"https:\/\/sisu.ut.ee\/dmponline\/avaleht\/"},"modified":"2024-04-15T21:20:34","modified_gmt":"2024-04-15T18:20:34","slug":"avaleht","status":"publish","type":"page","link":"https:\/\/sisu.ut.ee\/dmponline\/","title":{"rendered":"Andmehaldusplaan"},"content":{"rendered":"<h3>Andmehaldusplaan<em> (Data Management Plan, DMP)<\/em><\/h3>\n<p><!--break-->Andmehaldusplaan on dokument, mis n\u00e4itab, kuidas teadlane k\u00e4ib \u00fcmber oma uurimisandmetega kogu teadust\u00f6\u00f6 v\u00e4ltel ja p\u00e4rast selle l\u00f5ppemist.\u00a0<\/p>\n<p>Andmehaldusplaani koostamine enne projektiga alustamist, selle jooksev t\u00e4iendamine ning j\u00e4rgimine on kaasajal iseenesestm\u00f5istetav teadust\u00f6\u00f6 hea tava.\u00a0<\/p>\n<p>Ehkki andmehaldusplaani loomine on aja- ja t\u00f6\u00f6mahukas ning n\u00f5uab v\u00e4ga paljude aspektide l\u00e4bim\u00f5tlemist enne t\u00f6\u00f6ga alustamist (vt. kontrollnimekiri), hoiab selle j\u00e4rgimine hiljem kokku aega ja raha, v\u00e4ldib andmete kadu ning v\u00f5imaldab andmete pikaajalist s\u00e4ilitamist ja taaskasutust.\u00a0<\/p>\n<p>Suurbritannias asuv\u00a0<em><a href=\"http:\/\/www.dcc.ac.uk\/\" target=\"_blank\" rel=\"noopener\">Digital Curation Centre (DCC)<\/a> \u00a0<\/em>on v\u00e4lja t\u00f6\u00f6tanud vabavaral p\u00f5hineva abivahendi <a href=\"https:\/\/dmponline.dcc.ac.uk\/\" target=\"_blank\" rel=\"noopener\">DMPonline<\/a> andmehaldusplaanide loomiseks.\u00a0<\/p>\n<p>Eestis ei ole praegu teadust\u00f6\u00f6 rahastajat, kes n\u00f5uaks andmehaldusplaanide esitamist uurimistoetuse saamiseks, kuid vastavad n\u00f5udmised on koostamisel.\u00a0<\/p>\n<p>Andmehaldusplaani esitamine on kohustuslik nendele, kes osalevad Horisont 2020 pilootprojektis.<\/p>\n<p><a href=\"https:\/\/utlib.ut.ee\/horisont-2020-andmehalduse-juhend\" target=\"_blank\" rel=\"noopener\">Horisont 2020 andmehalduse juhend vers. 2.0<\/a><a href=\"https:\/\/utlib.ut.ee\/horisont-2020-andmehalduse-juhend\" target=\"_blank\" data-url=\"https:\/\/utlib.ut.ee\/horisont-2020-andmehalduse-juhend\" rel=\"noopener\"><\/a><a href=\"https:\/\/utlib.ut.ee\/horisont-2020-andmehalduse-juhend\" target=\"_blank\" rel=\"noopener\"><\/a><\/p>\n<p><a href=\"https:\/\/utlib.ut.ee\/horisont-2020-andmehalduse-juhend-21\" target=\"_blank\" rel=\"noopener\">Horisont 2020 andmehalduse juhend vers. 2.1<\/a><\/p>\n<p><\/p>\n\n\n<div class=\"wp-block-group attached-files-group is-layout-constrained wp-block-group-is-layout-constrained\">\n<div class=\"wp-block-file\"><a id=\"wp-block-file--media-880da284-bc09-49da-a6fb-e9fa15d02449\" href=\"https:\/\/sisu.ut.ee\/wp-content\/uploads\/sites\/159\/dmp_kontrollnimekiri.pdf\" target=\"_blank\" rel=\"noreferrer noopener\">dmp_kontrollnimekiri.pdf<\/a><\/div>\n<\/div>\n","protected":false},"excerpt":{"rendered":"<p>Andmehaldusplaan (Data Management Plan, DMP) Andmehaldusplaan on dokument, mis n\u00e4itab, kuidas teadlane k\u00e4ib \u00fcmber oma uurimisandmetega kogu teadust\u00f6\u00f6 v\u00e4ltel ja p\u00e4rast selle l\u00f5ppemist.\u00a0 Andmehaldusplaani koostamine enne projektiga alustamist, selle jooksev t\u00e4iendamine ning j\u00e4rgimine on kaasajal iseenesestm\u00f5istetav teadust\u00f6\u00f6 hea tava.\u00a0 Ehkki &#8230;<\/p>\n","protected":false},"author":78,"featured_media":0,"parent":0,"menu_order":0,"comment_status":"closed","ping_status":"closed","template":"","meta":{"_acf_changed":false,"inline_featured_image":false,"footnotes":""},"class_list":["post-11","page","type-page","status-publish","hentry"],"acf":[],"_links":{"self":[{"href":"https:\/\/sisu.ut.ee\/dmponline\/wp-json\/wp\/v2\/pages\/11","targetHints":{"allow":["GET"]}}],"collection":[{"href":"https:\/\/sisu.ut.ee\/dmponline\/wp-json\/wp\/v2\/pages"}],"about":[{"href":"https:\/\/sisu.ut.ee\/dmponline\/wp-json\/wp\/v2\/types\/page"}],"author":[{"embeddable":true,"href":"https:\/\/sisu.ut.ee\/dmponline\/wp-json\/wp\/v2\/users\/78"}],"replies":[{"embeddable":true,"href":"https:\/\/sisu.ut.ee\/dmponline\/wp-json\/wp\/v2\/comments?post=11"}],"version-history":[{"count":3,"href":"https:\/\/sisu.ut.ee\/dmponline\/wp-json\/wp\/v2\/pages\/11\/revisions"}],"predecessor-version":[{"id":40,"href":"https:\/\/sisu.ut.ee\/dmponline\/wp-json\/wp\/v2\/pages\/11\/revisions\/40"}],"wp:attachment":[{"href":"https:\/\/sisu.ut.ee\/dmponline\/wp-json\/wp\/v2\/media?parent=11"}],"curies":[{"name":"wp","href":"https:\/\/api.w.org\/{rel}","templated":true}]}}