{"id":10,"date":"2024-04-04T02:01:10","date_gmt":"2024-04-03T23:01:10","guid":{"rendered":"https:\/\/sisu.ut.ee\/dmponline\/andmehaldusplaani-loomine\/"},"modified":"2024-04-04T02:01:14","modified_gmt":"2024-04-03T23:01:14","slug":"andmehaldusplaani-loomine","status":"publish","type":"page","link":"https:\/\/sisu.ut.ee\/dmponline\/andmehaldusplaani-loomine\/","title":{"rendered":"Andmehaldusplaani loomine"},"content":{"rendered":"<p><img loading=\"lazy\" decoding=\"async\" width=\"898\" height=\"388\" class=\"alignnone wp-image-14\" src=\"https:\/\/sisu.ut.ee\/wp-content\/uploads\/sites\/159\/hoiva1.png\" title=\"hoiva1.png\" alt=\"hoiva1.png\" srcset=\"https:\/\/sisu.ut.ee\/wp-content\/uploads\/sites\/159\/hoiva1.png 898w, https:\/\/sisu.ut.ee\/wp-content\/uploads\/sites\/159\/hoiva1-300x130.png 300w, https:\/\/sisu.ut.ee\/wp-content\/uploads\/sites\/159\/hoiva1-768x332.png 768w\" sizes=\"auto, (max-width: 898px) 100vw, 898px\"><\/p>\n<p>Esmakordsel sisselogimisel avaneb juuresolev pilt ning saabki alustada oma esimese andmehaldusplaani loomist.<\/p>\n<p>Kui andmehaldusplaan koostatakse m\u00f5ne nimekirjas oleva rahastaja n\u00f5udel (n\u00e4iteks Horisont 2020 raamprogramm), tuleks see valida rippmen\u00fc\u00fcst, v\u00f5i siis koostada ise vastavalt oma rahastaja n\u00f5udmisele.\u00a0<\/p>\n<p>Igal juhul sobib andmehaldusplaani koostamiseks k\u00f5ige \u00fcldisem mall <em>generic DMP,\u00a0<\/em>mille kohta k\u00e4ivad ka j\u00e4rgnevad selgitused.<\/p>\n<p><em><img loading=\"lazy\" decoding=\"async\" width=\"920\" height=\"443\" class=\"alignnone wp-image-15\" src=\"https:\/\/sisu.ut.ee\/wp-content\/uploads\/sites\/159\/uusplaan.png\" title=\"uusplaan.png\" alt=\"uusplaan.png\" srcset=\"https:\/\/sisu.ut.ee\/wp-content\/uploads\/sites\/159\/uusplaan.png 920w, https:\/\/sisu.ut.ee\/wp-content\/uploads\/sites\/159\/uusplaan-300x144.png 300w, https:\/\/sisu.ut.ee\/wp-content\/uploads\/sites\/159\/uusplaan-768x370.png 768w\" sizes=\"auto, (max-width: 920px) 100vw, 920px\"><\/em><\/p>\n<p>Niisiis, valides <strong><em>select here to write a generic<\/em><\/strong><em> DMP<\/em>, on juhendmaterjaliks ingliskeelne<a href=\"http:\/\/www.dcc.ac.uk\/sites\/default\/files\/documents\/resource\/DMP_Checklist_2013.pdf\" target=\"_blank\" rel=\"noopener\"> DMP Checklist<\/a>\u00a0ning saate alustada lahtrite t\u00e4itmist vastates k\u00fcsimustele k\u00f5ikides olulistes valdkondades:<\/p>\n<p><img loading=\"lazy\" decoding=\"async\" width=\"1001\" height=\"587\" class=\"alignnone wp-image-16\" src=\"https:\/\/sisu.ut.ee\/wp-content\/uploads\/sites\/159\/dmpgeneric.png\" title=\"dmpgeneric.png\" alt=\"dmpgeneric.png\" srcset=\"https:\/\/sisu.ut.ee\/wp-content\/uploads\/sites\/159\/dmpgeneric.png 1001w, https:\/\/sisu.ut.ee\/wp-content\/uploads\/sites\/159\/dmpgeneric-300x176.png 300w, https:\/\/sisu.ut.ee\/wp-content\/uploads\/sites\/159\/dmpgeneric-768x450.png 768w\" sizes=\"auto, (max-width: 1001px) 100vw, 1001px\"><\/p>\n<p>N\u00e4iteks k\u00fcsimused andmete kogumise kohta, millele v\u00f5ib vabas vormis vastata.<\/p>\n<p><img loading=\"lazy\" decoding=\"async\" width=\"979\" height=\"626\" class=\"alignnone wp-image-17\" src=\"https:\/\/sisu.ut.ee\/wp-content\/uploads\/sites\/159\/dmpdata_collecting.png\" title=\"dmpdata_collecting.png\" alt=\"dmpdata_collecting.png\" srcset=\"https:\/\/sisu.ut.ee\/wp-content\/uploads\/sites\/159\/dmpdata_collecting.png 979w, https:\/\/sisu.ut.ee\/wp-content\/uploads\/sites\/159\/dmpdata_collecting-300x192.png 300w, https:\/\/sisu.ut.ee\/wp-content\/uploads\/sites\/159\/dmpdata_collecting-768x491.png 768w\" sizes=\"auto, (max-width: 979px) 100vw, 979px\"><\/p>\n","protected":false},"excerpt":{"rendered":"<p>Esmakordsel sisselogimisel avaneb juuresolev pilt ning saabki alustada oma esimese andmehaldusplaani loomist. Kui andmehaldusplaan koostatakse m\u00f5ne nimekirjas oleva rahastaja n\u00f5udel (n\u00e4iteks Horisont 2020 raamprogramm), tuleks see valida rippmen\u00fc\u00fcst, v\u00f5i siis koostada ise vastavalt oma rahastaja n\u00f5udmisele.\u00a0 Igal juhul sobib andmehaldusplaani &#8230;<\/p>\n","protected":false},"author":78,"featured_media":0,"parent":0,"menu_order":0,"comment_status":"closed","ping_status":"closed","template":"","meta":{"_acf_changed":false,"inline_featured_image":false,"footnotes":""},"class_list":["post-10","page","type-page","status-publish","hentry"],"acf":[],"_links":{"self":[{"href":"https:\/\/sisu.ut.ee\/dmponline\/wp-json\/wp\/v2\/pages\/10","targetHints":{"allow":["GET"]}}],"collection":[{"href":"https:\/\/sisu.ut.ee\/dmponline\/wp-json\/wp\/v2\/pages"}],"about":[{"href":"https:\/\/sisu.ut.ee\/dmponline\/wp-json\/wp\/v2\/types\/page"}],"author":[{"embeddable":true,"href":"https:\/\/sisu.ut.ee\/dmponline\/wp-json\/wp\/v2\/users\/78"}],"replies":[{"embeddable":true,"href":"https:\/\/sisu.ut.ee\/dmponline\/wp-json\/wp\/v2\/comments?post=10"}],"version-history":[{"count":1,"href":"https:\/\/sisu.ut.ee\/dmponline\/wp-json\/wp\/v2\/pages\/10\/revisions"}],"predecessor-version":[{"id":34,"href":"https:\/\/sisu.ut.ee\/dmponline\/wp-json\/wp\/v2\/pages\/10\/revisions\/34"}],"wp:attachment":[{"href":"https:\/\/sisu.ut.ee\/dmponline\/wp-json\/wp\/v2\/media?parent=10"}],"curies":[{"name":"wp","href":"https:\/\/api.w.org\/{rel}","templated":true}]}}