{"id":10,"date":"2024-04-04T04:35:12","date_gmt":"2024-04-04T01:35:12","guid":{"rendered":"https:\/\/sisu.ut.ee\/digy\/about-us\/"},"modified":"2024-04-12T15:08:53","modified_gmt":"2024-04-12T12:08:53","slug":"about-us","status":"publish","type":"page","link":"https:\/\/sisu.ut.ee\/digy\/about-us\/","title":{"rendered":"About us"},"content":{"rendered":"<p>The initiators of this Digital Youth learning environment are Anne Kivim\u00e4e and Maria \u017duravljova.<\/p>\n<p><strong>Anne Kivim\u00e4e<\/strong><\/p>\n<p><img loading=\"lazy\" decoding=\"async\" class=\"alignnone wp-image-33 size-medium\" src=\"https:\/\/sisu.ut.ee\/wp-content\/uploads\/sites\/298\/annekivimae-e1712923569158-300x300.jpg\" alt=\"\" width=\"300\" height=\"300\" srcset=\"https:\/\/sisu.ut.ee\/wp-content\/uploads\/sites\/298\/annekivimae-e1712923569158-300x300.jpg 300w, https:\/\/sisu.ut.ee\/wp-content\/uploads\/sites\/298\/annekivimae-e1712923569158-150x150.jpg 150w, https:\/\/sisu.ut.ee\/wp-content\/uploads\/sites\/298\/annekivimae-e1712923569158-768x768.jpg 768w, https:\/\/sisu.ut.ee\/wp-content\/uploads\/sites\/298\/annekivimae-e1712923569158.jpg 900w\" sizes=\"auto, (max-width: 300px) 100vw, 300px\"><\/p>\n<p>Anne is teaching youth work in Tartu University Narva College. She has worked 14 years in Estonian Ministry of Education and Research, including 11 years as a Director General for Youth Affairs. She has been involved in EU youth field cooperation and in the cooperation on youth in Council of Europe. Before she has worked as a local level youth worker. Anne is currently also manager for data project in Estonian Youth Work Centre.<\/p>\n<p><strong>Maria Zhuravljova\u00a0<\/strong><\/p>\n<p><img loading=\"lazy\" decoding=\"async\" class=\"alignnone wp-image-44 size-medium\" src=\"https:\/\/sisu.ut.ee\/wp-content\/uploads\/sites\/298\/maria_dy_-291x300.jpg\" alt=\"\" width=\"291\" height=\"300\" srcset=\"https:\/\/sisu.ut.ee\/wp-content\/uploads\/sites\/298\/maria_dy_-291x300.jpg 291w, https:\/\/sisu.ut.ee\/wp-content\/uploads\/sites\/298\/maria_dy_.jpg 546w\" sizes=\"auto, (max-width: 291px) 100vw, 291px\"><\/p>\n<p>Maria is the longest experienced Youth Work programme manager in higher education in Estonia. She has been more than 16 years in Youth Work and has more than 10 years of teaching experiences. Maria has developed more than 10 e-courses and six e-learning objects and has received four\u00a0e-course quality labels. She has adult trainer qualification and is the member of the Youth worker professional committee in Estonia.<\/p>\n","protected":false},"excerpt":{"rendered":"<p>The initiators of this Digital Youth learning environment are Anne Kivim\u00e4e and Maria \u017duravljova. Anne Kivim\u00e4e Anne is teaching youth work in Tartu University Narva College. She has worked 14 years in Estonian Ministry of Education and Research, including 11 &#8230;<\/p>\n","protected":false},"author":159,"featured_media":0,"parent":0,"menu_order":0,"comment_status":"closed","ping_status":"closed","template":"","meta":{"_acf_changed":false,"inline_featured_image":false,"footnotes":""},"class_list":["post-10","page","type-page","status-publish","hentry"],"acf":[],"_links":{"self":[{"href":"https:\/\/sisu.ut.ee\/digy\/wp-json\/wp\/v2\/pages\/10","targetHints":{"allow":["GET"]}}],"collection":[{"href":"https:\/\/sisu.ut.ee\/digy\/wp-json\/wp\/v2\/pages"}],"about":[{"href":"https:\/\/sisu.ut.ee\/digy\/wp-json\/wp\/v2\/types\/page"}],"author":[{"embeddable":true,"href":"https:\/\/sisu.ut.ee\/digy\/wp-json\/wp\/v2\/users\/159"}],"replies":[{"embeddable":true,"href":"https:\/\/sisu.ut.ee\/digy\/wp-json\/wp\/v2\/comments?post=10"}],"version-history":[{"count":4,"href":"https:\/\/sisu.ut.ee\/digy\/wp-json\/wp\/v2\/pages\/10\/revisions"}],"predecessor-version":[{"id":89,"href":"https:\/\/sisu.ut.ee\/digy\/wp-json\/wp\/v2\/pages\/10\/revisions\/89"}],"wp:attachment":[{"href":"https:\/\/sisu.ut.ee\/digy\/wp-json\/wp\/v2\/media?parent=10"}],"curies":[{"name":"wp","href":"https:\/\/api.w.org\/{rel}","templated":true}]}}