{"id":4,"date":"2024-04-04T07:24:52","date_gmt":"2024-04-04T04:24:52","guid":{"rendered":"https:\/\/sisu.ut.ee\/digitalenglishstudies\/avaleht\/"},"modified":"2024-04-12T14:23:36","modified_gmt":"2024-04-12T11:23:36","slug":"avaleht","status":"publish","type":"page","link":"https:\/\/sisu.ut.ee\/digitalenglishstudies\/","title":{"rendered":"Avaleht"},"content":{"rendered":"<h2><strong>Welcome!<\/strong><\/h2>\n<p>This site lists the p<img loading=\"lazy\" decoding=\"async\" width=\"3840\" height=\"2160\" class=\"alignnone wp-image-8\" style=\"width: 300px; height: 169px; float: right;\" title=\"digital_libraryv2.png\" src=\"https:\/\/sisu.ut.ee\/wp-content\/uploads\/sites\/513\/digital_libraryv2.png\" alt=\"Digital_Library\" srcset=\"https:\/\/sisu.ut.ee\/wp-content\/uploads\/sites\/513\/digital_libraryv2.png 3840w, https:\/\/sisu.ut.ee\/wp-content\/uploads\/sites\/513\/digital_libraryv2-300x169.png 300w, https:\/\/sisu.ut.ee\/wp-content\/uploads\/sites\/513\/digital_libraryv2-1024x576.png 1024w, https:\/\/sisu.ut.ee\/wp-content\/uploads\/sites\/513\/digital_libraryv2-768x432.png 768w, https:\/\/sisu.ut.ee\/wp-content\/uploads\/sites\/513\/digital_libraryv2-1536x864.png 1536w, https:\/\/sisu.ut.ee\/wp-content\/uploads\/sites\/513\/digital_libraryv2-2048x1152.png 2048w, https:\/\/sisu.ut.ee\/wp-content\/uploads\/sites\/513\/digital_libraryv2-1920x1080.png 1920w\" sizes=\"auto, (max-width: 3840px) 100vw, 3840px\">ublicly available materials for the course \u201cDigital English Studies\u201d (HVLC.01.068). The course is part of the MA studies curriculum \u201cEuropean Languages and Cultures\u201d at the University of Tartu, the College of Foreign Languages and Cultures. By and large, the course gives an overview of the different ways in which computers can be used as tools for scholarly research on the various aspects of English studies: English linguistics, teaching and learning English, the literature and culture of English-speaking countries.<\/p>\n<p>The materials include useful references,\u00a0resources, list of key concepts\u00a0and tests for self-testing.<\/p>\n<h4>Contact and feedback<\/h4>\n<p>Jane Klavan<br>Associate Professor of English Language, University of Tartu<br>Department of English Studies<br>\u00dclikooli 18, 51009<br>Tartu, Estonia<br>e-mail:\u00a0<a href=\"mailto:ivo.leito@ut.ee\">j<\/a>ane.klavan@ut.ee<\/p>\n<hr>\n<p>The study material has been designed by Jane Klavan, supported by\u00a0Haridus-ja noorteameti IT-akadeemia (project: \u201cV\u00f5\u00f5rkeeltega seotud erialaste digip\u00e4devuste arendamine Tartu \u00dclikooli maailma keelte ja kultuuride kolled\u017eis\u201d).<\/p>\n<p><img decoding=\"async\" style=\"width: 300px; height: 88px; float: left;\" title=\"\" src=\"https:\/\/sisu.ut.ee\/sites\/default\/files\/janeklavan\/files\/it_akadeemia_logo_rgb.jpg\" alt=\"\" data-file_info=\"%7B%22fid%22:%2263194%22,%22view_mode%22:%22default%22,%22type%22:%22media%22%7D\"><\/p>\n<p><img decoding=\"async\" style=\"width: 300px; height: 98px; float: right;\" title=\"\" src=\"https:\/\/sisu.ut.ee\/sites\/default\/files\/janeklavan\/files\/haridus-_ja_noorteamet_vapp_est_rgb.jpg\" alt=\"\" data-file_info=\"%7B%22fid%22:%2263195%22,%22view_mode%22:%22default%22,%22type%22:%22media%22%7D\"><\/p>\n\n\n<figure class=\"wp-block-image alignleft size-full is-resized\"><img loading=\"lazy\" decoding=\"async\" width=\"1000\" height=\"292\" src=\"https:\/\/sisu.ut.ee\/wp-content\/uploads\/sites\/513\/it_akadeemia_logo_rgb.jpg\" alt=\"\" class=\"wp-image-33\" style=\"aspect-ratio:3.409090909090909;object-fit:contain;width:301px;height:auto\" srcset=\"https:\/\/sisu.ut.ee\/wp-content\/uploads\/sites\/513\/it_akadeemia_logo_rgb.jpg 1000w, https:\/\/sisu.ut.ee\/wp-content\/uploads\/sites\/513\/it_akadeemia_logo_rgb-300x88.jpg 300w, https:\/\/sisu.ut.ee\/wp-content\/uploads\/sites\/513\/it_akadeemia_logo_rgb-768x224.jpg 768w\" sizes=\"auto, (max-width: 1000px) 100vw, 1000px\"><\/figure>\n\n\n\n<figure class=\"wp-block-image alignright size-large is-resized\"><img loading=\"lazy\" decoding=\"async\" width=\"1024\" height=\"334\" src=\"https:\/\/sisu.ut.ee\/wp-content\/uploads\/sites\/513\/haridus-_ja_noorteamet_vapp_est_rgb-1024x334.jpg\" alt=\"\" class=\"wp-image-36\" style=\"object-fit:cover;width:300px;height:88px\" srcset=\"https:\/\/sisu.ut.ee\/wp-content\/uploads\/sites\/513\/haridus-_ja_noorteamet_vapp_est_rgb-1024x334.jpg 1024w, https:\/\/sisu.ut.ee\/wp-content\/uploads\/sites\/513\/haridus-_ja_noorteamet_vapp_est_rgb-300x98.jpg 300w, https:\/\/sisu.ut.ee\/wp-content\/uploads\/sites\/513\/haridus-_ja_noorteamet_vapp_est_rgb-768x250.jpg 768w, https:\/\/sisu.ut.ee\/wp-content\/uploads\/sites\/513\/haridus-_ja_noorteamet_vapp_est_rgb-1536x501.jpg 1536w, https:\/\/sisu.ut.ee\/wp-content\/uploads\/sites\/513\/haridus-_ja_noorteamet_vapp_est_rgb.jpg 1883w\" sizes=\"auto, (max-width: 1024px) 100vw, 1024px\"><\/figure>\n","protected":false},"excerpt":{"rendered":"<p>Welcome! This site lists the publicly available materials for the course \u201cDigital English Studies\u201d (HVLC.01.068). The course is part of the MA studies curriculum \u201cEuropean Languages and Cultures\u201d at the University of Tartu, the College of Foreign Languages and Cultures. &#8230;<\/p>\n","protected":false},"author":132,"featured_media":0,"parent":0,"menu_order":0,"comment_status":"closed","ping_status":"closed","template":"","meta":{"_acf_changed":false,"inline_featured_image":false,"footnotes":""},"class_list":["post-4","page","type-page","status-publish","hentry"],"acf":[],"_links":{"self":[{"href":"https:\/\/sisu.ut.ee\/digitalenglishstudies\/wp-json\/wp\/v2\/pages\/4","targetHints":{"allow":["GET"]}}],"collection":[{"href":"https:\/\/sisu.ut.ee\/digitalenglishstudies\/wp-json\/wp\/v2\/pages"}],"about":[{"href":"https:\/\/sisu.ut.ee\/digitalenglishstudies\/wp-json\/wp\/v2\/types\/page"}],"author":[{"embeddable":true,"href":"https:\/\/sisu.ut.ee\/digitalenglishstudies\/wp-json\/wp\/v2\/users\/132"}],"replies":[{"embeddable":true,"href":"https:\/\/sisu.ut.ee\/digitalenglishstudies\/wp-json\/wp\/v2\/comments?post=4"}],"version-history":[{"count":8,"href":"https:\/\/sisu.ut.ee\/digitalenglishstudies\/wp-json\/wp\/v2\/pages\/4\/revisions"}],"predecessor-version":[{"id":42,"href":"https:\/\/sisu.ut.ee\/digitalenglishstudies\/wp-json\/wp\/v2\/pages\/4\/revisions\/42"}],"wp:attachment":[{"href":"https:\/\/sisu.ut.ee\/digitalenglishstudies\/wp-json\/wp\/v2\/media?parent=4"}],"curies":[{"name":"wp","href":"https:\/\/api.w.org\/{rel}","templated":true}]}}