{"id":8,"date":"2024-04-04T05:45:22","date_gmt":"2024-04-04T02:45:22","guid":{"rendered":"https:\/\/sisu.ut.ee\/digiefekt\/about-project\/"},"modified":"2024-04-22T11:55:57","modified_gmt":"2024-04-22T08:55:57","slug":"about-project","status":"publish","type":"page","link":"https:\/\/sisu.ut.ee\/digiefekt\/about-project\/","title":{"rendered":"About the project"},"content":{"rendered":"<p><span lang=\"EN-GB\" style=\"background: white;\"><span style=\"color: #333540;\">The Digiefekt project investigated the uses and aims of digital learning materials in Estonian general education schools as well as <a>the characteristics <\/a><\/span><\/span><span lang=\"EN-US\"><a id=\"_anchor_1\" class=\"msocomanchor\" href=\"#_msocom_1\" name=\"_msoanchor_1\">[MT1]<\/a> <\/span><span lang=\"EN-GB\" style=\"background: white;\"><span style=\"color: #333540;\">of the learning process, students, teachers, classes and schools and the interrelationships between those characteristics. In particular, the project had four aims:<\/span><\/span><\/p>\n<ol>\n<li><span lang=\"EN-GB\" style=\"background: white;\"><span style=\"color: #333540;\">A framework for the uses of digital learning materials was composed based on the observations of 3<sup>rd<\/sup>-, 6<sup>th<\/sup>\u2013 and 9<sup>th<\/sup>-grade natural science, maths and Estonian lessons and interviews conducted with the teachers who taught the lessons observed. Additionally, the log data of Opiq, a set of e-textbooks widely used in schools, were used to describe the learning process.\u00a0 <\/span><\/span><\/li>\n<li><span lang=\"EN-GB\" style=\"background: white;\"><span style=\"color: #333540;\">The frequency of the uses of the digital learning materials was described based on the framework composed and the log data. <\/span><\/span><\/li>\n<li><a><span lang=\"EN-GB\" style=\"background: white;\"><span style=\"color: #333540;\">Based on data from different questionnaires, tests and registers<\/span><\/span><\/a><span lang=\"EN-GB\"><a id=\"_anchor_2\" class=\"msocomanchor\" href=\"#_msocom_2\" name=\"_msoanchor_2\">[MT2]<\/a> <\/span><span lang=\"EN-GB\" style=\"background: white;\"><span style=\"color: #333540;\">, a database describing students\u2019 cognitive and non-cognitive skills and background factors relevant to the development of those skills was created. Student data were mostly collected directly from the students but partly also from parents and teachers. Additionally, data were collected about the students\u2019 teachers of natural science subjects, maths and Estonian, and the schools\u2019 background information was provided. \u00a0<\/span><\/span><\/li>\n<li><span lang=\"EN-GB\" style=\"background: white;\"><span style=\"color: #333540;\">Forecast models were created predicting the effect of the uses of digital learning materials and the supportive or restrictive factors thereof on students\u2019 cognitive and non-cognitive skills; the validity of those models was tested. Also, the extent to which the predictable characteristics can be described on the individual level or on the class level was established.\u00a0 \u00a0<\/span><\/span><\/li>\n<\/ol>\n<p><span lang=\"EN-GB\" style=\"background: white;\"><span style=\"color: #333540;\">Data were collected from students from 62 classes in 14 schools. Lessons of 93 teachers were observed: mostly one lesson, but in the case of some teachers, several lessons. The sample of schools was purposive: all Estonian general education schools with Estonian as the language of instruction that had grades 3, 6 and 9 were divided into three groups based on three characteristics<a>:<\/a><\/span><\/span><span lang=\"EN-GB\"><a id=\"_anchor_3\" class=\"msocomanchor\" href=\"#_msocom_3\" name=\"_msoanchor_3\">[MT3]<\/a> <\/span><span lang=\"EN-GB\" style=\"background: white;\"><span style=\"color: #333540;\"> 1) students\u2019 academic results in national exams and standard-determining tests, 2) school satisfaction based on a national survey and 3) digital readiness based on various types of input (national standard-determining test on digital competence, school\u2019s self-evaluation, school satisfaction survey questions for school staff and parents). The three groups that were distinguished were schools with the highest, average and lowest results. Only the schools in the highest or lowest group were included in the sample. Based on those two levels of the three characteristics, eight groups were formed (high-high-high; high-high-low; high-low-high; low-high-high; high-low-low; low-low-high; low-high-low; low-low-low). In each group, schools were ranked based on their typicalness (e.g., in the high-high-high group, the school with the highest average score in the three characteristics ranked first). The schools were recruited based on ranking; when a school would not agree to participate in the study, the one ranked next was contacted. The ranking did not include schools with missing data for at least one characteristic. \u00a0\u00a0\u00a0\u00a0<\/span><\/span><\/p>\n<p><span lang=\"EN-GB\" style=\"background: white;\"><span style=\"color: #333540;\">The project had four distinct stages:<\/span><\/span><\/p>\n<ol>\n<li><span lang=\"EN-GB\" style=\"background: white;\"><span style=\"color: #333540;\">preparation (approval by the Ethics Committee was sought; the sample was recruited and selected; data collection instruments and methods were adapted or developed) \u2013 the year 2020;<\/span><\/span><\/li>\n<li><span lang=\"EN-GB\" style=\"background: white;\"><span style=\"color: #333540;\">pilot study (new or adapted assessment instruments and methods and the entire study procedure were tested) \u2013 the year 2021 until October;<\/span><\/span><\/li>\n<li><span lang=\"EN-GB\">main study (data were collected for the study) \u2013 November 2021 to June 2022;<\/span><\/li>\n<li><span lang=\"EN-GB\" style=\"background: white;\"><span style=\"color: #333540;\">analysis and conclusions (organising and analysing data, giving feedback to schools, publishing and disseminating results and making recommendations) \u2013 started in June 2021 and lasted until the end of the project on 30 April 2023 but essentially continues with additional analyses.<\/span><\/span><\/li>\n<\/ol>\n<p><span lang=\"EN-GB\">The design of the study conducted in the project is shown in the following figure:<\/span><\/p>\n<p><img loading=\"lazy\" decoding=\"async\" width=\"1365\" height=\"768\" class=\"alignnone wp-image-20\" style=\"width: 900px; height: 506px;\" title=\"digiefekt_-_design_ingk.jpg\" src=\"https:\/\/sisu.ut.ee\/wp-content\/uploads\/sites\/407\/digiefekt_-_design_ingk.jpg\" alt=\"Digieffect project design\" srcset=\"https:\/\/sisu.ut.ee\/wp-content\/uploads\/sites\/407\/digiefekt_-_design_ingk.jpg 1365w, https:\/\/sisu.ut.ee\/wp-content\/uploads\/sites\/407\/digiefekt_-_design_ingk-300x169.jpg 300w, https:\/\/sisu.ut.ee\/wp-content\/uploads\/sites\/407\/digiefekt_-_design_ingk-1024x576.jpg 1024w, https:\/\/sisu.ut.ee\/wp-content\/uploads\/sites\/407\/digiefekt_-_design_ingk-768x432.jpg 768w\" sizes=\"auto, (max-width: 1365px) 100vw, 1365px\"><\/p>\n<p><span lang=\"EN-GB\">The results of the project are summed up in a slideshow at <\/span><a href=\"http:\/\/lingid.ee\/digiefekt\"><span lang=\"EN-GB\">http:\/\/lingid.ee\/digiefekt<\/span><\/a><span lang=\"EN-GB\">. The project team was the following:<\/span><\/p>\n<p><span lang=\"EN-GB\">Principal investigator: Margus Pedaste<\/span><\/p>\n<p><span lang=\"EN-GB\">Senior research staff: \u00c4li Leijen, Evelyn Kiive, Krista Uibu<\/span><\/p>\n<p><span lang=\"EN-GB\">Other research staff: Ilona V\u00f5ik, Triinu K\u00e4rbla, Katrin Saks, Gerli Silm, Aleksandar Baucal, Piret Einpaul, Meeli Rannastu-Avalos, Marje Johanson, Maarja S\u00f5rmus, Tea Ausin, Kenn Konstabel, Doris Kristina Raave, Kristi Palk, Meriliis Kasemets, Marit Puusepp, K\u00fclli Kallas, Leo Siiman, Yaroslav Opanasenko, Gady P\u00e4hklem\u00e4e, Triinu P\u00e4\u00e4sik, K\u00f5ue Heintalu<\/span><\/p>\n<p><span lang=\"EN-GB\">In the preparation of feedback, Aleksandre Bregadze was involved.<\/span><\/p>\n<p><span lang=\"EN-GB\">In data collection, Alge Ilossaar, Laivi Laanemets, Mailen Remmelg, Kersti Veskus, Maarja Pertel, Maarika P\u00e4hklem\u00e4e, Roman Sten T\u00f5nissoo, Triin Kivisikk, Anette Siinvert and Lili J\u00fcrisoo were involved.<\/span><\/p>\n<p><span lang=\"EN-GB\">The project was financed by the Ministry of Education and Research; project number<\/span> <span lang=\"EN-GB\">DIGIVARA5 \u201cThe effect of using digital learning materials for learning and teaching in the context of Estonian basic school\u201d (01.05.2020\u221230.04.2023)<\/span><\/p>\n<div>\n<div>\n<div id=\"_com_2\" class=\"msocomtxt\">\n<p class=\"MsoCommentText\">\n<\/p><\/div>\n<\/div>\n<\/div>\n","protected":false},"excerpt":{"rendered":"<p>The Digiefekt project investigated the uses and aims of digital learning materials in Estonian general education schools as well as the characteristics [MT1] of the learning process, students, teachers, classes and schools and the interrelationships between those characteristics. In particular, &#8230;<\/p>\n","protected":false},"author":30,"featured_media":0,"parent":0,"menu_order":0,"comment_status":"closed","ping_status":"closed","template":"","meta":{"_acf_changed":false,"inline_featured_image":false,"footnotes":""},"class_list":["post-8","page","type-page","status-publish","hentry"],"acf":[],"_links":{"self":[{"href":"https:\/\/sisu.ut.ee\/digiefekt\/wp-json\/wp\/v2\/pages\/8","targetHints":{"allow":["GET"]}}],"collection":[{"href":"https:\/\/sisu.ut.ee\/digiefekt\/wp-json\/wp\/v2\/pages"}],"about":[{"href":"https:\/\/sisu.ut.ee\/digiefekt\/wp-json\/wp\/v2\/types\/page"}],"author":[{"embeddable":true,"href":"https:\/\/sisu.ut.ee\/digiefekt\/wp-json\/wp\/v2\/users\/30"}],"replies":[{"embeddable":true,"href":"https:\/\/sisu.ut.ee\/digiefekt\/wp-json\/wp\/v2\/comments?post=8"}],"version-history":[{"count":2,"href":"https:\/\/sisu.ut.ee\/digiefekt\/wp-json\/wp\/v2\/pages\/8\/revisions"}],"predecessor-version":[{"id":73,"href":"https:\/\/sisu.ut.ee\/digiefekt\/wp-json\/wp\/v2\/pages\/8\/revisions\/73"}],"wp:attachment":[{"href":"https:\/\/sisu.ut.ee\/digiefekt\/wp-json\/wp\/v2\/media?parent=8"}],"curies":[{"name":"wp","href":"https:\/\/api.w.org\/{rel}","templated":true}]}}