{"id":6,"date":"2024-04-04T05:45:22","date_gmt":"2024-04-04T02:45:22","guid":{"rendered":"https:\/\/sisu.ut.ee\/digiefekt\/tulemused\/"},"modified":"2024-04-22T11:54:32","modified_gmt":"2024-04-22T08:54:32","slug":"tulemused","status":"publish","type":"page","link":"https:\/\/sisu.ut.ee\/digiefekt\/tulemused\/","title":{"rendered":"Meediakajastus"},"content":{"rendered":"<p style=\"text-align: justify;\">Inspireerivat lugemist!<\/p>\n<h3 style=\"text-align: justify;\">Artiklisari \u00f5petajate lehes<\/h3>\n<p>\u00d5petajate lehest leiad selle aasta jaanuarist kuni juunini iga kuu artikli Eesti viimaste aastate suurima digitehnoloogia hariduslikku m\u00f5ju hinnanud DigiEfekti projekti tulemuste kohta.<\/p>\n<ol>\n<li>Professor Margus Pedaste artikkel <a title=\"\" href=\"https:\/\/opleht.ee\/2024\/01\/digiefekti-sonumid-kestliku-arengu-toetamiseks-tuleb-ka-andmeid-ja-tooriistu-taaskasutada\/?fbclid=IwAR0NgHxn1q9RQ8mMhw4iVJMbIrh8H9zXjPLuNT6B2CN53ppS19Ri9CKcfas\" target=\"_blank\" rel=\"noopener\">\u201eKestliku arengu toetamiseks tuleb ka\u00a0andmeid ja t\u00f6\u00f6riistu taaskasutada.\u201c<\/a> (23.01.2024) keskendub avaandmete kasutamisele olulisusele ning tutvustab l\u00fchidalt Digiefekti projektis kogutud andmeid ja nende taaskasutamise v\u00f5imalusi.<\/li>\n<li>Nooremteadur K\u00fclli Kallase artikkel <a href=\"https:\/\/opleht.ee\/2024\/02\/digiefekti-sonumid-%E2%9F%A9-koostoos-digipadevamaks\/\">\u201cKoost\u00f6\u00f6s digip\u00e4devamaks\u201d (20.02.2024)<\/a> keskendub uuringus osalenud \u00f5pilaste digip\u00e4devuse testi tulemustele ning selle tulemustest tulenevatele arenguv\u00f5imalustele.<\/li>\n<li>Nooremteadur Marit Puusepp kirjeldab oma oma artiklis <a href=\"https:\/\/opleht.ee\/2024\/03\/digiefekti-sonumid-%E2%9F%A9-opilaste-kodused-digipiirangud\/\">\u201c\u00d5pilaste kodused digipiirangud\u201d (26.03.2024)<\/a> \u00f5pilastele digitehnoloogiate kasutamiseks rakendatud koduseid piiranguid.<\/li>\n<\/ol>\n<p><strong>Varasemad:\u00a0<\/strong><\/p>\n<p><a title=\"Digitundide v\u00e4lim\u00e4\u00e4raja \u2212\u00a0milleks ja kuidas kasutada \u00f5ppimisel ja \u00f5petamisel digitehnoloogiat?\" href=\"https:\/\/opleht.ee\/2023\/05\/digitundide-valimaaraja-%e2%88%92-milleks-ja-kuidas-kasutada-oppimisel-ja-opetamisel-digitehnoloogiat\/\">Digitundide v\u00e4lim\u00e4\u00e4raja \u2212 milleks ja kuidas kasutada \u00f5ppimisel ja \u00f5petamisel digitehnoloogiat? (19.05.2023)<\/a><\/p>\n<p><a title=\"Haridusteadlased uurivad digi\u00f5ppevara kasutamise m\u00f5ju \u00f5ppimisele ja \u00f5petamisele\" href=\"https:\/\/opleht.ee\/2020\/05\/haridusteadlased-uurivad-digioppevara-kasutamise-moju-oppimisele-ja-opetamisele\/\">Haridusteadlased uurivad digi\u00f5ppevara kasutamise m\u00f5ju \u00f5ppimisele ja \u00f5petamisele (13.05.2020)<\/a><\/p>\n<h3>Postimees<\/h3>\n<p style=\"text-align: justify;\"><a title=\"\" href=\"https:\/\/haridus.postimees.ee\/7326332\/uuring-aitab-koolidel-digioppest-maksimumi-votta\" target=\"_blank\" rel=\"noopener\">Uuring aitab koolidel digi\u00f5ppest maksimumi v\u00f5tta<\/a>\u00a0\u2013 Postimehe haridusportaal, 30. august 2021<\/p>\n","protected":false},"excerpt":{"rendered":"<p>Inspireerivat lugemist! Artiklisari \u00f5petajate lehes \u00d5petajate lehest leiad selle aasta jaanuarist kuni juunini iga kuu artikli Eesti viimaste aastate suurima digitehnoloogia hariduslikku m\u00f5ju hinnanud DigiEfekti projekti tulemuste kohta. Professor Margus Pedaste artikkel \u201eKestliku arengu toetamiseks tuleb ka\u00a0andmeid ja t\u00f6\u00f6riistu taaskasutada.\u201c &#8230;<\/p>\n","protected":false},"author":398,"featured_media":0,"parent":0,"menu_order":0,"comment_status":"closed","ping_status":"closed","template":"","meta":{"_acf_changed":false,"inline_featured_image":false,"footnotes":""},"class_list":["post-6","page","type-page","status-publish","hentry"],"acf":[],"_links":{"self":[{"href":"https:\/\/sisu.ut.ee\/digiefekt\/wp-json\/wp\/v2\/pages\/6","targetHints":{"allow":["GET"]}}],"collection":[{"href":"https:\/\/sisu.ut.ee\/digiefekt\/wp-json\/wp\/v2\/pages"}],"about":[{"href":"https:\/\/sisu.ut.ee\/digiefekt\/wp-json\/wp\/v2\/types\/page"}],"author":[{"embeddable":true,"href":"https:\/\/sisu.ut.ee\/digiefekt\/wp-json\/wp\/v2\/users\/398"}],"replies":[{"embeddable":true,"href":"https:\/\/sisu.ut.ee\/digiefekt\/wp-json\/wp\/v2\/comments?post=6"}],"version-history":[{"count":3,"href":"https:\/\/sisu.ut.ee\/digiefekt\/wp-json\/wp\/v2\/pages\/6\/revisions"}],"predecessor-version":[{"id":71,"href":"https:\/\/sisu.ut.ee\/digiefekt\/wp-json\/wp\/v2\/pages\/6\/revisions\/71"}],"wp:attachment":[{"href":"https:\/\/sisu.ut.ee\/digiefekt\/wp-json\/wp\/v2\/media?parent=6"}],"curies":[{"name":"wp","href":"https:\/\/api.w.org\/{rel}","templated":true}]}}