{"id":4,"date":"2024-04-04T05:45:21","date_gmt":"2024-04-04T02:45:21","guid":{"rendered":"https:\/\/sisu.ut.ee\/digiefekt\/avaleht\/"},"modified":"2024-06-27T12:05:57","modified_gmt":"2024-06-27T09:05:57","slug":"avaleht","status":"publish","type":"page","link":"https:\/\/sisu.ut.ee\/digiefekt\/avaleht\/","title":{"rendered":"Avaleht"},"content":{"rendered":"<div class=\"row\">\n<div class=\"col-sm-6\">\n<h4><span style=\"color: #000000;\"><span style=\"font-family: Book Antiqua;\"><strong>Kuidas kasutatakse Eesti koolides digitehnoloogiaid, mis on nende kasutamise efekt \u00f5pilaste \u00f5pitulemustele ja millised on soovitused erinevatele sihtr\u00fchmadele?<\/strong><\/span><\/span><\/h4>\n<p style=\"text-align: justify;\"><span style=\"color: #000000;\"><div class=\"ratio ratio-16x9 mb-3\"><div class=\"video-placeholder-wrapper video-placeholder-wrapper--16x9\">\n\t\t\t    <div class=\"video-placeholder d-flex justify-content-center align-items-center\">\n\t\t\t        <div class=\"overlay text-white p-2 w-100 text-center d-block justify-content-center align-items-center\">\n\t\t\t            <div>Kolmandate osapoolte sisu n\u00e4gemiseks palun n\u00f5ustu k\u00fcpsistega.<\/div>\n\t\t\t            <button class=\"btn btn-secondary btn-sm mt-1 consent-change\">Muuda n\u00f5usolekut<\/button>\n\t\t\t        <\/div>\n\t\t\t    <\/div>\n\t\t\t<\/div>\n<\/div><\/span><\/p>\n<\/div>\n<\/div>\n<p style=\"text-align: justify;\"><span style=\"color: #000000;\"><span style=\"font-family: Courier New,Courier,monospace;\"><!--break--><\/span><\/span><\/p>\n<h2><strong>UUDISED:<\/strong><\/h2>\n<h3>Artiklisari \u00f5petajate lehes<\/h3>\n<p>\u00d5petajate lehest leiad selle aasta jaanuarist kuni juunini iga kuu artikli Eesti viimaste aastate suurima digitehnoloogia hariduslikku m\u00f5ju hinnanud DigiEfekti projekti tulemuste kohta.<\/p>\n<p>Jaanuar: professor Margus Pedaste artikkel <a title=\"\" href=\"https:\/\/opleht.ee\/2024\/01\/digiefekti-sonumid-kestliku-arengu-toetamiseks-tuleb-ka-andmeid-ja-tooriistu-taaskasutada\/?fbclid=IwAR0NgHxn1q9RQ8mMhw4iVJMbIrh8H9zXjPLuNT6B2CN53ppS19Ri9CKcfas\" target=\"_blank\" rel=\"noopener\">\u201eKestliku arengu toetamiseks tuleb ka\u00a0andmeid ja t\u00f6\u00f6riistu taaskasutada.\u201c<\/a> (23.01.2024) keskendub avaandmete kasutamisele olulisusele ning tutvustab l\u00fchidalt Digiefekti projektis kogutud andmeid ja nende taaskasutamise v\u00f5imalusi.<\/p>\n<p>Veebruar: nooremteadur K\u00fclli Kallase artikkel <a href=\"https:\/\/opleht.ee\/2024\/02\/digiefekti-sonumid-%E2%9F%A9-koostoos-digipadevamaks\/\">\u201cKoost\u00f6\u00f6s digip\u00e4devamaks\u201d (20.02.2024)<\/a> keskendub uuringus osalenud \u00f5pilaste digip\u00e4devuse testi tulemustele ning selle tulemustest tulenevatele arenguv\u00f5imalustele.<\/p>\n<p>M\u00e4rts: nooremteadur Marit Puusepp kirjeldab oma oma artiklis <a href=\"https:\/\/opleht.ee\/2024\/03\/digiefekti-sonumid-%E2%9F%A9-opilaste-kodused-digipiirangud\/\">\u201c\u00d5pilaste kodused digipiirangud\u201d (26.03.2024)<\/a> \u00f5pilastele digitehnoloogiate kasutamiseks rakendatud koduseid piiranguid.<\/p>\n<p>Aprill: \u00a0nooremteadur Yaroslav Opanasenko kirjutab oma artiklis<a href=\"https:\/\/opleht.ee\/2024\/04\/digiefekti-sonumid-%E2%9F%A9-mida-me-opiqust-oppisime\/\"> \u201cMida me Opiqust \u00f5ppisime\u201d,<\/a> \u00f5pilaste Opiqu kasutamise strateegiatest ehk kuidas j\u00e4rjestusanal\u00fc\u00fcsi abil \u00f5ppida Opiqut paremini kasutama.<\/p>\n<p>Juuni: professor Margus Pedaste artikkel <a href=\"https:\/\/opleht.ee\/2024\/06\/digiefekti-sonumid-%E2%9F%A9-hariduslik-ebavordsus-digipadevuse-omandamisel\/\">\u201cHariduslik ebav\u00f5rdsus digip\u00e4devuse omandamisel\u201d<\/a> arutleb DigiEfekti uuringu tulemuste p\u00f5hjal \u00f5petajate olulise rolli \u00fcle \u00f5pilaste digioskuste kujundamisel.<\/p>\n<p>Lisaks ilmus mai kuus Education Estonia blogis inglise keelne list soovitustest <a href=\"https:\/\/www.educationestonia.org\/digital-learning-study\/\">\u00f5petajatele ja poliitikakujundajatele,<\/a> et kuidas v\u00f5imestada \u00f5ppijate m\u00f5testatud digikasutust.<\/p>\n<p><span style=\"color: #000000;\"><img loading=\"lazy\" decoding=\"async\" class=\"alignnone wp-image-9\" title=\"haridusmin_3lovi_est.png\" src=\"https:\/\/sisu.ut.ee\/wp-content\/uploads\/sites\/407\/haridusmin_3lovi_est.png\" alt=\"Haridus- ja Teadusministeerium\" width=\"490\" height=\"196\" srcset=\"https:\/\/sisu.ut.ee\/wp-content\/uploads\/sites\/407\/haridusmin_3lovi_est.png 1890w, https:\/\/sisu.ut.ee\/wp-content\/uploads\/sites\/407\/haridusmin_3lovi_est-300x120.png 300w, https:\/\/sisu.ut.ee\/wp-content\/uploads\/sites\/407\/haridusmin_3lovi_est-1024x410.png 1024w, https:\/\/sisu.ut.ee\/wp-content\/uploads\/sites\/407\/haridusmin_3lovi_est-768x307.png 768w, https:\/\/sisu.ut.ee\/wp-content\/uploads\/sites\/407\/haridusmin_3lovi_est-1536x614.png 1536w\" sizes=\"auto, (max-width: 490px) 100vw, 490px\"><\/span><\/p>\n","protected":false},"excerpt":{"rendered":"<p>Kuidas kasutatakse Eesti koolides digitehnoloogiaid, mis on nende kasutamise efekt \u00f5pilaste \u00f5pitulemustele ja millised on soovitused erinevatele sihtr\u00fchmadele? Kolmandate osapoolte sisu n\u00e4gemiseks palun n\u00f5ustu k\u00fcpsistega. Muuda n\u00f5usolekut UUDISED: Artiklisari \u00f5petajate lehes \u00d5petajate lehest leiad selle aasta jaanuarist kuni juunini iga &#8230;<\/p>\n","protected":false},"author":30,"featured_media":0,"parent":0,"menu_order":0,"comment_status":"closed","ping_status":"closed","template":"","meta":{"_acf_changed":false,"inline_featured_image":false,"footnotes":""},"class_list":["post-4","page","type-page","status-publish","hentry"],"acf":[],"_links":{"self":[{"href":"https:\/\/sisu.ut.ee\/digiefekt\/wp-json\/wp\/v2\/pages\/4","targetHints":{"allow":["GET"]}}],"collection":[{"href":"https:\/\/sisu.ut.ee\/digiefekt\/wp-json\/wp\/v2\/pages"}],"about":[{"href":"https:\/\/sisu.ut.ee\/digiefekt\/wp-json\/wp\/v2\/types\/page"}],"author":[{"embeddable":true,"href":"https:\/\/sisu.ut.ee\/digiefekt\/wp-json\/wp\/v2\/users\/30"}],"replies":[{"embeddable":true,"href":"https:\/\/sisu.ut.ee\/digiefekt\/wp-json\/wp\/v2\/comments?post=4"}],"version-history":[{"count":7,"href":"https:\/\/sisu.ut.ee\/digiefekt\/wp-json\/wp\/v2\/pages\/4\/revisions"}],"predecessor-version":[{"id":79,"href":"https:\/\/sisu.ut.ee\/digiefekt\/wp-json\/wp\/v2\/pages\/4\/revisions\/79"}],"wp:attachment":[{"href":"https:\/\/sisu.ut.ee\/digiefekt\/wp-json\/wp\/v2\/media?parent=4"}],"curies":[{"name":"wp","href":"https:\/\/api.w.org\/{rel}","templated":true}]}}