{"id":35,"date":"2025-11-05T13:23:49","date_gmt":"2025-11-05T11:23:49","guid":{"rendered":"https:\/\/sisu.ut.ee\/digiajastunoorteluule\/?page_id=35"},"modified":"2026-02-10T10:48:59","modified_gmt":"2026-02-10T08:48:59","slug":"publikatsioonid","status":"publish","type":"page","link":"https:\/\/sisu.ut.ee\/digiajastunoorteluule\/publikatsioonid\/","title":{"rendered":"Publikatsioonid"},"content":{"rendered":"<ul class=\"wp-block-list\">\n<li>Lotman, Rebekka (2025). Estonian Elegy: Typologies of Mourning Poetics in Contemporary Poetry. In: Interlitteraria 2, lk 371\u2013392. <a href=\"https:\/\/doi.org\/10.12697\/IL.2025.30.2.10\">https:\/\/doi.org\/10.12697\/IL.2025.30.2.10<\/a><\/li>\n<\/ul>\n\n\n\n<ul class=\"wp-block-list\">\n<li>Lotman, Maria-Kristiina; Lotman, Rebekka (2025). Rhyme in contemporary Estonian popular poetry. In: Plotting Poetry 5. Popular Voices. Eesti Kirjandusmuuseum, lk 133-156. <a href=\"https:\/\/www.kirmus.ee\/en\/research\/books\/popular_voices\/\">https:\/\/www.kirmus.ee\/en\/research\/books\/popular_voices\/<\/a><\/li>\n<\/ul>\n\n\n\n<ul class=\"wp-block-list\">\n<li>Lotman, Rebekka; Lotman, Nicolas (2025). \u00dcks luuletus. V\u00e4rsiarhitektuur (P. Oja \/ H. K\u00f5rvits, R. Olbri, P. Oja). <a href=\"https:\/\/dea.digar.ee\/?a=is&amp;oid=AKlooming202509&amp;type=staticpdf&amp;e=-------et-25--1--txt-txIN%7ctxTI%7ctxAU%7ctxTA-------------\">Looming, 9<\/a>, lk 1238-1252.<\/li>\n<\/ul>\n\n\n\n<ul class=\"wp-block-list\">\n<li>Lotman, Rebekka (2025). The Concept of the Abyss in Estonian Poetic Cosmology: From Natural Obstacle to Eco-Crisis. In: Pajevic, Marko; Soov\u00e4li, Jaanus (Ed.). <a href=\"https:\/\/brill.com\/display\/title\/70003?srsltid=AfmBOooiNTyI4IN1CYbFPpQWJuzjCXMkoPmalV_pR-nhlp56zNn6_Qxi\">Der Abgrund in deutscher und baltischer Kultur (The Abyss in German and Baltic Culture).<\/a> (185\u2212216). Brill. DOI: 10.1163\/9789004695177_010.\u00a0<\/li>\n<\/ul>\n\n\n\n<ul class=\"wp-block-list\">\n<li>Velsker, Mart (2025). <a href=\"https:\/\/www.looming.ee\/mirjam-parve-kuulasin-muulil1\/\">Mirjam Parve \u201ekuulasin muulil\u201d.<\/a> Looming, 4, 497\u2212502. \u00a0<\/li>\n<\/ul>\n\n\n\n<ul class=\"wp-block-list\">\n<li>Trunin, Mihhail. (2025). Vene-eesti brikolaa\u017e: Jelena Skulskaja eesti luule t\u00f5lgetest. In: Heli Allik, Katrin Hallas (toim.). <em>T\u00f5lkija H\u00e4\u00e4l<\/em>, 169\u2013191. Eesti Kirjanike Liit.\u00a0<\/li>\n<\/ul>\n\n\n\n<p><\/p>\n","protected":false},"excerpt":{"rendered":"","protected":false},"author":313,"featured_media":0,"parent":0,"menu_order":0,"comment_status":"closed","ping_status":"closed","template":"","meta":{"_acf_changed":false,"inline_featured_image":false,"footnotes":""},"class_list":["post-35","page","type-page","status-publish","hentry"],"acf":[],"_links":{"self":[{"href":"https:\/\/sisu.ut.ee\/digiajastunoorteluule\/wp-json\/wp\/v2\/pages\/35","targetHints":{"allow":["GET"]}}],"collection":[{"href":"https:\/\/sisu.ut.ee\/digiajastunoorteluule\/wp-json\/wp\/v2\/pages"}],"about":[{"href":"https:\/\/sisu.ut.ee\/digiajastunoorteluule\/wp-json\/wp\/v2\/types\/page"}],"author":[{"embeddable":true,"href":"https:\/\/sisu.ut.ee\/digiajastunoorteluule\/wp-json\/wp\/v2\/users\/313"}],"replies":[{"embeddable":true,"href":"https:\/\/sisu.ut.ee\/digiajastunoorteluule\/wp-json\/wp\/v2\/comments?post=35"}],"version-history":[{"count":6,"href":"https:\/\/sisu.ut.ee\/digiajastunoorteluule\/wp-json\/wp\/v2\/pages\/35\/revisions"}],"predecessor-version":[{"id":170,"href":"https:\/\/sisu.ut.ee\/digiajastunoorteluule\/wp-json\/wp\/v2\/pages\/35\/revisions\/170"}],"wp:attachment":[{"href":"https:\/\/sisu.ut.ee\/digiajastunoorteluule\/wp-json\/wp\/v2\/media?parent=35"}],"curies":[{"name":"wp","href":"https:\/\/api.w.org\/{rel}","templated":true}]}}