{"id":33,"date":"2025-11-05T13:23:40","date_gmt":"2025-11-05T11:23:40","guid":{"rendered":"https:\/\/sisu.ut.ee\/digiajastunoorteluule\/?page_id=33"},"modified":"2025-11-05T21:02:32","modified_gmt":"2025-11-05T19:02:32","slug":"meedia","status":"publish","type":"page","link":"https:\/\/sisu.ut.ee\/digiajastunoorteluule\/meedia\/","title":{"rendered":"Meedia"},"content":{"rendered":"<ul class=\"wp-block-list\">\n<li>Kaur, Rahel Ariel; K\u00f5iv, Katarina Emilia (2025). <a href=\"https:\/\/www.sirp.ee\/tartu-on-maailmaluule-naba\/\" data-type=\"link\" data-id=\"https:\/\/www.sirp.ee\/tartu-on-maailmaluule-naba\/\">Tartu on maailmaluule naba<\/a>. Sirp, 17.10.2025.\u00a0<\/li>\n<\/ul>\n\n\n\n<ul class=\"wp-block-list\">\n<li>N\u00fc\u00fcdisluuleruum: Noorte h\u00e4\u00e4led: r\u00e4ppl\u00fc\u00fcrika. Saates saavad s\u00f5na Rebekka Lotman, Mihhail Trunin ja Mart Velsker<strong> <\/strong><a href=\"https:\/\/jupiter.err.ee\/1609671308\/nuudisluuleruum\" target=\"_blank\" rel=\"noreferrer noopener\">https:\/\/jupiter.err.ee\/1609671308\/nuudisluuleruum<\/a>\u00a0<\/li>\n<\/ul>\n\n\n\n<ul class=\"wp-block-list\">\n<li>N\u00fc\u00fcdisluuleruum: Multimodaalsed avaldumisviisid. Saates saavad s\u00f5na Jaak Tomberg, Agnes Neier, Rebekka Lotman, Mihhail Trunin ja Mart Velsker.\u00a0 <a href=\"https:\/\/jupiter.err.ee\/1609705920\/nuudisluuleruum\" target=\"_blank\" rel=\"noreferrer noopener\">https:\/\/jupiter.err.ee\/1609705920\/nuudisluuleruum<\/a>\u00a0<\/li>\n<\/ul>\n\n\n\n<ul class=\"wp-block-list\">\n<li>ERR, Presidendi raamatuklubi. Sveta Grigorjeva \u201cFrankenstein\u201d. K\u00fclalised Alar Karis, Sveta Grigorjeva ja Rebekka Lotman. <a href=\"https:\/\/jupiter.err.ee\/1609624660\/kirjandusministri-juures\" target=\"_blank\" rel=\"noreferrer noopener\">https:\/\/jupiter.err.ee\/1609624660\/kirjandusministri-juures<\/a>\u00a0<\/li>\n<\/ul>\n\n\n\n<ul class=\"wp-block-list\">\n<li>Trunin, Mihhail. 2025. <a href=\"https:\/\/www.sirp.ee\/johanna-roos-feminismi-ja-poeetika-vahel\/\">Johanna Roos feminismi ja poeetika vahel<\/a>. \u2013 Sirp, 23 (4047), 4\u20135, 13.06.2025.\u00a0<\/li>\n<\/ul>\n\n\n\n<ul class=\"wp-block-list\">\n<li>Trunin, Mihhail. 2025. <a href=\"https:\/\/www.vikerkaar.ee\/vastuseks-kaisa-lingule\/\">Vastuseks Kaisa Lingule<\/a>. \u2013 Vikerkaar, 9, 140\u2013142.\u00a0<\/li>\n<\/ul>\n\n\n\n<p><\/p>\n","protected":false},"excerpt":{"rendered":"","protected":false},"author":313,"featured_media":0,"parent":0,"menu_order":0,"comment_status":"closed","ping_status":"closed","template":"","meta":{"_acf_changed":false,"inline_featured_image":false,"footnotes":""},"class_list":["post-33","page","type-page","status-publish","hentry"],"acf":[],"_links":{"self":[{"href":"https:\/\/sisu.ut.ee\/digiajastunoorteluule\/wp-json\/wp\/v2\/pages\/33","targetHints":{"allow":["GET"]}}],"collection":[{"href":"https:\/\/sisu.ut.ee\/digiajastunoorteluule\/wp-json\/wp\/v2\/pages"}],"about":[{"href":"https:\/\/sisu.ut.ee\/digiajastunoorteluule\/wp-json\/wp\/v2\/types\/page"}],"author":[{"embeddable":true,"href":"https:\/\/sisu.ut.ee\/digiajastunoorteluule\/wp-json\/wp\/v2\/users\/313"}],"replies":[{"embeddable":true,"href":"https:\/\/sisu.ut.ee\/digiajastunoorteluule\/wp-json\/wp\/v2\/comments?post=33"}],"version-history":[{"count":5,"href":"https:\/\/sisu.ut.ee\/digiajastunoorteluule\/wp-json\/wp\/v2\/pages\/33\/revisions"}],"predecessor-version":[{"id":124,"href":"https:\/\/sisu.ut.ee\/digiajastunoorteluule\/wp-json\/wp\/v2\/pages\/33\/revisions\/124"}],"wp:attachment":[{"href":"https:\/\/sisu.ut.ee\/digiajastunoorteluule\/wp-json\/wp\/v2\/media?parent=33"}],"curies":[{"name":"wp","href":"https:\/\/api.w.org\/{rel}","templated":true}]}}