{"id":2,"date":"2025-01-26T17:59:28","date_gmt":"2025-01-26T17:59:28","guid":{"rendered":"https:\/\/sisu.ut.ee\/digiajastunoorteluule\/?page_id=2"},"modified":"2025-11-05T17:53:11","modified_gmt":"2025-11-05T15:53:11","slug":"sample-page","status":"publish","type":"page","link":"https:\/\/sisu.ut.ee\/digiajastunoorteluule\/","title":{"rendered":""},"content":{"rendered":"<p class=\"has-text-align-center has-extra-large-font-size\"><strong>Eesti n\u00fc\u00fcdisluule multimediaalne uurimisprojekt<\/strong><\/p>\n\n\n\n<p>Kus on n\u00fc\u00fcdisluule? Mis ta seal teeb, millest ja kuidas r\u00e4\u00e4gib? Millised h\u00e4\u00e4led kostuvad? Kes k\u00f5nelevad?<\/p>\n\n\n\n<blockquote class=\"wp-block-quote is-style-default is-layout-flow wp-block-quote-is-layout-flow\">\n<p>\u201cNoorte h\u00e4\u00e4led digiajastu luules: poeetika, hoiakud ja identiteedid\u201d uurib j\u00e4rgneva kolme aasta jooksul 21. sajandi noorteluulet sotsiaalmeedias, lavalaudadel ja t\u00e4naval, piltidel \u2013 ka liikuvates \u2013 ning raamatu- ja ajakirjakaante vahel.<br>T\u00f6\u00f6r\u00fchma kuuluvad Rebekka Lotman (vastutav t\u00e4itja), p\u00f5hit\u00e4itjad Mihhail Trunin ja Mart Velsker, ning nooremteaduritest ja magistrandidest t\u00e4itjad: Sirel Heinloo, Saara Lotta Linno ja Jaanus Valk, Rahel Ariel Kaur, Katarina-Emilia K\u00f5iv, Geret Filippov, Johanna Roos, Kirke Rumvolt ja Marta Selma Gr\u00fcnvald.<\/p>\n\n\n\n<p>Esimene uurimisprojekti koosolek. Foto: Johanna Roos<\/p>\n\n\n\n<figure class=\"wp-block-image size-large\"><img loading=\"lazy\" decoding=\"async\" width=\"1024\" height=\"667\" src=\"https:\/\/sisu.ut.ee\/wp-content\/uploads\/sites\/883\/Esimene-koosolek-1-1024x667.jpg\" alt=\"\" class=\"wp-image-112\" srcset=\"https:\/\/sisu.ut.ee\/wp-content\/uploads\/sites\/883\/Esimene-koosolek-1-1024x667.jpg 1024w, https:\/\/sisu.ut.ee\/wp-content\/uploads\/sites\/883\/Esimene-koosolek-1-300x195.jpg 300w, https:\/\/sisu.ut.ee\/wp-content\/uploads\/sites\/883\/Esimene-koosolek-1-768x500.jpg 768w, https:\/\/sisu.ut.ee\/wp-content\/uploads\/sites\/883\/Esimene-koosolek-1-1536x1001.jpg 1536w, https:\/\/sisu.ut.ee\/wp-content\/uploads\/sites\/883\/Esimene-koosolek-1-2048x1334.jpg 2048w, https:\/\/sisu.ut.ee\/wp-content\/uploads\/sites\/883\/Esimene-koosolek-1-1920x1251.jpg 1920w\" sizes=\"auto, (max-width: 1024px) 100vw, 1024px\"><\/figure>\n<\/blockquote>\n\n\n\n<p class=\"has-text-align-center\"><strong>Kutsume osalema Eesti Humanitaarteaduste Aastakonverentsil 2026 noorteluule paneelis! <a href=\"https:\/\/sisu.ut.ee\/digiajastunoorteluule\/kutsume-osalema-eesti-humanitaarteaduste-aastakonverentsil-2026-noorteluule-paneelis\/\">Loe l\u00e4hemalt &gt;&gt;&gt;<\/a><\/strong><\/p>\n\n\n\n<hr class=\"wp-block-separator has-alpha-channel-opacity\">\n\n\n\n<p class=\"is-style-plain\">Projekt on rahastatud\u00a0Kultuuriministeeriumi\u00a0teadus- ja arendustegevuse programmist \u201eEesti kultuuri teadus- ja arendusprogramm 2023\u20132026)<\/p>\n\n\n\n<p><\/p>\n","protected":false},"excerpt":{"rendered":"<p>Eesti n\u00fc\u00fcdisluule multimediaalne uurimisprojekt Kus on n\u00fc\u00fcdisluule? Mis ta seal teeb, millest ja kuidas r\u00e4\u00e4gib? Millised h\u00e4\u00e4led kostuvad? Kes k\u00f5nelevad? Kutsume osalema Eesti Humanitaarteaduste Aastakonverentsil 2026 noorteluule paneelis! Loe l\u00e4hemalt &gt;&gt;&gt; Projekt on rahastatud\u00a0Kultuuriministeeriumi\u00a0teadus- ja arendustegevuse programmist \u201eEesti kultuuri teadus- &#8230;<\/p>\n","protected":false},"author":748,"featured_media":0,"parent":0,"menu_order":0,"comment_status":"closed","ping_status":"open","template":"","meta":{"_acf_changed":false,"inline_featured_image":false,"footnotes":""},"class_list":["post-2","page","type-page","status-publish","hentry"],"acf":[],"_links":{"self":[{"href":"https:\/\/sisu.ut.ee\/digiajastunoorteluule\/wp-json\/wp\/v2\/pages\/2","targetHints":{"allow":["GET"]}}],"collection":[{"href":"https:\/\/sisu.ut.ee\/digiajastunoorteluule\/wp-json\/wp\/v2\/pages"}],"about":[{"href":"https:\/\/sisu.ut.ee\/digiajastunoorteluule\/wp-json\/wp\/v2\/types\/page"}],"author":[{"embeddable":true,"href":"https:\/\/sisu.ut.ee\/digiajastunoorteluule\/wp-json\/wp\/v2\/users\/748"}],"replies":[{"embeddable":true,"href":"https:\/\/sisu.ut.ee\/digiajastunoorteluule\/wp-json\/wp\/v2\/comments?post=2"}],"version-history":[{"count":12,"href":"https:\/\/sisu.ut.ee\/digiajastunoorteluule\/wp-json\/wp\/v2\/pages\/2\/revisions"}],"predecessor-version":[{"id":113,"href":"https:\/\/sisu.ut.ee\/digiajastunoorteluule\/wp-json\/wp\/v2\/pages\/2\/revisions\/113"}],"wp:attachment":[{"href":"https:\/\/sisu.ut.ee\/digiajastunoorteluule\/wp-json\/wp\/v2\/media?parent=2"}],"curies":[{"name":"wp","href":"https:\/\/api.w.org\/{rel}","templated":true}]}}