{"id":70,"date":"2025-08-22T11:14:39","date_gmt":"2025-08-22T08:14:39","guid":{"rendered":"https:\/\/sisu.ut.ee\/desinfo\/?page_id=70"},"modified":"2026-01-26T12:39:26","modified_gmt":"2026-01-26T10:39:26","slug":"teadlased-2","status":"publish","type":"page","link":"https:\/\/sisu.ut.ee\/desinfo\/teadlased-2\/","title":{"rendered":"Teadlased"},"content":{"rendered":"<p><\/p>\n\n\n\n<p>Sellel lehel saab \u00fclevaate Tartu \u00dclikooli teadlastest, kes uurivad v\u00f5i \u00f5petavad desinformatsiooniga seotud teemasid <a href=\"#sotsiaalteaduste-valdkond\">sotsiaalteaduste<\/a>, <a href=\"#humanitaarteadused\">humanitaarteaduste ja kunstide<\/a>, <a href=\"#loodus\">loodus- ja t\u00e4ppisteaduste<\/a>, ning <a href=\"#meditsiin\">meditsiiniteaduste valdkonnas<\/a>.<\/p>\n\n\n\n<h2 class=\"wp-block-heading\" id=\"humanitaarteadused\">Humanitaarteaduste ja kunstide valdkond<\/h2>\n\n\n\n<p class=\"has-large-font-size\"><strong>Ajaloo ja arheoloogia instituut<\/strong><\/p>\n\n\n\n<p class=\"has-regular-font-size\"><a href=\"https:\/\/www.etis.ee\/CV\/John_Alphonsus_Matthews\/est\/\" target=\"_blank\" rel=\"noreferrer noopener\">John Alphonsus Matthews<\/a><\/p>\n\n\n\n<p class=\"has-large-font-size\"><strong>Filosoofia ja semiootika instituut<\/strong><\/p>\n\n\n\n<p><a href=\"https:\/\/www.etis.ee\/CV\/Ulla_Juske\/est\/\">Ulla Juske<\/a> (magistrikraad)<\/p>\n\n\n\n<p><a href=\"https:\/\/www.etis.ee\/CV\/Mihhail_Lotman\/est\/\">Mihhail Lotman<\/a><\/p>\n\n\n\n<p><a href=\"https:\/\/www.etis.ee\/CV\/Mari-Liis_Madisson\/est\/\">Mari-Liis Madisson<\/a><\/p>\n\n\n\n<p><a href=\"https:\/\/www.etis.ee\/CV\/Martin_Oja\/est\/\">Martin Oja<\/a><\/p>\n\n\n\n<p><a href=\"https:\/\/www.etis.ee\/CV\/Ott_Puumeister\/est\/\">Ott Puumeister<\/a><\/p>\n\n\n\n<p class=\"has-regular-font-size\"><a href=\"https:\/\/www.etis.ee\/CV\/Andreas_Ventsel\/est\/\">Andreas Ventsel<\/a><\/p>\n\n\n\n<p><a href=\"https:\/\/www.etis.ee\/CV\/Auli_Viidalepp\/est\" data-type=\"link\" data-id=\"https:\/\/www.etis.ee\/CV\/Auli_Viidalepp\/est\">Auli Viidalepp<\/a><\/p>\n\n\n\n<p class=\"has-large-font-size\"><strong>Kultuuriteaduste instituut<\/strong><\/p>\n\n\n\n<p><a href=\"https:\/\/www.etis.ee\/CV\/Anastasiya_Astapova\/est\/\">Anastasiya Astapova<\/a><\/p>\n\n\n\n<p><a href=\"https:\/\/www.etis.ee\/CV\/Maili_Pilt\/est\/\">Maili Pilt<\/a><\/p>\n\n\n\n<p class=\"has-regular-font-size\"><a href=\"https:\/\/www.etis.ee\/CV\/Vladimir_Sazonov\/est\/\">Vladimir Sazonov<\/a><\/p>\n\n\n\n<p><a href=\"https:\/\/www.etis.ee\/CV\/Siim_Sorokin\/est\/\">Siim Sorokin<\/a><\/p>\n\n\n\n<p><a href=\"https:\/\/www.etis.ee\/CV\/%C3%9Clo_Valk\/est\/\">\u00dclo Valk<\/a><\/p>\n\n\n\n<p class=\"has-large-font-size\"><strong>Maailma keelte ja kultuuride instituut<\/strong><\/p>\n\n\n\n<p class=\"has-regular-font-size\"><a href=\"https:\/\/www.etis.ee\/CV\/Raili_Marling\/est\/\">Raili Marling<\/a><\/p>\n\n\n\n<p class=\"has-regular-font-size\"><a href=\"https:\/\/www.etis.ee\/CV\/Susanna_Soosaar001\/est\/\">Susanna Soosaar<\/a><\/p>\n\n\n\n<h2 class=\"wp-block-heading\" id=\"loodus\">Loodus- ja t\u00e4ppisteaduste valdkond<\/h2>\n\n\n\n<p class=\"has-large-font-size\"><strong>Arvutiteaduse instituut<\/strong><\/p>\n\n\n\n<p><a href=\"https:\/\/www.etis.ee\/CV\/Meelis_Kull\" data-type=\"link\" data-id=\"https:\/\/www.etis.ee\/CV\/Meelis_Kull\">Meelis Kull<\/a><\/p>\n\n\n\n<p><a href=\"https:\/\/www.etis.ee\/CV\/Kuldar_Taveter\/est\/\">Kuldar Taveter<\/a><\/p>\n\n\n\n<p><a href=\"https:\/\/www.etis.ee\/CV\/Katrin_Vaino\/est\/\">Katrin Vaino<\/a><\/p>\n\n\n\n<p>Doktorandid<\/p>\n\n\n\n<p><a href=\"https:\/\/www.etis.ee\/CV\/Uku_Kangur\/est\/\">Uku Kangur<\/a><\/p>\n\n\n\n<p><a href=\"https:\/\/www.etis.ee\/CV\/Hendrik_%C5%A0uvalov\/est\/\">Hendrik \u0160uvalov<\/a><\/p>\n\n\n\n<p class=\"has-large-font-size\"><strong>\u00d6koloogia ja maateaduste instituut<\/strong><\/p>\n\n\n\n<p class=\"has-regular-font-size\"><a href=\"https:\/\/www.etis.ee\/CV\/Ana%20Valdmann\/est\/\">Ana Valdmann<\/a><\/p>\n\n\n\n<h2 class=\"wp-block-heading\" id=\"meditsiin\">Meditsiiniteaduste valdkond<\/h2>\n\n\n\n<p class=\"has-large-font-size\"><strong>Peremeditsiini ja rahvatervishoiu instituut<\/strong><\/p>\n\n\n\n<p><a href=\"https:\/\/www.etis.ee\/CV\/Kaja-Triin_Laisaar\/est\/\">Kaja-Triin Laisaar<\/a><\/p>\n\n\n\n<p><a href=\"https:\/\/www.etis.ee\/CV\/Anneli_Uusk%C3%BCla001\/est\/\">Anneli Uusk\u00fcla<\/a><\/p>\n\n\n\n<h2 class=\"wp-block-heading\" id=\"sotsiaalteaduste-valdkond\">Sotsiaalteaduste valdkond<\/h2>\n\n\n\n<p class=\"has-large-font-size\"><strong>Johan Skytte poliitikauuringute instituut<\/strong><\/p>\n\n\n\n<p><a href=\"https:\/\/www.etis.ee\/CV\/Oksana_Belova-Dalton\/est\/\">Oksana Belova-Dalton<\/a><\/p>\n\n\n\n<p><a href=\"https:\/\/www.etis.ee\/CV\/Anna_Beitane\/est\/\">Anna Beitane<\/a>\u00a0(magistrikraad)<\/p>\n\n\n\n<p><a href=\"https:\/\/www.etis.ee\/CV\/Stefano_Braghiroli\/est\/\">Stefano Braghiroli<\/a><\/p>\n\n\n\n<p><a href=\"https:\/\/www.etis.ee\/CV\/Piret_Ehin\/est\/\">Piret Ehin<\/a><\/p>\n\n\n\n<p><a href=\"https:\/\/www.etis.ee\/CV\/Dmytro_Khutkyy\/est\/\">Dmytro Khutkyy<\/a><\/p>\n\n\n\n<p><a href=\"https:\/\/www.etis.ee\/CV\/Oleksii_Kolesnykov\/est\/\">Oleksii Kolesnykov<\/a><\/p>\n\n\n\n<p><a href=\"https:\/\/www.etis.ee\/CV\/Heidi_Maiberg001\/est\/\">Heidi Maiberg<\/a><\/p>\n\n\n\n<p><a href=\"https:\/\/www.etis.ee\/CV\/Andrey_Makarychev\/est\/\">Andrey Makarychev<\/a><\/p>\n\n\n\n<p><a href=\"https:\/\/www.etis.ee\/CV\/Kristiina_T%C3%B5nnisson\/est\/\">Kristiina T\u00f5nnisson<\/a><\/p>\n\n\n\n<p><a href=\"https:\/\/www.etis.ee\/CV\/Louis%20John_Wierenga\/est\/\">Louis John Wierenga<\/a> (PhD student, studies discontinued)<\/p>\n\n\n\n<p class=\"has-large-font-size\"><strong>Majandusteaduskond<\/strong><\/p>\n\n\n\n<p class=\"has-regular-font-size\"><a href=\"https:\/\/www.etis.ee\/CV\/Anne_Reino\/est\/\">Anne Reino<\/a><\/p>\n\n\n\n<p><a href=\"https:\/\/www.etis.ee\/CV\/Helen_Poltim%C3%A4e\/est\">Helen Poltim\u00e4e<\/a><\/p>\n\n\n\n<p class=\"has-large-font-size\"><strong>\u00dchiskonnateaduste instituut<\/strong><\/p>\n\n\n\n<p><a href=\"https:\/\/www.etis.ee\/CV\/Sten_Hansson\/est\/\">Sten Hansson<\/a><\/p>\n\n\n\n<p><a href=\"https:\/\/www.etis.ee\/CV\/Marju_Himma\/est\/\">Marju Himma<\/a><\/p>\n\n\n\n<p><a href=\"https:\/\/www.etis.ee\/CV\/Signe_Ivask\/est\/\">Signe <\/a><a href=\"https:\/\/www.etis.ee\/CV\/Signe_Ivask\/eng\/\">Ivask-Mackov\u1ef7ch<\/a><\/p>\n\n\n\n<p>Gretel Juhansoo (bakalaureusekraad)<\/p>\n\n\n\n<p><a href=\"https:\/\/www.etis.ee\/CV\/Kairi_Kasearu\/est\/\">Kairi Kasearu<\/a><\/p>\n\n\n\n<p><a href=\"https:\/\/www.etis.ee\/CV\/Inger_Klesment\/est\/\">Inger Klesment<\/a>\u00a0(magistrikraad)<\/p>\n\n\n\n<p><a href=\"https:\/\/www.etis.ee\/CV\/Ragne_K%C3%B5uts-Klemm\/est\/\">Ragne K\u00f5uts-Klemm<\/a><\/p>\n\n\n\n<p><a href=\"https:\/\/www.etis.ee\/CV\/Brit_Laak\/est\/\">Brit Laak<\/a><\/p>\n\n\n\n<p><a href=\"https:\/\/www.etis.ee\/CV\/Eleri_Lillem%C3%A4e\/est\/\">Eleri Lillem\u00e4e<\/a><\/p>\n\n\n\n<p><a href=\"https:\/\/www.etis.ee\/CV\/Maria_Murumaa-Mengel\/est\/\">Maria Murumaa-Mengel<\/a><\/p>\n\n\n\n<p><a href=\"https:\/\/www.etis.ee\/CV\/Kristi_Nero\/est\/\">Kristi Nero<\/a><\/p>\n\n\n\n<p><a href=\"https:\/\/www.etis.ee\/CV\/Kati_Orru\/est\/\">Kati Orru<\/a><\/p>\n\n\n\n<p><a href=\"https:\/\/www.etis.ee\/CV\/Andra_Siibak\/est\/\">Andra Siibak<\/a><\/p>\n\n\n\n<p><a href=\"https:\/\/www.etis.ee\/CV\/Sten_Torpan\/est\/\">Sten Torpan<\/a><\/p>\n\n\n\n<p>Doktorandid<\/p>\n\n\n\n<p><a href=\"https:\/\/www.etis.ee\/CV\/Sigrid_Aas001\/est\/\">Sigrid Aas<\/a><\/p>\n\n\n\n<p><a href=\"https:\/\/www.etis.ee\/CV\/Michael_Christopher_Cronin\/est\/\">Michael Christopher Cronin<\/a><\/p>\n\n\n\n<p><a href=\"hthttps:\/\/www.etis.ee\/CV\/Ida_Joao-Hussar\/est\/\">Ida Joao-Hussar<\/a><\/p>\n\n\n\n<p><a href=\"https:\/\/www.etis.ee\/CV\/Maia_Klaassen\/est\/\">Maia Klaassen<\/a><\/p>\n\n\n\n<p><a href=\"https:\/\/www.etis.ee\/CV\/Kaarel_Lott\/est\/\">Kaarel Lott<\/a><\/p>\n\n\n\n<p><a href=\"https:\/\/www.etis.ee\/CV\/Ebe_Pilt\/est\/\">Ebe Pilt<\/a><\/p>\n\n\n\n<p><a href=\"https:\/\/www.etis.ee\/CV\/Diana_Poudel\/est\/\">Diana Poudel<\/a><\/p>\n\n\n\n<p><a href=\"https:\/\/www.etis.ee\/CV\/Kristina_Seimann\/est\/\">Kristina Seimann<\/a><\/p>\n\n\n\n<p><a href=\"https:\/\/www.etis.ee\/CV\/Ingeliis_Siimsen\/est\/\">Ingeliis Siimsen<\/a><\/p>\n\n\n\n<p><a href=\"https:\/\/www.etis.ee\/CV\/Kristjan_Silm\/est\/\">Kristjan Silm<\/a><\/p>\n\n\n\n<p><\/p>\n\n\n\n<p><\/p>\n","protected":false},"excerpt":{"rendered":"<p>Sellel lehel saab \u00fclevaate Tartu \u00dclikooli teadlastest, kes uurivad v\u00f5i \u00f5petavad desinformatsiooniga seotud teemasid sotsiaalteaduste, humanitaarteaduste ja kunstide, loodus- ja t\u00e4ppisteaduste, ning meditsiiniteaduste valdkonnas. Humanitaarteaduste ja kunstide valdkond Ajaloo ja arheoloogia instituut John Alphonsus Matthews Filosoofia ja semiootika instituut Ulla &#8230;<\/p>\n","protected":false},"author":280,"featured_media":0,"parent":0,"menu_order":0,"comment_status":"closed","ping_status":"closed","template":"","meta":{"_acf_changed":false,"inline_featured_image":false,"footnotes":""},"class_list":["post-70","page","type-page","status-publish","hentry"],"acf":[],"_links":{"self":[{"href":"https:\/\/sisu.ut.ee\/desinfo\/wp-json\/wp\/v2\/pages\/70","targetHints":{"allow":["GET"]}}],"collection":[{"href":"https:\/\/sisu.ut.ee\/desinfo\/wp-json\/wp\/v2\/pages"}],"about":[{"href":"https:\/\/sisu.ut.ee\/desinfo\/wp-json\/wp\/v2\/types\/page"}],"author":[{"embeddable":true,"href":"https:\/\/sisu.ut.ee\/desinfo\/wp-json\/wp\/v2\/users\/280"}],"replies":[{"embeddable":true,"href":"https:\/\/sisu.ut.ee\/desinfo\/wp-json\/wp\/v2\/comments?post=70"}],"version-history":[{"count":22,"href":"https:\/\/sisu.ut.ee\/desinfo\/wp-json\/wp\/v2\/pages\/70\/revisions"}],"predecessor-version":[{"id":543,"href":"https:\/\/sisu.ut.ee\/desinfo\/wp-json\/wp\/v2\/pages\/70\/revisions\/543"}],"wp:attachment":[{"href":"https:\/\/sisu.ut.ee\/desinfo\/wp-json\/wp\/v2\/media?parent=70"}],"curies":[{"name":"wp","href":"https:\/\/api.w.org\/{rel}","templated":true}]}}