{"id":419,"date":"2025-12-09T13:44:33","date_gmt":"2025-12-09T11:44:33","guid":{"rendered":"https:\/\/sisu.ut.ee\/desinfo\/?page_id=419"},"modified":"2025-12-09T13:47:56","modified_gmt":"2025-12-09T11:47:56","slug":"kontakt","status":"publish","type":"page","link":"https:\/\/sisu.ut.ee\/desinfo\/kontakt\/","title":{"rendered":"Kontakt"},"content":{"rendered":"<p><\/p>\n\n\n\n<p>K\u00fcsimused projekti eesm\u00e4rkide ja tegevuste kohta:<\/p>\n\n\n<div class=\"person-card border rounded p-2 pb-4 mb-4\">\n\t<div class=\"d-flex \">\n\t\t\t\t\t<img loading=\"lazy\" decoding=\"async\" width=\"150\" height=\"150\" src=\"https:\/\/sisu.ut.ee\/wp-content\/uploads\/sites\/899\/UT230918AT374-150x150.jpg\" class=\"flex-shrink-0 object-fit-cover person-card__image img-fluid rounded mb-2 me-2\" alt=\"\">\n\t\t\t\t<div class=\"person-card__info\">\n\t\t\t\t\t\t\t<h3 class=\"h4 mb-2\">Ragne K\u00f5uts-Klemm<\/h3>\n\t\t\t\t\t\t\t\t\t\t<div class=\"mb-2\">\n\t\t\t\t\t<p>Tartu \u00dclikooli \u00fchiskonnateaduste instituudi juhataja ja ajakirjandussotsioloogia kaasprofessor<\/p>\n\n\t\t\t\t<\/div>\n\t\t\t\t\t\t\t\t\t\t<p class=\"mb-0\">+372 5346 0357<\/p>\n\t\t\t\t\t\t\t\t\t\t\t\t\t<a href=\"mailto:ragne.kouts@ut.ee\" class=\"mb-0\">ragne.kouts@ut.ee<\/a>\n\t\t\t\t\t<\/div>\n\t<\/div>\n\t<\/div>\n\n\n\n<p><\/p>\n\n\n\n<p>K\u00fcsimused veebilehe kohta:<\/p>\n\n\n<div class=\"person-card border rounded p-2 pb-4 mb-4\">\n\t<div class=\"d-flex \">\n\t\t\t\t\t<img loading=\"lazy\" decoding=\"async\" width=\"150\" height=\"150\" src=\"https:\/\/sisu.ut.ee\/wp-content\/uploads\/sites\/899\/UT230905AT004-Enhanced-NR-150x150.jpg\" class=\"flex-shrink-0 object-fit-cover person-card__image img-fluid rounded mb-2 me-2\" alt=\"\">\n\t\t\t\t<div class=\"person-card__info\">\n\t\t\t\t\t\t\t<h3 class=\"h4 mb-2\">Darja Maskin<\/h3>\n\t\t\t\t\t\t\t\t\t\t<div class=\"mb-2\">\n\t\t\t\t\t<p>Tartu \u00dclikooli \u00fchiskonnateaduste instituudi kommunikatsioonispetsialist<\/p>\n\n\t\t\t\t<\/div>\n\t\t\t\t\t\t\t\t\t\t<p class=\"mb-0\">+372 737 5188<\/p>\n\t\t\t\t\t\t\t\t\t\t\t\t\t<a href=\"mailto:darja.maskin@ut.ee\" class=\"mb-0\">darja.maskin@ut.ee<\/a>\n\t\t\t\t\t<\/div>\n\t<\/div>\n\t<\/div>\n\n\n\n<p><\/p>\n","protected":false},"excerpt":{"rendered":"<p>K\u00fcsimused projekti eesm\u00e4rkide ja tegevuste kohta: K\u00fcsimused veebilehe kohta:<\/p>\n","protected":false},"author":809,"featured_media":0,"parent":0,"menu_order":0,"comment_status":"closed","ping_status":"closed","template":"","meta":{"_acf_changed":false,"inline_featured_image":false,"footnotes":""},"class_list":["post-419","page","type-page","status-publish","hentry"],"acf":[],"_links":{"self":[{"href":"https:\/\/sisu.ut.ee\/desinfo\/wp-json\/wp\/v2\/pages\/419","targetHints":{"allow":["GET"]}}],"collection":[{"href":"https:\/\/sisu.ut.ee\/desinfo\/wp-json\/wp\/v2\/pages"}],"about":[{"href":"https:\/\/sisu.ut.ee\/desinfo\/wp-json\/wp\/v2\/types\/page"}],"author":[{"embeddable":true,"href":"https:\/\/sisu.ut.ee\/desinfo\/wp-json\/wp\/v2\/users\/809"}],"replies":[{"embeddable":true,"href":"https:\/\/sisu.ut.ee\/desinfo\/wp-json\/wp\/v2\/comments?post=419"}],"version-history":[{"count":3,"href":"https:\/\/sisu.ut.ee\/desinfo\/wp-json\/wp\/v2\/pages\/419\/revisions"}],"predecessor-version":[{"id":569,"href":"https:\/\/sisu.ut.ee\/desinfo\/wp-json\/wp\/v2\/pages\/419\/revisions\/569"}],"wp:attachment":[{"href":"https:\/\/sisu.ut.ee\/desinfo\/wp-json\/wp\/v2\/media?parent=419"}],"curies":[{"name":"wp","href":"https:\/\/api.w.org\/{rel}","templated":true}]}}