{"id":2,"date":"2025-03-21T12:58:44","date_gmt":"2025-03-21T12:58:44","guid":{"rendered":"https:\/\/sisu.ut.ee\/desinfo\/?page_id=2"},"modified":"2026-01-27T11:34:53","modified_gmt":"2026-01-27T09:34:53","slug":"sample-page","status":"publish","type":"page","link":"https:\/\/sisu.ut.ee\/desinfo\/","title":{"rendered":"Avaleht"},"content":{"rendered":"<p>Valeinfo levik ja infomanipulatsioonid esitavad t\u00f5siseid v\u00e4ljakutseid t\u00e4nap\u00e4eva \u00fchiskondadele. Valeinfo ohustab indiviidide heaolu, tervist, j\u00f5ukust, riikide julgeolekut, \u00fchiskondade sisemist stabiilsust, demokraatia toimimist, valimiste legitiimsust ning \u00fcldist usalduse taset \u00fchiskonnas. Nii Eestis, meie liitlaste seas kui laiemalt kogu maailmas otsitakse lahendusi, kuidas infokorratusega toime tulla ja sellest l\u00e4htuvaid ohtusid maandada.<\/p>\n\n\n\n<p>Tartu \u00dclikoolis tegelevad desinformatsiooni, selle leviku ja sekkumiste uurimise ning \u00f5petamisega mitmed \u00fcksused. Koordineeritud erialade ja \u00fcksustevaheliseks koost\u00f6\u00f6ks ja kompetentside ja v\u00f5imekuse arendamiseks l\u00f5ime multidistsiplinaarse koost\u00f6\u00f6platvormi, mis koondab ja arendab infokorratuse alaseid kompetentse Tartu \u00dclikoolis. Tegeleme teadust\u00f6\u00f6, rakendusuuringute, ekspertiisi pakkumise ning \u00f5ppe ja t\u00e4iendkoolitustega. Koost\u00f6\u00f6platvorm aitab selleks kokku tuua erinevate erialade ja valdkondade kompetentsi.<\/p>\n\n\n\n<p>Desinfo koost\u00f6\u00f6platvorm on loodud \u00fchiskonnateaduste instituudi juures tegutseva infokorratuse sekkekeskuse <a href=\"https:\/\/becid.ut.ee\/\" target=\"_blank\" rel=\"noreferrer noopener\">BECID<\/a> (Baltic Engagement Centre for Combating Information Disorders) baasilt.<\/p>\n\n\n\n<p>Koost\u00f6\u00f6s osalevad lisaks \u00fchiskonnateaduste instituudile Johan Skytte poliitikauuringute instituut, majandusteaduskond, peremeditsiini ja rahvatervishoiu instituut, arvutiteaduse instituut ning maailma keelte ja kultuuride instituut. Projekti raames koordineeritakse desinfo alast koost\u00f6\u00f6d \u00fclikoolis, v\u00e4rvates \u00fcksustesse teemaga tegelevaid projektikoordinaatoreid v\u00f5i teadlasi, korraldatakse v\u00f5rgustumis- ja teavitamis\u00fcritusi, algatatakse projekte, valmistatakse interdistsiplinaarselt kasutatavaid \u00f5ppematerjale ning korraldatakse nii \u00fcli\u00f5pilastele kui ka t\u00f6\u00f6tajatele suunatud s\u00fcndmusi, seminare ja koolitusi. Alates 2026. aastast suuname platvormi tegevused ka \u00fclikoolist v\u00e4ljapoole.<\/p>\n\n\n\n<p><\/p>\n","protected":false},"excerpt":{"rendered":"<p>Valeinfo levik ja infomanipulatsioonid esitavad t\u00f5siseid v\u00e4ljakutseid t\u00e4nap\u00e4eva \u00fchiskondadele. Valeinfo ohustab indiviidide heaolu, tervist, j\u00f5ukust, riikide julgeolekut, \u00fchiskondade sisemist stabiilsust, demokraatia toimimist, valimiste legitiimsust ning \u00fcldist usalduse taset \u00fchiskonnas. Nii Eestis, meie liitlaste seas kui laiemalt kogu maailmas otsitakse lahendusi, &#8230;<\/p>\n","protected":false},"author":809,"featured_media":0,"parent":0,"menu_order":0,"comment_status":"closed","ping_status":"open","template":"","meta":{"_acf_changed":false,"inline_featured_image":false,"footnotes":""},"class_list":["post-2","page","type-page","status-publish","hentry"],"acf":[],"_links":{"self":[{"href":"https:\/\/sisu.ut.ee\/desinfo\/wp-json\/wp\/v2\/pages\/2","targetHints":{"allow":["GET"]}}],"collection":[{"href":"https:\/\/sisu.ut.ee\/desinfo\/wp-json\/wp\/v2\/pages"}],"about":[{"href":"https:\/\/sisu.ut.ee\/desinfo\/wp-json\/wp\/v2\/types\/page"}],"author":[{"embeddable":true,"href":"https:\/\/sisu.ut.ee\/desinfo\/wp-json\/wp\/v2\/users\/809"}],"replies":[{"embeddable":true,"href":"https:\/\/sisu.ut.ee\/desinfo\/wp-json\/wp\/v2\/comments?post=2"}],"version-history":[{"count":18,"href":"https:\/\/sisu.ut.ee\/desinfo\/wp-json\/wp\/v2\/pages\/2\/revisions"}],"predecessor-version":[{"id":617,"href":"https:\/\/sisu.ut.ee\/desinfo\/wp-json\/wp\/v2\/pages\/2\/revisions\/617"}],"wp:attachment":[{"href":"https:\/\/sisu.ut.ee\/desinfo\/wp-json\/wp\/v2\/media?parent=2"}],"curies":[{"name":"wp","href":"https:\/\/api.w.org\/{rel}","templated":true}]}}