{"id":138,"date":"2025-11-03T16:23:15","date_gmt":"2025-11-03T14:23:15","guid":{"rendered":"https:\/\/sisu.ut.ee\/desinfo\/?page_id=138"},"modified":"2026-02-18T16:55:58","modified_gmt":"2026-02-18T14:55:58","slug":"sundmused","status":"publish","type":"page","link":"https:\/\/sisu.ut.ee\/desinfo\/sundmused\/","title":{"rendered":"S\u00fcndmused"},"content":{"rendered":"<p><\/p>\n\n\n\n<p>Desinfo koost\u00f6\u00f6platvormi raames toimuvad interdistsiplinaarsed seminarid, kus Tartu \u00dclikooli \u00fcksuste esindajad tutvuvad \u00fcksteise uurimissuundade, valeinfoga seotud teadus- ja \u00f5ppet\u00f6\u00f6ga ning -vajadustega. \u00dcrituste oluline osa on arutelud, mille k\u00e4igus uurijad ja praktikud saavad anal\u00fc\u00fcsida teemaga seotud murekohti ja otsida lahendusi.<\/p>\n\n\n\n<hr class=\"wp-block-separator has-alpha-channel-opacity\">\n\n\n\n<div class=\"wp-block-group is-layout-grid wp-container-core-group-is-layout-4d858cb8 wp-block-group-is-layout-grid\"><section class=\"page-cards-block page-section page-section--wide\">\n    <h2 class=\"visually-hidden\">Lehed<\/h2>\n    <div class=\"container-fluid g-0\">\n      <div class=\"row g-0\">\n                  <div class=\"col-12\">\n            <div class=\"page-card d-flex justify-content-center align-items-end w-100 position-relative\" style=\"background-image: url(https:\/\/sisu.ut.ee\/wp-content\/uploads\/sites\/899\/ru-recovery-ministries-zAUFtGIWc0E-unsplash_0-1.jpg);\">\n  <div class=\"page-card__content text-center w-100 p-2 p-lg-4\">\n          <h3 class=\"h4 text-white mb-2\">Erialadevahelist koost\u00f6\u00f6d hakkab v\u00f5imestama desinfo koost\u00f6\u00f6platvorm<\/h3>\n        <a href=\"https:\/\/sisu.ut.ee\/desinfo\/platvormi-avaseminar\/\" class=\"btn btn-outline-light btn-icon\" target=\"_blank\">Platvormi avaseminar<\/a>\n  <\/div>\n<\/div>\n          <\/div>\n              <\/div>\n    <\/div>\n  <\/section>\n\n\n<section class=\"page-cards-block page-section page-section--wide\">\n    <h2 class=\"visually-hidden\">Lehed<\/h2>\n    <div class=\"container-fluid g-0\">\n      <div class=\"row g-0\">\n                  <div class=\"col-12\">\n            <div class=\"page-card d-flex justify-content-center align-items-end w-100 position-relative\" style=\"background-image: url(https:\/\/sisu.ut.ee\/wp-content\/uploads\/sites\/899\/IMG_0642-1920x1060.jpeg);\">\n  <div class=\"page-card__content text-center w-100 p-2 p-lg-4\">\n          <h3 class=\"h4 text-white mb-2\">Kuidas me s\u00f5nastame ja tajume ohtu?<\/h3>\n        <a href=\"https:\/\/sisu.ut.ee\/desinfo\/kuidas-me-sonastame-ja-tajume-ohtu\/\" class=\"btn btn-outline-light btn-icon\" target=\"_blank\">Teine seminar<\/a>\n  <\/div>\n<\/div>\n          <\/div>\n              <\/div>\n    <\/div>\n  <\/section>\n\n\n<section class=\"page-cards-block page-section page-section--wide\">\n    <h2 class=\"visually-hidden\">Lehed<\/h2>\n    <div class=\"container-fluid g-0\">\n      <div class=\"row g-0\">\n                  <div class=\"col-12\">\n            <div class=\"page-card d-flex justify-content-center align-items-end w-100 position-relative\" style=\"background-image: url(https:\/\/sisu.ut.ee\/wp-content\/uploads\/sites\/899\/jacob-sangster-Bt6GJdmTkyM-unsplash-1920x1080.jpg);\">\n  <div class=\"page-card__content text-center w-100 p-2 p-lg-4\">\n          <h3 class=\"h4 text-white mb-2\">Rohepesu vs j\u00e4tkusuutlikkus<\/h3>\n        <a href=\"https:\/\/sisu.ut.ee\/desinfo\/euroopa-komisjoni-kavandatav-rohevaidete-direktiiv-toob-tarbijaile-kasu-ettevotetele-lisatoo-info-esitamisel\/\" class=\"btn btn-outline-light btn-icon\" target=\"_blank\">Kolmas seminar<\/a>\n  <\/div>\n<\/div>\n          <\/div>\n              <\/div>\n    <\/div>\n  <\/section>\n\n\n<section class=\"page-cards-block page-section page-section--wide\">\n    <h2 class=\"visually-hidden\">Lehed<\/h2>\n    <div class=\"container-fluid g-0\">\n      <div class=\"row g-0\">\n                  <div class=\"col-12\">\n            <div class=\"page-card d-flex justify-content-center align-items-end w-100 position-relative\" style=\"background-image: url(https:\/\/sisu.ut.ee\/wp-content\/uploads\/sites\/899\/timur-shakerzianov-yCs7YTwEw2w-unsplash.jpg);\">\n  <div class=\"page-card__content text-center w-100 p-2 p-lg-4\">\n          <h3 class=\"h4 text-white mb-2\">Desinfo, tehisaru ja alternatiivsed m\u00f5tteviisid meditsiinis<\/h3>\n        <a href=\"https:\/\/sisu.ut.ee\/desinfo\/seminar-mis-muret-teeb-desinfo-tehisaru-ja-alternatiivsed-motteviisid-meditsiinis\/\" class=\"btn btn-outline-light btn-icon\" target=\"_blank\">Neljas seminar<\/a>\n  <\/div>\n<\/div>\n          <\/div>\n              <\/div>\n    <\/div>\n  <\/section>\n<\/div>\n\n\n\n<div style=\"height:100px\" aria-hidden=\"true\" class=\"wp-block-spacer\"><\/div>\n\n\n\n<p><\/p>\n\n\n\n<div style=\"height:0px\" aria-hidden=\"true\" class=\"wp-block-spacer\"><\/div>\n\n\n\n<div class=\"wp-block-group is-layout-grid wp-container-core-group-is-layout-4d858cb8 wp-block-group-is-layout-grid\"><section class=\"page-cards-block page-section page-section--wide\">\n    <h2 class=\"visually-hidden\">Lehed<\/h2>\n    <div class=\"container-fluid g-0\">\n      <div class=\"row g-0\">\n                  <div class=\"col-12\">\n            <div class=\"page-card d-flex justify-content-center align-items-end w-100 position-relative\" style=\"background-image: url(https:\/\/sisu.ut.ee\/wp-content\/uploads\/sites\/899\/Bannerid_Skytte-3.jpeg);\">\n  <div class=\"page-card__content text-center w-100 p-2 p-lg-4\">\n          <h3 class=\"h4 text-white mb-2\">Demokraatlikud valimised hapras maailmas<\/h3>\n        <a href=\"https:\/\/sisu.ut.ee\/desinfo\/avalik-loeng-valimised-hapras-maailmas-kuidas-demokraatiad-saavad-strateegilisele-manipulatsioonile-vastu-seista\/\" class=\"btn btn-outline-light btn-icon\" target=\"_blank\">Viies seminar<\/a>\n  <\/div>\n<\/div>\n          <\/div>\n              <\/div>\n    <\/div>\n  <\/section>\n\n\n<section class=\"page-cards-block page-section page-section--wide\">\n    <h2 class=\"visually-hidden\">Lehed<\/h2>\n    <div class=\"container-fluid g-0\">\n      <div class=\"row g-0\">\n                  <div class=\"col-12\">\n            <div class=\"page-card d-flex justify-content-center align-items-end w-100 position-relative\" style=\"background-image: url(https:\/\/sisu.ut.ee\/wp-content\/uploads\/sites\/899\/Foto_Eesti-tervisekommunikatsiooni-vorgustik-11.11.25-1-1920x1440.jpg);\">\n  <div class=\"page-card__content text-center w-100 p-2 p-lg-4\">\n          <h3 class=\"h4 text-white mb-2\">Teadlased l\u00f5id \u00fchise tervisekommunikatsiooni v\u00f5rgustiku<\/h3>\n        <a href=\"https:\/\/sisu.ut.ee\/desinfo\/teadlased-loid-uhise-tervisekommunikatsiooni-vorgustiku\/\" class=\"btn btn-outline-light btn-icon\" target=\"_blank\">Loe l\u00e4hemalt<\/a>\n  <\/div>\n<\/div>\n          <\/div>\n              <\/div>\n    <\/div>\n  <\/section>\n\n\n<section class=\"page-cards-block page-section page-section--wide\">\n    <h2 class=\"visually-hidden\">Lehed<\/h2>\n    <div class=\"container-fluid g-0\">\n      <div class=\"row g-0\">\n                  <div class=\"col-12\">\n            <div class=\"page-card d-flex justify-content-center align-items-end w-100 position-relative\" style=\"background-image: url(https:\/\/sisu.ut.ee\/wp-content\/uploads\/sites\/899\/UndercliffCreative-211-2.jpg);\">\n  <div class=\"page-card__content text-center w-100 p-2 p-lg-4\">\n          <h3 class=\"h4 text-white mb-2\">H\u00fcbriidjulgeolek: teadmised ja tegevused Euroopa idapiiril<\/h3>\n        <a href=\"https:\/\/majandus.ut.ee\/et\/uudis\/tana-delta-trendipaev-2025-hubriidjulgeolek-teadmised-ja-tegevused-euroopa-idapiiril\" class=\"btn btn-outline-light btn-icon\" target=\"_blank\">Delta Trendip\u00e4ev 2025<\/a>\n  <\/div>\n<\/div>\n          <\/div>\n              <\/div>\n    <\/div>\n  <\/section>\n\n\n<section class=\"page-cards-block page-section page-section--wide\">\n    <h2 class=\"visually-hidden\">Lehed<\/h2>\n    <div class=\"container-fluid g-0\">\n      <div class=\"row g-0\">\n                  <div class=\"col-12\">\n            <div class=\"page-card d-flex justify-content-center align-items-end w-100 position-relative\" style=\"background-image: url(https:\/\/sisu.ut.ee\/wp-content\/uploads\/sites\/899\/annie-spratt-Bp3VOwxL7pU-unsplash-1920x1294.jpg);\">\n  <div class=\"page-card__content text-center w-100 p-2 p-lg-4\">\n          <h3 class=\"h4 text-white mb-2\">Tulemas: tervisekommunikatsiooni v\u00f5rgustiku \u00fcmarlaud<\/h3>\n        <a href=\"https:\/\/sisu.ut.ee\/desinfo\/tervisekommunikatsiooni-vorgustiku-umarlaud\/\" class=\"btn btn-outline-light btn-icon\" target=\"_blank\">Uuri l\u00e4hemalt<\/a>\n  <\/div>\n<\/div>\n          <\/div>\n              <\/div>\n    <\/div>\n  <\/section>\n<\/div>\n\n\n\n<div style=\"height:29px\" aria-hidden=\"true\" class=\"wp-block-spacer\"><\/div>\n\n\n\n<div class=\"wp-block-group is-layout-constrained wp-block-group-is-layout-constrained\"><\/div>\n\n\n\n<div class=\"wp-block-group is-nowrap is-layout-flex wp-container-core-group-is-layout-ad2f72ca wp-block-group-is-layout-flex\"><\/div>\n\n\n\n<div class=\"wp-block-group is-layout-grid wp-container-core-group-is-layout-4d858cb8 wp-block-group-is-layout-grid\">\n<div class=\"wp-block-group is-nowrap is-layout-flex wp-container-core-group-is-layout-ad2f72ca wp-block-group-is-layout-flex\"><\/div>\n<\/div>\n\n\n\n<p><\/p>\n","protected":false},"excerpt":{"rendered":"<p>Desinfo koost\u00f6\u00f6platvormi raames toimuvad interdistsiplinaarsed seminarid, kus Tartu \u00dclikooli \u00fcksuste esindajad tutvuvad \u00fcksteise uurimissuundade, valeinfoga seotud teadus- ja \u00f5ppet\u00f6\u00f6ga ning -vajadustega. \u00dcrituste oluline osa on arutelud, mille k\u00e4igus uurijad ja praktikud saavad anal\u00fc\u00fcsida teemaga seotud murekohti ja otsida lahendusi.<\/p>\n","protected":false},"author":809,"featured_media":0,"parent":0,"menu_order":0,"comment_status":"closed","ping_status":"closed","template":"","meta":{"_acf_changed":false,"inline_featured_image":false,"footnotes":""},"class_list":["post-138","page","type-page","status-publish","hentry"],"acf":[],"_links":{"self":[{"href":"https:\/\/sisu.ut.ee\/desinfo\/wp-json\/wp\/v2\/pages\/138","targetHints":{"allow":["GET"]}}],"collection":[{"href":"https:\/\/sisu.ut.ee\/desinfo\/wp-json\/wp\/v2\/pages"}],"about":[{"href":"https:\/\/sisu.ut.ee\/desinfo\/wp-json\/wp\/v2\/types\/page"}],"author":[{"embeddable":true,"href":"https:\/\/sisu.ut.ee\/desinfo\/wp-json\/wp\/v2\/users\/809"}],"replies":[{"embeddable":true,"href":"https:\/\/sisu.ut.ee\/desinfo\/wp-json\/wp\/v2\/comments?post=138"}],"version-history":[{"count":30,"href":"https:\/\/sisu.ut.ee\/desinfo\/wp-json\/wp\/v2\/pages\/138\/revisions"}],"predecessor-version":[{"id":714,"href":"https:\/\/sisu.ut.ee\/desinfo\/wp-json\/wp\/v2\/pages\/138\/revisions\/714"}],"wp:attachment":[{"href":"https:\/\/sisu.ut.ee\/desinfo\/wp-json\/wp\/v2\/media?parent=138"}],"curies":[{"name":"wp","href":"https:\/\/api.w.org\/{rel}","templated":true}]}}