{"id":137,"date":"2024-04-04T05:34:17","date_gmt":"2024-04-04T02:34:17","guid":{"rendered":"https:\/\/sisu.ut.ee\/defactostates\/intervjuud\/"},"modified":"2025-09-24T16:35:56","modified_gmt":"2025-09-24T13:35:56","slug":"intervjuud","status":"publish","type":"page","link":"https:\/\/sisu.ut.ee\/defactostates\/intervjuud\/","title":{"rendered":"Intervjuud\/Interviews"},"content":{"rendered":"<p><\/p>\n\n\n<p>\u00a0<\/p>\n<p><a href=\"https:\/\/kuku.pleier.ee\/podcast\/sihik\">Sihik: Eiki Berg Palestiina riigi tunnustamise protsessist.<\/a> KUKU Raadio, 24. september 2025<\/p>\n<hr>\n<p>Professor Eiki Berg: <a href=\"https:\/\/maailm.postimees.ee\/8168656\/professor-eiki-berg-groonimaa-ja-arktika-geopoliitiline-tahtsus-on-uha-kasvamas\">Gr\u00f6\u00f6nimaa ja Arktika geopoliitiline t\u00e4htsus on \u00fcha kasvamas<\/a>. <em>Postimees<\/em>, 9. jaanuar 2024.<\/p>\n<hr>\n<p>INTERVJUU | <a href=\"https:\/\/epl.delfi.ee\/artikkel\/120348582\/intervjuu-eiki-berg-usa-poorab-arusaama-rahust-pea-peale-trumpi-ahvardused-pole-putini-omadest-paremad\">Eiki Berg: USA p\u00f6\u00f6rab arusaama rahust peapeale. Trumpi \u00e4hvardused pole Putini omadest paremad<\/a>. <em>EPL<\/em>, 9. jaanuar 2024.<\/p>\n<hr>\n<p>INTERVJUU | <a href=\"https:\/\/www.delfi.ee\/artikkel\/120290719\/intervjuu-politoloog-ma-pole-vaga-optimistlik-mis-puudutab-moldova-voimet-end-kriisi-korral-kaitsta\">Politoloog: ma pole v\u00e4ga optimistlik, mis puudutab Moldova v\u00f5imet end kriisi korral kaitsta<\/a>. <em>Delfi<\/em> 6. mai 2024.<\/p>\n<hr>\n<p style=\"text-align: justify;\">Shpend Kursani <a href=\"https:\/\/www.youtube.com\/watch?v=0y9f9H-Mld0\">North Kosovo referendum: Vote held to remove ethnic Albanian mayors<\/a>. <em>Al Jazeera English<\/em>. 22 April 2024<\/p>\n<hr>\n<p style=\"text-align: justify;\"><a title=\"\" href=\"https:\/\/arvamus.postimees.ee\/7899560\/ak-eiki-berg-palestiinlaste-inimvaarne-elu-iisraelis-on-voimalik\" target=\"_blank\" rel=\"noopener\" data-url=\"https:\/\/arvamus.postimees.ee\/7899560\/ak-eiki-berg-palestiinlaste-inimvaarne-elu-iisraelis-on-voimalik\">Eiki Berg: palestiinlaste inimv\u00e4\u00e4rne elu Iisraelis on v\u00f5imalik<\/a>. <em>Postimees AK<\/em>, 18. november 2023.<\/p>\n<hr>\n<p style=\"text-align: justify;\">Uudis+. <a title=\"\" href=\"https:\/\/vikerraadio.err.ee\/1609139438\/uudis-lauri-varik\/986396e52ef84bd0e6ec71ef078e0b61\" target=\"_blank\" rel=\"noopener\" data-url=\"https:\/\/vikerraadio.err.ee\/1609139438\/uudis-lauri-varik\/986396e52ef84bd0e6ec71ef078e0b61\">Eiki Berg L\u00e4his-Idas toimuva s\u00f5ja p\u00f5hjustest<\/a>. <em>ERR Vikerraadio<\/em>, 2. november 2023.<\/p>\n<hr>\n<p style=\"text-align: justify;\"><a title=\"\" href=\"https:\/\/etv.err.ee\/1609138793\/iisraeli-ja-palestiina-pinged\" target=\"_blank\" rel=\"noopener\" data-url=\"https:\/\/etv.err.ee\/1609138793\/iisraeli-ja-palestiina-pinged\">Iisraeli-Palestiina pingetest Gaza sektoris.<\/a> <em>ETV Terevisioon<\/em>, 19. oktoober 2023.<\/p>\n<hr>\n<p style=\"text-align: justify;\"><a title=\"\" href=\"https:\/\/tartu.postimees.ee\/7872037\/puust-ja-punaseks-politoloog-selgitab-milles-seisneb-iisraeli-gaza-konflikt\" target=\"_blank\" rel=\"noopener\" data-url=\"https:\/\/tartu.postimees.ee\/7872037\/puust-ja-punaseks-politoloog-selgitab-milles-seisneb-iisraeli-gaza-konflikt\">Puust ja punaseks. Politoloog selgitab, milles seisneb Iisraeli-Gaza konflikt.<\/a> <em>Tartu Postimees<\/em>, 9. oktoober 2023.<\/p>\n<hr>\n<p style=\"text-align: justify;\">INTERVJUU\u00a0| <a title=\"\" href=\"https:\/\/epl.delfi.ee\/artikkel\/120238301\/intervjuu-eiki-berg-sealmaal-vordub-uhe-juudi-elu-sadade-palestiinlaste-eludega-kahjuks-on-see-nii\" target=\"_blank\" rel=\"noopener\" data-url=\"https:\/\/epl.delfi.ee\/artikkel\/120238301\/intervjuu-eiki-berg-sealmaal-vordub-uhe-juudi-elu-sadade-palestiinlaste-eludega-kahjuks-on-see-nii\">Eiki Berg: sealmaal v\u00f5rdub \u00fche juudi elu sadade palestiinlaste eludega. Kahjuks on see nii.<\/a> <em>EPL<\/em>, 9. oktoober 2023.<\/p>\n<hr>\n<p style=\"text-align: justify;\">DELFI ERISAADE | <a title=\"\" href=\"https:\/\/epl.delfi.ee\/arvamus\/erisaade-venemaa-ei-liiguta-armeenia-kaitseks-turgi-eest-sormegi-miks?id=91282007\" target=\"_blank\" rel=\"noopener\" data-url=\"https:\/\/epl.delfi.ee\/arvamus\/erisaade-venemaa-ei-liiguta-armeenia-kaitseks-turgi-eest-sormegi-miks?id=91282007\">Venemaa ei liiguta Armeenia kaitseks T\u00fcrgi eest s\u00f5rmegi. Miks?<\/a> 7. oktoober 2020.<\/p>\n<hr>\n<p style=\"text-align: justify;\">Uudis+. <a title=\"\" href=\"https:\/\/vikerraadio.err.ee\/1137825\/uudis-lauri-varik\/1100856\" target=\"_blank\" rel=\"noopener\" data-url=\"https:\/\/vikerraadio.err.ee\/1137825\/uudis-lauri-varik\/1100856\">Eiki Berg armeenlaste ja aserite pikaajalise vaenu tagamaadest<\/a>. <em>ERR<\/em>, 5 oktoober 2020.<\/p>\n<hr>\n<p style=\"text-align: justify;\">Piotr Gil. <a href=\"https:\/\/sisu.ut.ee\/wp-content\/uploads\/sites\/398\/ng_nr_2_2020-pages-125-131.pdf\" data-fid=\"54487\">Geografia nadal ma znaczenie. Wywiad z prof. Eiki Bergiem<\/a>. <em>Nowa Geopolityka<\/em>, nr 2: 2020, 125-131.<\/p>\n<hr>\n<p style=\"text-align: justify;\">Marian M\u00e4nni. <a title=\"\" href=\"https:\/\/researchinestonia.eu\/2020\/07\/01\/surviving-isolation-in-an-isolated-state\/\" target=\"_blank\" rel=\"noopener\" data-url=\"https:\/\/researchinestonia.eu\/2020\/07\/01\/surviving-isolation-in-an-isolated-state\/\">Surviving isolation in an isolated place<\/a>. <em>Research in Estonia<\/em>. 1 July 2020.<\/p>\n<div style=\"text-align: justify;\"><hr>\n<p>Uudis+.\u00a0Eiki\u00a0Berg\u00a0<a title=\"\" href=\"https:\/\/vikerraadio.err.ee\/1024351\/uudis-madis-hindre\/1012345\" target=\"_blank\" rel=\"noopener\" data-url=\" https:\/\/vikerraadio.err.ee\/1024351\/uudis-madis-hindre\/1012345\">Trumpi pakutud L\u00e4his-Ida rahuplaanist<\/a>.\u00a0<em>ERR<\/em>, 29. jaanuar 2020.<\/p>\n<hr>\n<p><span lang=\"EN-US\">Eiki Berg: <\/span><a title=\"\" href=\"http:\/\/epl.delfi.ee\/news\/arvamus\/eiki-berg-dialoogi-valtimine-voib-viia-relvakonfliktini?id=79702462\" target=\"_blank\" rel=\"noopener\" data-url=\"http:\/\/epl.delfi.ee\/news\/arvamus\/eiki-berg-dialoogi-valtimine-voib-viia-relvakonfliktini?id=79702462\">dialoogi v\u00e4ltimine v\u00f5ib viia relvakonfliktini<\/a><span lang=\"EN-US\">. <em>EPL<\/em>, 3. oktoober 2017.<\/span><\/p>\n<hr><\/div>\n<p style=\"text-align: justify;\"><span lang=\"EN-US\">Uudis+. Eiki Berg <\/span><a title=\"\" href=\"https:\/\/vikerraadio.err.ee\/814564\/uudis-madis-hindre\/709694\" target=\"_blank\" rel=\"noopener\" data-url=\"https:\/\/vikerraadio.err.ee\/814564\/uudis-madis-hindre\/709694\">Kataloonias toimunud iseseisvusreferendumist<\/a><span lang=\"EN-US\">. <em>Vikerraadio<\/em>, 2. oktoober 2017.<\/span><\/p>\n<hr>\n<p style=\"text-align: justify;\"><span lang=\"ET\">Eiki Berg <\/span><a title=\"\" href=\"http:\/\/maailm.postimees.ee\/4262113\/eiki-berg-kataloonia-referendumist-mone-aastaga-oleks-voinud-nii-mondagi-muutuda?_ga=2.47885284.238751508.1506921429-1058754333.1505713348\" target=\"_blank\" rel=\"noopener\" data-url=\"http:\/\/maailm.postimees.ee\/4262113\/eiki-berg-kataloonia-referendumist-mone-aastaga-oleks-voinud-nii-mondagi-muutuda?_ga=2.47885284.238751508.1506921429-1058754333.1505713348\">Kataloonia referendumist: m\u00f5ne aastaga oleks v\u00f5inud nii m\u00f5ndagi juhtuda<\/a><span lang=\"ET\">. <em>Postimees<\/em>, 2. oktoober 2017.<\/span><\/p>\n<hr>\n<p style=\"text-align: justify;\"><span lang=\"ET\">Agenda. <\/span><a title=\"\" href=\"https:\/\/r2.err.ee\/674258\/kurdistani-iseseisvumise-valjavaated\" target=\"_blank\" rel=\"noopener\" data-url=\"https:\/\/r2.err.ee\/674258\/kurdistani-iseseisvumise-valjavaated\">Kurdide iseseisvusreferendumit ja pingeid L\u00e4his-Idas anal\u00fc\u00fcsib T\u00dc rahvusvaheliste suhete teooriaprofessor Eiki Berg<\/a><span lang=\"ET\">. <em>Raadio 2<\/em>, 27. september 2017.<\/span><\/p>\n<hr>\n<p style=\"text-align: justify;\"><span lang=\"EN-US\">Uudis+. <\/span><a title=\"\" href=\"https:\/\/vikerraadio.err.ee\/807358\/uudis-margitta-otsmaa\/631968\" target=\"_blank\" rel=\"noopener\" data-url=\"https:\/\/vikerraadio.err.ee\/807358\/uudis-margitta-otsmaa\/631968\">Eiki Berg K\u00fcprose taas\u00fchendamise k\u00f5neluste eba\u00f5nnestumisest<\/a><span lang=\"EN-US\">. <em>Vikerraadio<\/em>, 23. november 2016.<\/span><\/p>\n<hr>\n<p style=\"text-align: justify;\">Berg: <a title=\"\" href=\"http:\/\/uudised.err.ee\/v\/valismaa\/5cff1868-bafa-4ef7-9aa0-d3acb84fb835\/eiki-berg-magi-karabahhis-pole-enam-aastakumneid-olnud-soda-ega-rahu\" target=\"_blank\" rel=\"noopener\" data-url=\"http:\/\/uudised.err.ee\/v\/valismaa\/5cff1868-bafa-4ef7-9aa0-d3acb84fb835\/eiki-berg-magi-karabahhis-pole-enam-aastakumneid-olnud-soda-ega-rahu\">M\u00e4gi-Karabahhis pole enam aastak\u00fcmneid olnud s\u00f5da ega rahu<\/a>. <em>ERR Uudised<\/em>, 4. aprill 2016.<\/p>\n<hr>\n<p style=\"text-align: justify;\"><span lang=\"EN-US\">Berg: <\/span><a title=\"\" href=\"http:\/\/uudised.err.ee\/v\/valismaa\/f2eb1357-63f8-4433-8bec-aa2b925111a1\" target=\"_blank\" rel=\"noopener\" data-url=\"http:\/\/uudised.err.ee\/v\/valismaa\/f2eb1357-63f8-4433-8bec-aa2b925111a1\">M\u00e4gi-Karabahhis tulevad m\u00e4ngu suurriikide huvid<\/a><span lang=\"EN-US\">. <em>ERR Uudised<\/em>, 5. august 2014.<\/span><\/p>\n<hr>\n<p style=\"text-align: justify;\"><span lang=\"EN-US\">Berg: <\/span><a title=\"\" href=\"http:\/\/uudised.err.ee\/v\/valismaa\/45b42d17-e8cd-4bf9-96b3-756d9e48e8b6\" target=\"_blank\" rel=\"noopener\" data-url=\"http:\/\/uudised.err.ee\/v\/valismaa\/45b42d17-e8cd-4bf9-96b3-756d9e48e8b6\">Olukord Ida-Ukrainas v\u00f5ib kontrolli alt v\u00e4ljuda<\/a><span lang=\"EN-US\">. <em>ERR Uudised<\/em>, 7. aprill 2014.<\/span><\/p>\n<hr>\n<p style=\"text-align: justify;\"><span lang=\"EN-US\">Eiki Berg <\/span><a title=\"\" href=\"http:\/\/podcast.kuku.ee\/2012\/11\/04\/kukkuv-oun-2012-11-04\/\" target=\"_blank\" rel=\"noopener\" data-url=\"http:\/\/podcast.kuku.ee\/2012\/11\/04\/kukkuv-oun-2012-11-04\/\">konfliktsest enesem\u00e4\u00e4ratlemisest ja de facto riikidest<\/a><span lang=\"EN-US\">. <em>Kuku raadio<\/em>, 4. november 2012.<\/span><\/p>\n<hr>\n<p style=\"text-align: justify;\"><span lang=\"EN-US\">Eiki Berg: <\/span><a title=\"\" href=\"https:\/\/www.err.ee\/357079\/berg-euroopa-rahvaste-iseseisvustaotlused-kaost-ei-pohjusta\" target=\"_blank\" rel=\"noopener\" data-url=\"https:\/\/www.err.ee\/357079\/berg-euroopa-rahvaste-iseseisvustaotlused-kaost-ei-pohjusta\">Euroopa rahvaste iseseisvustaotlused kaost ei p\u00f5hjusta<\/a><span lang=\"EN-US\">. <em>ERR Uudised<\/em>, 28. november 2012.<\/span><\/p>\n<hr>\n<p style=\"text-align: justify;\"><span lang=\"EN-US\">K\u00e4ndler, T. <\/span><a title=\"\" href=\"http:\/\/www.epl.ee\/news\/melu\/usa-on-maailma-suveraanseim-riik.d?id=64666276\" target=\"_blank\" rel=\"noopener\" data-url=\"http:\/\/www.epl.ee\/news\/melu\/usa-on-maailma-suveraanseim-riik.d?id=64666276\">Eiki Berg: USA on maailma suver\u00e4\u00e4nseim riik<\/a><span lang=\"EN-US\">. <em>Eesti P\u00e4evaleht<\/em>, 12. juuli 2012.<\/span><\/p>\n<hr>\n<p style=\"text-align: justify;\"><span lang=\"EN-US\">Eiki Berg: <\/span><a title=\"\" href=\"https:\/\/www.err.ee\/384899\/eiki-berg-kosovo-ja-serbia-vastasseis-on-uletamatu\" target=\"_blank\" rel=\"noopener\" data-url=\"https:\/\/www.err.ee\/384899\/eiki-berg-kosovo-ja-serbia-vastasseis-on-uletamatu\">Kosovo ja Serbia vastasseis on \u00fcletamatu<\/a><span lang=\"EN-US\">. <em>ERR Uudised<\/em>, 9. oktoober 2011.<\/span><\/p>\n<hr>\n<p style=\"text-align: justify;\"><span lang=\"EN-US\">\u042d\u0439\u043a\u0438 \u0411\u0435\u0440\u0433 <\/span><a title=\"\" href=\"http:\/\/caucasustimes.com\/ru\/jejki-berg-o-ponjatii-gruziievropa\/\" target=\"_blank\" rel=\"noopener\" data-url=\"http:\/\/caucasustimes.com\/ru\/jejki-berg-o-ponjatii-gruziievropa\/\">\u043e \u043f\u043e\u043d\u044f\u0442\u0438\u0438 \u00ab\u0413\u0440\u0443\u0437\u0438\u0438=\u0415\u0432\u0440\u043e\u043f\u0430\u00bb, \u00ab\u044d\u0444\u0444\u0435\u043a\u0442\u0435 \u0434\u043e\u043c\u0438\u043d\u043e\u00bb \u0438 \u0431\u0430\u043b\u0442\u0438\u0439\u0441\u043a\u043e\u043c \u00ab\u043a\u043e\u043d\u0446\u0435 \u0438\u0441\u0442\u043e\u0440\u0438\u0438\u00bb<\/a><span lang=\"EN-US\">, 30 \u042f\u043d\u0432\u0430\u0440\u044f 2011.<\/span><\/p>","protected":false},"excerpt":{"rendered":"<p>\u00a0 Sihik: Eiki Berg Palestiina riigi tunnustamise protsessist. KUKU Raadio, 24. september 2025 Professor Eiki Berg: Gr\u00f6\u00f6nimaa ja Arktika geopoliitiline t\u00e4htsus on \u00fcha kasvamas. Postimees, 9. jaanuar 2024. INTERVJUU | Eiki Berg: USA p\u00f6\u00f6rab arusaama rahust peapeale. Trumpi \u00e4hvardused pole &#8230;<\/p>\n","protected":false},"author":66,"featured_media":0,"parent":0,"menu_order":0,"comment_status":"closed","ping_status":"closed","template":"","meta":{"_acf_changed":false,"inline_featured_image":false,"footnotes":""},"class_list":["post-137","page","type-page","status-publish","hentry"],"acf":[],"_links":{"self":[{"href":"https:\/\/sisu.ut.ee\/defactostates\/wp-json\/wp\/v2\/pages\/137","targetHints":{"allow":["GET"]}}],"collection":[{"href":"https:\/\/sisu.ut.ee\/defactostates\/wp-json\/wp\/v2\/pages"}],"about":[{"href":"https:\/\/sisu.ut.ee\/defactostates\/wp-json\/wp\/v2\/types\/page"}],"author":[{"embeddable":true,"href":"https:\/\/sisu.ut.ee\/defactostates\/wp-json\/wp\/v2\/users\/66"}],"replies":[{"embeddable":true,"href":"https:\/\/sisu.ut.ee\/defactostates\/wp-json\/wp\/v2\/comments?post=137"}],"version-history":[{"count":11,"href":"https:\/\/sisu.ut.ee\/defactostates\/wp-json\/wp\/v2\/pages\/137\/revisions"}],"predecessor-version":[{"id":2264,"href":"https:\/\/sisu.ut.ee\/defactostates\/wp-json\/wp\/v2\/pages\/137\/revisions\/2264"}],"wp:attachment":[{"href":"https:\/\/sisu.ut.ee\/defactostates\/wp-json\/wp\/v2\/media?parent=137"}],"curies":[{"name":"wp","href":"https:\/\/api.w.org\/{rel}","templated":true}]}}