{"id":135,"date":"2024-04-04T05:34:17","date_gmt":"2024-04-04T02:34:17","guid":{"rendered":"https:\/\/sisu.ut.ee\/defactostates\/arvamusplats\/"},"modified":"2025-01-15T21:16:46","modified_gmt":"2025-01-15T19:16:46","slug":"arvamusplats","status":"publish","type":"page","link":"https:\/\/sisu.ut.ee\/defactostates\/arvamusplats\/","title":{"rendered":"Arvamusplats\/Op-eds"},"content":{"rendered":"<p><\/p>\n\n\n<p><span lang=\"EN-GB\" style=\"text-align: var(--bs-body-text-align);\">Eiki Berg: <\/span><a style=\"text-align: var(--bs-body-text-align);\" title=\"\" href=\"https:\/\/epl.delfi.ee\/artikkel\/120245639\/eiki-berg-iisraeli-enesekaitse-on-vordvaarne-noukogude-eesti-havituspataljonide-oigustusega-kaitsta-end-metsavendade-eest\" target=\"_blank\" rel=\"noopener\" data-url=\"https:\/\/epl.delfi.ee\/artikkel\/120245639\/eiki-berg-iisraeli-enesekaitse-on-vordvaarne-noukogude-eesti-havituspataljonide-oigustusega-kaitsta-end-metsavendade-eest\">Iisraeli enesekaitse on v\u00f5rdv\u00e4\u00e4rne N\u00f5ukogude Eesti h\u00e4vituspataljonide \u00f5igustusega kaitsta end metsavendade eest<\/a><span lang=\"EN-GB\" style=\"text-align: var(--bs-body-text-align);\">. <em>EPL\/Delfi<\/em>, 7. november 2023.<\/span><\/p>\n<hr>\n<p>Eiki Berg: <a title=\"\" href=\"https:\/\/epl.delfi.ee\/artikkel\/96568771\/eiki-berg-transnistria-ei-soovi-kremli-avantuuridest-midagi-kuulda\" target=\"_blank\" rel=\"noopener\" data-url=\"https:\/\/epl.delfi.ee\/artikkel\/96568771\/eiki-berg-transnistria-ei-soovi-kremli-avantuuridest-midagi-kuulda\">Transnistria ei soovi Kremli avant\u00fc\u00fcridest midagi kuulda<\/a>. <em>EPL<\/em>, 5. mai 2022.<\/p>\n<hr>\n<p>Berg, E. 2022. <a title=\"\" href=\"https:\/\/leht.postimees.ee\/7468659\/ukraina-soda-novorossija-narratiivi-pimedad-tahud\" target=\"_blank\" rel=\"noopener\" data-url=\"https:\/\/leht.postimees.ee\/7468659\/ukraina-soda-novorossija-narratiivi-pimedad-tahud\">Novorossija narratiivi pimedad tahud<\/a>. <em>Postimees<\/em>, 5. m\u00e4rts.<\/p>\n<hr>\n<p>Berisha, B. 2021. <a title=\"\" href=\"https:\/\/www.macropolis.gr\/?i=portal.en.the-agora.10640\" target=\"_blank\" rel=\"noopener\" data-url=\"https:\/\/www.macropolis.gr\/?i=portal.en.the-agora.10640\">Somewhere in the Middle: Kosovo\u2019s Delicate Relations with the European Union<\/a>. <em>Agora<\/em>, 5 February.<\/p>\n<hr>\n<p>Kursani, S. and E. Berg 2020. <a title=\"\" href=\"https:\/\/www.regionalstudies.org\/news\/conflict-over-nagorno-karabakh-hindering-or-supporting-conditions-for-a-land-swap\/\" target=\"_blank\" rel=\"noopener\" data-url=\"https:\/\/www.regionalstudies.org\/news\/conflict-over-nagorno-karabakh-hindering-or-supporting-conditions-for-a-land-swap\/\">Conflict over Nagorno-Karabakh: Hindering or Supporting Conditions for a \u201cLand Swap\u201d?<\/a><span title=\"Conflict over Nagorno-Karabakh:  Hindering or Supporting Conditions for a \u201cLand Swap\u201d?\"><em> RSA Blog<\/em>, 17 November.<\/span><\/p>\n<hr>\n<p>Berg, E. 2020. <a title=\"\" href=\"https:\/\/leht.postimees.ee\/7114163\/eiki-berg-voitjad-kaotajad-ja-karabahhi-soja-jarelmojud\" target=\"_blank\" rel=\"noopener\" data-url=\"https:\/\/leht.postimees.ee\/7114163\/eiki-berg-voitjad-kaotajad-ja-karabahhi-soja-jarelmojud\">V\u00f5itjad, kaotajad ja Karabahhi s\u00f5ja j\u00e4relm\u00f5jud<\/a>. <em>Postimees<\/em>, 20. november.<\/p>\n<hr>\n<p><span lang=\"ET\">Berg, E. 2020. <\/span><a title=\"\" href=\"https:\/\/leht.postimees.ee\/7083490\/eiki-berg-mida-uhist-on-uus-kaledoonial-ja-magi-karabahhil\" target=\"_blank\" rel=\"noopener\" data-url=\"https:\/\/leht.postimees.ee\/7083490\/eiki-berg-mida-uhist-on-uus-kaledoonial-ja-magi-karabahhil\">Mida \u00fchist on Uus-Kaledoonial ja M\u00e4gi-Karabahhil?<\/a><span lang=\"ET\"> Postimees, 12. oktoober.<\/span><\/p>\n<hr>\n<p>ERISAADE | <a title=\"\" href=\"https:\/\/epl.delfi.ee\/arvamus\/erisaade-venemaa-ei-liiguta-armeenia-kaitseks-turgi-eest-sormegi-miks?id=91282007\" target=\"_blank\" rel=\"noopener\" data-url=\"https:\/\/epl.delfi.ee\/arvamus\/erisaade-venemaa-ei-liiguta-armeenia-kaitseks-turgi-eest-sormegi-miks?id=91282007\">Venemaa ei liiguta Armeenia kaitseks T\u00fcrgi eest s\u00f5rmegi. Miks?<\/a> Krister Parise intervjuu Eiki Bergiga. 7. oktoober 2020.<\/p>\n<hr>\n<p>Berg, E. 2020. <a title=\"\" href=\"https:\/\/www.err.ee\/1143145\/eiki-berg-mis-soda-kelle-soda-ja-miks\" target=\"_blank\" rel=\"noopener\" data-url=\"https:\/\/www.err.ee\/1143145\/eiki-berg-mis-soda-kelle-soda-ja-miks\">Mis s\u00f5da, kelle s\u00f5da ja miks?<\/a> <em>ERR<\/em>, 5. oktoober.<\/p>\n<hr>\n<p>Berg, E. 2020. <a title=\"\" href=\"https:\/\/leht.postimees.ee\/7076176\/eiki-berg-armeenlaste-ja-aserite-meeleheide-porkub-karabahhis\" target=\"_blank\" rel=\"noopener\" data-url=\"https:\/\/leht.postimees.ee\/7076176\/eiki-berg-armeenlaste-ja-aserite-meeleheide-porkub-karabahhis\">Armeenlaste ja aserite meeleheide p\u00f5rkub Karabahhis<\/a>. <em>Postimees<\/em> 3. oktoober.<\/p>\n<hr>\n<p>Berg,\u00a0E.\u00a02020.\u00a0<a href=\"https:\/\/leht.postimees.ee\/6886019\/eiki-berg-tugevama-oigus\" target=\"_blank\" rel=\"noopener\" data-saferedirecturl=\"https:\/\/www.google.com\/url?q=https:\/\/leht.postimees.ee\/6886019\/eiki-berg-tugevama-oigus&amp;source=gmail&amp;ust=1580819799849000&amp;usg=AFQjCNHSki3WcBnfVH9J73_hZ1HNjbMcSw\">Tugevama \u00f5igus<\/a>.\u00a0<em>Postimees<\/em>, 31. jaanuar.<\/p>\n<hr>\n<p>Kursani, S. 2018. <a title=\"\" href=\"https:\/\/prishtinainsight.com\/territorial-exchange-is-thacis-trick-dont-fall-for-it\/\" target=\"_blank\" rel=\"noopener\" data-url=\"https:\/\/prishtinainsight.com\/territorial-exchange-is-thacis-trick-dont-fall-for-it\/\">Territorial exchange is Thaci\u2019s trick: don\u2019t fall for it<\/a>, <em>Prishtina Insight<\/em>, 13 August.<\/p>\n<hr>\n<p>Kursani, S.\u00a02018. <a title=\"\" href=\"https:\/\/prishtinainsight.com\/kosovos-tenth-birthday-tales-secessionism\/\" target=\"_blank\" rel=\"noopener\" data-url=\"https:\/\/prishtinainsight.com\/kosovos-tenth-birthday-tales-secessionism\/\">Kosovo\u2019s tenth birthday and tales of secessionism<\/a>, <em>Prishtina Insight<\/em>, 15 February.<\/p>\n<hr>\n<p>Kursani, S.\u00a02017. <a title=\"\" href=\"http:\/\/prishtinainsight.com\/kosovos-dire-need-change-strategy-quest-international-legitimacy\/\" target=\"_blank\" rel=\"noopener\" data-url=\"http:\/\/prishtinainsight.com\/kosovos-dire-need-change-strategy-quest-international-legitimacy\/\">Kosovo\u2019s dire need to change strategy in its quest for international legitimacy<\/a>, <em>Prishtina Insight<\/em>, 16 October.<\/p>\n<hr>\n<p>Kursani, S.\u00a02017. <a title=\"\" href=\"http:\/\/prishtinainsight.com\/unity-team-strip-kosovo\/\" target=\"_blank\" rel=\"noopener\" data-url=\"http:\/\/prishtinainsight.com\/unity-team-strip-kosovo\/\">A \u2018unity team\u2019 to strip Kosovo?<\/a>, <em>Prishtina Insight<\/em>, 27 September.<\/p>\n<hr>\n<p>Kursani, S.\u00a02017. <a title=\"\" href=\"https:\/\/www.trtworld.com\/opinion\/kosovo-s-independence-threatened-by-external-forces-10431\" target=\"_blank\" rel=\"noopener\" data-url=\"https:\/\/www.trtworld.com\/opinion\/kosovo-s-independence-threatened-by-external-forces-10431\">Kosovo\u2019s independence threatened by external forces<\/a>, <em>TRT World<\/em>, 13 September.<\/p>\n<hr>\n<p>Kursani, S.\u00a02017. <a title=\"\" href=\"http:\/\/prishtinainsight.com\/not-think-building-state-mag\/\" target=\"_blank\" rel=\"noopener\" data-url=\"http:\/\/prishtinainsight.com\/not-think-building-state-mag\/\">How not to think about building a state<\/a>, <em>Prishtina Insight<\/em>, 2 May.<\/p>\n<hr>\n<p>Kursani, S.\u00a02017. <a title=\"\" href=\"http:\/\/prishtinainsight.com\/two-sides-historical-mistake\/\" target=\"_blank\" rel=\"noopener\" data-url=\"http:\/\/prishtinainsight.com\/two-sides-historical-mistake\/\">The two sides of the historical mistake<\/a>, <em>Prishtina Insight<\/em>, 16 January.<\/p>\n<hr>\n<p>Pegg, S. and M. Walls. <a title=\"\" href=\"https:\/\/www.washingtonpost.com\/news\/monkey-cage\/wp\/2017\/11\/10\/somalilands-presidential-elections-take-place-oct-13-after-many-delays\/?utm_term=.e42cac10fd56\" target=\"_blank\" rel=\"noopener\" data-url=\"https:\/\/www.washingtonpost.com\/news\/monkey-cage\/wp\/2017\/11\/10\/somalilands-presidential-elections-take-place-oct-13-after-many-delays\/?utm_term=.e42cac10fd56\">Somaliland votes next week. Its biggest challenges come after the election<\/a>, Monkey Cage blog, <em>Washington Post<\/em>, November 10, 2017.<\/p>\n<hr>\n<p><span lang=\"EN-US\">Berg, E. 2016. <\/span><a href=\"http:\/\/arvamus.postimees.ee\/3885271\/eiki-berg-kas-kosovo-ja-krimmi-sundmusi-saab-vorrelda\" target=\"_blank\" rel=\"noopener\">Kas Kosovo ja Krimmi s\u00fcndmusi saab v\u00f5rrelda?<\/a> <em>Postimees<\/em>, 25. oktoober.<\/p>\n<hr>\n<p><span lang=\"EN-US\">Berg, E. 2016. <\/span><a href=\"http:\/\/arvamus.postimees.ee\/3654365\/eiki-berg-normaalsus-on-ebanormaalne-karabahhi-ja-brusseli-paratamatustest\" target=\"_blank\" rel=\"noopener\">Normaalsus on ebanormaalne \u2013 Karabahhi ja Br\u00fcsseli paratamatustest<\/a>. <em>Postimees<\/em>, 13. aprill.<\/p>\n<hr>\n<p>Kursani, S.\u00a02016. <a title=\"\" href=\"http:\/\/prishtinainsight.com\/west-failed-kosovo\/\" target=\"_blank\" rel=\"noopener\" data-url=\"http:\/\/prishtinainsight.com\/west-failed-kosovo\/\">How the West failed Kosovo<\/a>, <em>Prishtina Insight<\/em>, 22 April.<\/p>\n<hr>\n<p>Berg, E. 2015. <a href=\"http:\/\/epl.delfi.ee\/news\/arvamus\/eiki-berg-putinit-v%C3%B5idakse-pidada-rahutoojaks?id=72574191\" target=\"_blank\" rel=\"noopener\">Putinit v\u00f5idakse pidada rahutoojaks<\/a>. <em>Eesti P\u00e4evaleht<\/em>, 30. september.<\/p>\n<hr>\n<p><span lang=\"EN-US\">Berg, E. 2015. <\/span><a href=\"http:\/\/pluss.postimees.ee\/3092879\/eiki-berg-rahutuvi-mis-ei-jaksa-lennata\" target=\"_blank\" rel=\"noopener\">Rahutuvi, mis ei jaksa lennata<\/a><span lang=\"EN-US\">. <em>Postimees<\/em>, 17. veebruar.<\/span><\/p>\n<hr>\n<p><span lang=\"EN-US\">Berg, E. 2014. <\/span><a href=\"http:\/\/www.vikerkaar.ee\/sojalaadsed-sundmused-ja-neist-oonsalt-vastu-komisev-rahvusvaheline-kord\/\" target=\"_blank\" rel=\"noopener\">S\u00f5jalaadsed s\u00fcndmused ja neist \u00f5\u00f5nsalt vastu k\u00f5misev rahvusvaheline kord<\/a><span lang=\"EN-US\">. <em>Vikerkaar<\/em> 10\/11, lk. 117-121.<\/span><\/p>\n<hr>\n<p><span lang=\"EN-US\">Berg, E. 2011. <\/span><a href=\"http:\/\/arvamus.postimees.ee\/579450\/eiki-berg-kuidas-kula-mulle-nonda-mina\/?redir=\" target=\"_blank\" rel=\"noopener\">Kuidas k\u00fcla mulle, n\u00f5nda mina\u2026<\/a> <em>Postimees<\/em>, 27. september.<\/p>\n<hr>\n<p><span lang=\"EN-US\">Berg, E. 2010. <\/span><a href=\"http:\/\/arvamus.postimees.ee\/346813\/eiki-berg-kremli-status-quo\/?redir=\" target=\"_blank\" rel=\"noopener\">Kremli status quo: Venemaa \u201el\u00e4hiv\u00e4lismaa\u201d noodid Euroopa Kontserdil<\/a><span lang=\"EN-US\">. <em>Postimees<\/em>, 24. november.<\/span><\/p>\n<hr>\n<p><span lang=\"EN-US\">Berg, E. 2009. <\/span><a href=\"http:\/\/www.postimees.ee\/?id=183473\" target=\"_blank\" rel=\"noopener\">Pihtas-p\u00f5jas, m\u00e4rgist m\u00f6\u00f6da<\/a><span lang=\"EN-US\">. <em>Postimees<\/em>, 4. november.<\/span><\/p>\n<hr>\n<p><span lang=\"EN-US\">Berg, E. 2009. <\/span><a href=\"http:\/\/www.delfi.ee\/news\/paevauudised\/arvamus\/article.php?id=20820029&amp;l=fpOpinion\" target=\"_blank\" rel=\"noopener\">Verevalamise l\u00f5puta lugu<\/a><span lang=\"EN-US\">. <em>Delfi<\/em>, 8. jaanuar.<\/span><\/p>\n<hr>\n<p><span lang=\"EN-US\">Berg, E. 2008. <\/span><a href=\"http:\/\/www.postimees.ee\/?id=55493\" target=\"_blank\" rel=\"noopener\">Rahvus\u00fclikooli ja rahvusvahelise \u00fchiskonna siiretest<\/a><span lang=\"EN-US\">. <em>Postimees\/AK<\/em>, 6. detsember.<\/span><\/p>\n<hr>\n<p><span lang=\"EN-US\">Berg, E. 2008. <\/span><a href=\"http:\/\/www.epl.ee\/news\/kultuur\/usaldamatuse-kolm-tahku.d?id=51147158\" target=\"_blank\" rel=\"noopener\">Usaldamatuse kolm tahku<\/a><span lang=\"EN-US\">. <em>Eesti P\u00e4evaleht<\/em>, 31. oktoober.<\/span><\/p>\n<hr>\n<p><span lang=\"EN-US\">Berg, E. 2008. <\/span><a href=\"http:\/\/www.postimees.ee\/?id=26458\" target=\"_blank\" rel=\"noopener\">Riigid Vestfaali hullus\u00e4rgis<\/a><span lang=\"EN-US\">. <em>Postimees<\/em>, 13. august.<\/span><\/p>\n<hr>\n<p><span lang=\"EN-US\">Berg, E. 2008. <\/span><a href=\"http:\/\/www.delfi.ee\/news\/paevauudised\/arvamus\/article.php?id=19545397&amp;l=fpOpinion\" target=\"_blank\" rel=\"noopener\">Minevikus\u00fcndmuste vari testib Gruusiat<\/a><span lang=\"EN-US\">. <em>Delfi<\/em>, 11. august.<\/span><\/p>\n<hr>\n<p><span lang=\"EN-US\">Berg, E. 2008. <\/span><a href=\"http:\/\/www.delfi.ee\/news\/paevauudised\/arvamus\/article.php?id=18278899\" target=\"_blank\" rel=\"noopener\">Mida t\u00e4hendab Kosovo iseseisvumine?<\/a> <em>Delfi<\/em>, 25. veebruar.<\/p>\n<hr>\n<p><span lang=\"EN-US\">Berg, E. 2007. <\/span><a href=\"https:\/\/diplomaatia.ee\/pretsedenditu-kosovo\/\" target=\"_blank\" rel=\"noopener\">Pretsedenditu Kosovo?<\/a> <em>Diplomaatia<\/em>, 14. detsember.<\/p>\n<hr>\n<p><span lang=\"EN-US\">Berg, E. 2004. <\/span><a href=\"https:\/\/www.postimees.ee\/1410419\/euroopas-petetud-paariks-loe\" target=\"_blank\" rel=\"noopener\">Euroopas petetud, paariks loe<\/a><span lang=\"EN-US\">. <em>Postimees<\/em>, 26. aprill.<\/span><\/p>\n<hr>\n<p><span lang=\"EN-US\">Berg, E. 2004. <\/span><a href=\"https:\/\/www.postimees.ee\/1410219\/kupros-langetab-tana-ajaloolise-valiku\" target=\"_blank\" rel=\"noopener\">K\u00fcpros langetab t\u00e4na ajaloolise valiku<\/a><span lang=\"EN-US\">. <em>Postimees<\/em>, 24. aprill.<\/span><\/p>\n<hr>\n<p><span lang=\"EN-US\">Berg, E. 2003. <\/span><a href=\"https:\/\/www.postimees.ee\/1390205\/pohja-kuprose-valimistel-tekkis-patiseis\" target=\"_blank\" rel=\"noopener\">P\u00f5hja-K\u00fcprose valimistel tekkis patiseis<\/a><span lang=\"EN-US\">. <em>Postimees<\/em>, 20. detsember.<\/span><\/p>\n<hr>\n<p><span lang=\"EN-US\">Berg, E. 2003. <\/span><a href=\"https:\/\/www.postimees.ee\/1381423\/el-hakkab-dnestri-aares-korda-looma\" target=\"_blank\" rel=\"noopener\">EL hakkab Dnestri \u00e4\u00e4res korda looma<\/a><span lang=\"EN-US\">. <em>Postimees<\/em>, 31. oktoober.<\/span><\/p>\n<hr>\n<p><span lang=\"EN-US\">Berg, E. 2003. <\/span><a href=\"https:\/\/maailm.postimees.ee\/2002485\/kuprose-rahuprotsessi-okkaline-tee\" target=\"_blank\" rel=\"noopener\">K\u00fcprose rahuprotsessi okkaline tee<\/a><span lang=\"EN-US\">. <em>Postimees<\/em>, 28. veebruar.<\/span><\/p>","protected":false},"excerpt":{"rendered":"<p>Eiki Berg: Iisraeli enesekaitse on v\u00f5rdv\u00e4\u00e4rne N\u00f5ukogude Eesti h\u00e4vituspataljonide \u00f5igustusega kaitsta end metsavendade eest. EPL\/Delfi, 7. november 2023. Eiki Berg: Transnistria ei soovi Kremli avant\u00fc\u00fcridest midagi kuulda. EPL, 5. mai 2022. Berg, E. 2022. Novorossija narratiivi pimedad tahud. Postimees, 5. &#8230;<\/p>\n","protected":false},"author":66,"featured_media":0,"parent":0,"menu_order":0,"comment_status":"closed","ping_status":"closed","template":"","meta":{"_acf_changed":false,"inline_featured_image":false,"footnotes":""},"class_list":["post-135","page","type-page","status-publish","hentry"],"acf":[],"_links":{"self":[{"href":"https:\/\/sisu.ut.ee\/defactostates\/wp-json\/wp\/v2\/pages\/135","targetHints":{"allow":["GET"]}}],"collection":[{"href":"https:\/\/sisu.ut.ee\/defactostates\/wp-json\/wp\/v2\/pages"}],"about":[{"href":"https:\/\/sisu.ut.ee\/defactostates\/wp-json\/wp\/v2\/types\/page"}],"author":[{"embeddable":true,"href":"https:\/\/sisu.ut.ee\/defactostates\/wp-json\/wp\/v2\/users\/66"}],"replies":[{"embeddable":true,"href":"https:\/\/sisu.ut.ee\/defactostates\/wp-json\/wp\/v2\/comments?post=135"}],"version-history":[{"count":8,"href":"https:\/\/sisu.ut.ee\/defactostates\/wp-json\/wp\/v2\/pages\/135\/revisions"}],"predecessor-version":[{"id":2173,"href":"https:\/\/sisu.ut.ee\/defactostates\/wp-json\/wp\/v2\/pages\/135\/revisions\/2173"}],"wp:attachment":[{"href":"https:\/\/sisu.ut.ee\/defactostates\/wp-json\/wp\/v2\/media?parent=135"}],"curies":[{"name":"wp","href":"https:\/\/api.w.org\/{rel}","templated":true}]}}