{"id":1122,"date":"2024-04-10T23:07:55","date_gmt":"2024-04-10T20:07:55","guid":{"rendered":"https:\/\/sisu.ut.ee\/defactostates\/kosovo-2\/"},"modified":"2024-04-11T23:46:10","modified_gmt":"2024-04-11T20:46:10","slug":"kosovo","status":"publish","type":"page","link":"https:\/\/sisu.ut.ee\/defactostates\/kosovo\/","title":{"rendered":"Kosovo (Cartoons)"},"content":{"rendered":"<figure class=\"wp-block-gallery has-nested-images columns-3 is-cropped wp-block-gallery-1 is-layout-flex wp-block-gallery-is-layout-flex\"><figure class=\"wp-block-image size-large\"><a href=\"https:\/\/sisu.ut.ee\/wp-content\/uploads\/sites\/398\/srbski_fbreporter.jpg\"><img loading=\"lazy\" decoding=\"async\" width=\"536\" height=\"382\" data-id=\"818\" src=\"https:\/\/sisu.ut.ee\/wp-content\/uploads\/sites\/398\/srbski_fbreporter.jpg\" alt=\"SRBski FBReporter\" class=\"wp-image-818\" srcset=\"https:\/\/sisu.ut.ee\/wp-content\/uploads\/sites\/398\/srbski_fbreporter.jpg 536w, https:\/\/sisu.ut.ee\/wp-content\/uploads\/sites\/398\/srbski_fbreporter-300x214.jpg 300w\" sizes=\"auto, (max-width: 536px) 100vw, 536px\"><\/a><figcaption class=\"wp-element-caption\">SRBski FBReporter<\/figcaption><\/figure><figure class=\"wp-block-image size-large\"><a href=\"https:\/\/sisu.ut.ee\/wp-content\/uploads\/sites\/398\/unknown_author_01.jpg\"><img loading=\"lazy\" decoding=\"async\" width=\"499\" height=\"357\" data-id=\"817\" src=\"https:\/\/sisu.ut.ee\/wp-content\/uploads\/sites\/398\/unknown_author_01.jpg\" alt=\"Unknown Author\" class=\"wp-image-817\" srcset=\"https:\/\/sisu.ut.ee\/wp-content\/uploads\/sites\/398\/unknown_author_01.jpg 499w, https:\/\/sisu.ut.ee\/wp-content\/uploads\/sites\/398\/unknown_author_01-300x215.jpg 300w\" sizes=\"auto, (max-width: 499px) 100vw, 499px\"><\/a><figcaption class=\"wp-element-caption\">Unknown Author<\/figcaption><\/figure><figure class=\"wp-block-image size-large\"><a href=\"https:\/\/sisu.ut.ee\/wp-content\/uploads\/sites\/398\/tose_borkovica.jpg\"><img loading=\"lazy\" decoding=\"async\" width=\"604\" height=\"376\" data-id=\"816\" src=\"https:\/\/sisu.ut.ee\/wp-content\/uploads\/sites\/398\/tose_borkovica.jpg\" alt=\"To\u0161e Borkovi\u0107a\" class=\"wp-image-816\" srcset=\"https:\/\/sisu.ut.ee\/wp-content\/uploads\/sites\/398\/tose_borkovica.jpg 604w, https:\/\/sisu.ut.ee\/wp-content\/uploads\/sites\/398\/tose_borkovica-300x187.jpg 300w\" sizes=\"auto, (max-width: 604px) 100vw, 604px\"><\/a><figcaption class=\"wp-element-caption\">To\u0161e Borkovi\u0107a<\/figcaption><\/figure><figure class=\"wp-block-image size-large\"><a href=\"https:\/\/sisu.ut.ee\/wp-content\/uploads\/sites\/398\/tose_borkovica_ii.jpg\"><img loading=\"lazy\" decoding=\"async\" width=\"605\" height=\"378\" data-id=\"815\" src=\"https:\/\/sisu.ut.ee\/wp-content\/uploads\/sites\/398\/tose_borkovica_ii.jpg\" alt=\"To\u0161e Borkovi\u0107a\" class=\"wp-image-815\" srcset=\"https:\/\/sisu.ut.ee\/wp-content\/uploads\/sites\/398\/tose_borkovica_ii.jpg 605w, https:\/\/sisu.ut.ee\/wp-content\/uploads\/sites\/398\/tose_borkovica_ii-300x187.jpg 300w\" sizes=\"auto, (max-width: 605px) 100vw, 605px\"><\/a><figcaption class=\"wp-element-caption\">To\u0161e Borkovi\u0107a<\/figcaption><\/figure><figure class=\"wp-block-image size-large\"><a href=\"https:\/\/sisu.ut.ee\/wp-content\/uploads\/sites\/398\/predrag_koraksic.jpg\"><img loading=\"lazy\" decoding=\"async\" width=\"394\" height=\"252\" data-id=\"814\" src=\"https:\/\/sisu.ut.ee\/wp-content\/uploads\/sites\/398\/predrag_koraksic.jpg\" alt=\"Predrag Koraksi\u0107\" class=\"wp-image-814\" srcset=\"https:\/\/sisu.ut.ee\/wp-content\/uploads\/sites\/398\/predrag_koraksic.jpg 394w, https:\/\/sisu.ut.ee\/wp-content\/uploads\/sites\/398\/predrag_koraksic-300x192.jpg 300w\" sizes=\"auto, (max-width: 394px) 100vw, 394px\"><\/a><figcaption class=\"wp-element-caption\">Predrag Koraksi\u0107<\/figcaption><\/figure><figure class=\"wp-block-image size-large\"><a href=\"https:\/\/sisu.ut.ee\/wp-content\/uploads\/sites\/398\/predrag_koraksic_iii.jpg\"><img loading=\"lazy\" decoding=\"async\" width=\"605\" height=\"273\" data-id=\"813\" src=\"https:\/\/sisu.ut.ee\/wp-content\/uploads\/sites\/398\/predrag_koraksic_iii.jpg\" alt=\"Predrag Koraksi\u0107\" class=\"wp-image-813\" srcset=\"https:\/\/sisu.ut.ee\/wp-content\/uploads\/sites\/398\/predrag_koraksic_iii.jpg 605w, https:\/\/sisu.ut.ee\/wp-content\/uploads\/sites\/398\/predrag_koraksic_iii-300x135.jpg 300w\" sizes=\"auto, (max-width: 605px) 100vw, 605px\"><\/a><figcaption class=\"wp-element-caption\">Predrag Koraksi\u0107<\/figcaption><\/figure><figure class=\"wp-block-image size-large\"><a href=\"https:\/\/sisu.ut.ee\/wp-content\/uploads\/sites\/398\/predrag_koraksic_ii.jpg\"><img loading=\"lazy\" decoding=\"async\" width=\"1386\" height=\"924\" data-id=\"812\" src=\"https:\/\/sisu.ut.ee\/wp-content\/uploads\/sites\/398\/predrag_koraksic_ii.jpg\" alt=\"Predrag Koraksi\u0107\" class=\"wp-image-812\" srcset=\"https:\/\/sisu.ut.ee\/wp-content\/uploads\/sites\/398\/predrag_koraksic_ii.jpg 1386w, https:\/\/sisu.ut.ee\/wp-content\/uploads\/sites\/398\/predrag_koraksic_ii-300x200.jpg 300w, https:\/\/sisu.ut.ee\/wp-content\/uploads\/sites\/398\/predrag_koraksic_ii-1024x683.jpg 1024w, https:\/\/sisu.ut.ee\/wp-content\/uploads\/sites\/398\/predrag_koraksic_ii-768x512.jpg 768w\" sizes=\"auto, (max-width: 1386px) 100vw, 1386px\"><\/a><figcaption class=\"wp-element-caption\">Predrag Koraksi\u0107<\/figcaption><\/figure><figure class=\"wp-block-image size-large\"><a href=\"https:\/\/sisu.ut.ee\/wp-content\/uploads\/sites\/398\/oleg_khromov.jpg\"><img loading=\"lazy\" decoding=\"async\" width=\"475\" height=\"394\" data-id=\"811\" src=\"https:\/\/sisu.ut.ee\/wp-content\/uploads\/sites\/398\/oleg_khromov.jpg\" alt=\"Oleg Khromov\" class=\"wp-image-811\" srcset=\"https:\/\/sisu.ut.ee\/wp-content\/uploads\/sites\/398\/oleg_khromov.jpg 475w, https:\/\/sisu.ut.ee\/wp-content\/uploads\/sites\/398\/oleg_khromov-300x249.jpg 300w\" sizes=\"auto, (max-width: 475px) 100vw, 475px\"><\/a><figcaption class=\"wp-element-caption\">Oleg Khromov<\/figcaption><\/figure><figure class=\"wp-block-image size-large\"><a href=\"https:\/\/sisu.ut.ee\/wp-content\/uploads\/sites\/398\/marko_samborac.jpg\"><img loading=\"lazy\" decoding=\"async\" width=\"604\" height=\"225\" data-id=\"810\" src=\"https:\/\/sisu.ut.ee\/wp-content\/uploads\/sites\/398\/marko_samborac.jpg\" alt=\"\" the good news is that we managed to make this happen: kosovo bad that... uh... hmm... serbia whole class=\"wp-image-810\" srcset=\"https:\/\/sisu.ut.ee\/wp-content\/uploads\/sites\/398\/marko_samborac.jpg 604w, https:\/\/sisu.ut.ee\/wp-content\/uploads\/sites\/398\/marko_samborac-300x112.jpg 300w\" sizes=\"auto, (max-width: 604px) 100vw, 604px\"><\/a><figcaption class=\"wp-element-caption\">\u201cThe good news is that we managed to make this happen: Kosovo* *Resolution 1244\u201d \u2013 \u201cand the bad news is that\u2026 uh\u2026 hmm\u2026 SERBIA* *almost whole\u201d<\/figcaption><\/figure><figure class=\"wp-block-image size-large\"><a href=\"https:\/\/sisu.ut.ee\/wp-content\/uploads\/sites\/398\/marko_samborac_iv.jpg\"><img loading=\"lazy\" decoding=\"async\" width=\"512\" height=\"367\" data-id=\"809\" src=\"https:\/\/sisu.ut.ee\/wp-content\/uploads\/sites\/398\/marko_samborac_iv.jpg\" alt=\"\" kosovo is serbia class=\"wp-image-809\" srcset=\"https:\/\/sisu.ut.ee\/wp-content\/uploads\/sites\/398\/marko_samborac_iv.jpg 512w, https:\/\/sisu.ut.ee\/wp-content\/uploads\/sites\/398\/marko_samborac_iv-300x215.jpg 300w\" sizes=\"auto, (max-width: 512px) 100vw, 512px\"><\/a><figcaption class=\"wp-element-caption\">\u201cKosovo is Serbia, Kosovo is Serbia\u201d<\/figcaption><\/figure><figure class=\"wp-block-image size-large\"><a href=\"https:\/\/sisu.ut.ee\/wp-content\/uploads\/sites\/398\/marko_samborac_iii.jpg\"><img loading=\"lazy\" decoding=\"async\" width=\"630\" height=\"187\" data-id=\"808\" src=\"https:\/\/sisu.ut.ee\/wp-content\/uploads\/sites\/398\/marko_samborac_iii.jpg\" alt=\"\" i leave him without an interpreter for a minute... class=\"wp-image-808\" srcset=\"https:\/\/sisu.ut.ee\/wp-content\/uploads\/sites\/398\/marko_samborac_iii.jpg 630w, https:\/\/sisu.ut.ee\/wp-content\/uploads\/sites\/398\/marko_samborac_iii-300x89.jpg 300w\" sizes=\"auto, (max-width: 630px) 100vw, 630px\"><\/a><figcaption class=\"wp-element-caption\">\u201cI\u2019ll leave him without an interpreter for a minute\u2026\u201d<\/figcaption><\/figure><figure class=\"wp-block-image size-large\"><a href=\"https:\/\/sisu.ut.ee\/wp-content\/uploads\/sites\/398\/marko_samborac_ii.jpg\"><img loading=\"lazy\" decoding=\"async\" width=\"1455\" height=\"1321\" data-id=\"807\" src=\"https:\/\/sisu.ut.ee\/wp-content\/uploads\/sites\/398\/marko_samborac_ii.jpg\" alt=\"\" you are barred from entering because a danger to the security of kosovo class=\"wp-image-807\" srcset=\"https:\/\/sisu.ut.ee\/wp-content\/uploads\/sites\/398\/marko_samborac_ii.jpg 1455w, https:\/\/sisu.ut.ee\/wp-content\/uploads\/sites\/398\/marko_samborac_ii-300x272.jpg 300w, https:\/\/sisu.ut.ee\/wp-content\/uploads\/sites\/398\/marko_samborac_ii-1024x930.jpg 1024w, https:\/\/sisu.ut.ee\/wp-content\/uploads\/sites\/398\/marko_samborac_ii-768x697.jpg 768w\" sizes=\"auto, (max-width: 1455px) 100vw, 1455px\"><\/a><figcaption class=\"wp-element-caption\">\u201cYou are barred from entering because you are a danger to the security of Kosovo\u201d<\/figcaption><\/figure><figure class=\"wp-block-image size-large\"><a href=\"https:\/\/sisu.ut.ee\/wp-content\/uploads\/sites\/398\/jovo.jpg\"><img loading=\"lazy\" decoding=\"async\" width=\"604\" height=\"439\" data-id=\"806\" src=\"https:\/\/sisu.ut.ee\/wp-content\/uploads\/sites\/398\/jovo.jpg\" alt=\"Jovo\" class=\"wp-image-806\" srcset=\"https:\/\/sisu.ut.ee\/wp-content\/uploads\/sites\/398\/jovo.jpg 604w, https:\/\/sisu.ut.ee\/wp-content\/uploads\/sites\/398\/jovo-300x218.jpg 300w\" sizes=\"auto, (max-width: 604px) 100vw, 604px\"><\/a><figcaption class=\"wp-element-caption\">Jovo<\/figcaption><\/figure><figure class=\"wp-block-image size-large\"><a href=\"https:\/\/sisu.ut.ee\/wp-content\/uploads\/sites\/398\/jovo_skomac.jpg\"><img loading=\"lazy\" decoding=\"async\" width=\"472\" height=\"457\" data-id=\"805\" src=\"https:\/\/sisu.ut.ee\/wp-content\/uploads\/sites\/398\/jovo_skomac.jpg\" alt=\"Jovo \u0160komac\" class=\"wp-image-805\" srcset=\"https:\/\/sisu.ut.ee\/wp-content\/uploads\/sites\/398\/jovo_skomac.jpg 472w, https:\/\/sisu.ut.ee\/wp-content\/uploads\/sites\/398\/jovo_skomac-300x290.jpg 300w\" sizes=\"auto, (max-width: 472px) 100vw, 472px\"><\/a><figcaption class=\"wp-element-caption\">Jovo \u0160komac<\/figcaption><\/figure><figure class=\"wp-block-image size-large\"><a href=\"https:\/\/sisu.ut.ee\/wp-content\/uploads\/sites\/398\/goran_scekic.jpg\"><img loading=\"lazy\" decoding=\"async\" width=\"1063\" height=\"787\" data-id=\"804\" src=\"https:\/\/sisu.ut.ee\/wp-content\/uploads\/sites\/398\/goran_scekic.jpg\" alt=\"Goran \u0160\u0107eki\u0107\" class=\"wp-image-804\" srcset=\"https:\/\/sisu.ut.ee\/wp-content\/uploads\/sites\/398\/goran_scekic.jpg 1063w, https:\/\/sisu.ut.ee\/wp-content\/uploads\/sites\/398\/goran_scekic-300x222.jpg 300w, https:\/\/sisu.ut.ee\/wp-content\/uploads\/sites\/398\/goran_scekic-1024x758.jpg 1024w, https:\/\/sisu.ut.ee\/wp-content\/uploads\/sites\/398\/goran_scekic-768x569.jpg 768w\" sizes=\"auto, (max-width: 1063px) 100vw, 1063px\"><\/a><figcaption class=\"wp-element-caption\">Goran \u0160\u0107eki\u0107<\/figcaption><\/figure><figure class=\"wp-block-image size-large\"><a href=\"https:\/\/sisu.ut.ee\/wp-content\/uploads\/sites\/398\/goran_scekic_ii.jpg\"><img decoding=\"async\" data-id=\"803\" src=\"https:\/\/sisu.ut.ee\/wp-content\/uploads\/sites\/398\/goran_scekic_ii.jpg\" alt=\"&lt;p&gt;\u201cIndependence\u201d&lt;\/p&gt;\u201d class=\u201dwp-image-803\u2033\/&gt;&lt;\/a&gt;&lt;figcaption class=\" wp-element-caption><p>\u201cIndependence\u201d<\/p><\/a><\/figure><figure class=\"wp-block-image size-large\"><a href=\"https:\/\/sisu.ut.ee\/wp-content\/uploads\/sites\/398\/goran_divca.jpg\"><img decoding=\"async\" data-id=\"802\" src=\"https:\/\/sisu.ut.ee\/wp-content\/uploads\/sites\/398\/goran_divca.jpg\" alt=\"\" class=\"wp-im&gt;&lt;\/figcaption&gt;&lt;\/figure&gt;&lt;figure class=\" wp-block-image size-large><\/a><a href=\"https:\/\/sisu.ut.ee\/wp-content\/uploads\/sites\/398\/dan_policki.png\"><img decoding=\"async\" data-id=\"801\" src=\"https:\/\/sisu.ut.ee\/wp-content\/uploads\/sites\/398\/dan_policki.png\" alt=\"\" class=\"wp-im&gt;&lt;\/figcaption&gt;&lt;\/figure&gt;&lt;figure class=\" wp-block-image size-large><\/a><a href=\"https:\/\/sisu.ut.ee\/wp-content\/uploads\/sites\/398\/20.jpg\"><img loading=\"lazy\" decoding=\"async\" width=\"225\" height=\"224\" data-id=\"709\" src=\"https:\/\/sisu.ut.ee\/wp-content\/uploads\/sites\/398\/20.jpg\" alt=\"Jeton Mikullovci, Koha Ditore\" class=\"wp-image-709\" srcset=\"https:\/\/sisu.ut.ee\/wp-content\/uploads\/sites\/398\/20.jpg 225w, https:\/\/sisu.ut.ee\/wp-content\/uploads\/sites\/398\/20-150x150.jpg 150w\" sizes=\"auto, (max-width: 225px) 100vw, 225px\"><\/a><figcaption class=\"wp-element-caption\">Jeton Mikullovci, Koha Ditore<\/figcaption><\/figure><figure class=\"wp-block-image size-large\"><a href=\"https:\/\/sisu.ut.ee\/wp-content\/uploads\/sites\/398\/19.jpg\"><img loading=\"lazy\" decoding=\"async\" width=\"512\" height=\"336\" data-id=\"708\" src=\"https:\/\/sisu.ut.ee\/wp-content\/uploads\/sites\/398\/19.jpg\" alt=\"Jeton Mikullovci, Koha Ditore\" class=\"wp-image-708\" srcset=\"https:\/\/sisu.ut.ee\/wp-content\/uploads\/sites\/398\/19.jpg 512w, https:\/\/sisu.ut.ee\/wp-content\/uploads\/sites\/398\/19-300x197.jpg 300w\" sizes=\"auto, (max-width: 512px) 100vw, 512px\"><\/a><figcaption class=\"wp-element-caption\">Jeton Mikullovci, Koha Ditore<\/figcaption><\/figure><figure class=\"wp-block-image size-large\"><a href=\"https:\/\/sisu.ut.ee\/wp-content\/uploads\/sites\/398\/18.jpg\"><img loading=\"lazy\" decoding=\"async\" width=\"397\" height=\"512\" data-id=\"707\" src=\"https:\/\/sisu.ut.ee\/wp-content\/uploads\/sites\/398\/18.jpg\" alt=\"Jeton Mikullovci, Koha Ditore\" class=\"wp-image-707\" srcset=\"https:\/\/sisu.ut.ee\/wp-content\/uploads\/sites\/398\/18.jpg 397w, https:\/\/sisu.ut.ee\/wp-content\/uploads\/sites\/398\/18-233x300.jpg 233w\" sizes=\"auto, (max-width: 397px) 100vw, 397px\"><\/a><figcaption class=\"wp-element-caption\">Jeton Mikullovci, Koha Ditore<\/figcaption><\/figure><figure class=\"wp-block-image size-large\"><a href=\"https:\/\/sisu.ut.ee\/wp-content\/uploads\/sites\/398\/17.jpg\"><img loading=\"lazy\" decoding=\"async\" width=\"646\" height=\"606\" data-id=\"706\" src=\"https:\/\/sisu.ut.ee\/wp-content\/uploads\/sites\/398\/17.jpg\" alt=\"Jeton Mikullovci, Koha Ditore\" class=\"wp-image-706\" srcset=\"https:\/\/sisu.ut.ee\/wp-content\/uploads\/sites\/398\/17.jpg 646w, https:\/\/sisu.ut.ee\/wp-content\/uploads\/sites\/398\/17-300x281.jpg 300w\" sizes=\"auto, (max-width: 646px) 100vw, 646px\"><\/a><figcaption class=\"wp-element-caption\">Jeton Mikullovci, Koha Ditore<\/figcaption><\/figure><figure class=\"wp-block-image size-large\"><a href=\"https:\/\/sisu.ut.ee\/wp-content\/uploads\/sites\/398\/16.jpg\"><img loading=\"lazy\" decoding=\"async\" width=\"379\" height=\"512\" data-id=\"705\" src=\"https:\/\/sisu.ut.ee\/wp-content\/uploads\/sites\/398\/16.jpg\" alt=\"Jeton Mikullovci, Koha Ditore\" class=\"wp-image-705\" srcset=\"https:\/\/sisu.ut.ee\/wp-content\/uploads\/sites\/398\/16.jpg 379w, https:\/\/sisu.ut.ee\/wp-content\/uploads\/sites\/398\/16-222x300.jpg 222w\" sizes=\"auto, (max-width: 379px) 100vw, 379px\"><\/a><figcaption class=\"wp-element-caption\">Jeton Mikullovci, Koha Ditore<\/figcaption><\/figure><figure class=\"wp-block-image size-large\"><a href=\"https:\/\/sisu.ut.ee\/wp-content\/uploads\/sites\/398\/15.jpg\"><img loading=\"lazy\" decoding=\"async\" width=\"646\" height=\"383\" data-id=\"703\" src=\"https:\/\/sisu.ut.ee\/wp-content\/uploads\/sites\/398\/15.jpg\" alt=\"Jeton Mikullovci, Koha Ditore\" class=\"wp-image-703\" srcset=\"https:\/\/sisu.ut.ee\/wp-content\/uploads\/sites\/398\/15.jpg 646w, https:\/\/sisu.ut.ee\/wp-content\/uploads\/sites\/398\/15-300x178.jpg 300w\" sizes=\"auto, (max-width: 646px) 100vw, 646px\"><\/a><figcaption class=\"wp-element-caption\">Jeton Mikullovci, Koha Ditore<\/figcaption><\/figure><figure class=\"wp-block-image size-large\"><a href=\"https:\/\/sisu.ut.ee\/wp-content\/uploads\/sites\/398\/11.jpg\"><img loading=\"lazy\" decoding=\"async\" width=\"646\" height=\"650\" data-id=\"702\" src=\"https:\/\/sisu.ut.ee\/wp-content\/uploads\/sites\/398\/11.jpg\" alt=\"Jeton Mikullovci, Koha Ditore\" class=\"wp-image-702\" srcset=\"https:\/\/sisu.ut.ee\/wp-content\/uploads\/sites\/398\/11.jpg 646w, https:\/\/sisu.ut.ee\/wp-content\/uploads\/sites\/398\/11-298x300.jpg 298w, https:\/\/sisu.ut.ee\/wp-content\/uploads\/sites\/398\/11-150x150.jpg 150w\" sizes=\"auto, (max-width: 646px) 100vw, 646px\"><\/a><figcaption class=\"wp-element-caption\">Jeton Mikullovci, Koha Ditore<\/figcaption><\/figure><figure class=\"wp-block-image size-large\"><a href=\"https:\/\/sisu.ut.ee\/wp-content\/uploads\/sites\/398\/12.jpg\"><img loading=\"lazy\" decoding=\"async\" width=\"646\" height=\"500\" data-id=\"701\" src=\"https:\/\/sisu.ut.ee\/wp-content\/uploads\/sites\/398\/12.jpg\" alt=\"Jeton Mikullovci, Koha Ditore\" class=\"wp-image-701\" srcset=\"https:\/\/sisu.ut.ee\/wp-content\/uploads\/sites\/398\/12.jpg 646w, https:\/\/sisu.ut.ee\/wp-content\/uploads\/sites\/398\/12-300x232.jpg 300w\" sizes=\"auto, (max-width: 646px) 100vw, 646px\"><\/a><figcaption class=\"wp-element-caption\">Jeton Mikullovci, Koha Ditore<\/figcaption><\/figure><figure class=\"wp-block-image size-large\"><a href=\"https:\/\/sisu.ut.ee\/wp-content\/uploads\/sites\/398\/13.jpg\"><img loading=\"lazy\" decoding=\"async\" width=\"1024\" height=\"629\" data-id=\"700\" src=\"https:\/\/sisu.ut.ee\/wp-content\/uploads\/sites\/398\/13.jpg\" alt=\"Jeton Mikullovci, Koha Ditore\" class=\"wp-image-700\" srcset=\"https:\/\/sisu.ut.ee\/wp-content\/uploads\/sites\/398\/13.jpg 1024w, https:\/\/sisu.ut.ee\/wp-content\/uploads\/sites\/398\/13-300x184.jpg 300w, https:\/\/sisu.ut.ee\/wp-content\/uploads\/sites\/398\/13-768x472.jpg 768w\" sizes=\"auto, (max-width: 1024px) 100vw, 1024px\"><\/a><figcaption class=\"wp-element-caption\">Jeton Mikullovci, Koha Ditore<\/figcaption><\/figure><figure class=\"wp-block-image size-large\"><a href=\"https:\/\/sisu.ut.ee\/wp-content\/uploads\/sites\/398\/14.jpg\"><img loading=\"lazy\" decoding=\"async\" width=\"1024\" height=\"348\" data-id=\"699\" src=\"https:\/\/sisu.ut.ee\/wp-content\/uploads\/sites\/398\/14.jpg\" alt=\"Jeton Mikullovci, Koha Ditore\" class=\"wp-image-699\" srcset=\"https:\/\/sisu.ut.ee\/wp-content\/uploads\/sites\/398\/14.jpg 1024w, https:\/\/sisu.ut.ee\/wp-content\/uploads\/sites\/398\/14-300x102.jpg 300w, https:\/\/sisu.ut.ee\/wp-content\/uploads\/sites\/398\/14-768x261.jpg 768w\" sizes=\"auto, (max-width: 1024px) 100vw, 1024px\"><\/a><figcaption class=\"wp-element-caption\">Jeton Mikullovci, Koha Ditore<\/figcaption><\/figure><figure class=\"wp-block-image size-large\"><a href=\"https:\/\/sisu.ut.ee\/wp-content\/uploads\/sites\/398\/10.jpg\"><img loading=\"lazy\" decoding=\"async\" width=\"490\" height=\"225\" data-id=\"698\" src=\"https:\/\/sisu.ut.ee\/wp-content\/uploads\/sites\/398\/10.jpg\" alt=\"Jeton Mikullovci, Koha Ditore\" class=\"wp-image-698\" srcset=\"https:\/\/sisu.ut.ee\/wp-content\/uploads\/sites\/398\/10.jpg 490w, https:\/\/sisu.ut.ee\/wp-content\/uploads\/sites\/398\/10-300x138.jpg 300w\" sizes=\"auto, (max-width: 490px) 100vw, 490px\"><\/a><figcaption class=\"wp-element-caption\">Jeton Mikullovci, Koha Ditore<\/figcaption><\/figure><figure class=\"wp-block-image size-large\"><a href=\"https:\/\/sisu.ut.ee\/wp-content\/uploads\/sites\/398\/9.jpg\"><img loading=\"lazy\" decoding=\"async\" width=\"646\" height=\"999\" data-id=\"697\" src=\"https:\/\/sisu.ut.ee\/wp-content\/uploads\/sites\/398\/9.jpg\" alt=\"Jeton Mikullovci, Koha Ditore\" class=\"wp-image-697\" srcset=\"https:\/\/sisu.ut.ee\/wp-content\/uploads\/sites\/398\/9.jpg 646w, https:\/\/sisu.ut.ee\/wp-content\/uploads\/sites\/398\/9-194x300.jpg 194w\" sizes=\"auto, (max-width: 646px) 100vw, 646px\"><\/a><figcaption class=\"wp-element-caption\">Jeton Mikullovci, Koha Ditore<\/figcaption><\/figure><figure class=\"wp-block-image size-large\"><a href=\"https:\/\/sisu.ut.ee\/wp-content\/uploads\/sites\/398\/8.jpg\"><img loading=\"lazy\" decoding=\"async\" width=\"440\" height=\"318\" data-id=\"696\" src=\"https:\/\/sisu.ut.ee\/wp-content\/uploads\/sites\/398\/8.jpg\" alt=\"Jeton Mikullovci, Koha Ditore\" class=\"wp-image-696\" srcset=\"https:\/\/sisu.ut.ee\/wp-content\/uploads\/sites\/398\/8.jpg 440w, https:\/\/sisu.ut.ee\/wp-content\/uploads\/sites\/398\/8-300x217.jpg 300w\" sizes=\"auto, (max-width: 440px) 100vw, 440px\"><\/a><figcaption class=\"wp-element-caption\">Jeton Mikullovci, Koha Ditore<\/figcaption><\/figure><figure class=\"wp-block-image size-large\"><a href=\"https:\/\/sisu.ut.ee\/wp-content\/uploads\/sites\/398\/7.jpg\"><img loading=\"lazy\" decoding=\"async\" width=\"908\" height=\"960\" data-id=\"695\" src=\"https:\/\/sisu.ut.ee\/wp-content\/uploads\/sites\/398\/7.jpg\" alt=\"Jeton Mikullovci, Koha Ditore\" class=\"wp-image-695\" srcset=\"https:\/\/sisu.ut.ee\/wp-content\/uploads\/sites\/398\/7.jpg 908w, https:\/\/sisu.ut.ee\/wp-content\/uploads\/sites\/398\/7-284x300.jpg 284w, https:\/\/sisu.ut.ee\/wp-content\/uploads\/sites\/398\/7-768x812.jpg 768w\" sizes=\"auto, (max-width: 908px) 100vw, 908px\"><\/a><figcaption class=\"wp-element-caption\">Jeton Mikullovci, Koha Ditore<\/figcaption><\/figure><figure class=\"wp-block-image size-large\"><a href=\"https:\/\/sisu.ut.ee\/wp-content\/uploads\/sites\/398\/6.jpg\"><img loading=\"lazy\" decoding=\"async\" width=\"595\" height=\"515\" data-id=\"694\" src=\"https:\/\/sisu.ut.ee\/wp-content\/uploads\/sites\/398\/6.jpg\" alt=\"Jeton Mikullovci, Koha Ditore\" class=\"wp-image-694\" srcset=\"https:\/\/sisu.ut.ee\/wp-content\/uploads\/sites\/398\/6.jpg 595w, https:\/\/sisu.ut.ee\/wp-content\/uploads\/sites\/398\/6-300x260.jpg 300w\" sizes=\"auto, (max-width: 595px) 100vw, 595px\"><\/a><figcaption class=\"wp-element-caption\">Jeton Mikullovci, Koha Ditore<\/figcaption><\/figure><figure class=\"wp-block-image size-large\"><a href=\"https:\/\/sisu.ut.ee\/wp-content\/uploads\/sites\/398\/5.jpg\"><img loading=\"lazy\" decoding=\"async\" width=\"512\" height=\"412\" data-id=\"693\" src=\"https:\/\/sisu.ut.ee\/wp-content\/uploads\/sites\/398\/5.jpg\" alt=\"Jeton Mikullovci, Koha Ditore\" class=\"wp-image-693\" srcset=\"https:\/\/sisu.ut.ee\/wp-content\/uploads\/sites\/398\/5.jpg 512w, https:\/\/sisu.ut.ee\/wp-content\/uploads\/sites\/398\/5-300x241.jpg 300w\" sizes=\"auto, (max-width: 512px) 100vw, 512px\"><\/a><figcaption class=\"wp-element-caption\">Jeton Mikullovci, Koha Ditore<\/figcaption><\/figure><figure class=\"wp-block-image size-large\"><a href=\"https:\/\/sisu.ut.ee\/wp-content\/uploads\/sites\/398\/4.jpg\"><img loading=\"lazy\" decoding=\"async\" width=\"646\" height=\"564\" data-id=\"692\" src=\"https:\/\/sisu.ut.ee\/wp-content\/uploads\/sites\/398\/4.jpg\" alt=\"Jeton Mikullovci, Koha Ditore\" class=\"wp-image-692\" srcset=\"https:\/\/sisu.ut.ee\/wp-content\/uploads\/sites\/398\/4.jpg 646w, https:\/\/sisu.ut.ee\/wp-content\/uploads\/sites\/398\/4-300x262.jpg 300w\" sizes=\"auto, (max-width: 646px) 100vw, 646px\"><\/a><figcaption class=\"wp-element-caption\">Jeton Mikullovci, Koha Ditore<\/figcaption><\/figure><figure class=\"wp-block-image size-large\"><a href=\"https:\/\/sisu.ut.ee\/wp-content\/uploads\/sites\/398\/3.jpg\"><img loading=\"lazy\" decoding=\"async\" width=\"646\" height=\"819\" data-id=\"691\" src=\"https:\/\/sisu.ut.ee\/wp-content\/uploads\/sites\/398\/3.jpg\" alt=\"Jeton Mikullovci, Koha Ditore\" class=\"wp-image-691\" srcset=\"https:\/\/sisu.ut.ee\/wp-content\/uploads\/sites\/398\/3.jpg 646w, https:\/\/sisu.ut.ee\/wp-content\/uploads\/sites\/398\/3-237x300.jpg 237w\" sizes=\"auto, (max-width: 646px) 100vw, 646px\"><\/a><figcaption class=\"wp-element-caption\">Jeton Mikullovci, Koha Ditore<\/figcaption><\/figure><\/figure>","protected":false},"excerpt":{"rendered":"","protected":false},"author":66,"featured_media":0,"parent":0,"menu_order":0,"comment_status":"closed","ping_status":"closed","template":"","meta":{"_acf_changed":false,"inline_featured_image":false,"footnotes":""},"class_list":["post-1122","page","type-page","status-publish","hentry"],"acf":[],"_links":{"self":[{"href":"https:\/\/sisu.ut.ee\/defactostates\/wp-json\/wp\/v2\/pages\/1122","targetHints":{"allow":["GET"]}}],"collection":[{"href":"https:\/\/sisu.ut.ee\/defactostates\/wp-json\/wp\/v2\/pages"}],"about":[{"href":"https:\/\/sisu.ut.ee\/defactostates\/wp-json\/wp\/v2\/types\/page"}],"author":[{"embeddable":true,"href":"https:\/\/sisu.ut.ee\/defactostates\/wp-json\/wp\/v2\/users\/66"}],"replies":[{"embeddable":true,"href":"https:\/\/sisu.ut.ee\/defactostates\/wp-json\/wp\/v2\/comments?post=1122"}],"version-history":[{"count":1,"href":"https:\/\/sisu.ut.ee\/defactostates\/wp-json\/wp\/v2\/pages\/1122\/revisions"}],"predecessor-version":[{"id":1410,"href":"https:\/\/sisu.ut.ee\/defactostates\/wp-json\/wp\/v2\/pages\/1122\/revisions\/1410"}],"wp:attachment":[{"href":"https:\/\/sisu.ut.ee\/defactostates\/wp-json\/wp\/v2\/media?parent=1122"}],"curies":[{"name":"wp","href":"https:\/\/api.w.org\/{rel}","templated":true}]}}