{"id":38,"date":"2024-09-25T18:01:05","date_gmt":"2024-09-25T15:01:05","guid":{"rendered":"https:\/\/sisu.ut.ee\/dak\/?page_id=38"},"modified":"2025-12-19T14:32:29","modified_gmt":"2025-12-19T12:32:29","slug":"opilasele-ja-opetajale","status":"publish","type":"page","link":"https:\/\/sisu.ut.ee\/dak\/opilasele-ja-opetajale\/","title":{"rendered":"\u00d5pilasele ja \u00f5petajale"},"content":{"rendered":"<p><\/p>\n\n\n\n<h2 class=\"wp-block-heading\"><span style=\"color: #374ea2;\">\u00d5pilasele ja \u00f5petajale<\/span><\/h2>\n\n\n\n<p><\/p>\n\n\n\n<p><strong>Kutsu keeleteadlane k\u00fclla!<\/strong><\/p>\n\n\n\n<p>Tartu \u00fclikooli keeleteadlased tulevad\u00a0r\u00f5\u00f5muga koolitundi keeleteemadel r\u00e4\u00e4kima. K\u00f5ikide Tartu \u00fclikooli eesti ja \u00fcldkeeleteaduse instituudi\u00a0pakutavate t\u00f6\u00f6tubade kohta leiad info\u00a0<a href=\"https:\/\/keeleteadlikkus.ut.ee\/kulalistunnid-ja-tootoad-koolides\/\" target=\"_blank\" rel=\"noreferrer noopener\">siit<\/a>. Soovi korral saame ette valmistada t\u00f6\u00f6toa just sellel teemal, mis teile huvi pakub.<\/p>\n\n\n\n<p>Huvi korral\u00a0v\u00f5tke \u00fchendust aadressil <a href=\"mailto:nele.teiva@ut.ee\">nele.teiva@ut.ee<\/a>.<\/p>\n\n\n\n<p><strong>Noortekeele teemaline videoloeng<\/strong><\/p>\n\n\n\n<div class=\"wp-block-columns is-layout-flex wp-container-core-columns-is-layout-9d6595d7 wp-block-columns-is-layout-flex\">\n<div class=\"wp-block-column is-layout-flow wp-block-column-is-layout-flow\">\n<p>T\u00dc eesti ja \u00fcldkeeleteaduse instituudi YouTube\u2019is on \u00fcleval <strong>noortekeele teemaline <a href=\"https:\/\/youtu.be\/YeJzg-EpnA4?si=l-nl_uBqNPovBJ9u\">videotund<\/a><\/strong>, mida saab kasutada n\u00e4iteks emakeeletundide rikastamiseks. Loengus tutvustab meie projekti eestvedaja Virve-Anneli Vihman: <\/p>\n\n\n\n<ul class=\"wp-block-list\">\n<li>Miks ja kuidas uuritakse noortekeelt?<\/li>\n\n\n\n<li>Millised keelejooned iseloomustavad noortekeelt?<\/li>\n\n\n\n<li>Mille poolest on eriline (eesti) t\u0161\u00e4tikeel?<\/li>\n<\/ul>\n\n\n\n<p>Teema paremaks kinnistamiseks oleme koostanud t\u00f6\u00f6lehe, mida saab t\u00e4ita paralleelselt videotunniga; samuti sisaldab t\u00f6\u00f6leht lisa\u00fclesandeid. Video\u00a0ja t\u00f6\u00f6leht sobivad \u00f5pilastele <span style=\"text-decoration: underline;\">alates 7. klassist<\/span>.<\/p>\n\n\n\n<p>Lae alla <strong>t\u00f6\u00f6leht<\/strong> siit \u2193<\/p>\n\n\n\n<div class=\"wp-block-file\"><a id=\"wp-block-file--media-ebb06a61-2e7e-47bb-a4db-da2e89db45a7\" href=\"https:\/\/sisu.ut.ee\/wp-content\/uploads\/sites\/800\/Tooleht_teismeliste-keel.docx\">T\u00f6\u00f6leht_teismeliste keel<\/a><a href=\"https:\/\/sisu.ut.ee\/wp-content\/uploads\/sites\/800\/Tooleht_teismeliste-keel.docx\" class=\"wp-block-file__button wp-element-button\" download aria-describedby=\"wp-block-file--media-ebb06a61-2e7e-47bb-a4db-da2e89db45a7\">Download<\/a><\/div>\n<\/div>\n\n\n\n<div class=\"wp-block-column is-layout-flow wp-block-column-is-layout-flow\" style=\"flex-basis:40%\">\n<figure class=\"wp-block-embed is-type-video is-provider-youtube wp-block-embed-youtube wp-embed-aspect-16-9 wp-has-aspect-ratio\"><div class=\"wp-block-embed__wrapper\">\n<div class=\"ratio ratio-16x9 mb-3\"><div class=\"video-placeholder-wrapper video-placeholder-wrapper--16x9\">\n\t\t\t    <div class=\"video-placeholder d-flex justify-content-center align-items-center\">\n\t\t\t        <div class=\"overlay text-white p-2 w-100 text-center d-block justify-content-center align-items-center\">\n\t\t\t            <div>Kolmandate osapoolte sisu n\u00e4gemiseks palun n\u00f5ustu k\u00fcpsistega.<\/div>\n\t\t\t            <button class=\"btn btn-secondary btn-sm mt-1 consent-change\">Muuda n\u00f5usolekut<\/button>\n\t\t\t        <\/div>\n\t\t\t    <\/div>\n\t\t\t<\/div>\n<\/div>\n<\/div><\/figure>\n<\/div>\n<\/div>\n","protected":false},"excerpt":{"rendered":"<p>\u00d5pilasele ja \u00f5petajale Kutsu keeleteadlane k\u00fclla! Tartu \u00fclikooli keeleteadlased tulevad\u00a0r\u00f5\u00f5muga koolitundi keeleteemadel r\u00e4\u00e4kima. K\u00f5ikide Tartu \u00fclikooli eesti ja \u00fcldkeeleteaduse instituudi\u00a0pakutavate t\u00f6\u00f6tubade kohta leiad info\u00a0siit. Soovi korral saame ette valmistada t\u00f6\u00f6toa just sellel teemal, mis teile huvi pakub. Huvi korral\u00a0v\u00f5tke \u00fchendust &#8230;<\/p>\n","protected":false},"author":308,"featured_media":0,"parent":0,"menu_order":0,"comment_status":"closed","ping_status":"closed","template":"","meta":{"_acf_changed":false,"inline_featured_image":false,"footnotes":""},"class_list":["post-38","page","type-page","status-publish","hentry"],"acf":[],"_links":{"self":[{"href":"https:\/\/sisu.ut.ee\/dak\/wp-json\/wp\/v2\/pages\/38","targetHints":{"allow":["GET"]}}],"collection":[{"href":"https:\/\/sisu.ut.ee\/dak\/wp-json\/wp\/v2\/pages"}],"about":[{"href":"https:\/\/sisu.ut.ee\/dak\/wp-json\/wp\/v2\/types\/page"}],"author":[{"embeddable":true,"href":"https:\/\/sisu.ut.ee\/dak\/wp-json\/wp\/v2\/users\/308"}],"replies":[{"embeddable":true,"href":"https:\/\/sisu.ut.ee\/dak\/wp-json\/wp\/v2\/comments?post=38"}],"version-history":[{"count":23,"href":"https:\/\/sisu.ut.ee\/dak\/wp-json\/wp\/v2\/pages\/38\/revisions"}],"predecessor-version":[{"id":492,"href":"https:\/\/sisu.ut.ee\/dak\/wp-json\/wp\/v2\/pages\/38\/revisions\/492"}],"wp:attachment":[{"href":"https:\/\/sisu.ut.ee\/dak\/wp-json\/wp\/v2\/media?parent=38"}],"curies":[{"name":"wp","href":"https:\/\/api.w.org\/{rel}","templated":true}]}}