{"id":36,"date":"2024-09-25T18:00:39","date_gmt":"2024-09-25T15:00:39","guid":{"rendered":"https:\/\/sisu.ut.ee\/dak\/?page_id=36"},"modified":"2024-12-06T10:54:02","modified_gmt":"2024-12-06T08:54:02","slug":"teadustoo","status":"publish","type":"page","link":"https:\/\/sisu.ut.ee\/dak\/teadustoo\/","title":{"rendered":"Teadust\u00f6\u00f6"},"content":{"rendered":"<p><\/p>\n\n\n\n<h2 class=\"wp-block-heading has-primary-color has-text-color has-link-color wp-elements-390928fdfee689e2009e5c30514042a2\"><span style=\"color: #00ae95;\">Teaduspublikatsioonid<\/span><\/h2>\n\n\n\n<p><\/p>\n\n\n\n<p><strong>2025<\/strong><\/p>\n\n\n\n<p><span style=\"font-size: 16px;\">Vihman, Virve-Anneli; Korkus, Mari-Liis; Pilvik, Maarja-Liisa; Praakli, Kristiina (ilmumas). <em>Verinaiss \u2018very nice\u2019: The integration of English in Estonian teenagers\u2019 instant messages<\/em>. Eeltr\u00fckk: <a href=\"https:\/\/osf.io\/yge27\">https:\/\/osf.io\/yge27<\/a>. <\/span><\/p>\n\n\n\n<p><strong>2024<\/strong><\/p>\n\n\n\n<p>R\u00e4\u00e4bis, Andriela (2024). Functions of the particle <em>\u00fcldse<\/em> \u2018at all\u2019 in questions in Estonian everyday conversations. <span style=\"font-size: 16px;\">\u2212<\/span> <em>Journal of Uralic Linguistics 3<\/em> (2), 209\u2212231. <a href=\"https:\/\/doi.org\/10.1075\/jul.00031.raa\">https:\/\/doi.org\/10.1075\/jul.00031.raa<\/a>.<\/p>\n\n\n\n<p>Hennoste, Tiit; R\u00e4\u00e4bis, Andriela; Laanesoo-Kalk, Kirsi; Rumm, Andra (2024). Reducing the severity of incidents or emergency in Estonian emergency calls. <span style=\"font-size: 16px;\">\u2212<\/span> <em>Open Linguistics 10 <\/em>(1), 20240022.\u00a0<a href=\"https:\/\/doi.org\/10.1515\/opli-2024-0022\">https:\/\/doi.org\/10.1515\/opli-2024-0022<\/a>.<\/p>\n\n\n\n<p><span style=\"font-size: 16px;\">Metslang, Helle; Habicht, K\u00fclli; Hennoste, Tiit; Laanesoo-Kalk, Kirsi; Prillop, K\u00fclli; R\u00e4\u00e4bis, Andriela; Simmul, Carl Eric (2024). (Inter)subjectivity in Estonian registers: Introduction. \u2212 <em>Journal of Uralic Linguistics 3 <\/em>(2),\u00a0119\u2212157. <a href=\"https:\/\/doi.org\/10.1075\/jul.00028.met\">https:\/\/doi.org\/10.1075\/jul.00028.met<\/a>. <\/span><\/p>\n\n\n\n<p><span style=\"font-size: 16px;\">Hennoste, Tiit; Prillop, K\u00fclli; Habicht, K\u00fclli; Metslang, Helle; Laanesoo-Kalk, Kirsi; Ogren, David; P\u00e4rismaa, Liina; P\u00e4rt, Elen; Rumm, Andra; R\u00e4\u00e4bis, Andriela; Simmul, Carl Eric\u00a0 (2024). Downtoners and intensifiers in different registers: The case of Estonian. \u2212<em> Journal of Uralic Linguistics 3 <\/em>(2),\u00a0158\u2212185<\/span>. <a href=\"https:\/\/doi.org\/10.1075\/jul.00029.hen\">https:\/\/doi.org\/10.1075\/jul.00029.hen<\/a>.<\/p>\n\n\n\n<p><span style=\"font-size: 16px;\">Laanesoo-Kalk, Kirsi (2024). Functions of the particles t\u00f5esti \u2018really\u2019 and t\u00f5epoolest \u2018indeed\u2019 in the spoken, online and printed registers of Estonian. \u2212 <em>Journal of Uralic Linguistics 3 <\/em>(2),\u00a0186\u2212208. <a href=\"https:\/\/doi.org\/10.1075\/jul.00030.laa\">https:\/\/doi.org\/10.1075\/jul.00030.laa<\/a>. \u00a0\u00a0<\/span><\/p>\n\n\n\n<p><span style=\"font-size: 16px;\">Hennoste, Tiit; Annuka-Loik, Andra; Laanesoo-Kalk, Kirsi; Rumm, Andra; R\u00e4\u00e4bis, Andriela; Upser, Piret (2024). Sada vakka tangusoola ja kuus head partiklit kuuelt healt autorilt. \u2212 K\u00fclli Prillop, Annika Viht (Toim).\u00a0<em>Keelde. Keelel. Keelest. P\u00fchendusteos K\u00fclli Habichtile 60. s\u00fcnnip\u00e4evaks<\/em>, (429\u2212440).\u00a0Tallinn: EKSA. (Eesti Teaduste Akadeemia Emakeele Seltsi toimetised; 84).\u00a0<\/span><\/p>\n\n\n\n<p><span style=\"font-size: 16px;\">Praakli, Kristiina; Teras, Pire (2024).\u00a0Sissevaade noore kuressaarlase keelekasutusse: \u00f5 h\u00e4\u00e4lduse l\u00e4hivaatlus. \u2212 Karl Pajusalu, J\u00fcri Viikberg (Toim). <em>Saarte keeled. Ellen Niidi juubeliraamat<\/em>, (80\u221293). Tallinn : Emakeele Selts. (Eesti Teaduste Akadeemia Emakeele Seltsi toimetised; 83).<\/span><\/p>\n\n\n\n<h2 class=\"wp-block-heading has-primary-color has-text-color has-link-color wp-elements-54d8f42eb876a585611121834661d12b\"><span style=\"color: #dd7896;\">Ettekanded<\/span><\/h2>\n\n\n\n<p><\/p>\n\n\n\n<p><strong>2024<\/strong><\/p>\n\n\n\n<p>Pire Teras, Kristiina Praakli (2024). Mitu \u00f5-d (ja \u00f6-d) on saarte keeles? Vokaali \u00f5 h\u00e4\u00e4ldusest Saaremaa teismeliste k\u00f5ne n\u00e4itel. Esitatud 20. muutuva keele p\u00e4eval, 22.11.2024, Tartu \u00dclikool.<\/p>\n\n\n\n<p>Kirsi Laanesoo-Kalk (2024). Eraldiseisvad <em>miks<\/em>id suulises vestluses. Esitatud 20. muutuva keele p\u00e4eval, 22.11.2024, Tartu \u00dclikool.<\/p>\n\n\n\n<p>Tiit Hennoste, Kirsi Laanesoo-Kalk, Kristel Algvere, Andra Annuka-Loik, Kristiina Praakli, Andriela R\u00e4\u00e4bis, Piret Upser, Virve-Anneli Vihman (2024). L\u00f5pp ja algus. \u00dcksikdialoogide piirid varasemates ja praegustes netivestlustes. Esitatud 20. muutuva keele p\u00e4eval, 22.11.2024, Tartu \u00dclikool.<\/p>\n\n\n\n<p>Andriela R\u00e4\u00e4bis, Tiit Hennoste, Kirsi Laanesoo-Kalk (2024). Kas <em>jah<\/em> ja <em>jaa<\/em> kasutus on kinnitusk\u00fcsimuste vastustes muutumas? Esitatud 20. muutuva keele p\u00e4eval, 22.11.2024, Tartu \u00dclikool.<\/p>\n\n\n\n<p>Mari-Liis Korkus (2024). One speaker, three languages: exploring the linguistic identity and language attitudes of teenage Estonian heritage speakers in Sweden. Esitatud konverentsil rahvusvahelisel keeleideoloogiate ja -hoiakute s\u00fcmpoosiumil, 17.-19.10.2024, Baleaaride \u00dclikool.\u00a0<\/p>\n\n\n\n<p><span style=\"font-size: 16px;\">Pire Teras, Kristiina Praakli (2024). Variation of vowel \/\u0264\/ in the speech of teenagers in Saaremaa: A case study. Esitatud rahvusvahelisel rakendusfoneetika konverentsil (ISAPh), 30.09.\u221202.10.2024, Tartu \u00dclikool. \u00a0<\/span><\/p>\n\n\n\n<p>Andriela R\u00e4\u00e4bis (2024). <em>Do mosquitoes hibernate at all? <\/em>The particle <em>\u00fcldse<\/em> \u2018at all\u2019 in multifunctional interrogatives in Estonian everyday interaction. Esitatud Societas Linguistica Europaea (SLE) 57. aastakonverentsil, 21.\u201324.08.2024, Helsingi \u00dclikool.<\/p>\n\n\n\n<p>Mari-Liis Korkus (2024). \u201c\u200b<em>\u200bSee on nagu<\/em> kinda sad, <em>et mu nagu<\/em> brain <em>on nagu <\/em>wired.\u201d The adoption and motivations of English usage by teenage Swedish Estonians. Esitatud Societas Linguistica Europaea (SLE) 57. aastakonverentsil, 21.\u201324.08.2024, Helsingi \u00dclikool.<\/p>\n\n\n\n<p><span style=\"font-size: 16px;\">Virve Vihman, Mari-Liis Korkus, Kristiina Praakli, Maarja-Liisa Pilvik, Mari Aigro, Aive Mandel (2024). Kas t\u0161\u00e4tikeel on uus telegramm? Esitatud 1. Eesti humanitaarteaduste aastakonverentsil (EHAK), 10.\u221211.04.2024, Tallinna \u00dclikool.\u00a0<\/span><\/p>\n\n\n\n<p><span style=\"font-size: 16px;\">Denys Teptiuk, Virve Vihman, Maarja-Liisa Pilvik, Annaliis Tenisson (2024). Uued kvotatiivid suulises eesti keeles. Esitatud 1. Eesti humanitaarteaduste aastakonverentsil (EHAK), 10.\u221211.04.2024, Tallinna \u00dclikool.\u00a0<\/span><\/p>\n\n\n\n<p>Andriela R\u00e4\u00e4bis (2024). \u201cNii et k\u00f5ik asjad on juttis.\u201d Vestluskaaslase \u201cjutu\u201d edasiandmine \u201c\u00d5nne 13\u201d telefonik\u00f5nedes. Esitatud 1. Eesti humanitaarteaduste aastakonverentsil (EHAK), 10.<span style=\"font-size: 16px;\">\u2212<\/span>12.04.2024, Tallinna \u00dclikool.\u00a0<\/p>\n\n\n\n<h2 class=\"wp-block-heading has-primary-color has-text-color has-link-color wp-elements-38105ef723385d1bbcd9ec58b63d712c\"><span style=\"color: #374ea2;\">L\u00f5put\u00f6\u00f6d<\/span><\/h2>\n\n\n\n<p><\/p>\n\n\n\n<p><span style=\"font-size: 16px;\"><strong>Bakalaureuset\u00f6\u00f6d<\/strong><\/span><\/p>\n\n\n\n<p><span style=\"font-size: 16px;\">Helen Eriksoo (2024, juh. V. Vihman, K. Praakli): Koodivahetus Soome eesti noorte t\u0161\u00e4tivestlustes<\/span>.<\/p>\n\n\n\n<p><span style=\"font-size: 16px;\">Annaliis Tenisson (2024, juh. V. Vihman, R. Pajusalu): Demonstratiivi <em>see<\/em> kasutus nimis\u00f5nafraasides eesti noorte suulises keeles<\/span>.<\/p>\n\n\n\n<p><span style=\"font-size: 16px;\">Marianna Verpson (2024, juh. M.-L. Pilvik, V. Vihman): \u00dcte eesti teismeliste vestlustes<\/span>.<\/p>\n\n\n\n<p><span style=\"font-size: 16px;\">Jiawen Hu (2024, juh. M. Aigro, M.-L. Korkus): Naerun\u00e4o kasutus teismeliste t\u0161\u00e4tisuhtluses: kinnine vs. lahtine naeratus<\/span>.<\/p>\n","protected":false},"excerpt":{"rendered":"<p>Teaduspublikatsioonid 2025 Vihman, Virve-Anneli; Korkus, Mari-Liis; Pilvik, Maarja-Liisa; Praakli, Kristiina (ilmumas). Verinaiss \u2018very nice\u2019: The integration of English in Estonian teenagers\u2019 instant messages. Eeltr\u00fckk: https:\/\/osf.io\/yge27. 2024 R\u00e4\u00e4bis, Andriela (2024). Functions of the particle \u00fcldse \u2018at all\u2019 in questions in Estonian &#8230;<\/p>\n","protected":false},"author":308,"featured_media":0,"parent":0,"menu_order":0,"comment_status":"closed","ping_status":"closed","template":"","meta":{"_acf_changed":false,"inline_featured_image":false,"footnotes":""},"class_list":["post-36","page","type-page","status-publish","hentry"],"acf":[],"_links":{"self":[{"href":"https:\/\/sisu.ut.ee\/dak\/wp-json\/wp\/v2\/pages\/36","targetHints":{"allow":["GET"]}}],"collection":[{"href":"https:\/\/sisu.ut.ee\/dak\/wp-json\/wp\/v2\/pages"}],"about":[{"href":"https:\/\/sisu.ut.ee\/dak\/wp-json\/wp\/v2\/types\/page"}],"author":[{"embeddable":true,"href":"https:\/\/sisu.ut.ee\/dak\/wp-json\/wp\/v2\/users\/308"}],"replies":[{"embeddable":true,"href":"https:\/\/sisu.ut.ee\/dak\/wp-json\/wp\/v2\/comments?post=36"}],"version-history":[{"count":13,"href":"https:\/\/sisu.ut.ee\/dak\/wp-json\/wp\/v2\/pages\/36\/revisions"}],"predecessor-version":[{"id":402,"href":"https:\/\/sisu.ut.ee\/dak\/wp-json\/wp\/v2\/pages\/36\/revisions\/402"}],"wp:attachment":[{"href":"https:\/\/sisu.ut.ee\/dak\/wp-json\/wp\/v2\/media?parent=36"}],"curies":[{"name":"wp","href":"https:\/\/api.w.org\/{rel}","templated":true}]}}